{"id":38,"date":"2024-04-03T23:39:16","date_gmt":"2024-04-03T20:39:16","guid":{"rendered":"https:\/\/sisu.ut.ee\/ewod\/szovietcontents\/"},"modified":"2024-04-04T00:11:13","modified_gmt":"2024-04-03T21:11:13","slug":"szovietcontents","status":"publish","type":"page","link":"https:\/\/sisu.ut.ee\/ewod\/anthologies\/szovietcontents\/","title":{"rendered":"\u00c9szt antol\u00f3gia. Szovjet irodalom, no 1, 1988"},"content":{"rendered":"<p><span style=\"font-family: verdana, geneva\"><strong>Contents<\/strong>:<\/span><\/p>\n<p class=\"MsoNormal\"><span style=\"font-family: verdana, geneva\">Prose:<\/span><br><span style=\"font-family: verdana, geneva\">Paul Kuusberg, \u2018Ki volt \u0151?\u2019 (\u2018Kes ta oli?\u2019)<\/span><br><span style=\"font-family: verdana, geneva\">Jaan Kross, \u2018Stahl grammatik\u00e1ja\u2019 (\u2018Stahli grammatika\u2019)<\/span><br><span style=\"font-family: verdana, geneva\">Uno Laht, \u2018\u2026Enyhe baltikumi akcentussal\u2019 (\u2018Kerge balti aktsent\u2019)<\/span><br><span style=\"font-family: verdana, geneva\">Teet Kallas, \u2018M\u00e9rgez\u00e9s el\u0151tt\u2019 (\u2018Enne m\u00fcrgitust\u2019)<\/span><br><span style=\"font-family: verdana, geneva\">Mihkel Mutt, \u2018Hanna m\u0171v\u00e9szn\u0151\u2019 <\/span><br><span style=\"font-family: verdana, geneva\">Jaak J\u00f5er\u00fc\u00fct, \u2018A szanat\u00f3rium kertje\u2019 (\u2018Sanatooriumi aed\u2019) <\/span><\/p>\n<p><span style=\"font-family: verdana, geneva\">Poems by: <\/span><br><span style=\"font-family: verdana, geneva\">Betti Alver, Hando Runnel, Jaan Kaplinski, Viivi Luik, Juhan Viiding, Doris Kareva. <\/span><\/p>\n<p class=\"MsoNormal\"><span style=\"font-family: verdana, geneva\">Friedebert Tuglas, Margin\u00e1li\u00e1k (notes) <\/span><\/p>\n<p class=\"MsoNormal\"><span style=\"font-family: verdana, geneva\">Articles: <\/span><br><span style=\"font-family: verdana, geneva\">Vladimir Beekman, Egy dokumentumreg\u00e9ny t\u00f6rt\u00e9nete <\/span><br><span style=\"font-family: verdana, geneva\">Leonyid Terakopjan, Korridor c\u00edm\u0171 reg\u00e9ny\u00e9r\u0151l<\/span><br><span style=\"font-family: verdana, geneva\">Rab Zsuzsa, Kincseskamra<\/span><br><span style=\"font-family: verdana, geneva\">Bereczki G\u00e1bor, Hogyan \u00e9s mi\u00e9rt lettem az \u00e9szt irodalom ford\u00edt\u00f3ja? <\/span><br><span style=\"font-family: verdana, geneva\">K\u00e9pes G\u00e9za, Az \u00f6r\u00f6k fiatals\u00e1g orsz\u00e1ga <\/span><br><span style=\"font-family: verdana, geneva\">Aim\u00e9e Beekman, V\u00e1ltoz\u00f3 vil\u00e1gban. Jurij Boldirev interj\u00faja<\/span><br><span style=\"font-family: verdana, geneva\">P\u00e4rt Lias, A mai \u00e9szt reg\u00e9ny <\/span><br><span style=\"font-family: verdana, geneva\">Jurij Lotman, Puskin 1999-ben. Milyen lesz akkor? <\/span><br><span style=\"font-family: verdana, geneva\">Aino Kartna, Az \u00e9szt portr\u00e9fest\u00e9szet <\/span><br><span style=\"font-family: verdana, geneva\">Domokos P\u00e9ter, Naftoli Bassel: A szovjet-\u00e9szt irodalom nemzetek k\u00f6z\u00f6tti k\u00f6z\u00f6s von\u00e1sainak probl\u00e9m\u00e1i <\/span><\/p>\n<p><span style=\"font-family: verdana, geneva\">Notes on authors. <\/span><br><span style=\"font-family: verdana, geneva\">Bibliography of Hungarian translations of Estonian literature<\/span><\/p>\n","protected":false},"excerpt":{"rendered":"<p>Contents: Prose:Paul Kuusberg, \u2018Ki volt \u0151?\u2019 (\u2018Kes ta oli?\u2019)Jaan Kross, \u2018Stahl grammatik\u00e1ja\u2019 (\u2018Stahli grammatika\u2019)Uno Laht, \u2018\u2026Enyhe baltikumi akcentussal\u2019 (\u2018Kerge balti aktsent\u2019)Teet Kallas, \u2018M\u00e9rgez\u00e9s el\u0151tt\u2019 (\u2018Enne m\u00fcrgitust\u2019)Mihkel Mutt, \u2018Hanna m\u0171v\u00e9szn\u0151\u2019 Jaak J\u00f5er\u00fc\u00fct, \u2018A szanat\u00f3rium kertje\u2019 (\u2018Sanatooriumi aed\u2019) Poems by: Betti Alver, &#8230;<\/p>\n","protected":false},"author":43,"featured_media":0,"parent":1214,"menu_order":0,"comment_status":"closed","ping_status":"closed","template":"","meta":{"_acf_changed":false,"inline_featured_image":false,"footnotes":""},"class_list":["post-38","page","type-page","status-publish","hentry"],"acf":[],"_links":{"self":[{"href":"https:\/\/sisu.ut.ee\/ewod\/wp-json\/wp\/v2\/pages\/38","targetHints":{"allow":["GET"]}}],"collection":[{"href":"https:\/\/sisu.ut.ee\/ewod\/wp-json\/wp\/v2\/pages"}],"about":[{"href":"https:\/\/sisu.ut.ee\/ewod\/wp-json\/wp\/v2\/types\/page"}],"author":[{"embeddable":true,"href":"https:\/\/sisu.ut.ee\/ewod\/wp-json\/wp\/v2\/users\/43"}],"replies":[{"embeddable":true,"href":"https:\/\/sisu.ut.ee\/ewod\/wp-json\/wp\/v2\/comments?post=38"}],"version-history":[{"count":1,"href":"https:\/\/sisu.ut.ee\/ewod\/wp-json\/wp\/v2\/pages\/38\/revisions"}],"predecessor-version":[{"id":5048,"href":"https:\/\/sisu.ut.ee\/ewod\/wp-json\/wp\/v2\/pages\/38\/revisions\/5048"}],"up":[{"embeddable":true,"href":"https:\/\/sisu.ut.ee\/ewod\/wp-json\/wp\/v2\/pages\/1214"}],"wp:attachment":[{"href":"https:\/\/sisu.ut.ee\/ewod\/wp-json\/wp\/v2\/media?parent=38"}],"curies":[{"name":"wp","href":"https:\/\/api.w.org\/{rel}","templated":true}]}}