{"id":377,"date":"2024-04-03T23:39:44","date_gmt":"2024-04-03T20:39:44","guid":{"rendered":"https:\/\/sisu.ut.ee\/ewod\/poems-et-51\/"},"modified":"2024-04-04T00:10:16","modified_gmt":"2024-04-03T21:10:16","slug":"poems","status":"publish","type":"page","link":"https:\/\/sisu.ut.ee\/ewod\/l\/lattemae\/poems\/","title":{"rendered":"Eha L\u00e4ttem\u00e4e &#8211; poems"},"content":{"rendered":"<p><span style=\"font-size: medium\"><strong><span style=\"font-family: verdana, geneva\">Books<\/span><\/strong><\/span><\/p>\n<p><em><strong><span style=\"font-family: verdana, geneva;font-size: small\">Finnish<\/span><\/strong><\/em><br><span style=\"font-family: verdana, geneva;font-size: small\"><strong>Iltak\u00e4velyll\u00e4. \u00d5htune jalutusk\u00e4ik<\/strong>. Tallinn: Eesti Keele Sihtasutus, 2003, 140 lk. [Parallel text in Estonian and Finnish.]<strong><br>Elulugu<\/strong>. Tallinn: Eesti Raamat, 1981, 247 lk. [Poems in Estonian and Finnish.]<strong><br>Poimin marjoja sinisest\u00e4 mets\u00e4st\u00e4: runoja<\/strong>. Toim. ja suoment. Eha L\u00e4ttem\u00e4e. Illustrations by Vadim Jashkov. Petroskoi: Karjala-Kustantamo, 1975, 104 pp. [Selection of Eha L\u00e4ttem\u00e4e poetry, includes translations from estonian poets. Poems by Paul Haavaoks, Peeter Ilus.]<br><strong>Uskon aurinkoon<\/strong>. Runoja 1958\u20131968. Petroskoi: Karjala, 1969, 115 lk.<br><\/span><\/p>\n","protected":false},"excerpt":{"rendered":"<p>Books FinnishIltak\u00e4velyll\u00e4. \u00d5htune jalutusk\u00e4ik. Tallinn: Eesti Keele Sihtasutus, 2003, 140 lk. [Parallel text in Estonian and Finnish.]Elulugu. Tallinn: Eesti Raamat, 1981, 247 lk. [Poems in Estonian and Finnish.]Poimin marjoja sinisest\u00e4 mets\u00e4st\u00e4: runoja. Toim. ja suoment. Eha L\u00e4ttem\u00e4e. Illustrations by Vadim &#8230;<\/p>\n","protected":false},"author":43,"featured_media":0,"parent":1547,"menu_order":0,"comment_status":"closed","ping_status":"closed","template":"","meta":{"_acf_changed":false,"inline_featured_image":false,"footnotes":""},"class_list":["post-377","page","type-page","status-publish","hentry"],"acf":[],"_links":{"self":[{"href":"https:\/\/sisu.ut.ee\/ewod\/wp-json\/wp\/v2\/pages\/377","targetHints":{"allow":["GET"]}}],"collection":[{"href":"https:\/\/sisu.ut.ee\/ewod\/wp-json\/wp\/v2\/pages"}],"about":[{"href":"https:\/\/sisu.ut.ee\/ewod\/wp-json\/wp\/v2\/types\/page"}],"author":[{"embeddable":true,"href":"https:\/\/sisu.ut.ee\/ewod\/wp-json\/wp\/v2\/users\/43"}],"replies":[{"embeddable":true,"href":"https:\/\/sisu.ut.ee\/ewod\/wp-json\/wp\/v2\/comments?post=377"}],"version-history":[{"count":1,"href":"https:\/\/sisu.ut.ee\/ewod\/wp-json\/wp\/v2\/pages\/377\/revisions"}],"predecessor-version":[{"id":4710,"href":"https:\/\/sisu.ut.ee\/ewod\/wp-json\/wp\/v2\/pages\/377\/revisions\/4710"}],"up":[{"embeddable":true,"href":"https:\/\/sisu.ut.ee\/ewod\/wp-json\/wp\/v2\/pages\/1547"}],"wp:attachment":[{"href":"https:\/\/sisu.ut.ee\/ewod\/wp-json\/wp\/v2\/media?parent=377"}],"curies":[{"name":"wp","href":"https:\/\/api.w.org\/{rel}","templated":true}]}}