{"id":376,"date":"2024-04-03T23:39:44","date_gmt":"2024-04-03T20:39:44","guid":{"rendered":"https:\/\/sisu.ut.ee\/ewod\/prae\/"},"modified":"2024-04-04T00:10:15","modified_gmt":"2024-04-03T21:10:15","slug":"prae","status":"publish","type":"page","link":"https:\/\/sisu.ut.ee\/ewod\/anthologies\/prae\/","title":{"rendered":"Prae, no 3, 2010"},"content":{"rendered":"<p><span style=\"font-family: verdana, geneva\"><strong>Contents of the Estonian section<\/strong>:<\/span><\/p>\n<p><span style=\"font-family: verdana, geneva\">Short stories and poems:<\/span><br><span style=\"font-family: verdana, geneva\">Mehis Heinsaar, \u2018A sz\u00e9p Armin\u2019. M\u00e1rkus Vir\u00e1g ford\u00edt\u00e1sa. [\u2018Ilus Armin\u2019.]<\/span><br><span style=\"font-family: verdana, geneva\">Hasso Krull, Versek. M\u00e1rkus Vir\u00e1g ford\u00edt\u00e1sai.<\/span><br><span style=\"font-family: verdana, geneva\">Andrei Hvostov, \u2018A k\u00e9k hegyek\u2019. Lengyel T\u00f3th Krisztina ford\u00edt\u00e1sa. [\u2018Sinised m\u00e4ed\u2019.]<\/span><br><span style=\"font-family: verdana, geneva\">Ilmar Jaks, \u2018Armer Adolf\u2019. K\u0151halmy N\u00f3ra M\u00e1ria ford\u00edt\u00e1sa. [\u2018Armer Adolf\u2019.]<\/span><br><span style=\"font-family: verdana, geneva\">fs, Versei. Andr\u00e1s Judit ford\u00edt\u00e1sai.<\/span><br><span style=\"font-family: verdana, geneva\">Kalju Kruusa, Versek. M\u00e1rkus Vir\u00e1g \u00e9s Szab\u00f3 Marcell ford\u00edt\u00e1sai.<\/span><br><span style=\"font-family: verdana, geneva\">J\u00fcri Tuulik, \u2018Viszket\u2019. Vir\u00e1g Benedek ford\u00edt\u00e1sa. [\u2018Tellikaatne\u2019.]<\/span><br><span style=\"font-family: verdana, geneva\">Maarja Kangro, Versek. Andr\u00e1s Judit ford\u00edt\u00e1sai.<\/span><br><span style=\"font-family: verdana, geneva\">Armin K\u00f5om\u00e4gi, \u2018Anonim logisztikusok\u2019. Andr\u00e1s Judit ford\u00edt\u00e1sa. [\u2018Anon\u00fc\u00fcmsed logistikud\u2019.]<\/span><br><span style=\"font-family: verdana, geneva\">J\u00fcrgen Rooste, \u2018Porn\u00f3film \u00e9s egy \u00fcveg vodka (Frederick Lies Still\u2026)\u2019. K\u0151halmy N\u00f3ra M\u00e1ria ford\u00edt\u00e1sa. [\u2018Pornofilm ja pudel viina: Frederick Lies still\u2026\u2019.]<\/span><\/p>\n<p><span style=\"font-family: verdana, geneva\">Articles:<\/span><br><span style=\"font-family: verdana, geneva\">Jaanus Vaiksoo, Tuglas nyom\u00e1ban. \u00c9szt novell\u00e1k a Prae-ben. Lengyel T\u00f3th Krisztina ford\u00edt\u00e1sa. [About the authors of short stories in the current edition of Prae.]<\/span><\/p>\n<p><span style=\"font-family: verdana, geneva\"> Reviews:<\/span><br><span style=\"font-family: verdana, geneva\">Dan\u00e9l M\u00f3nika, \u00c9szt november, avagy a tal\u00e1lkoz\u00e1sok ideje. Rokon \u00e9szj\u00e1r\u00e1sok. [About Andrus Kivir\u00e4hk\u00b4s \u2018Rehepapp ehk November\u2019.]<\/span><br><span style=\"font-family: verdana, geneva\">Balajthy \u00c1gnes, A vil\u00e1g\u00edt\u00f3torony villan\u00e1sa \u2013 \u00e9szt k\u00f6lt\u00e9szet v\u00e1szonk\u00f6t\u00e9sben. [About Lauri Sommer\u2019s interview with T\u00f5nu \u00d5nnepalu in Pluralica, 1-2, 2009.]<\/span><br><span style=\"font-family: verdana, geneva\">L\u0151rincz Gergely, \u00c9szt alvil\u00e1g. [About Sass Henno\u2019s \u2018Itt j\u00e1rtam: az els\u0151 letart\u00f3ztat\u00e1s\u2019 (Budapest: Silenos, 2010).]<\/span><br><span style=\"font-family: verdana, geneva\">L. Varga P\u00e9ter, \u00c9l\u0151 \u00e9szt \u2013 a Pluralica tolm\u00e1csol\u00e1s\u00e1ban. [About Pluralica, no 1-2, 2009, the special edition on Estonian literature.]<\/span><\/p>\n","protected":false},"excerpt":{"rendered":"<p>Contents of the Estonian section: Short stories and poems:Mehis Heinsaar, \u2018A sz\u00e9p Armin\u2019. M\u00e1rkus Vir\u00e1g ford\u00edt\u00e1sa. [\u2018Ilus Armin\u2019.]Hasso Krull, Versek. M\u00e1rkus Vir\u00e1g ford\u00edt\u00e1sai.Andrei Hvostov, \u2018A k\u00e9k hegyek\u2019. Lengyel T\u00f3th Krisztina ford\u00edt\u00e1sa. [\u2018Sinised m\u00e4ed\u2019.]Ilmar Jaks, \u2018Armer Adolf\u2019. K\u0151halmy N\u00f3ra M\u00e1ria ford\u00edt\u00e1sa. &#8230;<\/p>\n","protected":false},"author":43,"featured_media":0,"parent":1214,"menu_order":0,"comment_status":"closed","ping_status":"closed","template":"","meta":{"_acf_changed":false,"inline_featured_image":false,"footnotes":""},"class_list":["post-376","page","type-page","status-publish","hentry"],"acf":[],"_links":{"self":[{"href":"https:\/\/sisu.ut.ee\/ewod\/wp-json\/wp\/v2\/pages\/376","targetHints":{"allow":["GET"]}}],"collection":[{"href":"https:\/\/sisu.ut.ee\/ewod\/wp-json\/wp\/v2\/pages"}],"about":[{"href":"https:\/\/sisu.ut.ee\/ewod\/wp-json\/wp\/v2\/types\/page"}],"author":[{"embeddable":true,"href":"https:\/\/sisu.ut.ee\/ewod\/wp-json\/wp\/v2\/users\/43"}],"replies":[{"embeddable":true,"href":"https:\/\/sisu.ut.ee\/ewod\/wp-json\/wp\/v2\/comments?post=376"}],"version-history":[{"count":1,"href":"https:\/\/sisu.ut.ee\/ewod\/wp-json\/wp\/v2\/pages\/376\/revisions"}],"predecessor-version":[{"id":4709,"href":"https:\/\/sisu.ut.ee\/ewod\/wp-json\/wp\/v2\/pages\/376\/revisions\/4709"}],"up":[{"embeddable":true,"href":"https:\/\/sisu.ut.ee\/ewod\/wp-json\/wp\/v2\/pages\/1214"}],"wp:attachment":[{"href":"https:\/\/sisu.ut.ee\/ewod\/wp-json\/wp\/v2\/media?parent=376"}],"curies":[{"name":"wp","href":"https:\/\/api.w.org\/{rel}","templated":true}]}}