{"id":371,"date":"2024-04-03T23:39:44","date_gmt":"2024-04-03T20:39:44","guid":{"rendered":"https:\/\/sisu.ut.ee\/ewod\/eettuule\/"},"modified":"2026-04-14T15:23:13","modified_gmt":"2026-04-14T12:23:13","slug":"eettuule","status":"publish","type":"page","link":"https:\/\/sisu.ut.ee\/ewod\/t\/eettuule\/","title":{"rendered":"Eet Tuule"},"content":{"rendered":"<p><span style=\"color: #000000;\"><span style=\"font-size: 13px;\"><span style=\"font-family: Verdana,Geneva,sans-serif;\">Eet Tuule (born 31 July 1941) is a prose writer.<\/span><\/span><\/span><\/p>\n\n\n\n<p><span style=\"color: #000000;\"><span style=\"font-size: 13px;\"><span style=\"font-family: Verdana,Geneva,sans-serif;\">Tuule was born in Saaremaa Island. From 1953, he has lived in mainland Estonia. Eet Tuule has two main interests: ornithology and literature. As he had collected thorough bird-counting data as a schoolboy, Eerik Kumari, Professor of Ornithology at the University of Tartu, recommended him to continue his studies at the university, but, for family reasons, the young man could not enter the university. For years, he worked as a locksmith and mechanic. His spare time was filled with ornithology.<\/span><\/span><\/span><\/p>\n\n\n\n<p><span style=\"color: #000000;\"><span style=\"font-size: 13px;\"><span style=\"font-family: Verdana,Geneva,sans-serif;\">For decades, Eet Tuule has published his bird-watching results as popular-scientific articles in the journals <em>Eesti Loodus<\/em> and\u00a0Estonian Journal of Ecology. In 2003, Eet Tuule was elected honorary member of the Estonian Ornithological Society.<\/span><\/span><\/span><\/p>\n\n\n\n<p><span style=\"color: #000000;\"><span style=\"font-size: 13px;\"><span style=\"font-family: Verdana,Geneva,sans-serif;\">From 2014, Eet Tuule has been a freelance writer. He has published more than 20 books, among which there are nature stories for children but also crime novels and novels with autobiographical elements. In 2014, Tuule published the collection of nature stories <em>Trompetid udus<\/em> (\u2018Trumpets in Fog\u2019) and, in 2015, the children\u2019s book <em>Tagalaane valitsejad<\/em> (\u2018Lords of the Deep Forest\u2019). <em>Poisike rukkis<\/em> (\u2018Little Boy in the Rye\u2019), published in 2015, is a novel with autobiographical motifs which includes detailed descriptions of landscapes of the Laimjala region in Saaremaa Island.<\/span><\/span><\/span><\/p>\n\n\n\n<p><span style=\"color: #000000;\"><span style=\"font-size: 13px;\"><span style=\"font-family: Verdana,Geneva,sans-serif;\">In the early 2020s, Eet Tuule was one of the most popular authors among the users of libraries.<\/span><\/span><\/span><\/p>\n\n\n\n<p><em><span style=\"color: #000000;\"><span style=\"font-size: 13px;\"><span style=\"font-family: Verdana,Geneva,sans-serif;\">L. P. (Translated by I. A.)<\/span><\/span><\/span><\/em><\/p>\n\n\n\n<p><strong><span style=\"font-size: 16px;\"><span style=\"color: #000000;\"><span style=\"font-family: Verdana,Geneva,sans-serif;\">Books in Estonian<\/span><\/span><\/span><\/strong><\/p>\n\n\n\n<p><span style=\"color: #000000;\"><span style=\"font-size: 13px;\"><span style=\"font-family: Verdana,Geneva,sans-serif;\"><strong><em>Novels<\/em><\/strong><br><strong>Poisike rukkis: elu s\u00f5jaj\u00e4rgses Eestis lapsepilguga<\/strong>. Tallinn: Hea Lugu, 2015. 319 lk.<br><strong>Sundsuvitaja<\/strong>. Tallinn: T\u00e4nap\u00e4ev, 2016. 246 lk.<br><strong>Juured ja v\u00f5rsed<\/strong>. Tallinn: T\u00e4nap\u00e4ev, 2017. 239 lk.<br><strong>Eraku eksitus<\/strong>. Tallinn: E. Tuule, 2018. 223 lk.<br><strong>Jaanituli k\u00e4opesas<\/strong>. Tallinn: T\u00e4nap\u00e4ev, 2018. 243 lk.<br><strong>Metsatalu saladused<\/strong>. Tallinn: Eesti Raamat, 2018. 222 lk.<br><strong>Kuristik raiesmikul<\/strong>. Tallinn: Eesti Raamat, 2019. 235 lk.<br><strong>P\u00e4evikuk\u00fctid<\/strong>. Tallinn: Eesti Raamat, 2019. 263 lk.<br><strong>Tiivuline tunnistaja<\/strong>. Tallinn: Eesti Raamat, 2019. 265 lk.<br><strong>Kimalased Piksekivil<\/strong>. Tallinn: Eesti Raamat, 2020. 268 lk.<br><strong>Saatuslik ratsuk\u00e4ik<\/strong> [p\u00f5nevik]. Tallinn: Eesti Raamat, 2020. 221 lk.<br><strong>Valede veski<\/strong>. Tallinn: Eesti Raamat, 2020. 232 lk.<br><strong>Peeglikillud<\/strong>. Tallinn: Eesti Raamat, 2021. 254 lk.<br><strong>R\u00e4stikuv\u00e4lu<\/strong>: ulmep\u00f5nevik. Tallinn: Eesti Raamat, 2021. 239 lk.<br><strong>Ahistavad saladused<\/strong>. Tallinn: Eesti Raamat, 2022. 238 lk.<br><strong>Luhtunud piknik<\/strong>. Tallinn: Eesti Raamat, 2022. 213 lk.<br><strong>\u00dcksainus isiklik elu<\/strong>. Tallinn: Eesti Raamat, 2023. 206 lk.<\/span><\/span><\/span><br><strong>Perekonnavalss m\u00e4nniku<\/strong>s. Tallinn: Eesti Raamat, 2023, 237 lk.<br><strong>Liblikad tuules<\/strong>. Tallinn: Eesti Raamat, 2024, 253 lk.<br><strong>Vennaskond<\/strong>. Tallinn: Eesti Raamat, 2024, 216 lk.<br><strong>Raske \u00f5nn<\/strong>. Tallinn: Eesti Raamat, 2025, 253 lk.<br><strong>Tasu hirmu eest<\/strong>. Tallinn: Eesti Raamat, 2025, 232 lk.<\/p>\n\n\n\n<p><span style=\"color: #000000;\"><span style=\"font-size: 13px;\"><span style=\"font-family: Verdana,Geneva,sans-serif;\"><strong><em>Short prose<\/em><\/strong><br><strong>Trompetid udus<\/strong>: jutte loodusp\u00e4evikutest. Tallinn: Koolibri, 2014. 159 lk.<\/span><\/span><\/span><\/p>\n\n\n\n<p><span style=\"color: #000000;\"><span style=\"font-size: 13px;\"><span style=\"font-family: Verdana,Geneva,sans-serif;\"><strong><em>Children\u2019s books<\/em><\/strong><br><strong>Tagalaane valitsejad<\/strong>. Tallinn: TEA Kirjastus, 2015. 149 lk.<\/span><\/span><\/span><\/p>\n\n\n\n<p><span style=\"color: #000000;\"><span style=\"font-size: 13px;\"><span style=\"font-family: Verdana,Geneva,sans-serif;\"><strong><em>Memoirs<\/em><\/strong><br><strong>Keset ilu ja valu: elust 1960. aastate Eestis<\/strong>. Tallinn: Eesti Raamat, 2017. 207 lk.<\/span><\/span><\/span><\/p>\n","protected":false},"excerpt":{"rendered":"<p>Eet Tuule (born 31 July 1941) is a prose writer. Tuule was born in Saaremaa Island. From 1953, he has lived in mainland Estonia. Eet Tuule has two main interests: ornithology and literature. As he had collected thorough bird-counting data &#8230;<\/p>\n","protected":false},"author":43,"featured_media":0,"parent":709,"menu_order":0,"comment_status":"closed","ping_status":"closed","template":"","meta":{"_acf_changed":false,"inline_featured_image":false,"footnotes":""},"class_list":["post-371","page","type-page","status-publish","hentry"],"acf":[],"_links":{"self":[{"href":"https:\/\/sisu.ut.ee\/ewod\/wp-json\/wp\/v2\/pages\/371","targetHints":{"allow":["GET"]}}],"collection":[{"href":"https:\/\/sisu.ut.ee\/ewod\/wp-json\/wp\/v2\/pages"}],"about":[{"href":"https:\/\/sisu.ut.ee\/ewod\/wp-json\/wp\/v2\/types\/page"}],"author":[{"embeddable":true,"href":"https:\/\/sisu.ut.ee\/ewod\/wp-json\/wp\/v2\/users\/43"}],"replies":[{"embeddable":true,"href":"https:\/\/sisu.ut.ee\/ewod\/wp-json\/wp\/v2\/comments?post=371"}],"version-history":[{"count":2,"href":"https:\/\/sisu.ut.ee\/ewod\/wp-json\/wp\/v2\/pages\/371\/revisions"}],"predecessor-version":[{"id":8347,"href":"https:\/\/sisu.ut.ee\/ewod\/wp-json\/wp\/v2\/pages\/371\/revisions\/8347"}],"up":[{"embeddable":true,"href":"https:\/\/sisu.ut.ee\/ewod\/wp-json\/wp\/v2\/pages\/709"}],"wp:attachment":[{"href":"https:\/\/sisu.ut.ee\/ewod\/wp-json\/wp\/v2\/media?parent=371"}],"curies":[{"name":"wp","href":"https:\/\/api.w.org\/{rel}","templated":true}]}}