{"id":363,"date":"2024-04-03T23:39:43","date_gmt":"2024-04-03T20:39:43","guid":{"rendered":"https:\/\/sisu.ut.ee\/ewod\/poems-et-47\/"},"modified":"2024-04-04T00:10:17","modified_gmt":"2024-04-03T21:10:17","slug":"poems","status":"publish","type":"page","link":"https:\/\/sisu.ut.ee\/ewod\/i\/peeterilus\/poems\/","title":{"rendered":"Peeter Ilus &#8211; poems"},"content":{"rendered":"<p><span style=\"font-size: medium\"><strong><span style=\"font-family: verdana, geneva\">In compilations, anthologies, magazines<\/span><\/strong><\/span><\/p>\n<p><em><strong><span style=\"font-family: verdana, geneva;font-size: small\">Finnish<\/span><\/strong><\/em><br><span style=\"font-family: verdana, geneva;font-size: small\"><strong>Poimin marjoja sinisest\u00e4 mets\u00e4st\u00e4: runoja<\/strong>. Toim. ja suoment. Eha L\u00e4ttem\u00e4e. Ill. Vadim Jashkov. Petroskoi: Karjala-Kustantamo, 1975, 104 pp. [Selection of Eha L\u00e4ttem\u00e4e poetry, includes translations from estonian poets. Poems by Paul Haavaoks, Peeter Ilus.]<\/span><\/p>\n","protected":false},"excerpt":{"rendered":"<p>In compilations, anthologies, magazines FinnishPoimin marjoja sinisest\u00e4 mets\u00e4st\u00e4: runoja. Toim. ja suoment. Eha L\u00e4ttem\u00e4e. Ill. Vadim Jashkov. Petroskoi: Karjala-Kustantamo, 1975, 104 pp. [Selection of Eha L\u00e4ttem\u00e4e poetry, includes translations from estonian poets. Poems by Paul Haavaoks, Peeter Ilus.]<\/p>\n","protected":false},"author":43,"featured_media":0,"parent":351,"menu_order":0,"comment_status":"closed","ping_status":"closed","template":"","meta":{"_acf_changed":false,"inline_featured_image":false,"footnotes":""},"class_list":["post-363","page","type-page","status-publish","hentry"],"acf":[],"_links":{"self":[{"href":"https:\/\/sisu.ut.ee\/ewod\/wp-json\/wp\/v2\/pages\/363","targetHints":{"allow":["GET"]}}],"collection":[{"href":"https:\/\/sisu.ut.ee\/ewod\/wp-json\/wp\/v2\/pages"}],"about":[{"href":"https:\/\/sisu.ut.ee\/ewod\/wp-json\/wp\/v2\/types\/page"}],"author":[{"embeddable":true,"href":"https:\/\/sisu.ut.ee\/ewod\/wp-json\/wp\/v2\/users\/43"}],"replies":[{"embeddable":true,"href":"https:\/\/sisu.ut.ee\/ewod\/wp-json\/wp\/v2\/comments?post=363"}],"version-history":[{"count":1,"href":"https:\/\/sisu.ut.ee\/ewod\/wp-json\/wp\/v2\/pages\/363\/revisions"}],"predecessor-version":[{"id":4719,"href":"https:\/\/sisu.ut.ee\/ewod\/wp-json\/wp\/v2\/pages\/363\/revisions\/4719"}],"up":[{"embeddable":true,"href":"https:\/\/sisu.ut.ee\/ewod\/wp-json\/wp\/v2\/pages\/351"}],"wp:attachment":[{"href":"https:\/\/sisu.ut.ee\/ewod\/wp-json\/wp\/v2\/media?parent=363"}],"curies":[{"name":"wp","href":"https:\/\/api.w.org\/{rel}","templated":true}]}}