{"id":36,"date":"2024-04-03T23:39:16","date_gmt":"2024-04-03T20:39:16","guid":{"rendered":"https:\/\/sisu.ut.ee\/ewod\/marka\/"},"modified":"2024-04-04T00:11:13","modified_gmt":"2024-04-03T21:11:13","slug":"marka","status":"publish","type":"page","link":"https:\/\/sisu.ut.ee\/ewod\/m\/marka\/","title":{"rendered":"Veiko M\u00e4rka"},"content":{"rendered":"<p>\n\t<a href=\"https:\/\/sisu.ut.ee\/ewod\/m\/marka\/poems\"><strong><span style=\"font-size: medium;font-family: verdana, geneva\">Poems<\/span><\/strong><\/a><strong><span style=\"font-size: medium;font-family: verdana, geneva\"> <\/span><\/strong><span style=\"font-size: medium;font-family: verdana, geneva\"><a href=\"https:\/\/sisu.ut.ee\/wp-content\/uploads\/sites\/108\/v._marka.jpg\" target=\"_self\" rel=\"noopener\"><img decoding=\"async\" alt=\"Veiko M\u00e4rka\" class=\"\" src=\"https:\/\/sisu.ut.ee\/wp-content\/uploads\/sites\/108\/v._marka.jpg\" style=\"float: right;width: 200px;height: 244px\"><\/a><\/span>\n<\/p>\n<p>\n\t<a href=\"marka\/stories\"><strong><span style=\"font-size: medium;font-family: verdana, geneva\">Short stories<\/span><\/strong><\/a>\n<\/p>\n<p>\n\t\u00a0\n<\/p>\n<p style=\"margin-bottom:0.11in\">\n<\/p><p><span style=\"font-size:13px\"><span style=\"font-family:Verdana,Geneva,sans-serif\"><span style=\"line-height:108%\"><span style=\"font-weight:normal\"><span style=\"color:#000000\">Veiko M\u00e4rka <\/span><\/span><span style=\"color:#000000\">(b. 2. XI 1964) is a poet, prose writer, humourist and critic.<\/span><\/span><\/span><\/span>\n<\/p>\n<p style=\"margin-bottom:0.11in\">\n\t<span style=\"color:#000000\"><span style=\"font-size:13px\"><span style=\"font-family:Verdana,Geneva,sans-serif\"><span style=\"line-height:108%\">M\u00e4rka was born in Tallinn, and educated in Keila and at the University of Tartu. He has worked on several publications. He is a member to the Tartu Young Authors\u2019 Associacion and former chairman. He is a member of the Estonian Writers\u2019 Union since 2015.<\/span><\/span><\/span><\/span>\n<\/p>\n<p style=\"margin-bottom:0.11in\">\n\t<span style=\"color:#000000\"><span style=\"font-size:13px\"><span style=\"font-family:Verdana,Geneva,sans-serif\"><span style=\"line-height:108%\">One of the most outstanding humourists in Estonia, Veiko M\u00e4rka is chiefly known for his texts full of word-play. For example, his poetry collection <i>Keel tarretises <\/i>(\u2018Tongue in Jelly\u2019, 2001) is striking for its parodies and various kinds of puns, the raw material for which is extracted both from Estonian classics of poetry and from popular songs. The collections <i>P\u00f5letada p\u00e4rast lugemist: poeese ja aforisme 2001-2008 <\/i>(\u2018Burn After Reading: Poems and Aphorisms 2001-2008\u2019, 2009) and <i>Kuidas seletada piiblit surnud jumalale: t\u00f5demused 2008-2014 <\/i>(\u2018How to Explain the Bible to a Dead God: Findings 2008-2014\u2019, 2014) contain both reflections on the times and observations about everyday politics. Word-play in various genres is offered in his collection of short prose <i>Lingvistiline mats <\/i>(\u2018Linguistic Boor\u2019, 2020). Mostly M\u00e4rka\u2019s material originates in the best-known aspects of Estonian culture; this collection too offers various kinds of absurd stories about Estonian cultural figures.<\/span><\/span><\/span><\/span>\n<\/p>\n<p style=\"margin-bottom:0.11in\">\n\t<span style=\"color:#000000\"><span style=\"font-size:13px\"><span style=\"font-family:Verdana,Geneva,sans-serif\"><span style=\"line-height:108%\">In the series of reminiscences \u201cStories of time\u201d, <i>Minu 1986. Tiigriaasta hullumajas <\/i>(\u2018My 1986. The Year of the Tiger in the Madhouse\u2019, 2016) offers a glimpse into living conditions in Soviet times, the central point of while is an escape to an asylum from being sent into the Soviet army. <i>Elu on s\u00f5na. Kohtumised eesti kirjanikega <\/i>(\u2018Life is a Word. Meetings with Estonian Writers\u2019, 2018), in the series \u201cAmong writers\u201d, deals with various points of contact by the author with Estonian writers, and offers interludes on subjects associated with the writers. In recent years M\u00e4rka has also written children\u2019s stories and poetry.<\/span><\/span><\/span><\/span>\n<\/p>\n<p style=\"margin-bottom:0.11in\">\n\t<span style=\"color:#000000\"><span style=\"font-size:13px\"><span style=\"font-family:Verdana,Geneva,sans-serif\"><span style=\"line-height:108%\">M\u00e4rka\u2019s play <i>Lambasihver <\/i>(\u2018Sheepface\u2019) won second prize in the play competition run in 2019 by the Estonian Theatre Agency.<\/span><\/span><\/span><\/span>\n<\/p>\n<p style=\"margin-bottom:0.11in\">\n\t<span style=\"color:#000000\"><span style=\"font-size:13px\"><span style=\"font-family:Verdana,Geneva,sans-serif\"><span style=\"line-height:108%\"><i>A. K. (Translated by C. M.)<\/i><\/span><\/span><\/span><\/span><\/p>\n<p>\u00a0\n<\/p>\n<p style=\"margin-bottom:0.08in\">\n\t<span style=\"color:#000000\"><span style=\"font-size:16px\"><span style=\"font-family:Verdana,Geneva,sans-serif\"><span style=\"line-height:150%\"><b>Books in Estonian<\/b><\/span><\/span><\/span><\/span>\n<\/p>\n<p style=\"margin-bottom:0.08in\">\n\t<span style=\"color:#000000\"><span style=\"font-size:13px\"><span style=\"font-family:Verdana,Geneva,sans-serif\"><span style=\"line-height:150%\"><i><b>Short prose<\/b><\/i><br><b>T\u00f6\u00f6rahva elu<\/b>. Tartu: V. M\u00e4rka, 2001, 94 lk.<br><b>Armastuskunsti suured v\u00f5lurid<\/b>. Saarde, P\u00e4rnu: Jumalikud Ilmutused, 2012, 173 lk.<\/span><\/span><\/span><\/span>\n<\/p>\n<p style=\"margin-bottom:0.08in\">\n\t<span style=\"color:#000000\"><span style=\"font-size:13px\"><span style=\"font-family:Verdana,Geneva,sans-serif\"><span style=\"line-height:150%\"><i><b>Poetry<\/b><\/i><br><b>T\u00fchja aju korinad<\/b>. Tartu: EKSi Kaasaegse Kunsti Keskus, 1997, 28 lk.<br><b>Keel tarretises<\/b>. Tartu: V. M\u00e4rka, 2001, 96 lk.<br><b>P\u00f5letada p\u00e4rast lugemist: poeese ja aforisme 2001-2008<\/b>. P\u00e4rnu: Jumalikud Ilmutused, 2009, 80 lk.<br><b>Kuidas seletada piiblit surnud jumalale: t\u00f5demused 2008-2014<\/b>. Tallinn: Henrik, 2014, 119 lk.<\/span><\/span><\/span><\/span>\n<\/p>\n<p style=\"margin-bottom:0.08in\">\n\t<span style=\"color:#000000\"><span style=\"font-size:13px\"><span style=\"font-family:Verdana,Geneva,sans-serif\"><span style=\"line-height:150%\"><i><b>Children\u2019s literature<\/b><\/i><br><b>Barutino: puust sumomaadleja ja tema s\u00f5prade seiklused<\/b>. Tallinn: Hea Lugu, 2015, 103 lk.<br><b>Kuidas kuud endale m\u00fctsid said<\/b>. Tallinn: Koolibri, 2019, 56 lk.<\/span><\/span><\/span><\/span>\n<\/p>\n<p style=\"margin-bottom:0.08in\">\n\t<span style=\"color:#000000\"><span style=\"font-size:13px\"><span style=\"font-family:Verdana,Geneva,sans-serif\"><span style=\"line-height:150%\"><i><b>Humour<\/b><\/i><br><b>Lendas \u00fcle marmortahvli<\/b>: vesteid. Tallinn: Jutulind, 2007, 140 lk.<br><b>Lingvistiline mats<\/b>: l\u00fchikesed, veel l\u00fchemad ja peaaegu n\u00e4htamatud lood. Tartu: Vabam\u00f5tleja, 2020, 206 lk.<\/span><\/span><\/span><\/span>\n<\/p>\n<p style=\"margin-bottom:0.08in\">\n\t<span style=\"color:#000000\"><span style=\"font-size:13px\"><span style=\"font-family:Verdana,Geneva,sans-serif\"><span style=\"line-height:150%\"><i><b>Miscellaneous<\/b><\/i><br><b>Minu 1986: tiigriaasta hullumajas<\/b>. Tartu: Petrone Print, 2016, 134 lk.<br><b>Elu on s\u00f5na. Kohtumised eesti kirjanikega<\/b>. Tallinn: Hea Lugu, 2018, 173 lk.<\/span><\/span><\/span><\/span>\n<\/p>\n<p>\n\t\u00a0<\/p>\n","protected":false},"excerpt":{"rendered":"<p>Poems Short stories \u00a0 Veiko M\u00e4rka (b. 2. XI 1964) is a poet, prose writer, humourist and critic. M\u00e4rka was born in Tallinn, and educated in Keila and at the University of Tartu. He has worked on several publications. He &#8230;<\/p>\n","protected":false},"author":43,"featured_media":0,"parent":642,"menu_order":0,"comment_status":"closed","ping_status":"closed","template":"","meta":{"_acf_changed":false,"inline_featured_image":false,"footnotes":""},"class_list":["post-36","page","type-page","status-publish","hentry"],"acf":[],"_links":{"self":[{"href":"https:\/\/sisu.ut.ee\/ewod\/wp-json\/wp\/v2\/pages\/36","targetHints":{"allow":["GET"]}}],"collection":[{"href":"https:\/\/sisu.ut.ee\/ewod\/wp-json\/wp\/v2\/pages"}],"about":[{"href":"https:\/\/sisu.ut.ee\/ewod\/wp-json\/wp\/v2\/types\/page"}],"author":[{"embeddable":true,"href":"https:\/\/sisu.ut.ee\/ewod\/wp-json\/wp\/v2\/users\/43"}],"replies":[{"embeddable":true,"href":"https:\/\/sisu.ut.ee\/ewod\/wp-json\/wp\/v2\/comments?post=36"}],"version-history":[{"count":1,"href":"https:\/\/sisu.ut.ee\/ewod\/wp-json\/wp\/v2\/pages\/36\/revisions"}],"predecessor-version":[{"id":5046,"href":"https:\/\/sisu.ut.ee\/ewod\/wp-json\/wp\/v2\/pages\/36\/revisions\/5046"}],"up":[{"embeddable":true,"href":"https:\/\/sisu.ut.ee\/ewod\/wp-json\/wp\/v2\/pages\/642"}],"wp:attachment":[{"href":"https:\/\/sisu.ut.ee\/ewod\/wp-json\/wp\/v2\/media?parent=36"}],"curies":[{"name":"wp","href":"https:\/\/api.w.org\/{rel}","templated":true}]}}