{"id":357,"date":"2024-04-03T23:39:43","date_gmt":"2024-04-03T20:39:43","guid":{"rendered":"https:\/\/sisu.ut.ee\/ewod\/olbri\/"},"modified":"2024-04-04T00:10:16","modified_gmt":"2024-04-03T21:10:16","slug":"olbri","status":"publish","type":"page","link":"https:\/\/sisu.ut.ee\/ewod\/o\/olbri\/","title":{"rendered":"Kai-Mai Olbri"},"content":{"rendered":"<p>\n\t<span style=\"font-family:Verdana,Geneva,sans-serif\"><span style=\"font-size:16px\"><strong><a data-url=\"https:\/\/sisu.ut.ee\/ewod\/o\/olbri\/poems\" href=\"https:\/\/sisu.ut.ee\/ewod\/o\/olbri\/poems\" title=\"\">Poems<\/a> <\/strong><a href=\"https:\/\/sisu.ut.ee\/wp-content\/uploads\/sites\/108\/k.-m._olbri_kalju_suur.jpg\" target=\"_self\" rel=\"noopener\"><img decoding=\"async\" alt=\"Kai-Mai Olbri\" src=\"https:\/\/sisu.ut.ee\/wp-content\/uploads\/sites\/108\/k.-m._olbri_kalju_suur.jpg\" style=\"float: right;width: 300px;height: 215px\" title=\"Photo: Kalju Suur\"><\/a><\/span><\/span>\n<\/p>\n<p>\n\t\u00a0\n<\/p>\n<p>\n\t\u00a0\n<\/p>\n<p style=\"margin-bottom:0.11in\">\n<\/p><p><span style=\"color:#000000\"><span style=\"font-size:13px\"><span style=\"font-family:Verdana,Geneva,sans-serif\"><span style=\"line-height:108%\"><span style=\"font-weight:normal\">Kai-Mai Olbri<\/span><b> <\/b>(since 1989 real name Kai-Mai Kaarna, b. 5. V 1943) is an Estonian poet and artist. <\/span><\/span><\/span><\/span>\n<\/p>\n<p style=\"margin-bottom:0.11in\">\n\t<span style=\"color:#000000\"><span style=\"font-size:13px\"><span style=\"font-family:Verdana,Geneva,sans-serif\"><span style=\"line-height:108%\">Olbri was born in Tallinn. She graduated in 1971 from the Estonian State Institute of Art, specialising in metalworking, but she has gained fame as a painter. She has been a member of the Estonian Artists\u2019 Union since 1994, and the Painters\u2019 Union since 1998. From 1998 to 2004 she was Chair of the Association of Water-Colour Artists. She has been a member of the Writers\u2019 Union since 2005.<\/span><\/span><\/span><\/span>\n<\/p>\n<p style=\"margin-bottom:0.11in\">\n\t<span style=\"color:#000000\"><span style=\"font-size:13px\"><span style=\"font-family:Verdana,Geneva,sans-serif\"><span style=\"line-height:108%\">She has participated in many exhibitions with her work. She has had a number of personal exhibitions over the years at Estonia\u2019s best-known galleries and in Peru, Finland and Latvia. Her paintings are in private collections in more than twenty countries, as well as the Estonian National Museum of Art and the Arsenal Museum in Riga. Kai-Mai Olbri does not restrict herself to painting; rather, her creative nature is expressed in synthetic art forms. The openings of her exhibitions are performances of poetry, music and dance, in which she herself plays a key role. Olbri\u2019s artistic and literary work, full of colour and emotion, has been influenced by her interest in tango, South America and its culture.<\/span><\/span><\/span><\/span>\n<\/p>\n<p style=\"margin-bottom:0.11in\">\n\t<span style=\"color:#000000\"><span style=\"font-size:13px\"><span style=\"font-family:Verdana,Geneva,sans-serif\"><span style=\"line-height:108%\">Kai-Mai Olbri has made several films, both as producer and as screenplay author. The creative synthesis as a jewellery, costume and installation artist, poet, Hispanicist and set designer is evident in her video film <i>Aheldatud laul <\/i>(\u2018The Shackled Song\u2019). In 2009 came the premiere of Kai-Mai Olbri\u2019s autobiographical film <i>Vabadus algab seest <\/i>(\u2018Freedom Begins Within\u2019), in which the author analyses her own complex and varied creative nature, trying in the first place to work it out for herself.<\/span><\/span><\/span><\/span>\n<\/p>\n<p style=\"margin-bottom:0.11in\">\n\t<span style=\"color:#000000\"><span style=\"font-size:13px\"><span style=\"font-family:Verdana,Geneva,sans-serif\"><span style=\"line-height:108%\">Olbri\u2019s first two poetry collections were <i>P\u00f6\u00f6rdumatud s\u00f5nad <\/i>(\u2018Irreversible Words\u2019, 1991) and <i>\u00d5htune post <\/i>(\u2018Evening Post\u2019, 2005). Her poems have been called personal by the critics. Kai-Mai Olbri has also written poetry in Spanish. In her later work she has cultivated the haiku form extensively. She has written one play: <i>Karje: stseenid elust <\/i>(\u2018The Scream: Scenes from a Life\u2019, 2006). In 2008 Olbri produced the travel book <i>Inspireeriv Itaalia: reisikiri, novelletid <\/i>(\u2018Inspiring Italy: a Travelogue and Mini-Prose\u2019).<\/span><\/span><\/span><\/span>\n<\/p>\n<p style=\"margin-bottom:0.11in\">\n\t<span style=\"color:#000000\"><span style=\"font-size:13px\"><span style=\"font-family:Verdana,Geneva,sans-serif\"><span style=\"line-height:108%\"><em>L. P. (Translated by C. M.)<\/em><\/span><\/span><\/span><\/span><\/p>\n<p>\u00a0\n<\/p>\n<p>\n\t\u00a0\n<\/p>\n<p>\n\t<span style=\"font-size:16px\"><span style=\"color:#000000\"><span style=\"font-family:Verdana,Geneva,sans-serif\"><strong>Books in Estonian<\/strong><\/span><\/span><\/span>\n<\/p>\n<p>\n\t<span style=\"color:#000000\"><span style=\"font-size:13px\"><span style=\"font-family:Verdana,Geneva,sans-serif\"><strong><em>Poems<\/em><\/strong><br><strong>P\u00f6\u00f6rdumatud s\u00f5nad<\/strong>. Tallinn: Eesti Raamat, 1991, 93 lk.<br><strong>\u00d5htune post<\/strong>. Tallinn: K.-M. Kaarna, 2005, 135 lk. [Luuletused eesti ja hispaania keeles.]<br><strong>T\u00e4iskuu p\u00f5hjatu kaev = El pozo sin fondo de la luna llena<\/strong>. t\u00f5lkinud Kai-Mai Olbri, eess\u00f5na: Gocho Versolari. Tallinn: Canopus, 2013, 218 lk.\u00a0<br>F. Javier Roman L\u00f3pez de la Serna &amp; Kai Mai-Olbri, <strong>Seis m\u00e1s seis es uno = Kuus pluss kuus on \u00fcks<\/strong>. J\u00e4rvek\u00fcla (Harjumaa): Kaarna, 2015, 32 lk.<br><strong>101 haikut<\/strong>. J\u00e4rvek\u00fcla: Kaarna, 2017, 73 lk.<br><strong>Elujooned. Kakskeelne (eesti ja hispaania) = L\u00edneas de la vida. Biling\u00fce (estonio y castellano)<\/strong>. Koostanud Kai-Mai Kaarna; t\u00f5lge hispaania keelde ja kujundus: Kai-Mai Olbri; eess\u00f5na: Juan Emilio R\u00edos Vera. Tallinn: Kaarna, 2017, 214 lk.<br><strong>Une pealt = De enso\u00f1aciones<\/strong>. T\u00f5lge hispaania keelde, kujundus ja illustratsioonid: Kai-Mai Olbri; eess\u00f5na: T\u00f5nu \u00d5nnepalu, Juan Emilio R\u00edos Vera. Tallinn: Kaarna, 2018, 130 lk.<br><strong>Pauk luuavarrest<\/strong>. Autori illustratsioonid. Tallinn: Kaarna, 2018, 44 lk. [Lasteluule.]<\/span><\/span><\/span>\n<\/p>\n<p>\n\t<span style=\"color:#000000\"><span style=\"font-size:13px\"><span style=\"font-family:Verdana,Geneva,sans-serif\"><strong><em>Stories<\/em><\/strong><br><strong>Inspireeriv Itaalia<\/strong>. Reisikiri, novelletid. Tallinn: Kaarna, 2008, 141 lk.<\/span><\/span><\/span>\n<\/p>\n<p>\n\t<span style=\"color:#000000\"><span style=\"font-size:13px\"><span style=\"font-family:Verdana,Geneva,sans-serif\"><strong><em>Plays<\/em><\/strong><br><strong>Karje. Stseenid elust<\/strong>. N\u00e4idend kahes vaatuses. Tallinn: Umara, 2006, 86 lk.<\/span><\/span><\/span>\n<\/p>\n<p>\n\t<span style=\"color:#000000\"><span style=\"font-size:13px\"><span style=\"font-family:Verdana,Geneva,sans-serif\"><strong><em>Humour<\/em><\/strong><br><strong>Ps\u00fchhopaadialuse uudiss\u00f5nastik<\/strong>. Sissejuhatus: Heinz Valk. Tallinn: Kaarna, 2016, 57 lk.<\/span><\/span><\/span>\n<\/p>\n<p>\n\t<span style=\"color:#000000\"><span style=\"font-size:13px\"><span style=\"font-family:Verdana,Geneva,sans-serif\"><strong><em>Non-fiction<\/em><\/strong><br><strong>Inspireeriv Itaalia<\/strong>. Reisikiri, novelletid. Tallinn: Kaarna, 2008, 141 lk.<\/span><\/span><\/span>\n<\/p>\n<p>\n\t\u00a0<\/p>\n","protected":false},"excerpt":{"rendered":"<p>Poems \u00a0 \u00a0 Kai-Mai Olbri (since 1989 real name Kai-Mai Kaarna, b. 5. V 1943) is an Estonian poet and artist. Olbri was born in Tallinn. She graduated in 1971 from the Estonian State Institute of Art, specialising in metalworking, &#8230;<\/p>\n","protected":false},"author":43,"featured_media":0,"parent":663,"menu_order":0,"comment_status":"closed","ping_status":"closed","template":"","meta":{"_acf_changed":false,"inline_featured_image":false,"footnotes":""},"class_list":["post-357","page","type-page","status-publish","hentry"],"acf":[],"_links":{"self":[{"href":"https:\/\/sisu.ut.ee\/ewod\/wp-json\/wp\/v2\/pages\/357","targetHints":{"allow":["GET"]}}],"collection":[{"href":"https:\/\/sisu.ut.ee\/ewod\/wp-json\/wp\/v2\/pages"}],"about":[{"href":"https:\/\/sisu.ut.ee\/ewod\/wp-json\/wp\/v2\/types\/page"}],"author":[{"embeddable":true,"href":"https:\/\/sisu.ut.ee\/ewod\/wp-json\/wp\/v2\/users\/43"}],"replies":[{"embeddable":true,"href":"https:\/\/sisu.ut.ee\/ewod\/wp-json\/wp\/v2\/comments?post=357"}],"version-history":[{"count":1,"href":"https:\/\/sisu.ut.ee\/ewod\/wp-json\/wp\/v2\/pages\/357\/revisions"}],"predecessor-version":[{"id":4713,"href":"https:\/\/sisu.ut.ee\/ewod\/wp-json\/wp\/v2\/pages\/357\/revisions\/4713"}],"up":[{"embeddable":true,"href":"https:\/\/sisu.ut.ee\/ewod\/wp-json\/wp\/v2\/pages\/663"}],"wp:attachment":[{"href":"https:\/\/sisu.ut.ee\/ewod\/wp-json\/wp\/v2\/media?parent=357"}],"curies":[{"name":"wp","href":"https:\/\/api.w.org\/{rel}","templated":true}]}}