{"id":356,"date":"2024-04-03T23:39:43","date_gmt":"2024-04-03T20:39:43","guid":{"rendered":"https:\/\/sisu.ut.ee\/ewod\/lattik\/"},"modified":"2024-04-04T00:10:16","modified_gmt":"2024-04-03T21:10:16","slug":"lattik","status":"publish","type":"page","link":"https:\/\/sisu.ut.ee\/ewod\/l\/lattik\/","title":{"rendered":"Vello Lattik"},"content":{"rendered":"<p>\n\t<strong><span style=\"font-size:16px\"><span style=\"font-family:Verdana,Geneva,sans-serif\"><a data-url=\"https:\/\/sisu.ut.ee\/ewod\/l\/lattik\/about\" href=\"https:\/\/sisu.ut.ee\/ewod\/l\/lattik\/about\" title=\"\">About Vello Lattik<\/a> <\/span><\/span><\/strong><span style=\"font-size:16px\"><span style=\"font-family:Verdana,Geneva,sans-serif\"><a href=\"https:\/\/sisu.ut.ee\/wp-content\/uploads\/sites\/108\/v._lattik_kalju_suur.jpg\" target=\"_self\" rel=\"noopener\"><img decoding=\"async\" alt=\"Vello Lattik\" src=\"https:\/\/sisu.ut.ee\/wp-content\/uploads\/sites\/108\/v._lattik_kalju_suur.jpg\" style=\"float: right;width: 200px;height: 289px\" title=\"Photo: Kalju Suur\"><\/a><\/span><\/span>\n<\/p>\n<p>\n\t\u00a0\n<\/p>\n<p style=\"margin-bottom:0.11in\">\n<\/p><p><span style=\"color:#000000\"><span style=\"font-size:13px\"><span style=\"font-family:Verdana,Geneva,sans-serif\"><span style=\"line-height:108%\"><span style=\"font-weight:normal\">Vello Lattik<\/span><b> <\/b>(15. IX 1935 \u2013 30. VIII 2007) was a prose writer and commentator.<\/span><\/span><\/span><\/span>\n<\/p>\n<p style=\"margin-bottom:0.11in\">\n\t<span style=\"color:#000000\"><span style=\"font-size:13px\"><span style=\"font-family:Verdana,Geneva,sans-serif\"><span style=\"line-height:108%\">Vello Lattik was born in Tartu into a working-class family. In 1961 he graduated from the faculty of law at the University of Tartu, and worked for a long time as a lawyer, economist and staff member at the Viiratsi Model State Farm. He travelled extensively in the Soviet Union, including the Far East and the island of Sakhalin. Among the positions he held were director of a registry office, engineer, boiler attendant, journalist, border guard \u2013 an experience of life which left its mark on his realistic novels and commentaries in the media.<\/span><\/span><\/span><\/span>\n<\/p>\n<p style=\"margin-bottom:0.11in\">\n\t<span style=\"color:#000000\"><span style=\"font-size:13px\"><span style=\"font-family:Verdana,Geneva,sans-serif\"><span style=\"line-height:108%\">Vello Lattik came to literature through novel and current affairs competitions. As a schoolboy Vello Lattik made contributions to the press, and continued this activity while living in Viljandi. Lattik\u2019s novel about youth, <i>Suudlus lumme <\/i>(\u2018Kiss into the Snow\u2019) appeared in 1963 as a serial in the journal <i>Edasi<\/i>, and in 1981 came out together with the novel <i>Babyloni t\u00fcdrukud <\/i>(\u2018Girls of Babylon\u2019) as a book.<\/span><\/span><\/span><\/span>\n<\/p>\n<p style=\"margin-bottom:0.11in\">\n\t<span style=\"color:#000000\"><span style=\"font-size:13px\"><span style=\"font-family:Verdana,Geneva,sans-serif\"><span style=\"line-height:108%\">In 1984 Vello Lattik graduated from the Gorky Institute of Literature in Moscow. In addition to fiction he wrote commentaries, some of which found their way into the journal <i>Looming<\/i>.<\/span><\/span><\/span><\/span>\n<\/p>\n<p style=\"margin-bottom:0.11in\">\n\t<span style=\"color:#000000\"><span style=\"font-size:13px\"><span style=\"font-family:Verdana,Geneva,sans-serif\"><span style=\"line-height:108%\">Recurrent themes in Vello Lattik\u2019s voluminous works are ethics, people\u2019s adherence to their principles, opposition to adapting to circumstances \u2013 be they the restrictions imposed by Soviet stagnation or the market-driven society of early capitalism. Among the settings of the action in his works are a <i>sovkhoz<\/i> collective farm, a slaughterhouse, a boilerhouse, and a collective piggery. <\/span><\/span><\/span><\/span>\n<\/p>\n<p style=\"margin-bottom:0.11in\">\n\t<span style=\"color:#000000\"><span style=\"font-size:13px\"><span style=\"font-family:Verdana,Geneva,sans-serif\"><span style=\"line-height:108%\">In an interview in 2003, Vello Lattik said: \u201cI don\u2019t have any spiritual riches to reveal and I don\u2019t know how to play with language. I repeat what I say: let a novel be an honest document of its time, and thereby a novelist is a chronicler.\u201d Vello Lattik remained true to his dictum that literature should be true to life, and an author must understand the mind and language of an ordinary person on the basis of his own diverse personal experience. He did not assign importance to style or psychological depth.<\/span><\/span><\/span><\/span>\n<\/p>\n<p style=\"margin-bottom:0.11in\">\n\t<span style=\"color:#000000\"><span style=\"font-size:13px\"><span style=\"font-family:Verdana,Geneva,sans-serif\"><span style=\"line-height:108%\">For the novel <i>Kuus head inimest <\/i>(\u2018Six Good People\u2019, 2007) Vello Lattik was awarded the Tammsaare prize for literature.<\/span><\/span><\/span><\/span>\n<\/p>\n<p style=\"margin-bottom:0.11in\">\n\t<span style=\"color:#000000\"><span style=\"font-size:13px\"><span style=\"font-family:Verdana,Geneva,sans-serif\"><span style=\"line-height:108%\"><i>L. P. (Translated by C. M.)<\/i><\/span><\/span><\/span><\/span>\n<\/p>\n<p style=\"margin-bottom:0.11in\">\n<\/p><p><span style=\"font-size:16px\"><span style=\"color:#000000\"><span style=\"font-family:Verdana,Geneva,sans-serif\"><span style=\"line-height:115%\"><span style=\"font-style:normal\"><b>Books in Estonian<\/b><\/span><\/span><\/span><\/span><\/span>\n<\/p>\n<p style=\"margin-bottom:0.11in\">\n\t<span style=\"color:#000000\"><span style=\"font-size:13px\"><span style=\"font-family:Verdana,Geneva,sans-serif\"><span style=\"line-height:115%\"><i><b>Novels<\/b><\/i><br><b>Pastoraal mummulisest kleidist<\/b>. Tallinn: Eesti Raamat, 1978. 195 lk.<br><b>Kuus head inimest<\/b>. Tallinn: Eesti Raamat, 1979. 173 lk.<br><b>Suudlus lumme. Babyloni t\u00fcdrukud <\/b>[romaanid]. Tallinn: Eesti Raamat, 1981. 211 lk.<br><b>Mihklip\u00e4eval, mihklikuul<\/b>. Tallinn: Eesti Raamat, 1983. 136 lk.<br><b>Lend Kanaari saartele<\/b>. Tartu, 1990. 108 lk.<br><b>Sirge s\u00e4\u00e4r sukas roosas<\/b>. Viljandi: S\u00fcnnimaa, 1991. 63 lk.<br><b>Laul m\u00e4rast tumepunasest ja mustast t\u00e4kust<\/b>. Tallinn: Olion, 1995. 159 lk.<br><b>Miljard\u00e4r Roosi r\u00f5\u00f5mud<\/b>. Tallinn: Olion, 1997. 127 lk.<br><b>Muhumaa kuumad naised<\/b>. Tallinn: V. Lattik, 1999. 205 lk.<br><b>Kohtumiseni unistustes!<\/b><span style=\"font-weight:normal\">.<\/span> Viljandi: V. Lattik, 2001. 256 lk.<br><b>Omakohus<\/b>. Viljandi: V. Lattik, 2002. 215 lk.<\/span><\/span><\/span><\/span>\n<\/p>\n<p style=\"margin-bottom:0.11in\">\n\t<span style=\"color:#000000\"><span style=\"font-size:13px\"><span style=\"font-family:Verdana,Geneva,sans-serif\"><span style=\"line-height:115%\"><i><b>Stories<\/b><\/i><br><b>M\u00e4ttalt m\u00e4ttale<\/b>. Tallinn: Eesti Raamat, 1974. 111 lk.<br><b>Orkester<\/b>: tript\u00fchhon. Tallinn: Eesti Raamat, 1989. 316 lk.<\/span><\/span><\/span><\/span>\n<\/p>\n<p style=\"margin-bottom:0.11in\">\n\t<span style=\"color:#000000\"><span style=\"font-size:13px\"><span style=\"font-family:Verdana,Geneva,sans-serif\"><span style=\"line-height:115%\"><i><b>Plays<\/b><\/i><br><b>P\u00e4ise p\u00e4eva ajal: kevad, 1988<\/b>. Tallinn: Eesti Raamat, 1989. 45 lk.<\/span><\/span><\/span><\/span>\n<\/p>\n<p style=\"margin-bottom:0.11in\">\n\t<span style=\"color:#000000\"><span style=\"font-size:13px\"><span style=\"font-family:Verdana,Geneva,sans-serif\"><span style=\"line-height:115%\"><i><b>Travel writing<\/b><\/i><br><b>Kus sa oled, Larissa? Sahhalini p\u00e4evik<\/b>. Tallinn: Eesti Raamat, 1988. 239 lk.<\/span><\/span><\/span><\/span>\n<\/p>\n<p style=\"margin-bottom:0.11in\">\n\t<span style=\"color:#000000\"><span style=\"font-size:13px\"><span style=\"font-family:Verdana,Geneva,sans-serif\"><span style=\"line-height:115%\"><i><b>Commentaries<\/b><\/i><br><b>Olla mees meeste seas<\/b>. Tallinn: Eesti Raamat, 1967. 54 lk.<br><b>\u00dche lavastaja suvi <\/b>[olukirjeldus Viljandi J. Gagarini nimelise N\u00e4idissovhoostehnikumi t\u00f6\u00f6tajatest]. Tallinn: Eesti Raamat, 1977. 103 lk.<br><b>\u00dcks pohlavars, \u00fcks maasikaleht ja keskele kadakaoksake<\/b> [olukirjeldus]. Tallinn: Eesti Raamat, 1981. 67 lk.<br><b>Valitud publitsistikat<\/b>. Tallinn: Eesti Raamat, 1985. 192 lk.<br><b>Siis kui \u00f6\u00f6 on ja uinun\u2019d on Pariis <\/b>[olukirjeldus], Tallinn: Eesti Raamat, 1988. 45 lk.<br><b>Kus on, kus on vangi kodu?<\/b> Helsinki, Ministry of Justice, 1999. 79 lk.<br><b>Kass ja hiired jagavad urgu<\/b>. Viljandi: V. Lattik, 2000. 133 lk.<br><b>Siim, viska padruneid!<\/b>: ballaad. Viljandi: V. Lattik, 2004. 80 lk.<br><b>Messias J\u00e4rvamaalt<\/b>: ballaad. Viljandi, V. Lattik, 2006. 80 lk.<br><b>Kasakas ja neitsi<\/b>. Viiratsi: V. Lattik, 2007. 95 lk.<\/span><\/span><\/span><\/span>\n<\/p>\n<p>\n\t\u00a0<\/p>\n","protected":false},"excerpt":{"rendered":"<p>About Vello Lattik \u00a0 Vello Lattik (15. IX 1935 \u2013 30. VIII 2007) was a prose writer and commentator. Vello Lattik was born in Tartu into a working-class family. In 1961 he graduated from the faculty of law at the &#8230;<\/p>\n","protected":false},"author":43,"featured_media":0,"parent":631,"menu_order":0,"comment_status":"closed","ping_status":"closed","template":"","meta":{"_acf_changed":false,"inline_featured_image":false,"footnotes":""},"class_list":["post-356","page","type-page","status-publish","hentry"],"acf":[],"_links":{"self":[{"href":"https:\/\/sisu.ut.ee\/ewod\/wp-json\/wp\/v2\/pages\/356","targetHints":{"allow":["GET"]}}],"collection":[{"href":"https:\/\/sisu.ut.ee\/ewod\/wp-json\/wp\/v2\/pages"}],"about":[{"href":"https:\/\/sisu.ut.ee\/ewod\/wp-json\/wp\/v2\/types\/page"}],"author":[{"embeddable":true,"href":"https:\/\/sisu.ut.ee\/ewod\/wp-json\/wp\/v2\/users\/43"}],"replies":[{"embeddable":true,"href":"https:\/\/sisu.ut.ee\/ewod\/wp-json\/wp\/v2\/comments?post=356"}],"version-history":[{"count":1,"href":"https:\/\/sisu.ut.ee\/ewod\/wp-json\/wp\/v2\/pages\/356\/revisions"}],"predecessor-version":[{"id":4712,"href":"https:\/\/sisu.ut.ee\/ewod\/wp-json\/wp\/v2\/pages\/356\/revisions\/4712"}],"up":[{"embeddable":true,"href":"https:\/\/sisu.ut.ee\/ewod\/wp-json\/wp\/v2\/pages\/631"}],"wp:attachment":[{"href":"https:\/\/sisu.ut.ee\/ewod\/wp-json\/wp\/v2\/media?parent=356"}],"curies":[{"name":"wp","href":"https:\/\/api.w.org\/{rel}","templated":true}]}}