{"id":354,"date":"2024-04-03T23:39:42","date_gmt":"2024-04-03T20:39:42","guid":{"rendered":"https:\/\/sisu.ut.ee\/ewod\/stories-et-49\/"},"modified":"2024-04-04T00:10:19","modified_gmt":"2024-04-03T21:10:19","slug":"stories","status":"publish","type":"page","link":"https:\/\/sisu.ut.ee\/ewod\/k\/korzhets\/stories\/","title":{"rendered":"Vladislav Kor\u017eets &#8211; short stories"},"content":{"rendered":"<p><span style=\"font-size: medium\"><strong><span style=\"font-family: verdana, geneva\">Books<\/span><\/strong><\/span><\/p>\n<p><span style=\"font-size: small\"><span style=\"font-family: verdana, geneva\"><strong><em>German<\/em><\/strong><br><strong>Das M\u00e4dchen Merike<\/strong>. \u00dcbersetzung: Haide Roodvee. Tallinn: Perioodika, 1985, 30 pp. [\u2018\u00dcks t\u00fcdruk, nimi Merike\u2019, children\u2019s story.]<\/span><\/span><\/p>\n<p><\/p>\n<p><span style=\"font-size: medium\"><strong><span style=\"font-family: verdana, geneva\">In anthologies and magazines<\/span><\/strong><\/span><\/p>\n<p><em><strong><span style=\"font-family: verdana, geneva\">German<\/span><\/strong><\/em><br><span style=\"font-family: verdana, geneva\"><strong>Diamantensucher und andere estnische Humoresken<\/strong>. Herausgegeben von Harri Lehiste. Tallinn: Perioodika, 1980, 70 pp. [Includes humorous stories by Priit Aimla, Ruth Hint, Teet Kallas, Enn Karu, Kalju Kass, \u00dclo Kiiler, Wladislaw Korshez, Harri Lehiste, Kaido Liiva, Ann Must, Erik P\u00fcvi, Raivo Raigna, T\u00f5nn Sarv, Toivo Tootsen.]<\/span><\/p>\n","protected":false},"excerpt":{"rendered":"<p>Books GermanDas M\u00e4dchen Merike. \u00dcbersetzung: Haide Roodvee. Tallinn: Perioodika, 1985, 30 pp. [\u2018\u00dcks t\u00fcdruk, nimi Merike\u2019, children\u2019s story.] In anthologies and magazines GermanDiamantensucher und andere estnische Humoresken. Herausgegeben von Harri Lehiste. Tallinn: Perioodika, 1980, 70 pp. [Includes humorous stories by &#8230;<\/p>\n","protected":false},"author":43,"featured_media":0,"parent":342,"menu_order":0,"comment_status":"closed","ping_status":"closed","template":"","meta":{"_acf_changed":false,"inline_featured_image":false,"footnotes":""},"class_list":["post-354","page","type-page","status-publish","hentry"],"acf":[],"_links":{"self":[{"href":"https:\/\/sisu.ut.ee\/ewod\/wp-json\/wp\/v2\/pages\/354","targetHints":{"allow":["GET"]}}],"collection":[{"href":"https:\/\/sisu.ut.ee\/ewod\/wp-json\/wp\/v2\/pages"}],"about":[{"href":"https:\/\/sisu.ut.ee\/ewod\/wp-json\/wp\/v2\/types\/page"}],"author":[{"embeddable":true,"href":"https:\/\/sisu.ut.ee\/ewod\/wp-json\/wp\/v2\/users\/43"}],"replies":[{"embeddable":true,"href":"https:\/\/sisu.ut.ee\/ewod\/wp-json\/wp\/v2\/comments?post=354"}],"version-history":[{"count":1,"href":"https:\/\/sisu.ut.ee\/ewod\/wp-json\/wp\/v2\/pages\/354\/revisions"}],"predecessor-version":[{"id":4730,"href":"https:\/\/sisu.ut.ee\/ewod\/wp-json\/wp\/v2\/pages\/354\/revisions\/4730"}],"up":[{"embeddable":true,"href":"https:\/\/sisu.ut.ee\/ewod\/wp-json\/wp\/v2\/pages\/342"}],"wp:attachment":[{"href":"https:\/\/sisu.ut.ee\/ewod\/wp-json\/wp\/v2\/media?parent=354"}],"curies":[{"name":"wp","href":"https:\/\/api.w.org\/{rel}","templated":true}]}}