{"id":349,"date":"2024-04-03T23:39:42","date_gmt":"2024-04-03T20:39:42","guid":{"rendered":"https:\/\/sisu.ut.ee\/ewod\/poems-et-45\/"},"modified":"2024-04-04T00:10:18","modified_gmt":"2024-04-03T21:10:18","slug":"poems","status":"publish","type":"page","link":"https:\/\/sisu.ut.ee\/ewod\/a\/hendrikadamson\/poems\/","title":{"rendered":"Hendrik Adamson &#8211; poems"},"content":{"rendered":"<p><span style=\"font-family: verdana, geneva;font-size: medium\"><strong>Books<\/strong><\/span><\/p>\n<p><span style=\"font-family: verdana, geneva;font-size: medium\"><span style=\"font-size: small\"><strong><em><span style=\"font-family: verdana, geneva\">Esperanto<\/span><\/em><br><span style=\"font-family: verdana, geneva\">Vesperkanto<\/span><\/strong><span style=\"font-family: verdana, geneva\">. Libro originale verkita en esperanto.\u00a0Redaktis K. Kalocsay. Kovrilo de Jan Schaap Jr. Prologe de Hilda Dresen. Ci tiun poemlibron de H. Adamson el la materialo kolektita de J. Ojalo. La Laguna: Stafeto, 1967, 132 pp. [Translation of \u2018\u00d5htulaul\u2019.]<br><\/span><\/span><span style=\"font-family: verdana, geneva;font-size: medium\"><\/span><br><\/span><\/p>\n<p><span style=\"font-family: verdana, geneva;font-size: medium\"><strong>In compilations, anthologies, magazines<\/strong><\/span><\/p>\n<p><span style=\"font-family: verdana, geneva;font-size: small\" data-mce-mark=\"1\"><strong><em>English<br><\/em><strong><strong>\u03ad\u03ba\u03b5\u1fd6: Estonian poetry of the 19th and 20th century<\/strong><\/strong><\/strong>. Translated [and translator\u2019s introduction] by John Hayes Hurley &amp; Erik Linnolt. [Tallinn]: M. Makko, 2005, 87 pp. [Poems by Kristjan Jaak Peterson, Friedrich Nikolai Russow, Lydia Koidula, Peeter Jakobson, Juhan Liiv, Ernst Enno, Gustav Suits, Marie Under, Henrik Visnapuu, Hendrik Adamson, Johannes Vares-Barbarus, Valmar Adams, Heiti Talvik, Betti Alver, Bernard Kangro, Karl Ristikivi, Kersti Merilaas, August Sang, Arno Vihalemm, Aleksis Rannit, Asta Willmann, Jaan Kross, Ellen Niit, Ilona Laaman, Jaan Kaplinski, Ene Mihkelson, Viivi Luik, Ott Arder, T\u00f5nu Trubetsky, J\u00fcrgen Rooste.]<strong><strong><br>Anthology of Modern Estonian Poetry<\/strong><\/strong>. Compiled and translated by W. K. Matthews. Gainesville: University of Florida Press, 1953, 161 pp. [Poems by Juhan Liiv, A. Haava, H. Visnapuu, H. Adamson, M. Under, H. Talvik, B. Alver, U. Masing, J. L\u00f5o, H. Esko, K. Ahven, R. Kolk, R. Veer, P. Krusten, K. Ristikivi, K. Lepik, I. Gr\u00fcnthal, E. Enno, G. Suits, K. Merilaas, J. Oks, V. Ridala, A. Adson, J. S\u00fctiste, B. Kangro, A. Sang, A. Viirlaid.]<strong><em><br><\/em><\/strong><\/span><\/p>\n<p><span style=\"font-family: verdana, geneva;font-size: small\" data-mce-mark=\"1\"><strong><em>Esperanto<br><\/em><strong><strong>Esperanta antologio. Poemoj 1887-1957<\/strong><\/strong><\/strong>. Redaktis William Auld. La Laguna: J. R\u00e9gulo, 1958, 640 pp. [Revised ed.\u00a0Esperanta antologio: poemoj 1887-1981. Rotterdam: Universala esperanto-asocio, 1984, 887 pp. Poems by Hendrik Adamson, Hilda Dresen.]<strong><strong><br>Dekdu poetoj<\/strong><\/strong>. Redaktis K. Kalocsay. Budapest: Literatura Mondo, 1934, 126 pp. [Poems by Hendrik Adamson and Hilda Dresen.]<strong><em><br><\/em><\/strong><\/span><\/p>\n<p><span style=\"font-family: verdana, geneva;font-size: small\" data-mce-mark=\"1\"><strong><em>German<\/em><\/strong><br><strong>Mensch<\/strong>. \u00dcbersetzung: Ilmar Laaban. \u2013 Manfred Peter Hein (Hg.), Auf der Karte Europas ein Fleck. Gedichte der osteurop\u00e4ischen Avantgarde. Z\u00fcrich: Ammann Verlag, 1991, pp 83-85. [\u2018Inimene\u2019.]<\/span><\/p>\n<p><span style=\"font-family: verdana, geneva;font-size: small\" data-mce-mark=\"1\"><strong><em>Italian<br><\/em>Poeti Estoni<\/strong>.\u00a0A\u00a0cura di Margherita Guidacci, Vello Salo; introduzione storica di Karl Ristikivi.\u00a0Roma: Edizioni Abete, 1975, 210 pp.\u00a0[Poems by\u00a0Hendrik Adamson,\u00a0Artur Adson,\u00a0Betti Alver,\u00a0Ernst Enno,\u00a0Ivar Gr\u00fcnthal,\u00a0Villem Gr\u00fcnthal-Ridala,\u00a0Anna Haava,\u00a0Ain Kaalep,\u00a0Bernard Kangro,\u00a0Jaan Kaplinski,\u00a0Lydia Koidula,\u00a0Raimond Kolk,\u00a0Friedrich Reinhold Kreutzwald,\u00a0Jaan Kross,\u00a0Ilmar Laaban,\u00a0Kalju Lepik,\u00a0Juhan Liiv,\u00a0Viivi Luik,\u00a0Uku Masing,\u00a0Ellen Niit,\u00a0Kristjan Jaak Peterson,\u00a0Aleksis Rannit,\u00a0Paul-Eerik Rummo,\u00a0Hando Runnel,\u00a0August Sang,\u00a0Gustav Suits,\u00a0Karl Eduard S\u00f6\u00f6t,\u00a0Juhan S\u00fctiste,\u00a0Heiti Talvik,\u00a0Marie Under,\u00a0Johannes Vares-Barbarus,\u00a0Arno Vihalemm,\u00a0Henrik Visnapuu.]<br><strong style=\"line-height: 20.8px\">Poeti Estoni<\/strong><span style=\"line-height: 20.8px\" data-mce-mark=\"1\">.\u00a0A\u00a0cura di Margherita Guidacci, Vello Salo.\u00a0Roma: Edizioni Abete, 1973, 174 pp.\u00a0[Poems by\u00a0Hendrik Adamson,\u00a0Artur Adson,\u00a0Betti Alver,\u00a0Ernst Enno,\u00a0Ivar Gr\u00fcnthal,\u00a0Villem Gr\u00fcnthal-Ridala,\u00a0Anna Haava,\u00a0Ain Kaalep,\u00a0Bernard Kangro,\u00a0Jaan Kaplinski,\u00a0Lydia Koidula,\u00a0Raimond Kolk,\u00a0Friedrich Reinhold Kreutzwald,\u00a0Jaan Kross,\u00a0Ilmar Laaban,\u00a0Kalju Lepik,\u00a0Juhan Liiv,\u00a0Viivi Luik,\u00a0Uku Masing,\u00a0Ellen Niit,\u00a0Kristjan Jaak Peterson,\u00a0Aleksis Rannit,\u00a0Paul-Eerik Rummo,\u00a0Hando Runnel,\u00a0August Sang,\u00a0Gustav Suits,\u00a0Karl Eduard S\u00f6\u00f6t,\u00a0Juhan S\u00fctiste,\u00a0Heiti Talvik,\u00a0Marie Under,\u00a0Johannes Vares-Barbarus,\u00a0Arno Vihalemm,\u00a0Henrik Visnapuu.]<\/span><\/span><\/p>\n<p><span style=\"font-size: small\"><strong><em><span style=\"font-family: verdana, geneva\">Russian<\/span><\/em><\/strong><\/span><br><span style=\"font-family: verdana, geneva;font-size: small\"><strong><strong>\u0420\u0430\u0441\u043f\u0430\u0445\u043d\u0438 \u043e\u043a\u043d\u043e \u043d\u0430 \u0441\u0435\u0432\u0435\u0440: \u0441\u0442\u0438\u0445\u0438 \u044d\u0441\u0442\u043e\u043d\u0441\u043a\u0438\u0445 \u043f\u043e\u044d\u0442\u043e\u0432 \u0432 \u043f\u0435\u0440\u0435\u0432\u043e\u0434\u0430\u0445 \u0411\u043e\u0440\u0438\u0441\u0430 \u0428\u0442\u0435\u0439\u043d\u0430<\/strong><\/strong>. \u0422\u0430\u043b\u043b\u0438\u043d: \u042d\u044d\u0441\u0442\u0438 \u0440\u0430\u0430\u043c\u0430\u0442, 1984, 99 pp. [Poems by Juhan Liiv, Ernst Enno, Hendrik Adamson, Juhan Smuul, Mats Traat, Arvi Siig, Rudolf Rimmel.]<strong><strong><br>\u041f\u043e\u044d\u0442\u044b \u042d\u0441\u0442\u043e\u043d\u0438\u0438<\/strong><\/strong>. \u0412\u0441\u0442\u0443\u043f\u0438\u0442\u0435\u043b\u044c\u043d\u0430\u044f \u0441\u0442\u0430\u0442\u044c\u044f \u0438 \u0431\u0438\u043e\u0433\u0440\u0430\u0444\u0438\u0447\u0435\u0441\u043a\u0438\u0435 \u0441\u043f\u0440\u0430\u0432\u043a\u0438: \u0421. \u0413. \u0418\u0441\u0430\u043a\u043e\u0432\u0430; \u0441\u043e\u0441\u0442. \u0438 \u043f\u0440\u0438\u043c\u0435\u0447\u0430\u043d\u0438\u044f \u041d. \u0413. \u0410\u043d\u0434\u0440\u0435\u0437\u0435\u043d\u0430 \u0438 \u0421. \u0413. \u0418\u0441\u0430\u043a\u043e\u0432\u0430; \u0440\u0435\u0434\u0430\u043a\u0446\u0438\u044f \u0441\u0442\u0438\u0445\u043e\u0442\u0432\u043e\u0440\u043d\u044b\u0445 \u043f\u0435\u0440\u0435\u0432\u043e\u0434\u043e\u0432 \u0412. \u0420\u043e\u0436\u0434\u0435\u0441\u0442\u0432\u0435\u043d\u0441\u043a\u043e\u0433\u043e.\u00a0\u041b\u0435\u043d\u0438\u043d\u0433\u0440\u0430\u0434: \u0421\u043e\u0432\u0435\u0442\u0441\u043a\u0438\u0439 \u043f\u0438\u0441\u0430\u0442\u0435\u043b\u044c, 1974, 662 pp. [Poems by Kristjan Jaak Peterson, Friedrich Robert Faehlmann, Friedrich Reinhold Kreutzwald, Lydia Koidula, Friedrich Kuhlbars, Mihkel Veske, Ado Reinvald, Jakob Tamm, Jakob Liiv, Karl Eduard S\u00f6\u00f6t, Anna Haava, Juhan Liiv, Hans P\u00f6\u00f6gelmann,\u00a0Juhan Lilienbach, Ernst Enno, Gustav Suits, Villem Ridala, Friedebert Tuglas, Johannes Barbarus, Henrik Visnapuu, August Alle, Jaan K\u00e4rner, Johannes Semper, Hendrik Adamson, Juhan S\u00fctiste, Heiti Talvik, August Sang, Juhan Smuul.]<\/span><\/p>\n","protected":false},"excerpt":{"rendered":"<p>Books EsperantoVesperkanto. Libro originale verkita en esperanto.\u00a0Redaktis K. Kalocsay. Kovrilo de Jan Schaap Jr. Prologe de Hilda Dresen. Ci tiun poemlibron de H. Adamson el la materialo kolektita de J. Ojalo. La Laguna: Stafeto, 1967, 132 pp. [Translation of \u2018\u00d5htulaul\u2019.] &#8230;<\/p>\n","protected":false},"author":43,"featured_media":0,"parent":337,"menu_order":0,"comment_status":"closed","ping_status":"closed","template":"","meta":{"_acf_changed":false,"inline_featured_image":false,"footnotes":""},"class_list":["post-349","page","type-page","status-publish","hentry"],"acf":[],"_links":{"self":[{"href":"https:\/\/sisu.ut.ee\/ewod\/wp-json\/wp\/v2\/pages\/349","targetHints":{"allow":["GET"]}}],"collection":[{"href":"https:\/\/sisu.ut.ee\/ewod\/wp-json\/wp\/v2\/pages"}],"about":[{"href":"https:\/\/sisu.ut.ee\/ewod\/wp-json\/wp\/v2\/types\/page"}],"author":[{"embeddable":true,"href":"https:\/\/sisu.ut.ee\/ewod\/wp-json\/wp\/v2\/users\/43"}],"replies":[{"embeddable":true,"href":"https:\/\/sisu.ut.ee\/ewod\/wp-json\/wp\/v2\/comments?post=349"}],"version-history":[{"count":1,"href":"https:\/\/sisu.ut.ee\/ewod\/wp-json\/wp\/v2\/pages\/349\/revisions"}],"predecessor-version":[{"id":4725,"href":"https:\/\/sisu.ut.ee\/ewod\/wp-json\/wp\/v2\/pages\/349\/revisions\/4725"}],"up":[{"embeddable":true,"href":"https:\/\/sisu.ut.ee\/ewod\/wp-json\/wp\/v2\/pages\/337"}],"wp:attachment":[{"href":"https:\/\/sisu.ut.ee\/ewod\/wp-json\/wp\/v2\/media?parent=349"}],"curies":[{"name":"wp","href":"https:\/\/api.w.org\/{rel}","templated":true}]}}