{"id":333,"date":"2024-04-03T23:39:40","date_gmt":"2024-04-03T20:39:40","guid":{"rendered":"https:\/\/sisu.ut.ee\/ewod\/poems-et-42\/"},"modified":"2024-04-04T00:10:23","modified_gmt":"2024-04-03T21:10:23","slug":"poems","status":"publish","type":"page","link":"https:\/\/sisu.ut.ee\/ewod\/t\/trapeezh\/poems\/","title":{"rendered":"Albert Trapee\u017e &#8211; poems"},"content":{"rendered":"<p>\n\t<span style=\"font-family:Verdana,Geneva,sans-serif\"><strong><span style=\"font-size:16px\">In anthologies and magazines<\/span><\/strong><\/span><\/p>\n<p><strong><em>German<\/em><\/strong><br><strong>Fr\u00fchst\u00fcck des Genies (\u00e0 la carte)<\/strong>. \u00dcbersetzung: Gisbert J\u00e4nicke. \u2013 Struktuuri\/Metafysiikka \u2013 Struktuur\/Metaf\u00fc\u00fcsika \u2013 Struktur\/Metaphysik. (Ausstellungskatalog: Pori, Helsinki, Rovaniemi, Kiel, Bochum 1989\/1990]. <em>s.l.<\/em>: <em>s.n.<\/em> [1989], p 34. [\u2018Geeniuse hommikus\u00f6\u00f6k (\u00e0 la carte)\u2019.]<br><strong>Dem Willen zum Trotz<\/strong>. \u00dcbersetzung: Gisbert J\u00e4nicke. \u2013 Estonia, no 1, 2003, pp 30-39. [\u2018Ei allu tahtele\u2019.]<\/p>\n","protected":false},"excerpt":{"rendered":"<p>In anthologies and magazines GermanFr\u00fchst\u00fcck des Genies (\u00e0 la carte). \u00dcbersetzung: Gisbert J\u00e4nicke. \u2013 Struktuuri\/Metafysiikka \u2013 Struktuur\/Metaf\u00fc\u00fcsika \u2013 Struktur\/Metaphysik. (Ausstellungskatalog: Pori, Helsinki, Rovaniemi, Kiel, Bochum 1989\/1990]. s.l.: s.n. [1989], p 34. [\u2018Geeniuse hommikus\u00f6\u00f6k (\u00e0 la carte)\u2019.]Dem Willen zum Trotz. \u00dcbersetzung: &#8230;<\/p>\n","protected":false},"author":43,"featured_media":0,"parent":319,"menu_order":0,"comment_status":"closed","ping_status":"closed","template":"","meta":{"_acf_changed":false,"inline_featured_image":false,"footnotes":""},"class_list":["post-333","page","type-page","status-publish","hentry"],"acf":[],"_links":{"self":[{"href":"https:\/\/sisu.ut.ee\/ewod\/wp-json\/wp\/v2\/pages\/333","targetHints":{"allow":["GET"]}}],"collection":[{"href":"https:\/\/sisu.ut.ee\/ewod\/wp-json\/wp\/v2\/pages"}],"about":[{"href":"https:\/\/sisu.ut.ee\/ewod\/wp-json\/wp\/v2\/types\/page"}],"author":[{"embeddable":true,"href":"https:\/\/sisu.ut.ee\/ewod\/wp-json\/wp\/v2\/users\/43"}],"replies":[{"embeddable":true,"href":"https:\/\/sisu.ut.ee\/ewod\/wp-json\/wp\/v2\/comments?post=333"}],"version-history":[{"count":1,"href":"https:\/\/sisu.ut.ee\/ewod\/wp-json\/wp\/v2\/pages\/333\/revisions"}],"predecessor-version":[{"id":4751,"href":"https:\/\/sisu.ut.ee\/ewod\/wp-json\/wp\/v2\/pages\/333\/revisions\/4751"}],"up":[{"embeddable":true,"href":"https:\/\/sisu.ut.ee\/ewod\/wp-json\/wp\/v2\/pages\/319"}],"wp:attachment":[{"href":"https:\/\/sisu.ut.ee\/ewod\/wp-json\/wp\/v2\/media?parent=333"}],"curies":[{"name":"wp","href":"https:\/\/api.w.org\/{rel}","templated":true}]}}