{"id":328,"date":"2024-04-03T23:39:40","date_gmt":"2024-04-03T20:39:40","guid":{"rendered":"https:\/\/sisu.ut.ee\/ewod\/nonfiction-et-16\/"},"modified":"2024-04-04T00:10:22","modified_gmt":"2024-04-03T21:10:22","slug":"nonfiction","status":"publish","type":"page","link":"https:\/\/sisu.ut.ee\/ewod\/t\/talvet\/nonfiction\/","title":{"rendered":"J\u00fcri Talvet &#8211; non-fiction"},"content":{"rendered":"<p>\n\t<span style=\"font-size:16px\"><span style=\"color:#000000\"><span style=\"font-family: verdana, geneva\"><strong><span data-mce-mark=\"1\">Books<\/span><\/strong><\/span><\/span><\/span>\n<\/p>\n<p>\n\t<span style=\"font-size:13px\"><span style=\"color:#000000\"><span style=\"font-family: verdana, geneva\"><strong><em><span data-mce-mark=\"1\">Catalan<\/span><\/em><\/strong><br><span data-mce-mark=\"1\"><strong>Una crida a la simbiosi cultural. Meditacions des d\u2019U<\/strong>.\u00a0Trans. J. C. La\u00ednez. Valencia: Instituci\u00f3 Alfons el Magn\u00e0nim, 2009, 129 pp.<\/span><\/span><\/span><\/span>\n<\/p>\n<p>\n\t<span style=\"font-size:13px\"><span style=\"color:#000000\"><span style=\"font-family: verdana, geneva\"><strong><em><span data-mce-mark=\"1\">English<\/span><\/em><\/strong><\/span><br><span data-mce-mark=\"1\" style=\"font-family: verdana, geneva\"><strong>Critical Essays on World Literature, Comparative Literature and the \u201cOther\u201d<\/strong>. Cambridge: Cambridge Scholars Publishing, 2019, 211 pp.<br><strong>Ten Letters to Montaigne. \u201cSelf\u201d and \u201cOther\u201d<\/strong>. Trans. H. L. Hix. Toronto: Guernica Editions, 2019, 180 pp.<br><strong>A Call for Cultural Symbiosis:\u00a0meditations from U<\/strong>.\u00a0Translated by H. L. Hix. Toronto: Guernica, 2005, 133 pp.<\/span><\/span><\/span>\n<\/p>\n<p>\n\t<span style=\"font-size:13px\"><span style=\"color:#000000\"><span style=\"font-family: verdana, geneva\"><strong><em><span data-mce-mark=\"1\">Italian<\/span><\/em><\/strong><\/span><br><span data-mce-mark=\"1\" style=\"font-family: verdana, geneva\"><strong><em>Meditazioni da U. Per una simbiosi culturale<\/em><\/strong>. Trad. e prologo: Pietro U. Dini. Novi Liguri: Joker Edizioni, 2015, 100 pp. [Essays from the books \u2018S\u00fcmbiootiline kultuur: m\u00f5tisklus U-st\u2019 and \u2018Ameerika m\u00e4rkmed, ehk, Kaemusi Eestist\u2019.]<\/span><\/span><\/span>\n<\/p>\n<p>\n\t<span style=\"font-size:13px\"><span style=\"color:#000000\"><span style=\"font-family: verdana, geneva\"><strong><em>Spanish<\/em><\/strong><\/span><\/span><br><span style=\"color:#000000\"><span style=\"font-family:Verdana,Geneva,sans-serif\"><strong>Diez cartas a Montaigne. El \u201cuno mismo\u201d y el \u201cotro\u201d<\/strong>. Translated by Mariela Cordero. \u201cPr\u00f3logo\u201d y \u201cEp\u00edlogo\u201d for the Spanish edition by the author. Editorial de la Universidad de Ja\u00e9n (Spain), 2021.<\/span><\/span><br><span style=\"color:#000000\"><span style=\"font-family: verdana, geneva\"><strong>Un enfoque simbi\u00f3tico de la cultura postmoderna<\/strong>.\u00a0Trans. S. Bravo Utrera. Granada: Comares, 2009, 125 pp.<\/span><\/span><\/span><br>\u00a0\n<\/p>\n<p>\n\t<span style=\"font-size:16px\"><span style=\"color:#000000\"><strong><span style=\"font-family: verdana, geneva\">Essays and articles<\/span><\/strong><\/span><\/span>\n<\/p>\n<p>\n\t<span style=\"font-size:13px\"><span style=\"color:#000000\"><span style=\"font-family: verdana, geneva\"><strong><em>Catalan<\/em><br>Catalunya i Est\u00f2nia: comparacions (sobretot) liter\u00e0ries<\/strong>. \u2013\u00a0 Revista de Catalunya (Barcelona), 74, 1993, pp.93-110.<\/span><\/span><\/span>\n<\/p>\n<p>\n\t<span style=\"font-size:13px\"><span style=\"color:#000000\"><span style=\"font-family: verdana, geneva\"><strong><em>English<\/em><\/strong><\/span><br><span style=\"font-family:Verdana,Geneva,sans-serif\"><strong>\u201cPeripheral\u201d Transgeniality of Creative Dissidence in K. J. Peterson, G. M. Hopkins and Juhan Liiv<\/strong>. \u2013 Forum for World Literature Studies, vol 12, mo 2, 2020, pp 266-283.<\/span><br><span style=\"font-family: verdana, geneva\"><strong>Introduction: (Post)modern Estonian Poetry<\/strong>. \u2013 Contemporary Estonian Poetry. A Baltic Anthology: Book Three. Edited by Inara Cedrins. New Orleans: UNO Press, 2013, pp 13-18.<\/span><\/span><\/span>\n<\/p>\n<p>\n\t<span style=\"font-size:13px\"><span style=\"color:#000000\"><span style=\"font-family: verdana, geneva\"><strong><em>Galician<\/em><\/strong><br><strong>A poes\u00eda estonia (pos)moderna<\/strong>. \u2013 Bolet\u00edn Galego de Literatura. Monograf\u00edas-2. Vello ceo n\u00f3rdico. Poes\u00eda estonia contempor\u00e1nea. (J.Talvet, A.Casas, eds). Santiago: Universidade de Santiago de Compostela, 2002, pp 9-23. <\/span><\/span><\/span>\n<\/p>\n<p>\n\t<span style=\"font-size:13px\"><span style=\"color:#000000\"><span style=\"font-family: verdana, geneva\"><strong><em>German<\/em><\/strong><br><strong>Europa ohne Mauern<\/strong>. \u2013 Anachronia, January 2010, pp 71-97.<\/span><\/span><\/span>\n<\/p>\n<p>\n\t<span style=\"font-size:13px\"><span style=\"color:#000000\"><span style=\"font-family: verdana, geneva\"><strong><em>Italian<\/em><\/strong><br><strong>Sulla poesia. Sulla mia poesia<\/strong>. \u2013 J\u00fcri Talvet, Primavera e polvore. Trad. A. L\u00e1zaro-Tinaut, P. U. Dini. Novi Ligure: Edizioni Joker, 2012, pp 137-140.<\/span><\/span><\/span>\n<\/p>\n<p>\n\t<span style=\"font-size:13px\"><span style=\"color:#000000\"><span style=\"font-family: verdana, geneva\"><strong><em>Spanish<\/em><\/strong><\/span><\/span><br><span style=\"font-family:Verdana,Geneva,sans-serif\"><span style=\"color:#000000\"><strong>Acerca de la Poes\u00eda. Acerca de mi poes\u00eda<\/strong>. \u2013 Revista \u201cUni\u00f3n\u201d (Cuba), no 96, 2019, pp 6-8, <\/span><a data-url=\"http:\/\/www.uneac.org.cu\/sites\/default\/files\/pdf\/publicaciones\/revista_union_96_para_web_compressed.pdf\" href=\"http:\/\/www.uneac.org.cu\/sites\/default\/files\/pdf\/publicaciones\/revista_union_96_para_web_compressed.pdf\" target=\"_blank\" title=\"\" rel=\"noopener\"><span style=\"color:#000000\">http:\/\/www.uneac.org.cu\/sites\/default\/files\/pdf\/publicaciones\/revista_union_96_para_web_compressed.pdf<\/span><\/a><span style=\"color:#000000\">. [Part of \u2018Dossier: J\u00fcri Talvet\u2019, which also includes \u2018Introduction\u2019 by Albert L\u00e1zaro Tinaut (p 4) and poems by J\u00fcri Talvet (pp 9-13).]<\/span><\/span><br><span style=\"color:#000000\"><span style=\"font-family: verdana, geneva\"><strong>\u00bfFilosof\u00eda estonia?<\/strong>. \u2013 Debats, 72, primavera 2001, pp 163-175.<br><strong>La din\u00e1mica cultural entre Espa\u00f1a y Estonia<\/strong>. \u2013 Revista de Occidente (Madrid), 197, Oct 1997, pp 63-75.<\/span><\/span><\/span><\/p>\n","protected":false},"excerpt":{"rendered":"<p>Books CatalanUna crida a la simbiosi cultural. Meditacions des d\u2019U.\u00a0Trans. J. C. La\u00ednez. Valencia: Instituci\u00f3 Alfons el Magn\u00e0nim, 2009, 129 pp. EnglishCritical Essays on World Literature, Comparative Literature and the \u201cOther\u201d. Cambridge: Cambridge Scholars Publishing, 2019, 211 pp.Ten Letters to &#8230;<\/p>\n","protected":false},"author":43,"featured_media":0,"parent":167,"menu_order":0,"comment_status":"closed","ping_status":"closed","template":"","meta":{"_acf_changed":false,"inline_featured_image":false,"footnotes":""},"class_list":["post-328","page","type-page","status-publish","hentry"],"acf":[],"_links":{"self":[{"href":"https:\/\/sisu.ut.ee\/ewod\/wp-json\/wp\/v2\/pages\/328","targetHints":{"allow":["GET"]}}],"collection":[{"href":"https:\/\/sisu.ut.ee\/ewod\/wp-json\/wp\/v2\/pages"}],"about":[{"href":"https:\/\/sisu.ut.ee\/ewod\/wp-json\/wp\/v2\/types\/page"}],"author":[{"embeddable":true,"href":"https:\/\/sisu.ut.ee\/ewod\/wp-json\/wp\/v2\/users\/43"}],"replies":[{"embeddable":true,"href":"https:\/\/sisu.ut.ee\/ewod\/wp-json\/wp\/v2\/comments?post=328"}],"version-history":[{"count":1,"href":"https:\/\/sisu.ut.ee\/ewod\/wp-json\/wp\/v2\/pages\/328\/revisions"}],"predecessor-version":[{"id":4746,"href":"https:\/\/sisu.ut.ee\/ewod\/wp-json\/wp\/v2\/pages\/328\/revisions\/4746"}],"up":[{"embeddable":true,"href":"https:\/\/sisu.ut.ee\/ewod\/wp-json\/wp\/v2\/pages\/167"}],"wp:attachment":[{"href":"https:\/\/sisu.ut.ee\/ewod\/wp-json\/wp\/v2\/media?parent=328"}],"curies":[{"name":"wp","href":"https:\/\/api.w.org\/{rel}","templated":true}]}}