{"id":325,"date":"2024-04-03T23:39:39","date_gmt":"2024-04-03T20:39:39","guid":{"rendered":"https:\/\/sisu.ut.ee\/ewod\/novels-et-22\/"},"modified":"2024-04-04T00:10:25","modified_gmt":"2024-04-03T21:10:25","slug":"novels","status":"publish","type":"page","link":"https:\/\/sisu.ut.ee\/ewod\/h\/hint\/novels\/","title":{"rendered":"Aadu Hint &#8211; novels"},"content":{"rendered":"<p>\n\t<strong><span style=\"font-family: verdana, geneva;font-size: medium\">Books<\/span><\/strong>\n<\/p>\n<p>\n\t<span style=\"font-family: verdana, geneva;font-size: small\"><em><strong>Belarusian<\/strong><\/em><br>\u0410\u0430\u0434\u0443 \u0413i\u043d\u0442, <strong>\u0411\u0435\u0440\u0430\u0433 \u0432\u044f\u0442\u0440\u043e\u0443: \u0440\u0430\u043c\u0430\u043d<\/strong>. \u041f\u0435\u0440\u0430\u043a\u043b. \u041b. \u0410\u0440\u0430\u0431\u0435\u0439, \u0420. \u0420\u0430\u043c\u0430\u043d\u043e\u0443\u0441\u043a\u0430\u0439, \u041c\u0430\u0441\u0442\u0430\u043a, \u0410. \u041a\u0430\u0448\u043a\u0443\u0440\u044d\u0432i\u0447. \u041ci\u043d\u0441\u043a: \u0414\u0437\u044f\u0440\u0436\u0430\u0443\u043d\u0430\u0435 \u0432\u044b\u0434. \u0411\u0421\u0421\u0420, 1960, 764 pp. [\u2019Tuuline rand\u2019.]<\/span>\n<\/p>\n<p>\n\t<span style=\"font-family: verdana, geneva;font-size: small\"><em><strong>Czech<\/strong><\/em><br><strong>V\u011btrn\u00e9 pob\u0159e\u017ai<\/strong>. Z est. p\u0159el. Kyra Platovsk\u00e1. Nov\u00e1 sov\u011btsk\u00e1 knihovna. Sv. 12. Praha: Sv\u011bt sov\u011bt\u016f, 1957, 658 pp. [\u2019Tuuline rand. I-II\u2019.]<\/span>\n<\/p>\n<p>\n\t<span style=\"font-size:13px\"><span style=\"font-family:Verdana,Geneva,sans-serif\"><strong><em>English<\/em><\/strong><br><strong>The windswept shore<\/strong>. Translated from Estonian by M. Rauk, illustrated by U. Roosvalt. Tallinn: Perioodika, 1980, 359 pp. [\u2018Tuuline Rand\u2019.]<\/span><\/span>\n<\/p>\n<p>\n\t<span style=\"font-family: verdana, geneva;font-size: small\"><em><strong>Finnish<\/strong><\/em><br><strong>Tuulinen ranta. I<\/strong>. Suoment. Tauno Haapalainen. Petroskoi: Karjalan ASNT:n Valtion Kustannusliike, 1959, 463 pp. [\u2018Tuuline Rand\u2019.]<br><strong>Tuulinen ranta. II<\/strong>. Suoment. Tauno Haapalainen. Petroskoi: Karjalan ASNT:n Valtion Kustannusliike, 1960, 466 pp.\u00a0<span>[\u2018Tuuline Rand\u2019.]<\/span><br><strong>Tuulinen ranta. III<\/strong>. Suoment. Tauno Haapalainen. Moskova: Edistys, 1962, 338 pp.\u00a0<span>[\u2018Tuuline Rand\u2019.]<\/span><br><strong>Tuulinen ranta. IV<\/strong>. Suoment. Tauno Haapalainen. Moskova: Edistys, 1971, 587 pp.\u00a0<span>[\u2018Tuuline Rand\u2019.]<\/span><\/span>\n<\/p>\n<p>\n\t<span style=\"font-family: verdana, geneva;font-size: small\"><span><strong><em>Romanian (Moldovan)<\/em><\/strong><br>\u0410\u0430\u0434\u0443 \u0425\u0438\u043d\u0442, <strong>\u0423\u043d \u0442\u0435\u0440\u044b\u043c \u0431\u044d\u0442\u0443\u0442 \u0434\u0435 \u0432\u044b\u043d\u0442\u0443\u0440\u044c: \u0440\u043e\u043c\u0430\u043d<\/strong>. T\u0440\u0430\u0434\u0443\u0446\u0435\u0440\u0435 \u041d. \u0411\u0435\u0440\u043d\u0448\u0442\u0435\u0439\u043d. \u041a\u0438\u0448\u0438\u043d\u044d\u0443: \u041b\u0438\u0442\u0435\u0440\u0430\u0442\u0443\u0440\u0430 \u0430\u0440\u0442\u0438\u0441\u0442\u0438\u043a\u0435, 1981, 416 pp. [\u2019Tuuline rand\u2019.]<\/span><\/span>\n<\/p>\n<p>\n\t<span style=\"font-family: verdana, geneva;font-size: small\"><span><strong><em>Russian<\/em><\/strong><br>\u0410\u0430\u0434\u0443 \u0425\u0438\u043d\u0442, <strong>\u0418\u0437\u0431\u0440\u0430\u043d\u043d\u043e\u0435<\/strong>. \u0421\u043e\u0441\u0442\u0430\u0432\u043b\u0435\u043d\u0438\u0435 \u0410. \u041e. \u0422\u0430\u043c\u043c\u0430; \u0432\u0441\u0442\u0443\u043f\u0438\u0442\u0435\u043b\u044c\u043d\u0430\u044f \u0441\u0442\u0430\u0442\u044c\u044f \u0410. \u041c. \u0411\u043e\u0440\u0449\u0430\u0433\u043e\u0432\u0441\u043a\u043e\u0433\u043e. \u041b\u0435\u043d\u0438\u043d\u0433\u0440\u0430\u0434: \u0425\u0443\u0434\u043e\u0436\u0435\u0441\u0442\u0432\u0435\u043d\u043d\u0430\u044f \u043b\u0438\u0442\u0435\u0440\u0430\u0442\u0443\u0440\u0430, 1989, 843 pp. [\u2019\u041f\u0440\u043e\u043a\u0430\u0437\u0430\u2019 (\u2019Pidalit\u00f5bi), \u2019\u0417\u043e\u043b\u043e\u0442\u044b\u0435 \u0432\u043e\u0440\u043e\u0442\u0430\u2019 (\u2019Kuldne v\u00e4rav\u2019), \u2019\u0411\u0435\u0440\u0435\u0433 \u0432\u0435\u0442\u0440\u043e\u0432: \u043a\u043d\u0438\u0433\u0430 \u043f\u0435\u0440\u0432\u0430\u044f\u2019 (\u2019Tuuline rand\u2019), \u2019\u0421\u0432\u043e\u0439 \u043e\u0441\u0442\u0440\u043e\u0432\u2019 (\u2019Oma saar\u2019).]<br>\u0410\u0430\u0434\u0443 \u0425\u0438\u043d\u0442, <strong>\u0421\u0432\u043e\u0439 \u043e\u0441\u0442\u0440\u043e\u0432: \u0440\u043e\u043c\u0430\u043d\u044b, \u0440\u0430\u0441\u0441\u043a\u0430\u0437\u044b, \u044d\u0441\u0441\u0435<\/strong>. \u041c\u043e\u0441\u043a\u0432\u0430: \u0421\u043e\u0432\u0435\u0442\u0441\u043a\u0438\u0439 \u043f\u0438\u0441\u0430\u0442\u0435\u043b\u044c, 1987, 588 pp. [\u2019\u0421\u0432\u043e\u0439 \u043e\u0441\u0442\u0440\u043e\u0432\u2019 (\u2019Oma saar\u2019),\u2019\u041a\u043e\u0447\u0435\u0433\u0430\u0440\u2019 (\u2019Tulemees\u2019), short stories, essays.]<br>\u0410\u0430\u0434\u0443 \u0425\u0438\u043d\u0442, <strong>\u0421\u0432\u043e\u0439 \u043e\u0441\u0442\u0440\u043e\u0432: \u0440\u043e\u043c\u0430\u043d\u044b, \u043f\u043e\u0432\u0435\u0441\u0442\u044c<\/strong>. \u041f\u0435\u0440\u0435\u0432\u043e\u0434 \u0441 \u044d\u0441\u0442\u043e\u043d\u0441\u043a\u043e\u0433\u043e \u041b. \u0422\u0430\u043c\u043c; [\u0445\u0443\u0434\u043e\u0436\u043d\u0438\u043a: \u042e. \u0422\u0430\u043c\u043c]. \u041c\u043e\u0441\u043a\u0432\u0430: \u0421\u043e\u0432\u0435\u0442\u0441\u043a\u0438\u0439 \u043f\u0438\u0441\u0430\u0442\u0435\u043b\u044c, 1983, 477 pp. [\u2019\u0421\u0432\u043e\u0439 \u043e\u0441\u0442\u0440\u043e\u0432\u2019 (\u2019Oma saar\u2019), \u2019\u0417\u043e\u043b\u043e\u0442\u044b\u0435 \u0432\u043e\u0440\u043e\u0442\u0430\u2019 (\u2019Kuldne v\u00e4rav\u2019), \u2019\u041a\u043e\u0447\u0435\u0433\u0430\u0440\u2019 (\u2019Tulemees\u2019).]<br>\u0410\u0430\u0434\u0443 \u0425\u0438\u043d\u0442, <strong>\u0411\u044b\u0442\u044c \u0441\u0430\u043c\u0438\u043c \u0441\u043e\u0431\u043e\u0439<\/strong>. \u041f\u0435\u0440\u0435\u0432\u043e\u0434 \u0441 \u044d\u0441\u0442\u043e\u043d\u0441\u043a\u043e\u0433\u043e \u0420\u043e\u043c\u0443\u0430\u043b\u044c\u0434\u0430 \u041c\u0438\u043d\u043d\u044b; [\u043f\u043e\u0441\u043b\u0435\u0441\u043b\u043e\u0432\u0438\u0435: \u0421. \u0418\u0441\u0430\u043a\u043e\u0432; \u0445\u0443\u0434\u043e\u0436\u043d\u0438\u043a\u0438: \u041b. \u0412. \u0412\u0430\u0441\u0438\u043b\u044c\u0435\u0432 \u0438 \u041c. \u041e\u043b\u044c\u0432\u0435\u0442]. \u041c\u043e\u0441\u043a\u0432\u0430: \u0421\u043e\u0432\u0435\u0442\u0441\u043a\u0438\u0439 \u043f\u0438\u0441\u0430\u0442\u0435\u043b\u044c, 1974, 284 pp. [\u2019Pidalit\u00f5bi\u2019, \u2019Vatku t\u00f5bilas\u2019.]<br>\u0410\u0430\u0434\u0443 \u0425\u0438\u043d\u0442, <strong>\u0411\u0435\u0440\u0435\u0433 \u0432\u0435\u0442\u0440\u043e\u0432. \u041a\u043d\u0438\u0433\u0430 4<\/strong>. \u041f\u0435\u0440\u0435\u0432\u043e\u0434 \u0441 \u044d\u0441\u0442\u043e\u043d\u0441\u043a\u043e\u0433\u043e \u0410\u043b\u0435\u043a\u0441\u0430\u043d\u0434\u0440\u0430 \u0411\u043e\u0440\u0449\u0430\u0433\u043e\u0432\u0441\u043a\u043e\u0433\u043e \u0438 \u0416\u0430\u043d\u0435\u0442\u0442\u044b \u0421\u043e\u043b\u044c\u0431\u0430; \u0438\u043b\u043b\u044e\u0441\u0442\u0440\u0430\u0446\u0438\u0438: \u0418. \u0422\u043e\u0440\u043d. \u041c\u043e\u0441\u043a\u0432\u0430: \u0421\u043e\u0432\u0435\u0442\u0441\u043a\u0438\u0439 \u043f\u0438\u0441\u0430\u0442\u0435\u043b\u044c, 1968, 490 pp; [\u2019Tuuline rand\u2019. Next editions: \u041c\u043e\u0441\u043a\u0432\u0430: \u0421\u043e\u0432\u0435\u0442\u0441\u043a\u0438\u0439 \u043f\u0438\u0441\u0430\u0442\u0435\u043b\u044c, 1970; \u041c\u043e\u0441\u043a\u0432\u0430: \u0418\u0437\u0432\u0435\u0441\u0442\u0438\u044f, 1970; \u041c\u043e\u0441\u043a\u0432\u0430: \u0421\u043e\u0432\u0435\u0442\u0441\u043a\u0438\u0439 \u043f\u0438\u0441\u0430\u0442\u0435\u043b\u044c, 1977; \u041c\u043e\u0441\u043a\u0432\u0430: \u0425\u0443\u0434\u043e\u0436\u0435\u0441\u0442\u0432\u0435\u043d\u043d\u0430\u044f \u043b\u0438\u0442\u0435\u0440\u0430\u0442\u0443\u0440\u0430, 1980.]<br>\u0410\u0430\u0434\u0443 \u0425\u0438\u043d\u0442, <strong>\u0411\u0435\u0440\u0435\u0433 \u0432\u0435\u0442\u0440\u043e\u0432. \u041a\u043d\u0438\u0433\u0430 3<\/strong>. \u041f\u0435\u0440\u0435\u0432\u043e\u0434 \u0441 \u044d\u0441\u0442\u043e\u043d\u0441\u043a\u043e\u0433\u043e \u0410. \u0414\u0430\u043d\u0438\u044d\u043b\u044f \u0438 \u0410. \u0411\u043e\u0440\u0449\u0430\u0433\u043e\u0432\u0441\u043a\u043e\u0433\u043e. \u041c\u043e\u0441\u043a\u0432\u0430: \u0421\u043e\u0432\u0435\u0442\u0441\u043a\u0438\u0439 \u043f\u0438\u0441\u0430\u0442\u0435\u043b\u044c, 1961, 315 pp. [\u2019Tuuline rand\u2019. Next editions: \u041c\u043e\u0441\u043a\u0432\u0430: \u0421\u043e\u0432\u0435\u0442\u0441\u043a\u0438\u0439 \u043f\u0438\u0441\u0430\u0442\u0435\u043b\u044c, 1962, \u041c\u043e\u0441\u043a\u0432\u0430 : \u0418\u0437\u0432\u0435\u0441\u0442\u0438\u044f, 1963; \u041c\u043e\u0441\u043a\u0432\u0430: \u0421\u043e\u0432\u0435\u0442\u0441\u043a\u0438\u0439 \u043f\u0438\u0441\u0430\u0442\u0435\u043b\u044c, 1970; \u041c\u043e\u0441\u043a\u0432\u0430: \u0421\u043e\u0432\u0435\u0442\u0441\u043a\u0438\u0439 \u043f\u0438\u0441\u0430\u0442\u0435\u043b\u044c, 1977; \u041c\u043e\u0441\u043a\u0432\u0430: \u0425\u0443\u0434\u043e\u0436\u0435\u0441\u0442\u0432\u0435\u043d\u043d\u0430\u044f \u043b\u0438\u0442\u0435\u0440\u0430\u0442\u0443\u0440\u0430, 1980.]<br>\u0410\u0430\u0434\u0443 \u0425\u0438\u043d\u0442, <strong>\u0411\u0435\u0440\u0435\u0433 \u0432\u0435\u0442\u0440\u043e\u0432. \u041a\u043d\u0438\u0433\u0430 2<\/strong>. \u041f\u0435\u0440\u0435\u0432\u043e\u0434 \u0441 \u044d\u0441\u0442\u043e\u043d\u0441\u043a\u043e\u0433\u043e \u0410. \u0421\u043e\u043a\u043e\u043b\u043e\u0432\u0430; \u0441\u0442\u0438\u0445\u0438 \u043f\u0435\u0440\u0435\u0432\u0435\u043b \u0412. \u0420\u0443\u0448\u043a\u0438\u0441; \u0438\u043b\u043b\u044e\u0441\u0442\u0440\u0430\u0446\u0438\u0438: \u042d. \u041e\u043a\u0430\u0441. \u0422\u0430\u043b\u043b\u0438\u043d\u043d: \u042d\u0441\u0442\u043e\u043d\u0441\u043a\u043e\u0435 \u0433\u043e\u0441\u0443\u0434\u0430\u0440\u0441\u0442\u0432\u0435\u043d\u043d\u043e\u0435 \u0438\u0437\u0434\u0430\u0442\u0435\u043b\u044c\u0441\u0442\u0432\u043e, 1956, 419 pp. [\u2019Tuuline rand\u2019. Next editions: \u041c\u043e\u0441\u043a\u0432\u0430: \u0421\u043e\u0432\u0435\u0442\u0441\u043a\u0438\u0439 \u043f\u0438\u0441\u0430\u0442\u0435\u043b\u044c, 1956; \u041c\u043e\u0441\u043a\u0432\u0430: \u0421\u043e\u0432\u0435\u0442\u0441\u043a\u0438\u0439 \u043f\u0438\u0441\u0430\u0442\u0435\u043b\u044c, 1958; \u041c\u043e\u0441\u043a\u0432\u0430: \u0418\u0437\u0432\u0435\u0441\u0442\u0438\u044f, 1963; \u041c\u043e\u0441\u043a\u0432\u0430: \u0421\u043e\u0432\u0435\u0442\u0441\u043a\u0438\u0439 \u043f\u0438\u0441\u0430\u0442\u0435\u043b\u044c, 1970; \u041c\u043e\u0441\u043a\u0432\u0430: \u0421\u043e\u0432\u0435\u0442\u0441\u043a\u0438\u0439 \u043f\u0438\u0441\u0430\u0442\u0435\u043b\u044c, 1977; \u041c\u043e\u0441\u043a\u0432\u0430: \u0425\u0443\u0434\u043e\u0436\u0435\u0441\u0442\u0432\u0435\u043d\u043d\u0430\u044f \u043b\u0438\u0442\u0435\u0440\u0430\u0442\u0443\u0440\u0430, 1980.]<br>\u0410\u0430\u0434\u0443 \u0425\u0438\u043d\u0442, <strong>\u0411\u0435\u0440\u0435\u0433 \u0432\u0435\u0442\u0440\u043e\u0432. \u041a\u043d\u0438\u0433\u0430 1<\/strong>. \u041f\u0435\u0440\u0435\u0432\u043e\u0434 \u0441 \u044d\u0441\u0442\u043e\u043d\u0441\u043a\u043e\u0433\u043e \u0410. \u0421\u043e\u043a\u043e\u043b\u043e\u0432\u0430; \u0441\u0442\u0438\u0445\u0438 \u043f\u0435\u0440\u0435\u0432\u0435\u043b \u0412. \u0420\u0443\u0448\u043a\u0438\u0441; \u0438\u043b\u043b\u044e\u0441\u0442\u0440\u0430\u0446\u0438\u0438: \u042d. \u041e\u043a\u0430\u0441. \u0422\u0430\u043b\u043b\u0438\u043d\u043d: \u042d\u0441\u0442\u043e\u043d\u0441\u043a\u043e\u0435 \u0433\u043e\u0441\u0443\u0434\u0430\u0440\u0441\u0442\u0432\u0435\u043d\u043d\u043e\u0435 \u0438\u0437\u0434\u0430\u0442\u0435\u043b\u044c\u0441\u0442\u0432\u043e, 1952, 395 pp. [\u2019Tuuline rand\u2019. Next editions: \u041c\u043e\u0441\u043a\u0432\u0430: \u0421\u043e\u0432\u0435\u0442\u0441\u043a\u0438\u0439 \u043f\u0438\u0441\u0430\u0442\u0435\u043b\u044c, 1954; \u041c\u043e\u0441\u043a\u0432\u0430: \u0421\u043e\u0432\u0435\u0442\u0441\u043a\u0438\u0439 \u043f\u0438\u0441\u0430\u0442\u0435\u043b\u044c, 1955; \u041c\u043e\u0441\u043a\u0432\u0430: \u0413\u043e\u0441\u043b\u0438\u0442\u0438\u0437\u0434\u0430\u0442, 1956; \u041c\u043e\u0441\u043a\u0432\u0430: \u0418\u0437\u0432\u0435\u0441\u0442\u0438\u044f, 1963; \u041c\u043e\u0441\u043a\u0432\u0430: \u0421\u043e\u0432\u0435\u0442\u0441\u043a\u0438\u0439 \u043f\u0438\u0441\u0430\u0442\u0435\u043b\u044c, 1970; \u041c\u043e\u0441\u043a\u0432\u0430: \u0421\u043e\u0432\u0435\u0442\u0441\u043a\u0438\u0439 \u043f\u0438\u0441\u0430\u0442\u0435\u043b\u044c, 1977; \u041c\u043e\u0441\u043a\u0432\u0430: \u0425\u0443\u0434\u043e\u0436\u0435\u0441\u0442\u0432\u0435\u043d\u043d\u0430\u044f \u043b\u0438\u0442\u0435\u0440\u0430\u0442\u0443\u0440\u0430, 1980; \u041b\u0435\u043d\u0438\u043d\u0433\u0440\u0430\u0434: \u0425\u0443\u0434\u043e\u0436\u0435\u0441\u0442\u0432\u0435\u043d\u043d\u0430\u044f \u043b\u0438\u0442\u0435\u0440\u0430\u0442\u0443\u0440\u0430, 1989.]<\/span><\/span>\n<\/p>\n<p>\n\t<span style=\"font-family: verdana, geneva;font-size: small\"><span style=\"font-family: verdana, geneva;font-size: small\"><strong><em>Ukrainian<\/em><\/strong><br>\u0410\u0430\u0434\u0443 \u0425i\u043d\u0442, <strong>\u0411\u0435\u0440\u0435\u0433 \u0432i\u0442\u0440i\u0432. \u041a\u043d. 2: \u0440\u043e\u043c\u0430\u043d<\/strong>. \u041f\u0435\u0440\u0435\u043a\u043b\u0430\u043b\u0430 \u0437 \u0435\u0441\u0442. \u0410. \u0421\u043f\u0440\u043e\u0433i\u0441. \u041a\u0438i\u0432: \u0414\u043di\u043f\u0440\u043e, 1981, 377 pp. [\u2019Tuuline rand\u2019.]<br>\u0410\u0430\u0434\u0443 \u0425i\u043d\u0442, <strong>\u0411\u0435\u0440\u0435\u0433 \u0432i\u0442\u0440i\u0432: \u0440\u043e\u043c\u0430\u043d<\/strong>. \u041f\u0435\u0440\u0435\u043a\u043b\u0430\u043b\u0430 \u0437 \u0435\u0441\u0442\u043e\u043d\u0441\u044c\u043a\u043ei \u0410\u043b\u0435\u0432\u0442\u0438\u043d\u0430 \u0421\u043f\u0440\u043e\u0433i\u0441; \u043f\u0440\u0435\u0434\u0438\u043b. \u0441. 5-16 \u0417. \u041a\u0440\u0430\u0445\u043c\u0430\u043b\u044c\u043d\u0438\u043a\u043e\u0432\u0430. \u041a\u0438i\u0432: \u201c\u0414\u043di\u043f\u0440\u043e\u201d, 1974, 368 pp. [\u2019Tuuline rand\u2019.]<\/span><\/span><\/p>\n","protected":false},"excerpt":{"rendered":"<p>Books Belarusian\u0410\u0430\u0434\u0443 \u0413i\u043d\u0442, \u0411\u0435\u0440\u0430\u0433 \u0432\u044f\u0442\u0440\u043e\u0443: \u0440\u0430\u043c\u0430\u043d. \u041f\u0435\u0440\u0430\u043a\u043b. \u041b. \u0410\u0440\u0430\u0431\u0435\u0439, \u0420. \u0420\u0430\u043c\u0430\u043d\u043e\u0443\u0441\u043a\u0430\u0439, \u041c\u0430\u0441\u0442\u0430\u043a, \u0410. \u041a\u0430\u0448\u043a\u0443\u0440\u044d\u0432i\u0447. \u041ci\u043d\u0441\u043a: \u0414\u0437\u044f\u0440\u0436\u0430\u0443\u043d\u0430\u0435 \u0432\u044b\u0434. \u0411\u0421\u0421\u0420, 1960, 764 pp. [\u2019Tuuline rand\u2019.] CzechV\u011btrn\u00e9 pob\u0159e\u017ai. Z est. p\u0159el. Kyra Platovsk\u00e1. Nov\u00e1 sov\u011btsk\u00e1 knihovna. Sv. 12. Praha: Sv\u011bt sov\u011bt\u016f, 1957, 658 &#8230;<\/p>\n","protected":false},"author":43,"featured_media":0,"parent":1721,"menu_order":0,"comment_status":"closed","ping_status":"closed","template":"","meta":{"_acf_changed":false,"inline_featured_image":false,"footnotes":""},"class_list":["post-325","page","type-page","status-publish","hentry"],"acf":[],"_links":{"self":[{"href":"https:\/\/sisu.ut.ee\/ewod\/wp-json\/wp\/v2\/pages\/325","targetHints":{"allow":["GET"]}}],"collection":[{"href":"https:\/\/sisu.ut.ee\/ewod\/wp-json\/wp\/v2\/pages"}],"about":[{"href":"https:\/\/sisu.ut.ee\/ewod\/wp-json\/wp\/v2\/types\/page"}],"author":[{"embeddable":true,"href":"https:\/\/sisu.ut.ee\/ewod\/wp-json\/wp\/v2\/users\/43"}],"replies":[{"embeddable":true,"href":"https:\/\/sisu.ut.ee\/ewod\/wp-json\/wp\/v2\/comments?post=325"}],"version-history":[{"count":1,"href":"https:\/\/sisu.ut.ee\/ewod\/wp-json\/wp\/v2\/pages\/325\/revisions"}],"predecessor-version":[{"id":4765,"href":"https:\/\/sisu.ut.ee\/ewod\/wp-json\/wp\/v2\/pages\/325\/revisions\/4765"}],"up":[{"embeddable":true,"href":"https:\/\/sisu.ut.ee\/ewod\/wp-json\/wp\/v2\/pages\/1721"}],"wp:attachment":[{"href":"https:\/\/sisu.ut.ee\/ewod\/wp-json\/wp\/v2\/media?parent=325"}],"curies":[{"name":"wp","href":"https:\/\/api.w.org\/{rel}","templated":true}]}}