{"id":320,"date":"2024-04-03T23:39:39","date_gmt":"2024-04-03T20:39:39","guid":{"rendered":"https:\/\/sisu.ut.ee\/ewod\/vint\/"},"modified":"2026-04-06T16:38:47","modified_gmt":"2026-04-06T13:38:47","slug":"vint","status":"publish","type":"page","link":"https:\/\/sisu.ut.ee\/ewod\/v\/vint\/","title":{"rendered":"Toomas Vint"},"content":{"rendered":"<p><a href=\"https:\/\/sisu.ut.ee\/ewod\/v\/vint\/novels\"><strong><span style=\"font-family: verdana, geneva; font-size: medium;\">Novels<\/span><\/strong><\/a> <span style=\"font-family: verdana, geneva; font-size: medium;\"><a href=\"https:\/\/sisu.ut.ee\/wp-content\/uploads\/sites\/108\/t._vint_tonu_tormis.jpg\" target=\"_self\" rel=\"noopener\"><img decoding=\"async\" style=\"float: right; width: 300px; height: 209px;\" title=\"Photo: T\u00f5nu Tormis\" src=\"https:\/\/sisu.ut.ee\/wp-content\/uploads\/sites\/108\/t._vint_tonu_tormis.jpg\" alt=\"Toomas Vint\"><\/a><\/span><\/p>\n\n\n\n<p><a style=\"line-height: 1.6em;\" href=\"https:\/\/sisu.ut.ee\/ewod\/v\/vint\/stories\"><strong><span style=\"font-family: verdana, geneva; font-size: medium;\">Short stories<\/span><\/strong><\/a><\/p>\n\n\n\n<p><a href=\"https:\/\/sisu.ut.ee\/ewod\/v\/vint\/about\"><strong><span style=\"font-family: verdana, geneva; font-size: medium;\">About Toomas Vint<\/span><\/strong><\/a><\/p>\n\n\n\n<p>\u00a0<\/p>\n\n\n\n<p><span style=\"color: #000000;\"><span style=\"font-size: 13px;\"><span style=\"font-family: Verdana,Geneva,sans-serif;\"><span style=\"line-height: 108%;\"><span style=\"font-weight: normal;\">Toomas Vint <\/span>(b. 5. III 1944) is a painter and writer.<\/span><\/span><\/span><\/span><\/p>\n\n\n\n<p><span style=\"color: #000000;\"><span style=\"font-size: 13px;\"><span style=\"font-family: Verdana,Geneva,sans-serif;\"><span style=\"line-height: 108%;\">He was born in Tallinn, attended number 10 secondary school there, and from 1962 to 1966 studied biology at the State University of Tartu. From 1967 to 1971 he worked as an assistant director at Estonian Television. Thereafter he became a freelance artist and writer. Toomas Vint has been a member of the Estonian Artists\u2019 Union since 1973 and of the Estonian Writers\u2019 Union since 1977. <\/span><\/span><\/span><\/span><\/p>\n\n\n\n<p><span style=\"color: #000000;\"><span style=\"font-size: 13px;\"><span style=\"font-family: Verdana,Geneva,sans-serif;\"><span style=\"line-height: 108%;\">In 1968 Toomas Vint\u2019s poetry collection <i>Suitsupilvedest unistus <\/i>(\u2018Dream in Clouds of Smoke\u2019) in the almanac publication <i>Hees<\/i>, which circulated in manuscript, and contained the author\u2019s own linocuts as illustrations. In the same year Vint\u2019s first prose pieces appeared in the press. The seventies were very productive for Toomas Vint as a writer. He produced numerous collections of short prose. The work of Vint\u2019s earlier period carries the keynotes of solitariness, conflicting mental states, the interweaving of unreality and reality.<\/span><\/span><\/span><\/span><\/p>\n\n\n\n<p><span style=\"color: #000000;\"><span style=\"font-size: 13px;\"><span style=\"font-family: Verdana,Geneva,sans-serif;\"><span style=\"line-height: 108%;\">After a somewhat less productive period, a new creative resurgence began in 1995. Almost every year Vint produced a new work. Post-modernist features started to appear in the novels. The novel <i>Kojamehe naine <\/i>(\u2018The Janitor\u2019s Wife\u2019, 1995) shocked readers with its sexual openness; the novel <i>L\u00f5ppematu maastik <\/i>(\u2018Endless Landscape\u2019) did so with its use of prototypes from real life.<\/span><\/span><\/span><\/span><\/p>\n\n\n\n<p><span style=\"color: #000000;\"><span style=\"font-size: 13px;\"><span style=\"font-family: Verdana,Geneva,sans-serif;\"><span style=\"line-height: 108%;\">Toomas Vint is a writer with a distinctive style. His strength lies primarily in appreciating and describing a person\u2019s mental life. His protagonists are contemporary people, distinguished by solitariness, uncertainty and yearning. Often this situation is explained by the protagonist, rather than by his surroundings. Characters behave irrationally, and they are rarely happy. In some novels Vint has concentrated on the mutual relationship between life and art. He loves the grotesque, the playful, and his short stories have unexpected and clever turns.<\/span><\/span><\/span><\/span><\/p>\n\n\n\n<p><span style=\"color: #000000;\"><span style=\"font-size: 13px;\"><span style=\"font-family: Verdana,Geneva,sans-serif;\"><span style=\"line-height: 108%;\">Toomas Vint has produced eleven collections of stories and twelve novels. Three times, in 1979, 1984 and 2012 he has won the Friedebert Tuglas short story award. In 1997 his novel <i>L\u00f5ppematu maastik <\/i>won the Literature Endowment annual award. In 2012 Vint was decorated with the Order of the White Star, Class III. In 2014 Vint\u2019s collection, consisting of reproductions of 16 paintings with 16 short stories, <i>M\u00f5ned kummalised naised <\/i>(\u2018A Few Strange Women\u2019), appeared, and was awarded the Eduard Vilde literature prize in 2015. The poetry collection <i>1968<\/i>, which appeared in 2018, recalls the author\u2019s bohemian youth.<\/span><\/span><\/span><\/span><\/p>\n\n\n\n<p><span style=\"color: #000000;\"><span style=\"font-size: 13px;\"><span style=\"font-family: Verdana,Geneva,sans-serif;\"><span style=\"line-height: 108%;\"><i>L. P. (Translated by C. M.)<\/i><\/span><\/span><\/span><\/span><\/p>\n\n\n\n<p><strong><span style=\"font-size: 16px;\"><span style=\"color: #000000;\"><span style=\"font-family: Verdana,Geneva,sans-serif;\"><span style=\"line-height: 108%;\"><span style=\"font-style: normal;\">Books in Estonian<\/span><\/span><\/span><\/span><\/span><\/strong><\/p>\n\n\n\n<p><span style=\"color: #000000;\"><span style=\"font-size: 13px;\"><span style=\"font-family: Verdana,Geneva,sans-serif;\"><span style=\"line-height: 108%;\"><i><b>Novels<\/b><\/i><br><b>V\u00e4ikelinna romaan<\/b>. Tallinn: Eesti Raamat, 1980. 160 lk.<br><b>Suur isane kala akvaariumis<\/b>. Tallinn: Eesti Raamat, 1985. 127 lk.<br><b>Kojamehe naine<\/b>. Tallinn: Varrak, 1995. 142 lk.<br><b>L\u00f5ppematu maastik<\/b>. Tallinn: Varrak, 1997. 253 lk.<br><b>Kunstnikuromaan<\/b>. Tallinn: Varrak, 1998. 335 lk.<br><b>N\u00e4dalavahetusel. M\u00e4ngides<\/b>. Tallinn: Varrak, 1999. 166 lk.<br><b>Kaine kuu ja purjus p\u00e4ike<\/b>. Tallinn: Eesti Keele Sihtasutus, 2001. 224 lk.<br><b>Minu abielu prostituudiga<\/b>. Tallinn: Eesti Keele Sihtasutus, 2003. 236 lk.<br><b>Topeltvalguses [Triloogia 2. raamat]<\/b>. Tallinn: Eesti Keele Sihtasutus, 2005. 270 lk.<br><b>M\u00e4luauguga naine [Triloogia 3. raamat]<\/b>. Tallinn: Eesti Keele Sihtasutus, 2007. 194 lk.<br><b>\u00dc\u00fcriline<\/b>. Tallinn: Tulikiri, 2009. 258 lk.<br><b>Avalikult abielust<\/b>. Tallinn: Tulikiri, 2012. 229 lk.<\/span><\/span><\/span><\/span><\/p>\n\n\n\n<p><span style=\"color: #000000;\"><span style=\"font-size: 13px;\"><span style=\"font-family: Verdana,Geneva,sans-serif;\"><span style=\"line-height: 108%;\"><em><b>Short prose<\/b><\/em><br><b>Kahel pool hekiga palistatud teed<\/b> [novellid]. Tallinn: Eesti Raamat, 1974. 157 lk.<br><b>Ringm\u00e4ng<\/b> [jutustus]. Tallinn: Perioodika, 1975. 72 lk.<br><b>Perekondlikud m\u00e4ngud<\/b>. Tallinn: Eesti Raamat, 1977. 242 lk.<br><b>P\u00f6\u00f6re &amp; veerem\u00e4ng <\/b>[novellid ja l\u00fchijutud]. Tallinn: Eesti Raamat, 1979. 164 lk.<br><b>Tantsud Mozarti saatel <\/b>[novellid ja l\u00fchijutud]. Tallinn: Eesti Raamat, 1983. 165 lk.<br><b>Kahekesi <\/b>[novellid]. Tallinn: Eesti Raamat, 1988. 142 lk.<br><b>Naisepiinaja. \u00d5nnenatukene<\/b>. Tallinn: Olion, 1996. 216 lk.<br><b>Elamise sulnis \u00f5udus<\/b>. Kogumik jutte ja m\u00e4lestusi. Tallinn: Kunst, 2000. 220 lk.<br><b>Himm<\/b>. Jutustused. Tallinn: Tuum, 2002. 117 lk.<br><b>\u00d5nneliku l\u00f5puga lood<\/b>. Tallinn: Eesti Keele Sihtasutus, 2004. 216 lk.<br><b>Kunstniku elu<\/b>: jutte ja m\u00e4lestusi. Tallinn: Tulikiri, 2011. 165 lk.<br><b>M\u00f5ned kummalised naised<\/b>. Tallinn: Tulikiri, 2014. 239 lk.<br><b>Meeldivalt t\u00fchi ruum<\/b>. Tallinn: Tulikiri, 2019. 235 lk.<\/span><\/span><\/span><\/span><\/p>\n\n\n\n<p><span style=\"color: #000000;\"><span style=\"font-size: 13px;\"><span style=\"font-family: Verdana,Geneva,sans-serif;\"><span style=\"line-height: 108%;\"><i><b>Poems<\/b><\/i><br><b>Suitsupilvedest unistus<\/b>. Tallinn: Noorte Autorite Koondis, 1968. 31 lk.<br><b>1968<\/b>. Tallinn: Tulikiri, 2018. 85 lk.<\/span><\/span><\/span><\/span><\/p>\n","protected":false},"excerpt":{"rendered":"<p>Novels Short stories About Toomas Vint \u00a0 Toomas Vint (b. 5. III 1944) is a painter and writer. He was born in Tallinn, attended number 10 secondary school there, and from 1962 to 1966 studied biology at the State University &#8230;<\/p>\n","protected":false},"author":43,"featured_media":0,"parent":733,"menu_order":0,"comment_status":"closed","ping_status":"closed","template":"","meta":{"_acf_changed":false,"inline_featured_image":false,"footnotes":""},"class_list":["post-320","page","type-page","status-publish","hentry"],"acf":[],"_links":{"self":[{"href":"https:\/\/sisu.ut.ee\/ewod\/wp-json\/wp\/v2\/pages\/320","targetHints":{"allow":["GET"]}}],"collection":[{"href":"https:\/\/sisu.ut.ee\/ewod\/wp-json\/wp\/v2\/pages"}],"about":[{"href":"https:\/\/sisu.ut.ee\/ewod\/wp-json\/wp\/v2\/types\/page"}],"author":[{"embeddable":true,"href":"https:\/\/sisu.ut.ee\/ewod\/wp-json\/wp\/v2\/users\/43"}],"replies":[{"embeddable":true,"href":"https:\/\/sisu.ut.ee\/ewod\/wp-json\/wp\/v2\/comments?post=320"}],"version-history":[{"count":2,"href":"https:\/\/sisu.ut.ee\/ewod\/wp-json\/wp\/v2\/pages\/320\/revisions"}],"predecessor-version":[{"id":7871,"href":"https:\/\/sisu.ut.ee\/ewod\/wp-json\/wp\/v2\/pages\/320\/revisions\/7871"}],"up":[{"embeddable":true,"href":"https:\/\/sisu.ut.ee\/ewod\/wp-json\/wp\/v2\/pages\/733"}],"wp:attachment":[{"href":"https:\/\/sisu.ut.ee\/ewod\/wp-json\/wp\/v2\/media?parent=320"}],"curies":[{"name":"wp","href":"https:\/\/api.w.org\/{rel}","templated":true}]}}