{"id":32,"date":"2024-04-03T23:39:16","date_gmt":"2024-04-03T20:39:16","guid":{"rendered":"https:\/\/sisu.ut.ee\/ewod\/nonfiction-et\/"},"modified":"2024-04-04T00:11:12","modified_gmt":"2024-04-03T21:11:12","slug":"nonfiction","status":"publish","type":"page","link":"https:\/\/sisu.ut.ee\/ewod\/p\/promet\/nonfiction\/","title":{"rendered":"Lilli Promet &#8211; non-fiction"},"content":{"rendered":"<p><span style=\"font-size: medium\"><strong><span style=\"font-family: verdana, geneva\">In anthologies and magazines<\/span><\/strong><\/span><\/p>\n<p><em><strong><span style=\"font-family: verdana, geneva\">Hungarian<\/span><\/strong><\/em><br><span style=\"font-family: verdana, geneva\"><strong>Er\u0151s vagyok, ne sajn\u00e1lj\u2026 \u201e\u00cdr\u00f3n\u0151k \u00f6nmagukr\u00f3l\u201c<\/strong>. Heuduska Dorottya ford. \u2013 Szovjet Irodalom, no 3, 1981. [Answer to a writers\u2019 poll.]<\/span><\/p>\n","protected":false},"excerpt":{"rendered":"<p>In anthologies and magazines HungarianEr\u0151s vagyok, ne sajn\u00e1lj\u2026 \u201e\u00cdr\u00f3n\u0151k \u00f6nmagukr\u00f3l\u201c. Heuduska Dorottya ford. \u2013 Szovjet Irodalom, no 3, 1981. [Answer to a writers\u2019 poll.]<\/p>\n","protected":false},"author":43,"featured_media":0,"parent":758,"menu_order":0,"comment_status":"closed","ping_status":"closed","template":"","meta":{"_acf_changed":false,"inline_featured_image":false,"footnotes":""},"class_list":["post-32","page","type-page","status-publish","hentry"],"acf":[],"_links":{"self":[{"href":"https:\/\/sisu.ut.ee\/ewod\/wp-json\/wp\/v2\/pages\/32","targetHints":{"allow":["GET"]}}],"collection":[{"href":"https:\/\/sisu.ut.ee\/ewod\/wp-json\/wp\/v2\/pages"}],"about":[{"href":"https:\/\/sisu.ut.ee\/ewod\/wp-json\/wp\/v2\/types\/page"}],"author":[{"embeddable":true,"href":"https:\/\/sisu.ut.ee\/ewod\/wp-json\/wp\/v2\/users\/43"}],"replies":[{"embeddable":true,"href":"https:\/\/sisu.ut.ee\/ewod\/wp-json\/wp\/v2\/comments?post=32"}],"version-history":[{"count":1,"href":"https:\/\/sisu.ut.ee\/ewod\/wp-json\/wp\/v2\/pages\/32\/revisions"}],"predecessor-version":[{"id":5042,"href":"https:\/\/sisu.ut.ee\/ewod\/wp-json\/wp\/v2\/pages\/32\/revisions\/5042"}],"up":[{"embeddable":true,"href":"https:\/\/sisu.ut.ee\/ewod\/wp-json\/wp\/v2\/pages\/758"}],"wp:attachment":[{"href":"https:\/\/sisu.ut.ee\/ewod\/wp-json\/wp\/v2\/media?parent=32"}],"curies":[{"name":"wp","href":"https:\/\/api.w.org\/{rel}","templated":true}]}}