{"id":317,"date":"2024-04-03T23:39:39","date_gmt":"2024-04-03T20:39:39","guid":{"rendered":"https:\/\/sisu.ut.ee\/ewod\/articlesinslovak\/"},"modified":"2024-04-04T00:10:24","modified_gmt":"2024-04-03T21:10:24","slug":"articlesinslovak","status":"publish","type":"page","link":"https:\/\/sisu.ut.ee\/ewod\/general\/articlesinslovak\/","title":{"rendered":"General treatments &#8211; articles in Slovak"},"content":{"rendered":"<p><span style=\"font-family: verdana, geneva\">Ladislav Franek, <strong>\u017div\u00e9 miesto komparatistiky v kult\u00farnom dial\u00f3gu (est\u00f3nsky pr\u00ednos)<\/strong>. \u2013 Romboid (Bratislava), no 3-4, 2018, pp 48-59.<\/span><\/p>\n","protected":false},"excerpt":{"rendered":"<p>Ladislav Franek, \u017div\u00e9 miesto komparatistiky v kult\u00farnom dial\u00f3gu (est\u00f3nsky pr\u00ednos). \u2013 Romboid (Bratislava), no 3-4, 2018, pp 48-59.<\/p>\n","protected":false},"author":43,"featured_media":0,"parent":1485,"menu_order":0,"comment_status":"closed","ping_status":"closed","template":"","meta":{"_acf_changed":false,"inline_featured_image":false,"footnotes":""},"class_list":["post-317","page","type-page","status-publish","hentry"],"acf":[],"_links":{"self":[{"href":"https:\/\/sisu.ut.ee\/ewod\/wp-json\/wp\/v2\/pages\/317","targetHints":{"allow":["GET"]}}],"collection":[{"href":"https:\/\/sisu.ut.ee\/ewod\/wp-json\/wp\/v2\/pages"}],"about":[{"href":"https:\/\/sisu.ut.ee\/ewod\/wp-json\/wp\/v2\/types\/page"}],"author":[{"embeddable":true,"href":"https:\/\/sisu.ut.ee\/ewod\/wp-json\/wp\/v2\/users\/43"}],"replies":[{"embeddable":true,"href":"https:\/\/sisu.ut.ee\/ewod\/wp-json\/wp\/v2\/comments?post=317"}],"version-history":[{"count":1,"href":"https:\/\/sisu.ut.ee\/ewod\/wp-json\/wp\/v2\/pages\/317\/revisions"}],"predecessor-version":[{"id":4757,"href":"https:\/\/sisu.ut.ee\/ewod\/wp-json\/wp\/v2\/pages\/317\/revisions\/4757"}],"up":[{"embeddable":true,"href":"https:\/\/sisu.ut.ee\/ewod\/wp-json\/wp\/v2\/pages\/1485"}],"wp:attachment":[{"href":"https:\/\/sisu.ut.ee\/ewod\/wp-json\/wp\/v2\/media?parent=317"}],"curies":[{"name":"wp","href":"https:\/\/api.w.org\/{rel}","templated":true}]}}