{"id":311,"date":"2024-04-03T23:39:38","date_gmt":"2024-04-03T20:39:38","guid":{"rendered":"https:\/\/sisu.ut.ee\/ewod\/about-et-29\/"},"modified":"2024-04-04T00:10:27","modified_gmt":"2024-04-03T21:10:27","slug":"about","status":"publish","type":"page","link":"https:\/\/sisu.ut.ee\/ewod\/k\/kivisildnik\/about\/","title":{"rendered":"Kivisildnik &#8211; about"},"content":{"rendered":"<p><span style=\"font-size: medium\"><strong><span style=\"font-family: verdana, geneva\">Articles<\/span><\/strong><\/span><\/p>\n<p><span style=\"font-size: small;font-family: verdana, geneva\"><strong><em>English<\/em><br><\/strong>Peeter Helme, <strong>(:)Kivisildnik. From <em>enfant terrible<\/em> to heavy artillery man<\/strong>. \u2013 Estonian Literary Magazine, no 36, 2013.<\/span><\/p>\n<p><span style=\"font-size: small;font-family: verdana, geneva\"><strong><em>German<\/em><\/strong><br>Piret Viires, <strong>Sven Kivisildniks skandal\u00f6se Liste<\/strong>. \u2013 Estonia, no 2, 1997, pp 16-19.<br>Marianne Vogel, <strong>Lyrik postmodern<\/strong>. \u2013 Estonia, no 1, 1997, pp 32-33.<\/span><\/p>\n<p><\/p>\n<p><span style=\"font-size: medium;font-family: verdana, geneva\"><strong>Reviews<\/strong><\/span><\/p>\n<p><strong><em><span style=\"font-family: verdana, geneva\">Hungarian<\/span><\/em><\/strong><br><span style=\"font-family: verdana, geneva\">Lauri Kitsnik, <strong>Egy h\u00edd lehets\u00e9gess\u00e9g\u00e9r\u0151l<\/strong>. Pluralica, no 1-2, 2009, pp 380-383. [About Kivisildnik`s poetry collection \u2018V\u00e4gistatud j\u00e4\u00e4m\u00e4gi\u2019.\u00a0See\u00a0<a href=\"https:\/\/sisu.ut.ee\/ewod\/anthologies\/pluralica\"><strong>contents<\/strong><\/a>\u00a0of the special issue of contemporary Estonian literature.]<\/span><\/p>\n","protected":false},"excerpt":{"rendered":"<p>Articles EnglishPeeter Helme, (:)Kivisildnik. From enfant terrible to heavy artillery man. \u2013 Estonian Literary Magazine, no 36, 2013. GermanPiret Viires, Sven Kivisildniks skandal\u00f6se Liste. \u2013 Estonia, no 2, 1997, pp 16-19.Marianne Vogel, Lyrik postmodern. \u2013 Estonia, no 1, 1997, pp &#8230;<\/p>\n","protected":false},"author":43,"featured_media":0,"parent":734,"menu_order":0,"comment_status":"closed","ping_status":"closed","template":"","meta":{"_acf_changed":false,"inline_featured_image":false,"footnotes":""},"class_list":["post-311","page","type-page","status-publish","hentry"],"acf":[],"_links":{"self":[{"href":"https:\/\/sisu.ut.ee\/ewod\/wp-json\/wp\/v2\/pages\/311","targetHints":{"allow":["GET"]}}],"collection":[{"href":"https:\/\/sisu.ut.ee\/ewod\/wp-json\/wp\/v2\/pages"}],"about":[{"href":"https:\/\/sisu.ut.ee\/ewod\/wp-json\/wp\/v2\/types\/page"}],"author":[{"embeddable":true,"href":"https:\/\/sisu.ut.ee\/ewod\/wp-json\/wp\/v2\/users\/43"}],"replies":[{"embeddable":true,"href":"https:\/\/sisu.ut.ee\/ewod\/wp-json\/wp\/v2\/comments?post=311"}],"version-history":[{"count":1,"href":"https:\/\/sisu.ut.ee\/ewod\/wp-json\/wp\/v2\/pages\/311\/revisions"}],"predecessor-version":[{"id":4776,"href":"https:\/\/sisu.ut.ee\/ewod\/wp-json\/wp\/v2\/pages\/311\/revisions\/4776"}],"up":[{"embeddable":true,"href":"https:\/\/sisu.ut.ee\/ewod\/wp-json\/wp\/v2\/pages\/734"}],"wp:attachment":[{"href":"https:\/\/sisu.ut.ee\/ewod\/wp-json\/wp\/v2\/media?parent=311"}],"curies":[{"name":"wp","href":"https:\/\/api.w.org\/{rel}","templated":true}]}}