{"id":310,"date":"2024-04-03T23:39:38","date_gmt":"2024-04-03T20:39:38","guid":{"rendered":"https:\/\/sisu.ut.ee\/ewod\/parijogi\/"},"modified":"2024-04-04T00:10:27","modified_gmt":"2024-04-03T21:10:27","slug":"parijogi","status":"publish","type":"page","link":"https:\/\/sisu.ut.ee\/ewod\/p\/parijogi\/","title":{"rendered":"J\u00fcri Parij\u00f5gi"},"content":{"rendered":"<p>\n\t<span style=\"font-family: verdana, geneva\"><strong><span style=\"font-size: medium\"><a href=\"https:\/\/sisu.ut.ee\/ewod\/p\/parijogi\/stories\">Short stories<\/a>\u00a0<a href=\"https:\/\/sisu.ut.ee\/wp-content\/uploads\/sites\/108\/juri_parijogi.jpg\" target=\"_self\" rel=\"noopener\"><img decoding=\"async\" alt=\"\" src=\"https:\/\/sisu.ut.ee\/wp-content\/uploads\/sites\/108\/juri_parijogi_vaike.jpg\" style=\"float: right;width: 200px;height: 304px\"><\/a><\/span><\/strong><\/span>\n<\/p>\n<p>\n\t<span style=\"font-family: verdana, geneva\"><a href=\"https:\/\/sisu.ut.ee\/ewod\/p\/parijogi\/about\"><strong><span style=\"font-size: medium\">About J\u00fcri Parij\u00f5gi<\/span><\/strong><\/a><\/span>\n<\/p>\n<p><span style=\"font-family: verdana, geneva;font-size: medium\"><span style=\"font-size: small\">J\u00fcri Parij\u00f5gi (until 1935 Parinbak, also Parinbach, 2. IX \/ 21. VIII 1892 \u2013 9. VII 1941) was an Estonian children\u2019s author and teacher. Parij\u00f5gi, who wrote stories, and also travelogues and fairy-tales, is regarded as the first Estonian author who wrote purely for children and young people. The themes of his stories are various mental and social problems of children and young people.<br>\u00a0<br>Parij\u00f5gi attended Kunda village school, from 1905 to 1909 the Rakvere county school, and then did teacher training courses at the same place. From 1910 he worked as a teacher at Kaarli village school near Rakvere. He took part in the First World War from 1915 to 1917, and in the War of Independence from 1919 to 1920. From 1920 to 1921 he taught at Rakvere primary school number 1, and then at Rakvere teachers\u2019 seminary. In 1929 he moved to Tartu, and from 1929 to 1931 he studied in the Faculty of Philosophy at the University of Tartu. From 1930 he was the headmaster of primary school number 4 in Tartu. On the night of 7 July 1941 he was taken from his home for interrogation, and perished as a victim of the mass murder by the NKVD in Tartu prison on the night of 8-9 July.<br>\u00a0<br>Parij\u00f5gi made his literary debut in 1913 in a supplement to the newspaper <em>Tallinna Teataja<\/em> with the story <em>K\u00fclaline<\/em> (\u2018The Visitor\u2019); the first book to appear was a children\u2019s play in 1925, <em>Juku ja Hilda j\u00f5ulujuhtumised metsas<\/em> (\u2018Juku and Hilda\u2019s Christmas Happenings in the Forest\u2019, under the name J. Parinbak). He earned wider attention in 1926 with <em>Semendivabrik<\/em> (<em>Tsemendivabrik<\/em> from the 2nd edition in 1936 \u2013 the \u2018Cement Works\u2019), which collected together his stories that had appeared in the press in that decade. The setting of the \u201cCement Works\u201d stories is an Estonian village at the turn of the twentieth century: the action and the subject matter are conveyed through a child\u2019s observations, the narrative style is empathetic and humorous. The same quality characterises the collection <em>Jaksuk\u00fcla poisid<\/em> (\u2018The Jaksuk\u00fcla Boys\u2019, 1930). <em>Teraspoiss<\/em> (\u2018Iron Boy\u2019), which appeared in 1937, is the story of a boy who thanks to his determination gets through his difficulties in life, and won the president\u2019s literature prize in 1938. Parij\u00f5gi also wrote extensively for children about hiking and seafaring. Several selections of Parij\u00f5gi\u2019s stories have appeared posthumously.<br>\u00a0<br>Parij\u00f5gi also write short stories for adults and humorous short prose (under the name Raud-Katk in the journal <em>Rahva S\u00f5na<\/em>) and published textbooks, readers and pedagogical materials he wrote alone or in collaboration.<br>\u00a0<br><em>M. U. (Translated by C. M.)<\/em><\/span><\/span><\/p>\n<p><strong><span style=\"font-family: verdana, geneva;font-size: medium\">Books in Estonian<\/span><\/strong><\/p>\n<p><strong><em><span style=\"font-family: verdana, geneva\">Stories<\/span><\/em><\/strong><br><span style=\"font-family: verdana, geneva\"><strong>Semendivabrik<\/strong>. Tartu: Loodus, 1926, 121 lk. [Jutukogu. 2. tr\u00fckk: \u2018Tsemendivabrik\u2019, 1936.] <\/span><br><span style=\"font-family: verdana, geneva\"><strong>Laevapoisi p\u00e4ivilt<\/strong>. Tallinn: Eesti \u00d5petajate Liit, 1927, 126 lk. [Jutukogu. 2. tr\u00fckk: 1930.] <\/span><br><span style=\"font-family: verdana, geneva\"><strong>\u00dche poisu reisilood<\/strong>. Tallinn: P\u00e4\u00e4suke, 1927, 32 lk. [Jutukogu.] <\/span><br><span style=\"font-family: verdana, geneva\"><strong>Jaksuk\u00fcla poisid<\/strong>. Tartu: Loodus, 1930, 118 lk. [Jutukogu. 2. tr\u00fckk: 1936.] <\/span><br><span style=\"font-family: verdana, geneva\"><strong>J\u00f5ulud! J\u00f5ulud!<\/strong>. Tallinn: Eesti \u00d5petajate Liit, 1930, 63 lk. [Jutukogu.] <\/span><br><span style=\"font-family: verdana, geneva\"><strong>Suuskadel Vallastesse<\/strong>. Tallinn: Eesti \u00d5petajate Liit, 1932, 80 lk. [Jutukogu.] <\/span><br><span style=\"font-family: verdana, geneva\"><strong>Meie Eku<\/strong>. Tartu: Kool, 1937, 168 lk. [Jutukogu.] <\/span><br><span style=\"font-family: verdana, geneva\"><strong>Kulbult Atlandile: Viis merejuttu<\/strong>. Tallinn: Loodus, 1939, 176 lk. [Jutukogu. Faksiimiletr\u00fckk: 1994.]<\/span><br><span style=\"font-family: verdana, geneva\"><strong>Teraspoiss<\/strong>. Tartu: Loodus, 1937, 207 lk. [J\u00e4rgnevad tr\u00fckid: 1939, 1948, 1994.]<\/span><br><span style=\"font-family: verdana, geneva\"><strong>V\u00e4ikesed koduhoidjad<\/strong>. Tartu; Tallinn: Loodus, 1939, 16 lk.<\/span><br><span style=\"font-family: verdana, geneva\"><strong>Mesinikud Enn ja Jaan<\/strong>. Tartu; Tallinn: Loodus, 1939, 28 lk. <\/span><br><span style=\"font-family: verdana, geneva\"><strong>Teotahtelised poisid<\/strong>. Tallinn: Eesti Kirjastus, 1942, 225 lk. [Jutukogu.] <\/span><br><span style=\"font-family: verdana, geneva\"><strong>Kui isa kinkis raamatuid<\/strong>. Tallinn: Eesti Riiklik Kirjastus, 1957, 56 lk. [Jutukogu. J\u00e4rgnevad tr\u00fckid: 1973, 1981.]<\/span><br><span style=\"font-family: verdana, geneva\"><strong>Rein ja Anna m\u00e4ngivad poodi<\/strong>. Tallinn: Eesti Riiklik Kirjastus, 1958, 56 lk. <\/span><br><span style=\"font-family: verdana, geneva\"><strong>Jutte<\/strong>. Tallinn: Eesti Riiklik Kirjastus, 1958, 244 lk. <\/span><br><span style=\"font-family: verdana, geneva\"><strong>Jutte<\/strong>. Tallinn: Eesti Raamat, 1982, 334 lk.<\/span><br><span style=\"font-family: verdana, geneva\"><strong>J\u00f5ulud, j\u00f5ulud!<\/strong>. Tallinn: T\u00e4nap\u00e4ev, 1999, 16 lk. [Sari \u2018Minu esimene raamat\u2019.] <\/span><br><span style=\"font-family: verdana, geneva\">\u00a0<\/span><br><strong><span style=\"font-family: verdana, geneva\"><em>Travelogues<\/em> <\/span><\/strong><br><span style=\"font-family: verdana, geneva\"><strong>Kevad kutsub: Reisim\u00e4lestusi Muhu- ja Saaremaalt<\/strong>. Tallinn: Eesti \u00d5petajate Liit, 1929, 80 lk. <\/span><br><span style=\"font-family: verdana, geneva\"><strong>Soome: Reisikirju<\/strong>. Tallinn: Eesti \u00d5petajate Liit, 1929, 70 lk. <\/span><br><span style=\"font-family: verdana, geneva\"><strong>Alutaguse metsades: Matkam\u00e4lestusi<\/strong>. Tartu: Loodus, 1937, 239 lk. <\/span><br><span style=\"font-family: verdana, geneva\">\u00a0<\/span><br><strong><em><span style=\"font-family: verdana, geneva\">Adaptations of folklore<\/span><\/em><\/strong><br><span style=\"font-family: verdana, geneva\"><strong>K\u00fclaliste leib ja teisi eesti muinasjutte<\/strong>. Tartu: Eesti Kirjanduse Selts, 1933, 135 lk. [J\u00e4rgnevad tr\u00fckid: 1942, 1977, 2001.] <\/span><br><span style=\"font-family: verdana, geneva\"><strong>Suur-T\u00f5ll: Muistend<\/strong>. Tartu; Tallinn: Loodus, 1940, 16 lk.<\/span><br><span style=\"font-family: verdana, geneva\">\u00a0<\/span><br><strong><em><span style=\"font-family: verdana, geneva\">Memoirs<\/span><\/em><\/strong><br><span style=\"font-family: verdana, geneva\"><strong>Kodumaa helinad: M\u00e4lestused<\/strong>. J. Parij\u00f5e elulooga varustanud M. Raud. Toronto: Noorte-Orto, 1953, 175 lk.<\/span><\/p>\n","protected":false},"excerpt":{"rendered":"<p>Short stories\u00a0 About J\u00fcri Parij\u00f5gi J\u00fcri Parij\u00f5gi (until 1935 Parinbak, also Parinbach, 2. IX \/ 21. VIII 1892 \u2013 9. VII 1941) was an Estonian children\u2019s author and teacher. Parij\u00f5gi, who wrote stories, and also travelogues and fairy-tales, is regarded &#8230;<\/p>\n","protected":false},"author":43,"featured_media":0,"parent":675,"menu_order":0,"comment_status":"closed","ping_status":"closed","template":"","meta":{"_acf_changed":false,"inline_featured_image":false,"footnotes":""},"class_list":["post-310","page","type-page","status-publish","hentry"],"acf":[],"_links":{"self":[{"href":"https:\/\/sisu.ut.ee\/ewod\/wp-json\/wp\/v2\/pages\/310","targetHints":{"allow":["GET"]}}],"collection":[{"href":"https:\/\/sisu.ut.ee\/ewod\/wp-json\/wp\/v2\/pages"}],"about":[{"href":"https:\/\/sisu.ut.ee\/ewod\/wp-json\/wp\/v2\/types\/page"}],"author":[{"embeddable":true,"href":"https:\/\/sisu.ut.ee\/ewod\/wp-json\/wp\/v2\/users\/43"}],"replies":[{"embeddable":true,"href":"https:\/\/sisu.ut.ee\/ewod\/wp-json\/wp\/v2\/comments?post=310"}],"version-history":[{"count":1,"href":"https:\/\/sisu.ut.ee\/ewod\/wp-json\/wp\/v2\/pages\/310\/revisions"}],"predecessor-version":[{"id":4775,"href":"https:\/\/sisu.ut.ee\/ewod\/wp-json\/wp\/v2\/pages\/310\/revisions\/4775"}],"up":[{"embeddable":true,"href":"https:\/\/sisu.ut.ee\/ewod\/wp-json\/wp\/v2\/pages\/675"}],"wp:attachment":[{"href":"https:\/\/sisu.ut.ee\/ewod\/wp-json\/wp\/v2\/media?parent=310"}],"curies":[{"name":"wp","href":"https:\/\/api.w.org\/{rel}","templated":true}]}}