{"id":31,"date":"2024-04-03T23:39:16","date_gmt":"2024-04-03T20:39:16","guid":{"rendered":"https:\/\/sisu.ut.ee\/ewod\/poems-et-4\/"},"modified":"2024-04-04T00:11:12","modified_gmt":"2024-04-03T21:11:12","slug":"poems","status":"publish","type":"page","link":"https:\/\/sisu.ut.ee\/ewod\/j\/jannsen\/poems\/","title":{"rendered":"Johann Voldemar Jannsen &#8211; poems"},"content":{"rendered":"<p><strong><span style=\"font-family: verdana, geneva;font-size: medium\">In compilations, anthologies, magazines<\/span><\/strong><\/p>\n<p><em><strong><span style=\"font-family: verdana, geneva;font-size: small\">English<br><\/span><\/strong><\/em><strong><span style=\"font-family: verdana, geneva;font-size: small\"><strong>Estonian Anthology. Intimate stories of life, love, labor and war of the Estonian people<\/strong><\/span><\/strong><span style=\"font-family: verdana, geneva;font-size: small\">. Compiled, translated and published by A. Pranspill. Translations by W. K. Matthews. Edited by Milton Millhauser. Milford [Connecticut], 1956, 320 pp. [Contents: F. R. Faehlmann; M. J. Eisen; F. R. Kreutzwald \u2019An introduction to Kalevipoeg\u2019; Juhan Liiv \u2019Men on lake Peipsi\u2019; H. Maelo \u2019Fatherless\u2019; A. Kitzberg \u2019Duke of Abia\u2019, \u2019At Puve farm\u2019; A. H. Tammsaare \u2019Truth and justice\u2019 [excerpt], \u2019Spry Kaarel and his young wife\u2019; A. M\u00e4lk \u2019My blind friend\u2019, \u2019At the sea side\u2019, \u2019Conversation with a child\u2019; A. Pranspill \u2019My first conflict with civilization\u2019, \u2019Manorial bath house\u2019; H. Raudsepp \u2019Long live revolution\u2019, \u2019Your country needs you\u2019 (excerpts from \u2019In the Parlor and in Jail\u2019); E. Vilde \u2019My coachman\u2019, \u2019Tailor\u2019s tricks\u2019, \u2019Factotum\u2019; A. Haava \u2019Master carpenter\u2019; E. Laidsaar \u2019Free love marriage\u2019; H. Raudsepp \u2019Lazybones\u2019 (excerpt from \u2019Vedelvorst\u2019); A. Gailit \u2019A trip to India\u2019; A. Kivikas \u2019The Chinaman\u2019, \u2019Innocent\u2019, \u2019The Latvian\u2019, \u2019The worker\u2019s tribunal\u2019; Anonymous \u2019The dictatorship of the proletariat\u2019; F. Tuglas \u2019Shadow man\u2019. Poems by M. Under, J. W. Jannsen, V. Ridala, G. Suits, L. Koidula, A. Haava, F. R. Kreutzwald, M. Veske, H. Visnapuu, A. Pranspill. Added collection of folklore songs, proverbs, riddles, fairy tales, an excerpt from the Treaty of Peace between Russia and Estonia, 1920.]<\/span><em><strong><span style=\"font-family: verdana, geneva;font-size: small\"><br><\/span><\/strong><\/em><\/p>\n<p><em><strong><span style=\"font-family: verdana, geneva;font-size: small\">Esperanto<\/span><\/strong><\/em><br><span style=\"font-family: verdana, geneva;font-size: small\"><strong>Estonaj kantoj en esperanto. Ekskursa kantaro<\/strong>. Trad. Helmi kaj Hilda Dresen. Tallinn: Esperanto-Asocio de Estonio, 1931, 28 pp. [Anthology of poetry. Poems by F. Kuhlbars, L. Koidula, J.V. Jannsen, A. Haava, A. Reinvald. 2nd edition: 1935.]<\/span><\/p>\n<p><em><strong>German<\/strong><\/em><br><strong><strong>\u201cMein Vaterland, mein Gl\u00fcck und Freud\u201d (Nationalhymne)<\/strong><\/strong>. \u00dcbersetzung: V. Lepik. \u2013 Mitteilungen aus baltischem Leben (M\u00fcnchen), no 1, 1968, p 2. [\u2018Isamaa-laul\u2019.]<strong><strong><br>Heimatlied; Sehnsucht; Stiller Abend<\/strong><\/strong>. \u00dcbersetzung: Wilhelm Nerling. \u2013 Estnische Gedichte<span style=\"font-family: verdana, geneva;font-size: small\">. \u00dcbers. von Wilhelm Nerling.<\/span> <span style=\"font-family: verdana, geneva;font-size: small\"><\/span><span style=\"font-family: verdana, geneva;font-size: small\"><span style=\"font-family: verdana, geneva;font-size: small\">Dorpat: H. Laakmann, 1925, pp 16-18. [\u2018Isamaa-laul\u2019, \u2018Igatsemine\u2019, \u2018Vaikne \u00f5htu\u2019. Poems by A. Alver, J. Bergmann, M. J. Eisen, E. Enno, F. R. Faehlmann, A. Grenzstein, V. Ridala, A. Haava, K. A. Hermann, J. Hurt, P. Jakobson, J. V. Jannsen, R. Kamsen, L. Koidula, Fr. R. Kreutzwald, F. Kuhlbars, J. Kunder, M. K\u00f6rber, Jakob Liiv, Juhan Liiv, M. Lipp, G. E. Luiga, P. von Manteuffel, G. A. Oldekop, K. J. Peterson, M. Pukits, H. P\u00f6\u00f6gelmann, H. Raudsepp, C. M. Redlich, A. Reinvald, H. Rikand, J. Ph. v Roth, J. Speek, G. Suits, K. E. S\u00f6\u00f6t, J. Tamm, B. H. von Tiesenhausen, F. Tuglas, M. Veske, B. Weber, J. Weizenberg, E. L. W\u00f6hrmann.]<\/span><\/span><strong><br>Estnische Nationalhymne<\/strong>. \u00dcbersetzung: A. Kallas. \u2013 Estnische Kl\u00e4nge. Auswahl estnischer Dichtungen von Axel Kallas. Buchschmuck von Kristjan Raud. Dorpat: Gl\u00fcck, 1911, pp 45-46. [\u2018Isamaa-laul\u2019. Poems by E. Enno, V. Ridala, A. Haava, J. V. Jannsen, L. Koidula, F. Kuhlbars, Juhan Liiv, G. Suits, K. E. S\u00f6\u00f6t, J. \u0422\u0430mm, M. Veske.]<br><strong>Gebet f\u00fcr den Kaiser<\/strong>. \u00dcbersetzung: V. v. Andrejanoff. \u2013 D\u00fcna-Zeitung, no 106, 11. V 1889.<br><\/p>\n<p><span style=\"font-family: verdana, geneva;font-size: small\" data-mce-mark=\"1\"><em><strong>Hungarian<\/strong><\/em><br><strong>\u00c9szaki v\u00e1rt\u00e1n: \u00e9szt rokonaink irodalma<\/strong>. Szerkesztette [\u00e9s a bevezet\u00e9st \u00edrta] K\u00e9pes G\u00e9za; ill. F\u00e1y Dezs\u0151. Budapest: 1944, 129 pp. [See <strong><a href=\"https:\/\/sisu.ut.ee\/ewod\/anthologies\/hungarian\/eszaki\">contents<\/a><\/strong>.]<strong><br>Ur\u00e1li dalok. Eredeti \u00e9s forditott k\u00f6ltem\u00e9nyek<\/strong>. Budapest: A Pet\u00f6fi T\u00e1rsas\u00e1g Kiad\u00e1sa, 1939, 103 pp. [Poems by J. V. Jannsen, Fr. R. Kreutzwald, L. Koidula, M. Lipp, A. Piirikivi, M. J. Eisen, K. E. S\u00f6\u00f6t, M. Under, G. Suits, A. Haava, V. Ridala, E. Enno, H. Visnapuu.]<br><\/span><\/p>\n","protected":false},"excerpt":{"rendered":"<p>In compilations, anthologies, magazines EnglishEstonian Anthology. Intimate stories of life, love, labor and war of the Estonian people. Compiled, translated and published by A. Pranspill. Translations by W. K. Matthews. Edited by Milton Millhauser. Milford [Connecticut], 1956, 320 pp. [Contents: &#8230;<\/p>\n","protected":false},"author":43,"featured_media":0,"parent":20,"menu_order":0,"comment_status":"closed","ping_status":"closed","template":"","meta":{"_acf_changed":false,"inline_featured_image":false,"footnotes":""},"class_list":["post-31","page","type-page","status-publish","hentry"],"acf":[],"_links":{"self":[{"href":"https:\/\/sisu.ut.ee\/ewod\/wp-json\/wp\/v2\/pages\/31","targetHints":{"allow":["GET"]}}],"collection":[{"href":"https:\/\/sisu.ut.ee\/ewod\/wp-json\/wp\/v2\/pages"}],"about":[{"href":"https:\/\/sisu.ut.ee\/ewod\/wp-json\/wp\/v2\/types\/page"}],"author":[{"embeddable":true,"href":"https:\/\/sisu.ut.ee\/ewod\/wp-json\/wp\/v2\/users\/43"}],"replies":[{"embeddable":true,"href":"https:\/\/sisu.ut.ee\/ewod\/wp-json\/wp\/v2\/comments?post=31"}],"version-history":[{"count":1,"href":"https:\/\/sisu.ut.ee\/ewod\/wp-json\/wp\/v2\/pages\/31\/revisions"}],"predecessor-version":[{"id":5041,"href":"https:\/\/sisu.ut.ee\/ewod\/wp-json\/wp\/v2\/pages\/31\/revisions\/5041"}],"up":[{"embeddable":true,"href":"https:\/\/sisu.ut.ee\/ewod\/wp-json\/wp\/v2\/pages\/20"}],"wp:attachment":[{"href":"https:\/\/sisu.ut.ee\/ewod\/wp-json\/wp\/v2\/media?parent=31"}],"curies":[{"name":"wp","href":"https:\/\/api.w.org\/{rel}","templated":true}]}}