{"id":309,"date":"2024-04-03T23:39:38","date_gmt":"2024-04-03T20:39:38","guid":{"rendered":"https:\/\/sisu.ut.ee\/ewod\/poems-et-41\/"},"modified":"2024-04-04T00:10:26","modified_gmt":"2024-04-03T21:10:26","slug":"poems","status":"publish","type":"page","link":"https:\/\/sisu.ut.ee\/ewod\/m\/ukumasing\/poems\/","title":{"rendered":"Uku Masing &#8211; poems"},"content":{"rendered":"<p>\n\t<span style=\"font-family: verdana, geneva;font-size: medium\"><strong>In anthologies and\u00a0magazines<\/strong><\/span>\n<\/p>\n<p>\n\t<span style=\"font-family: verdana, geneva\"><strong><em><strong><em><strong><strong><em>Dutch<\/em><\/strong><\/strong><\/em><\/strong><\/em><br>Van haast naamloze kusten: moderne Estische po\u00ebzie<\/strong>.\u00a0Samengesteld en ingeleid door Paul-Eerik Rummo; uit het Estisch vertaald door Mati Sirkel en Marianne Vogel.\u00a0Leiden : Lantaarn &amp; Slavische Stichting te Leiden, 1989. 46 pp. [Poems by Artur Alliksaar, Betti Alver, Viiu H\u00e4rm, Johnny B. Isotamm, Ivar Ivask, Jaan Kaplinski, Doris Kareva, Ilmar Laaban, Kalju Lepik, Viivi Luik, Uku Masing, Karl Ristikivi, Paul-Erik Rummo, Hando Runnel, Heiti Talvik, Juhan Viiding.]<\/span>\n<\/p>\n<p>\n\t<span style=\"font-family: verdana, geneva\"><strong><em><strong><em><strong><strong><em>English<\/em><\/strong><\/strong><\/em><\/strong><\/em><br>Child of Man on the White Ship<\/strong>. \u2013 An Introduction to Estonian Literature. Translated and edited by Hilary Bird. Bloomington, Ind.: Slavica, 2018, xv+486 pp. [See <\/span><strong><span style=\"font-family:Verdana,Geneva,sans-serif\"><a data-url=\"https:\/\/sisu.ut.ee\/ewod\/anthologies\/english\/bird\" href=\"https:\/\/sisu.ut.ee\/ewod\/anthologies\/english\/bird\" title=\"\">contents<\/a><\/span><\/strong><span style=\"font-family: verdana, geneva\"> of the anthology.]<br><strong><a href=\"http:\/\/elm.estinst.ee\/issue\/28\/poetry-uku-masing\/\">Poetry by Uku Masing<\/a>. <\/strong>\u2013 Estonian Literary Magazine, no 28, 2009.[Translated by Lauri Sommer]<br><strong>Kuus eesti luuletajat: Ants Orase t\u00f5lkes = Six Estonian poets in translations of Ants Oras: Gustav Suits, Marie Under, Heiti Talvik, Betti Alver, Uku Masing, Aleksis Rannit<\/strong>..\u00a0Edited by and foreword: Anne Lange.\u00a0Tallinn: T\u00e4nap\u00e4ev, 2002, 179 pp. [Parallel text in Estonian and English.]<br><strong>Tuulelaeval valgusest on aerud: valik eesti moodsat luulet = Windship with Oars of Light: Estonian Modern Poetry<\/strong>. Compiled by Doris Kareva; edited by Miriam McIlfatrick-Ksenofontov and Eric Dickens; foreword by Lauri Sommer. Tallinn: Huma, 2001, 258 pp. [Poems by Betti Alver, Artur Alliksaar, Uku Masing, Jaan Kaplinski, Paul-Erik Rummo, Juhan Viiding, Doris Kareva, T\u00f5nu \u00d5nnepalu, Triin Soomets.]<br><a href=\"http:\/\/elm.estinst.ee\/issue\/9\/poetry-uku-masing\/\"><strong>Poetry by Uku Masing<\/strong><\/a>. \u2013 Estonian Literay Magazine, no 9, 1999. [4 poems translated by Ivar Ivask, K\u00fcllike Saks]<br><strong>Contemporary East European Poetry: An Anthology.<\/strong><span style=\"font-family: verdana, geneva\">\u00a0Edited by Emery George.\u00a0New York, Oxford: Oxford University Press, 1993. 490 pp.\u00a0[Includes poems by\u00a0Marie Under, Betti Alver, Uku Masing, Bernard Kangro, Aleksis Rannit, Kalju Lepik, Ivar Gr\u00fcnthal, Ivar Ivask, Jaan Kaplinski, Paul-Eerik Rummo and Juhan Viiding, and\u00a0Introduction to Estonian poetry by Ivar Ivask.]<br><strong>Contemporary East European poetry: an anthology<\/strong>. Edited by Emery George. Ann Arbor: Ardis, 1983, 456 pp. [Includes poems by Marie Under, Betti Alver, Uku Masing, Bernard Kangro, Aleksis Rannit, Kalju Lepik, Ivar Gr\u00fcnthal, Ivar Ivask, Jaan Kaplinski, Paul-Eerik Rummo, Juhan Viiding, and \u2018Introduction to Estonian poetry\u2019 by Ivar Ivask.]<br><strong>Anthology of Modern Estonian Poetry<\/strong>. Compiled and translated by W. K. Matthews. Gainesville: University of Florida Press, 1953, 161 pp. [Poems by Juhan Liiv, A. Haava, H. Visnapuu, H. Adamson, M. Under, H. Talvik, B. Alver, U. Masing, J. L\u00f5o, H. Esko, K. Ahven, R. Kolk, R. Veer, P. Krusten, K. Ristikivi, K. Lepik, I. Gr\u00fcnthal, E. Enno, G. Suits, K. Merilaas, J. Oks, V. Ridala, A. Adson, J. S\u00fctiste, B. Kangro, A. Sang, A. Viirlaid.]<\/span><\/span>\n<\/p>\n<p>\n\t<span style=\"font-family: verdana, geneva\"><span><strong><strong><em>Finnish<\/em><\/strong><br>20\u00a0nykyvirolaista\u00a0runoilijaa.<\/strong><span>\u00a0Toimittaneet Raili Kilpi-Hynynen, Arvo Turtiainen. Helsinki: Tammi, 1969. [Poems by Betti Alver, Uku Masing, Bernard Kangro, Arno Vihalemm, Kersti Merilaas, August Sang, Debora Vaarandi, Jaan Kross, Kalju Lepik, Ilmar Laaban, Ivar Gr\u00fcnthal, Raimond Kolk, Uno Laht, Ivar Ivask, Aleksander Suuman, Ellen Niit, Mats Traat, Enn Vetemaa, Jaan Kaplinski, Paul-Eerik Rummo.]<\/span><\/span><\/span>\n<\/p>\n<p>\n\t<span style=\"font-family: verdana, geneva\"><span><span><strong><em>German<\/em><\/strong><br><strong>Der Zufall hat dich hierhergef\u00fchrt\u2026; Krieg erkl\u00e4re ich nicht\u2026; Fl\u00f6tenpfeifer sind wir, \u2026; Mitternacht Du, wenn nur tollk\u00fchne M\u00e4use\u2026<\/strong>. \u00dcbersetzung: Alken Bruns. \u2013 Peeter Puide: Zur Vermeidung von Bildverlusten mu\u00df noch folgendes beachtet werden. Roman. Aus dem Schwedischen von Alken Bruns. Reinbek: Rowohlt, 1988, pp 104-105; 108-109; 198-200; 221-222. [\u2018Nelk\u2019, \u2018Selle laul, kes s\u00f5tta l\u00e4heb tontide vastu\u2019, \u2018Tontide eest taganejate s\u00f5durite laul\u2019, \u2018Sa syda\u00f6\u00f6, kui ainult julged hiired\u2026\u2019.]<br><strong>Ein sch\u00f6ner Tag; Abend im August; Die Finsternis trotzt dem Licht; Dem Erbfeind bangt vor der Verneinung; Nur der Nebel ist fest; Gesang vor dem Kampfe mit Geistern; Gesang der vor Gespenstern zur\u00fcckweichenden Krieger; Von nichts als Glauben; Glaubensbekenntnis am Ostermorgen<\/strong>. \u00dcbersetzung: Ants Oras. \u2013 Acht estnische Dichter. Ausgew\u00e4hlt und \u00fcbertragen von Ants Oras. Stockholm: Verlag Vaba Eesti, 1964, pp 173-185. [\u2018\u00dchel kaunil p\u00e4eval\u2019, \u2018L\u00f5ikuskuu \u00f5htul\u2019, \u2018Pimedus ei v\u00f5ta vastu valgust\u2019, \u2018Saatan on v\u00e4gev kui teda ustakse\u2019, \u2018Udu ainult on kindel\u2019, \u2018Selle laul, kes s\u00f5tta l\u00e4heb tontide vastu\u2019, \u2018Tontide eest taganejate s\u00f5durite laul\u2019, \u2018Usust ja ei miskist muust\u2019, \u2018Usutunnistus suurel hommikul\u2019. The anthology includes p<span>oems by\u00a0Betti Alver,\u00a0Bernard Kangro, Uku Masing, Aleksis Rannit,\u00a0Gustav Suits,\u00a0Heiti Talvik,Marie Under, Henrik Visnapuu.]<br><strong>Nur der Nebel ist fest; Ein sch\u00f6ner Tag<\/strong>. \u00dcbersetzung: Ants Oras. \u2013 Manuskripte, vol III, no 1, 1963, p 17. [\u2018Udu ainult on kindel\u2019, \u2018\u00dchel kaunil p\u00e4eval\u2019.]<br><strong>Jesus mit den silbernen Augen<\/strong>. \u00dcbersetzung: Martha von Dehn-Grubbe. \u2013 Wir kehren Heim. Estnische Lyrik und Prosa. Karlsruhe: Der Karlsruher Bote, 1962, p 27. [\u2018Usust ja ei miskist muust\u2019.<span>\u00a0Contents of the anthology: Valev Uibopuu, Traum in der Sommernacht (\u2019Suve\u00f6\u00f6 unen\u00e4gu\u2019); poems by Bernard Kangro, Ernst Enno, Kalju Lepik, August Alle, Uku Masing, Karl Ristikivi, Salme Raatma, Gustav Suits, Anna Haava, Marie Heiberg, Friedrich Kuhlbars, Lydia Koidula.]<\/span><\/span><\/span><\/span><\/span>\n<\/p>\n<p>\n\t<span style=\"font-family: verdana, geneva\"><span><span><span><span><strong><em>Hungarian<\/em><\/strong><\/span><br><span><strong>Harangok halk kondul\u00e1sa = Kellade hellus: huszadik sz\u00e1zadi \u00e9szt l\u00edra. I. <\/strong>V\u00e1logatta, szerkesztette, az el\u0151- \u00e9s ut\u00f3sz\u00f3t \u00edrta, valamint az \u00e9letrajzi jegyzeteket k\u00e9sz\u00edtette Bereczki G\u00e1born\u00e9 Mai Kiisk. Szombathely: [Berzsenyi Daniel Tanarkepz\u00f6 F\u00f6iskola], 2000, 303 pp. [Text in Hungarian and Estonian. Poems by Juhan Liiv, Ernst Enno, Gustav Suits, Villem Ridala, Marie Under, Henrik Visnapuu, Johannes Barbarus, Johannes Semper, Heiti Talvik, Betti Alver, Uku Masing, Bernard Kangro, Karl Ristikivi, Kersti Merilaas, Kalju Lepik, Debora Vaarandi, Juhan Smuul, Artur Alliksaar, Ain Kaalep, Aleksander Suuman.]<br><strong>\u00c9szt k\u00f6lt\u00f6k: huszadik sz\u00e1zadi \u00e9szt l\u00edra<\/strong>. V\u00e1logatta, az \u00e9letrajzi jegyzeteket k\u00e9sz\u00edtette \u00e9s a sz\u00f6veggondoz\u00e1st v\u00e9gezte Bereczki G\u00e1bor, Bereczkin\u00e9 Mai Kiisk, Feh\u00e9rvari Gy\u00f6z\u00f6.\u00a0Budapest: Eur\u00f3pa k\u00f6nyvkiad\u00f3, 1975, 651 pp. [Poems by\u00a0Gustav Suits,\u00a0Ernst Enno,\u00a0Villem Gr\u00fcnthal-Ridala,\u00a0Marie Under,\u00a0Henrik Visnapuu,\u00a0Jaan K\u00e4rner,\u00a0Johannes Barbarus,\u00a0Johannes Semper,\u00a0August Alle,\u00a0Valmar Adams,\u00a0Uku Masing,\u00a0Juhan S\u00fctiste,\u00a0Heiti Talvik,\u00a0Betti Alver,\u00a0August Sang,\u00a0Kersti Merilaas,\u00a0Bernard Kangro,\u00a0Arno Vihalemm,\u00a0Kalju Lepik,\u00a0Ivar Gr\u00fcnthal,\u00a0Felix Kotta,\u00a0Aira Kaal,\u00a0Paul Rummo,\u00a0Debora Vaarandi,\u00a0Ralf Parve,\u00a0Juhan Smuul,\u00a0Ellen Niit,\u00a0Vladimir Beekman,\u00a0Uno Laht,\u00a0Jaan Kross,\u00a0Ain Kaalep,\u00a0Mats Traat,\u00a0Linda Ruud,\u00a0Paul-Eerik Rummo,\u00a0Arvi Siig,\u00a0Enn Vetemaa,\u00a0Rudolf Rimmel,\u00a0Jaan Kaplinski,\u00a0Hando Runnel.]<\/span><\/span><\/span><\/span><\/span>\n<\/p>\n<p>\n\t<span style=\"font-family: verdana, geneva\"><strong><em><strong><em>Italian<\/em><\/strong><\/em><br>Realismi a cupole d\u2019oro: antologia della poesia contemporanea dell\u2019URSS. Vol 2. I Poeti delle repubbliche baltiche: Estonia, Lettonia e Lituania<\/strong>. A cura di Mario Grasso, Eduardas Me\u017eelajtis, Janis Peters e Paul\u2019-Eerik Rummo. Prova d\u2019Autore, 1987, 404 pp. [Poems by: Artur Alliksaar, Betti Alver, Vladimir Beekman, Viiu H\u00e4rm, Ain Kaalep, Jaan Kaplinski, Doris Kareva, Jaan Kross, Viivi Luik, Uku Masing, Kersti Merilaas, Ellen Niit, Ralf Parve, Paul-Eerik Rummo, Hando Runnel, Arvi Siig, Aleksander Suuman, Mats Traat, Debora Vaarandi, Juhan Viiding.]<br><strong>Poeti Estoni<\/strong>.\u00a0A\u00a0cura di Margherita Guidacci, Vello Salo; introduzione storica di Karl Ristikivi.\u00a0Roma: Edizioni Abete, 1975, 210 pp.\u00a0[Poems by\u00a0Hendrik Adamson,\u00a0Artur Adson,\u00a0Betti Alver,\u00a0Ernst Enno,\u00a0Ivar Gr\u00fcnthal,\u00a0Villem Gr\u00fcnthal-Ridala,\u00a0Anna Haava,\u00a0Ain Kaalep,\u00a0Bernard Kangro,\u00a0Jaan Kaplinski,\u00a0Lydia Koidula,\u00a0Raimond Kolk,\u00a0Friedrich Reinhold Kreutzwald,\u00a0Jaan Kross,\u00a0Ilmar Laaban,\u00a0Kalju Lepik,\u00a0Juhan Liiv,\u00a0Viivi Luik,\u00a0Uku Masing,\u00a0Ellen Niit,\u00a0Kristjan Jaak Peterson,\u00a0Aleksis Rannit,\u00a0Paul-Eerik Rummo,\u00a0Hando Runnel,\u00a0August Sang,\u00a0Gustav Suits,\u00a0Karl Eduard S\u00f6\u00f6t,\u00a0Juhan S\u00fctiste,\u00a0Heiti Talvik,\u00a0Marie Under,\u00a0Johannes Vares-Barbarus,\u00a0Arno Vihalemm,\u00a0Henrik Visnapuu.]<br><strong>Poeti Estoni<\/strong><span>.\u00a0A\u00a0cura di Margherita Guidacci, Vello Salo.\u00a0Roma: Edizioni Abete, 1973, 174 pp.\u00a0[Poems by\u00a0Hendrik Adamson,\u00a0Artur Adson,\u00a0Betti Alver,\u00a0Ernst Enno,\u00a0Ivar Gr\u00fcnthal,\u00a0Villem Gr\u00fcnthal-Ridala,\u00a0Anna Haava,\u00a0Ain Kaalep,\u00a0Bernard Kangro,\u00a0Jaan Kaplinski,\u00a0Lydia Koidula,\u00a0Raimond Kolk,\u00a0Friedrich Reinhold Kreutzwald,\u00a0Jaan Kross,\u00a0Ilmar Laaban,\u00a0Kalju Lepik,\u00a0Juhan Liiv,\u00a0Viivi Luik,\u00a0Uku Masing,\u00a0Ellen Niit,\u00a0Kristjan Jaak Peterson,\u00a0Aleksis Rannit,\u00a0Paul-Eerik Rummo,\u00a0Hando Runnel,\u00a0August Sang,\u00a0Gustav Suits,\u00a0Karl Eduard S\u00f6\u00f6t,\u00a0Juhan S\u00fctiste,\u00a0Heiti Talvik,\u00a0Marie Under,\u00a0Johannes Vares-Barbarus,\u00a0Arno Vihalemm,\u00a0Henrik Visnapuu.]<\/span><\/span>\n<\/p>\n<p>\n\t<span style=\"font-family: verdana, geneva\"><strong><em>Russian<\/em><\/strong><br><strong>\u0410\u043d\u0442\u043e\u043b\u043e\u0433\u0438\u044f \u044d\u0441\u0442\u043e\u043d\u0441\u043a\u043e\u0439 \u043f\u043e\u044d\u0437\u0438\u0438<\/strong>. C\u043e\u0441\u0442\u0430\u0432\u0438\u0442\u0435\u043b\u044c \u0438 \u0440\u0435\u0434\u0430\u043a\u0442\u043e\u0440 \u042d\u043b\u044c\u0432\u0438\u0440\u0430 \u041c\u0438\u0445\u0430\u0439\u043b\u043e\u0432\u0430. A\u0432\u0442. \u0441\u0442. \u0418. \u0411\u0435\u043b\u043e\u0431\u0440\u043e\u0432\u0446\u0435\u0432\u0430 \u0438 \u0434\u0440.\u037e \u0431\u0438\u0431\u043b\u0438\u043e\u0433\u0440. \u041e. \u041a\u0438\u0432\u0438.\u00a0Kodumaa \u2013 \u0420\u043e\u0434\u043d\u043e\u0439 \u0434\u043e\u043c: \u0431\u0438\u0431\u043b\u0438\u043e\u0442\u0435\u043a\u0430 \u044d\u0441\u0442\u043e\u043d\u0441\u043a\u043e\u0439 \u043b\u0438\u0442\u0435\u0440\u0430\u0442\u0443\u0440\u044b.\u00a0\u0422\u0430\u043b\u043b\u0438\u043d\u043d: KPD Kirjastus, 1999. 739 pp. [Foreword \u2018\u0413\u043b\u0430\u0432\u043d\u044b\u0435 \u043d\u0430\u043f\u0440\u0430\u0432\u043b\u0435\u043d\u0438\u044f \u044d\u0441\u0442\u043e\u043d\u0441\u043a\u043e\u0439 \u043f\u043e\u044d\u0437\u0438\u0438\u2019 by Ain Kaalep. Poems by\u00a0Reiner Brockmann, K\u00e4su Hans, Kristian Jaak Peterson, Lydia Koidula, Ado Reinvald, Karl Eduard S\u00f6\u00f6t, Juhan Liiv, Anna Haava, Ernst Enno, Gustav Suits, Villem Gr\u00fcnthal-Ridala, Marie Under, Henrik Visnapuu, Johannes Vares-Barbarus, Johannes Semper, Valmar Adams, Juhan S\u00fctiste, Heiti Talvik, Betti Alver, Bernard Kangro, Uku Masing, August Sang, Kersti Merilaas, Debora Vaarandi, Ralf Parve, Minni Nurme, Juhan Smuul, Ilmar Laaban, Kalju Lepik, Jaan Kross, Ellen Niit, Ain Kaalep, Artur Alliksaar, Paul-Eerik Rummo, Mats Traat, Arvi Siig, Aleksander Suuman, Jaan Kaplinski, Andres Ehin, Hando Runnel, Toomas Liiv, Johnny B. Isotamm, Viivi Luik, Nikolai Baturin, Juhan Viiding, Ene Mihkelson, Doris Kareva, Mari Vallisoo, Ilona Laaman, Indrek Hirv, Hasso Krull.]<br><strong>\u0410\u043d\u0442\u043e\u043b\u043e\u0433\u0438\u044f \u044d\u0441\u0442\u043e\u043d\u0441\u043a\u043e\u0439 \u043f\u043e\u044d\u0437\u0438\u0438: 1637-1987 \u0433<\/strong>. \u0421\u043e\u0441\u0442\u0430\u0432\u0438\u0442\u0435\u043b\u044c \u041b. \u0420\u0443\u0443\u0434, \u042d. \u041c\u0438\u0445\u0430\u0439\u043b\u043e\u0432\u0430; \u043f\u0440\u0435\u0434\u0438\u0441\u043b\u043e\u0432\u0438\u0435 \u0410. \u041a\u0430\u0430\u043b\u0435\u043f\u0430. \u0422\u0430\u043b\u043b\u0438\u043d\u043d: \u042d\u044d\u0441\u0442\u0438 \u0420\u0430\u0430\u043c\u0430\u0442, 1990, 415 pp. [Poems by: Reiner Brockmann, Heinrich G\u00f6seken, Johann Gutslaff, Johann Sebastian Markard, Johann Kohsen, unknown author in 1697, K\u00e4su Hans, Carl Schulten, Carl Gustav von Staden, unknown author in 1779, Berend Heinrich von Tiesenhausen, Joachim Gottlieb Schwabe, Kristian Jaak Peterson, Lydia Koidula, Juhan Liiv, Gustav Suits, Villem Ridala, Marie Under, Henrik Visnapuu, Johannes Barbarus, Heiti Talvik, Betti Alver, August Sang, Kersti Merilaas, Mart Raud, Uku Masing, Juhan S\u00fctiste, Johannes Semper, Valmar Adams, Juhan Smuul, Debora Vaarandi, Ralf Parve, Aira Kaal, Minni Nurme, Uno Laht, Jaan Kross, Ellen Niit, Vladimir Beekman, Artur Alliksaar, Ain Kaalep, Paul Haavaoks, Aleksander Suuman, Arvi Siig, Mats Traat, Nikolai Baturin, Paul-Eerik Rummo, Jaan Kaplinski, Hando Runnel, Viivi Luik, Juhan Viiding, Ene Mihkelson, Doris Kareva, Mari Vallisoo.]<\/span><\/p>\n","protected":false},"excerpt":{"rendered":"<p>In anthologies and\u00a0magazines DutchVan haast naamloze kusten: moderne Estische po\u00ebzie.\u00a0Samengesteld en ingeleid door Paul-Eerik Rummo; uit het Estisch vertaald door Mati Sirkel en Marianne Vogel.\u00a0Leiden : Lantaarn &amp; Slavische Stichting te Leiden, 1989. 46 pp. [Poems by Artur Alliksaar, Betti &#8230;<\/p>\n","protected":false},"author":43,"featured_media":0,"parent":1321,"menu_order":0,"comment_status":"closed","ping_status":"closed","template":"","meta":{"_acf_changed":false,"inline_featured_image":false,"footnotes":""},"class_list":["post-309","page","type-page","status-publish","hentry"],"acf":[],"_links":{"self":[{"href":"https:\/\/sisu.ut.ee\/ewod\/wp-json\/wp\/v2\/pages\/309","targetHints":{"allow":["GET"]}}],"collection":[{"href":"https:\/\/sisu.ut.ee\/ewod\/wp-json\/wp\/v2\/pages"}],"about":[{"href":"https:\/\/sisu.ut.ee\/ewod\/wp-json\/wp\/v2\/types\/page"}],"author":[{"embeddable":true,"href":"https:\/\/sisu.ut.ee\/ewod\/wp-json\/wp\/v2\/users\/43"}],"replies":[{"embeddable":true,"href":"https:\/\/sisu.ut.ee\/ewod\/wp-json\/wp\/v2\/comments?post=309"}],"version-history":[{"count":1,"href":"https:\/\/sisu.ut.ee\/ewod\/wp-json\/wp\/v2\/pages\/309\/revisions"}],"predecessor-version":[{"id":4774,"href":"https:\/\/sisu.ut.ee\/ewod\/wp-json\/wp\/v2\/pages\/309\/revisions\/4774"}],"up":[{"embeddable":true,"href":"https:\/\/sisu.ut.ee\/ewod\/wp-json\/wp\/v2\/pages\/1321"}],"wp:attachment":[{"href":"https:\/\/sisu.ut.ee\/ewod\/wp-json\/wp\/v2\/media?parent=309"}],"curies":[{"name":"wp","href":"https:\/\/api.w.org\/{rel}","templated":true}]}}