{"id":306,"date":"2024-04-03T23:39:38","date_gmt":"2024-04-03T20:39:38","guid":{"rendered":"https:\/\/sisu.ut.ee\/ewod\/nonfiction-et-15\/"},"modified":"2024-04-04T00:10:26","modified_gmt":"2024-04-03T21:10:26","slug":"nonfiction","status":"publish","type":"page","link":"https:\/\/sisu.ut.ee\/ewod\/l\/langemets\/nonfiction\/","title":{"rendered":"Andres Langemets &#8211; non-fiction"},"content":{"rendered":"<p><span style=\"font-family:Verdana,Geneva,sans-serif\"><strong><span style=\"font-size:16px\">In anthologies and magazines<\/span><\/strong><\/span><\/p>\n<p><em><strong>German<\/strong><\/em><br><strong>Ein Gespenst geht um in Europa \u2013 das Gespenst der Kleinv\u00f6lker<\/strong>. \u00dcbersetzung: Mati Sirkel. \u2013 Baltica, no 2, 1992, pp 31-39. [\u2018\u00dcks tont k\u00e4ib ringi m\u00f6\u00f6da Euroopat \u2013 v\u00e4ikerahvaste tont\u2019.]<\/p>\n","protected":false},"excerpt":{"rendered":"<p>In anthologies and magazines GermanEin Gespenst geht um in Europa \u2013 das Gespenst der Kleinv\u00f6lker. \u00dcbersetzung: Mati Sirkel. \u2013 Baltica, no 2, 1992, pp 31-39. [\u2018\u00dcks tont k\u00e4ib ringi m\u00f6\u00f6da Euroopat \u2013 v\u00e4ikerahvaste tont\u2019.]<\/p>\n","protected":false},"author":43,"featured_media":0,"parent":340,"menu_order":0,"comment_status":"closed","ping_status":"closed","template":"","meta":{"_acf_changed":false,"inline_featured_image":false,"footnotes":""},"class_list":["post-306","page","type-page","status-publish","hentry"],"acf":[],"_links":{"self":[{"href":"https:\/\/sisu.ut.ee\/ewod\/wp-json\/wp\/v2\/pages\/306","targetHints":{"allow":["GET"]}}],"collection":[{"href":"https:\/\/sisu.ut.ee\/ewod\/wp-json\/wp\/v2\/pages"}],"about":[{"href":"https:\/\/sisu.ut.ee\/ewod\/wp-json\/wp\/v2\/types\/page"}],"author":[{"embeddable":true,"href":"https:\/\/sisu.ut.ee\/ewod\/wp-json\/wp\/v2\/users\/43"}],"replies":[{"embeddable":true,"href":"https:\/\/sisu.ut.ee\/ewod\/wp-json\/wp\/v2\/comments?post=306"}],"version-history":[{"count":1,"href":"https:\/\/sisu.ut.ee\/ewod\/wp-json\/wp\/v2\/pages\/306\/revisions"}],"predecessor-version":[{"id":4771,"href":"https:\/\/sisu.ut.ee\/ewod\/wp-json\/wp\/v2\/pages\/306\/revisions\/4771"}],"up":[{"embeddable":true,"href":"https:\/\/sisu.ut.ee\/ewod\/wp-json\/wp\/v2\/pages\/340"}],"wp:attachment":[{"href":"https:\/\/sisu.ut.ee\/ewod\/wp-json\/wp\/v2\/media?parent=306"}],"curies":[{"name":"wp","href":"https:\/\/api.w.org\/{rel}","templated":true}]}}