{"id":305,"date":"2024-04-03T23:39:38","date_gmt":"2024-04-03T20:39:38","guid":{"rendered":"https:\/\/sisu.ut.ee\/ewod\/stories-et-46\/"},"modified":"2024-04-04T00:10:26","modified_gmt":"2024-04-03T21:10:26","slug":"stories","status":"publish","type":"page","link":"https:\/\/sisu.ut.ee\/ewod\/t\/tyyr\/stories\/","title":{"rendered":"Kadri T\u00fc\u00fcr &#8211; stories"},"content":{"rendered":"<p><strong><span style=\"font-family: verdana, geneva;font-size: medium\">Books<\/span><\/strong><\/p>\n<p><em><strong><span style=\"font-family: verdana, geneva\">English<\/span><\/strong><\/em><br><span style=\"font-family: verdana, geneva\"><strong>Island angels<\/strong>. Idea, illustrations: Urmas Viik, stories told by Kadri T\u00fc\u00fcr, translated by Juta K\u00f5vamees-Kitching. Tallinn: Post Factum, 2018, 36 pp. [\u2018Muhu inglid\u2019.]<\/span><\/p>\n","protected":false},"excerpt":{"rendered":"<p>Books EnglishIsland angels. Idea, illustrations: Urmas Viik, stories told by Kadri T\u00fc\u00fcr, translated by Juta K\u00f5vamees-Kitching. Tallinn: Post Factum, 2018, 36 pp. [\u2018Muhu inglid\u2019.]<\/p>\n","protected":false},"author":43,"featured_media":0,"parent":295,"menu_order":0,"comment_status":"closed","ping_status":"closed","template":"","meta":{"_acf_changed":false,"inline_featured_image":false,"footnotes":""},"class_list":["post-305","page","type-page","status-publish","hentry"],"acf":[],"_links":{"self":[{"href":"https:\/\/sisu.ut.ee\/ewod\/wp-json\/wp\/v2\/pages\/305","targetHints":{"allow":["GET"]}}],"collection":[{"href":"https:\/\/sisu.ut.ee\/ewod\/wp-json\/wp\/v2\/pages"}],"about":[{"href":"https:\/\/sisu.ut.ee\/ewod\/wp-json\/wp\/v2\/types\/page"}],"author":[{"embeddable":true,"href":"https:\/\/sisu.ut.ee\/ewod\/wp-json\/wp\/v2\/users\/43"}],"replies":[{"embeddable":true,"href":"https:\/\/sisu.ut.ee\/ewod\/wp-json\/wp\/v2\/comments?post=305"}],"version-history":[{"count":1,"href":"https:\/\/sisu.ut.ee\/ewod\/wp-json\/wp\/v2\/pages\/305\/revisions"}],"predecessor-version":[{"id":4770,"href":"https:\/\/sisu.ut.ee\/ewod\/wp-json\/wp\/v2\/pages\/305\/revisions\/4770"}],"up":[{"embeddable":true,"href":"https:\/\/sisu.ut.ee\/ewod\/wp-json\/wp\/v2\/pages\/295"}],"wp:attachment":[{"href":"https:\/\/sisu.ut.ee\/ewod\/wp-json\/wp\/v2\/media?parent=305"}],"curies":[{"name":"wp","href":"https:\/\/api.w.org\/{rel}","templated":true}]}}