{"id":29,"date":"2024-04-03T23:39:16","date_gmt":"2024-04-03T20:39:16","guid":{"rendered":"https:\/\/sisu.ut.ee\/ewod\/suuman\/"},"modified":"2024-04-04T00:11:12","modified_gmt":"2024-04-03T21:11:12","slug":"suuman","status":"publish","type":"page","link":"https:\/\/sisu.ut.ee\/ewod\/s\/suuman\/","title":{"rendered":"Aleksander Suuman"},"content":{"rendered":"<p>\n\t<a href=\"https:\/\/sisu.ut.ee\/ewod\/s\/suuman\/poems\"><strong><span style=\"font-size: medium;font-family: verdana,geneva\">Poems <\/span><\/strong><\/a><a href=\"https:\/\/sisu.ut.ee\/wp-content\/uploads\/sites\/108\/aleksander_suuman_kaljo_raud.jpg\" target=\"_self\" rel=\"noopener\"><img decoding=\"async\" alt=\"Aleksander Suuman\" src=\"https:\/\/sisu.ut.ee\/wp-content\/uploads\/sites\/108\/aleksander_suuman_kaljo_raud.jpg\" style=\"float: right;width: 200px;height: 296px\" title=\"Photo: Kaljo Raud\"><\/a>\n<\/p>\n<p>\n\t<a href=\"https:\/\/sisu.ut.ee\/ewod\/s\/suuman\/about\"><strong><span style=\"font-size: medium;font-family: verdana,geneva\">About Aleksander Suuman<\/span><\/strong><\/a>\n<\/p>\n<p><span style=\"font-size:13px\"><span style=\"font-family:Verdana,Geneva,sans-serif\">Aleksander Suuman (given name Suumann, also known as Suumani Sass; 25. IV 1927 \u2013 19. IV 2003) was a poet and painter, one of the most recognised representatives of the generation of poets of the sixties.<\/span><\/span>\n<\/p>\n<p>\n\t<span style=\"font-size:13px\"><span style=\"font-family:Verdana,Geneva,sans-serif\">He was born at Metsak\u00fcla in Avanduse parish, Virumaa county, and was educated at Simuna and V\u00e4ike-Maarja; he studied painting at the Tartu Institute of Art. He worked as a teacher in Rakvere, at the Tartu Art School and at the State Art Institute in Tallinn. He joined the Writers\u2019 Union in 1967. He was awarded the Order of the White Star, Class V (2001), won the J. Smuul prize in 1981 for the poetry collection <em>Meil siin H\u00fcperboreas<\/em> (\u2018Here in Hyperborea\u2019, 1980) and the Cultural Endowment Annual Award for the collection <em>Tondihobu t\u00f5ugud vetikatega<\/em> (\u2018Emperor Dragonfly Larvae with Algae\u2019, 2002). He died in Tallinn, and is buried in the Metsakalmistu (Forest Cemetery), Tallinn. His sons are the actor, stage director and playwright Toomas Suuman (born 1956) and the artists Aapo Pukk (born 1962) and Imat Suumann (born 1964).<\/span><\/span>\n<\/p>\n<p>\n\t<span style=\"font-size:13px\"><span style=\"font-family:Verdana,Geneva,sans-serif\">He made his debut with poetry in the newspaper <em>Edasi<\/em> in 1962; his first collection <em>Oh seda inimest<\/em> (\u2018Behold the Man\u2019, 1963) appeared on the cassette <em>Noored autorid II<\/em> (\u2018Young authors II\u2019) together with collections by Helgi Muller and Rudolf Rimmel. What is primarily striking about his early poetry is the metaphorical, often visualising experience. The poet\u2019s style plays significantly with his background as an artist. He plays with typographical layout in his text, for example the poem <em>Gooti aken<\/em> (\u2018Gothic Window\u2019), which is shaped like a Gothic window (first printed in <em>Looming<\/em> in 1966). From the beginning he was a strikingly developed and original writer, the themes of whose poetry (a central place being occupied by relations between humans and nature, and the problems of art) have not undergone such great changes as his verse technique and composition have. He was noteworthy as an experimenter, moving from initial free verse through various experiments in form, to modernism.<\/span><\/span>\n<\/p>\n<p>\n\t<span style=\"font-size:13px\"><span style=\"font-family:Verdana,Geneva,sans-serif\">A shift in his creative path may be observed in the collection <em>Valguse kuma sees<\/em> (\u2018Inside the Glow of Light\u2019, 1972), which is dominated by narrative poems. The tone is set by ballads with an ethnographic-folkloristic background, and by extended verse narratives. Mythology and everyday reality are interwoven, and there is a place for humour in it. Among other sources, the material originates from his home territory of Simuna; he has written poetry in the Simuna dialect. The topic of folk poetry has a special place in his earlier collection <em>Kr\u00e4hmukirjad<\/em> (\u2018Stained Letters\u2019, 1966), which uses stylistic elements of folk-songs. His experiences from living at Vilsandi are reflected in the collection <em>Meil siin H\u00fcperboreas<\/em>, which marks a move back to a more lyrical kind of poetry.<\/span><\/span>\n<\/p>\n<p>\n\t<span style=\"font-size:13px\"><span style=\"font-family:Verdana,Geneva,sans-serif\">In his later poetry, starting with the collection <em>Nofretetega metsas<\/em> (\u2018In the Woods with Nefertiti\u2019, 1986), there is a noticeable minimalism in the poems, and both folklore themes and contemporary events are present in the material. Anecdotes play an important part. Modernist elements are found starting from the collection <em>Kui seda metsa ees oleks<\/em> (\u2018If That Forest were Ahead\u2019, 1989). In the nineteen-eighties his poetic language changes both as to form and subject matter, urban themes coming more to the fore. In the nineteen-nineties (such as in the collection <em>Targemat ei ole<\/em> \u2013 \u2018There is no wiser\u2019, 1995) he is to some extent occupied in revising earlier poems.<\/span><\/span>\n<\/p>\n<p>\n\t<span style=\"font-size:13px\"><span style=\"font-family:Verdana,Geneva,sans-serif\">An overview of the development of and changes in Suuman\u2019s poetry is provided by the selection <em>Tondihobu t\u00f5ugud vetikatega<\/em> and a selection compiled by T\u00f5nu \u00d5nnepalu <em>Et valgusest vestelda. Luulet 1957-2003<\/em> (\u2018To Talk About the Light. Poetry 1957-2003\u2019, 2017), which contains both poetry and graphic art by Suuman.<\/span><\/span><\/p>\n<p><em>A. K. (Translated by C. M.)<\/em><\/p>\n<p><strong><span style=\"font-size:16px\"><span style=\"font-family:Verdana,Geneva,sans-serif\">Books in Estonian<\/span><\/span><\/strong>\n<\/p>\n<p>\n\t<span style=\"font-size:13px\"><span style=\"font-family:Verdana,Geneva,sans-serif\"><strong><em>Poems<\/em><\/strong><br><strong>Oh seda inimest<\/strong>. Luuletusi 1957-1963. Tallinn: Eesti Riiklik Kirjastus, 1963, 76 lk.<br><strong>Kr\u00e4hmukirjad<\/strong>. Luulet 1963-1966. Tallinn: Eesti Raamat, 1966,\u00a0 120 lk.<br><strong>Valguse kuma ees<\/strong>. V\u00e4rsslugusid ja luulet 1968-1971. Tallinn: Eesti Raamat, 1972, 119 lk.<br><strong>Maa paistel<\/strong>. Riime ja r\u00fctme 1971-1973. Tallinn: Eesti Raamat, 1975, 132 lk.<br><strong>S\u00f5nad sulavad taevaga \u00fchte<\/strong>. Tallinn: Eesti Raamat, 1977, 164 lk.<br><strong>Meil siin H\u00fcperboreas<\/strong>. Tallinn: Eesti Raamat, 1980, 125 lk.<br><strong>Nofretetega metsas<\/strong>. Tallinn: Eesti Raamat, 1986, 102 lk.<br><strong>Kaunis on kummaline<\/strong>. Tallinn: Eesti Raamat, 1988, 221 lk.<br><strong>Kui seda metsa ees oleks<\/strong>. Tallinn: Eesti Raamat, 1989, 103 lk.<br><strong>Viru viirus<\/strong>. Tallinn, Rakvere: Virumaa Fond, 1992, 80 lk.<br><strong>Maniakk puuris<\/strong>. Tallinn: etf, 1993, 68 lk.<br><strong>Targemat ei ole<\/strong>. Tartu: Elmatar, 1995, 93 lk.<br><strong>Neid enam ei tehta<\/strong>. Tartu: Elmatar, 1997, 73 lk.<br><strong>M\u00e4lestus on metsast rohelisem<\/strong>. Tallinn: Huma, 2000, 95 lk.<br><strong>Tondihobu t\u00f5ugud vetikatega<\/strong>. 1957-2002. Tallinn: Huma, 2002, 318 lk.<br><strong>Et valgusest vestelda<\/strong>. Luulet 1957-2003. Koostanud T\u00f5nu \u00d5nnepalu. Tartu: Ilmamaa, 2017, 557 lk.<\/span><\/span><\/p>\n","protected":false},"excerpt":{"rendered":"<p>Poems About Aleksander Suuman Aleksander Suuman (given name Suumann, also known as Suumani Sass; 25. IV 1927 \u2013 19. IV 2003) was a poet and painter, one of the most recognised representatives of the generation of poets of the sixties. &#8230;<\/p>\n","protected":false},"author":43,"featured_media":0,"parent":697,"menu_order":0,"comment_status":"closed","ping_status":"closed","template":"","meta":{"_acf_changed":false,"inline_featured_image":false,"footnotes":""},"class_list":["post-29","page","type-page","status-publish","hentry"],"acf":[],"_links":{"self":[{"href":"https:\/\/sisu.ut.ee\/ewod\/wp-json\/wp\/v2\/pages\/29","targetHints":{"allow":["GET"]}}],"collection":[{"href":"https:\/\/sisu.ut.ee\/ewod\/wp-json\/wp\/v2\/pages"}],"about":[{"href":"https:\/\/sisu.ut.ee\/ewod\/wp-json\/wp\/v2\/types\/page"}],"author":[{"embeddable":true,"href":"https:\/\/sisu.ut.ee\/ewod\/wp-json\/wp\/v2\/users\/43"}],"replies":[{"embeddable":true,"href":"https:\/\/sisu.ut.ee\/ewod\/wp-json\/wp\/v2\/comments?post=29"}],"version-history":[{"count":1,"href":"https:\/\/sisu.ut.ee\/ewod\/wp-json\/wp\/v2\/pages\/29\/revisions"}],"predecessor-version":[{"id":5039,"href":"https:\/\/sisu.ut.ee\/ewod\/wp-json\/wp\/v2\/pages\/29\/revisions\/5039"}],"up":[{"embeddable":true,"href":"https:\/\/sisu.ut.ee\/ewod\/wp-json\/wp\/v2\/pages\/697"}],"wp:attachment":[{"href":"https:\/\/sisu.ut.ee\/ewod\/wp-json\/wp\/v2\/media?parent=29"}],"curies":[{"name":"wp","href":"https:\/\/api.w.org\/{rel}","templated":true}]}}