{"id":286,"date":"2024-04-03T23:39:36","date_gmt":"2024-04-03T20:39:36","guid":{"rendered":"https:\/\/sisu.ut.ee\/ewod\/meinhardlaks\/"},"modified":"2024-09-10T19:21:25","modified_gmt":"2024-09-10T16:21:25","slug":"meinhardlaks","status":"publish","type":"page","link":"https:\/\/sisu.ut.ee\/ewod\/l\/meinhardlaks\/","title":{"rendered":"Meinhard Laks"},"content":{"rendered":"<h5 class=\"wp-block-heading\"><br><strong><span style=\"font-family: Verdana,Geneva,sans-serif;\"><span style=\"font-size: 16px;\"><a title=\"\" data-url=\"https:\/\/sisu.ut.ee\/ewod\/l\/meinhardlaks\/poems\" href=\"https:\/\/sisu.ut.ee\/ewod\/l\/meinhardlaks\/poems\">Poems<\/a><\/span><\/span><\/strong><\/h5>\n\n\n\n<p><br>Meinhard Laks (14 July 1922 \u2013 4 March 2008) was an educator and poet, the initiator of the idea of Mother Tongue Day, a day of national celebration in Estonia.<\/p>\n\n\n\n<p>Laks was born in Ida-Virumaa County, went to school in Sonda and Rakvere, studied at Rakvere Teachers\u2019 Seminary, Tallinn Teachers\u2019 Institute and Tallinn Pedagogical Institute. He worked at Sonda school as a teacher, director of studies and headmaster. He was an honorary member of the Mother Tongue Society and a founding member of the Estonian Language Protection Association, the initiator and implementer of the Mother Language Day, which is celebrated since 1996 on March 14, on the birthday of the poet <a href=\"https:\/\/sisu.ut.ee\/ewod\/p\/kristianjaak\/\" data-type=\"page\" data-id=\"1574\">Kristian Jaak Peterson<\/a>. Laks received the Order of the White Star, Medal Class, from the President of the Republic of Estonia (2001) and the Estonian Cultural Endowment\u2019s Annual Award of the Folk Culture Endowment (2003) as the initiator of celebrating the Mother Tongue Day. He is buried in Viru-Nigula cemetery.<\/p>\n\n\n\n<p>Meinhard Laks had broad interests, being an artist, an appreciator and promoter of local history, national language and culture. He published the poetry collections <em>Kimp koduk\u00fcla lihtsaid lilli<\/em> (\u2018A Bunch of Simple Flowers from the Home Village\u2019, 1993), <em>Ootaja v\u00e4raval<\/em> (\u2018Waiting at the Gate\u2019, 1997) and <em>Aastaringid: 160 eepilist haikut<\/em> (\u2018Annual Cycles: 160 Epic Haikus\u2019, 2001).<\/p>\n\n\n\n<p><em>A. K. (Translated by I. A.)<\/em><\/p>\n\n\n\n<h5 class=\"wp-block-heading\"><br><strong>Books in Estonian<\/strong><\/h5>\n\n\n\n<p><strong><em>Poetry<\/em><\/strong><br><strong>Kimp koduk\u00fcla lihtsaid lilli<\/strong>: 525 aastat Uljaste k\u00fcla esmamainimisest \u201eTaani hindamisraamatus\u201c 1468\u20131993. Luuletused ja jutud Uljaste k\u00fclast. Sonda: M. Laks, 1993, 13 lk. [J\u00e4rgmised tr\u00fckid: 1993, 1998]<br><strong>Ootaja v\u00e4raval<\/strong>. Sonda: M. Laks, 1997, 20 lk. [2. tr\u00fckk: 2000.]<br><strong>Aastaringid: 160 eepilist haikut<\/strong>. Liivoja, Uljaste, Sonda: M. Laks, 2001, 28 lk.<\/p>\n","protected":false},"excerpt":{"rendered":"<p>Poems Meinhard Laks (14 July 1922 \u2013 4 March 2008) was an educator and poet, the initiator of the idea of Mother Tongue Day, a day of national celebration in Estonia. Laks was born in Ida-Virumaa County, went to school &#8230;<\/p>\n","protected":false},"author":43,"featured_media":0,"parent":631,"menu_order":0,"comment_status":"closed","ping_status":"closed","template":"","meta":{"_acf_changed":false,"inline_featured_image":false,"footnotes":""},"class_list":["post-286","page","type-page","status-publish","hentry"],"acf":[],"_links":{"self":[{"href":"https:\/\/sisu.ut.ee\/ewod\/wp-json\/wp\/v2\/pages\/286","targetHints":{"allow":["GET"]}}],"collection":[{"href":"https:\/\/sisu.ut.ee\/ewod\/wp-json\/wp\/v2\/pages"}],"about":[{"href":"https:\/\/sisu.ut.ee\/ewod\/wp-json\/wp\/v2\/types\/page"}],"author":[{"embeddable":true,"href":"https:\/\/sisu.ut.ee\/ewod\/wp-json\/wp\/v2\/users\/43"}],"replies":[{"embeddable":true,"href":"https:\/\/sisu.ut.ee\/ewod\/wp-json\/wp\/v2\/comments?post=286"}],"version-history":[{"count":2,"href":"https:\/\/sisu.ut.ee\/ewod\/wp-json\/wp\/v2\/pages\/286\/revisions"}],"predecessor-version":[{"id":5422,"href":"https:\/\/sisu.ut.ee\/ewod\/wp-json\/wp\/v2\/pages\/286\/revisions\/5422"}],"up":[{"embeddable":true,"href":"https:\/\/sisu.ut.ee\/ewod\/wp-json\/wp\/v2\/pages\/631"}],"wp:attachment":[{"href":"https:\/\/sisu.ut.ee\/ewod\/wp-json\/wp\/v2\/media?parent=286"}],"curies":[{"name":"wp","href":"https:\/\/api.w.org\/{rel}","templated":true}]}}