{"id":285,"date":"2024-04-03T23:39:36","date_gmt":"2024-04-03T20:39:36","guid":{"rendered":"https:\/\/sisu.ut.ee\/ewod\/booksinfrench\/"},"modified":"2024-04-04T00:10:31","modified_gmt":"2024-04-03T21:10:31","slug":"booksinfrench","status":"publish","type":"page","link":"https:\/\/sisu.ut.ee\/ewod\/folklore\/booksinfrench\/","title":{"rendered":"Estonian folklore &#8211; books in French"},"content":{"rendered":"<p><span style=\"font-family: verdana, geneva\"><strong>L\u2019esprit de la for\u00eat<\/strong>: contes estoniens et seto. Traduit de l\u2019estonien par Eva Toulouze; s\u00e9lectionn\u00e9s et comment\u00e9s par Risto J\u00e4rv. Paris: Jos\u00e9 Corti, 2011, 257 pp. [Stories from \u2018Metsavaimu heategu. Sada eesti muinasjuttu metsast ja meist\u2019.]<\/span><\/p>\n","protected":false},"excerpt":{"rendered":"<p>L\u2019esprit de la for\u00eat: contes estoniens et seto. Traduit de l\u2019estonien par Eva Toulouze; s\u00e9lectionn\u00e9s et comment\u00e9s par Risto J\u00e4rv. Paris: Jos\u00e9 Corti, 2011, 257 pp. [Stories from \u2018Metsavaimu heategu. Sada eesti muinasjuttu metsast ja meist\u2019.]<\/p>\n","protected":false},"author":43,"featured_media":0,"parent":1174,"menu_order":0,"comment_status":"closed","ping_status":"closed","template":"","meta":{"_acf_changed":false,"inline_featured_image":false,"footnotes":""},"class_list":["post-285","page","type-page","status-publish","hentry"],"acf":[],"_links":{"self":[{"href":"https:\/\/sisu.ut.ee\/ewod\/wp-json\/wp\/v2\/pages\/285","targetHints":{"allow":["GET"]}}],"collection":[{"href":"https:\/\/sisu.ut.ee\/ewod\/wp-json\/wp\/v2\/pages"}],"about":[{"href":"https:\/\/sisu.ut.ee\/ewod\/wp-json\/wp\/v2\/types\/page"}],"author":[{"embeddable":true,"href":"https:\/\/sisu.ut.ee\/ewod\/wp-json\/wp\/v2\/users\/43"}],"replies":[{"embeddable":true,"href":"https:\/\/sisu.ut.ee\/ewod\/wp-json\/wp\/v2\/comments?post=285"}],"version-history":[{"count":1,"href":"https:\/\/sisu.ut.ee\/ewod\/wp-json\/wp\/v2\/pages\/285\/revisions"}],"predecessor-version":[{"id":4799,"href":"https:\/\/sisu.ut.ee\/ewod\/wp-json\/wp\/v2\/pages\/285\/revisions\/4799"}],"up":[{"embeddable":true,"href":"https:\/\/sisu.ut.ee\/ewod\/wp-json\/wp\/v2\/pages\/1174"}],"wp:attachment":[{"href":"https:\/\/sisu.ut.ee\/ewod\/wp-json\/wp\/v2\/media?parent=285"}],"curies":[{"name":"wp","href":"https:\/\/api.w.org\/{rel}","templated":true}]}}