{"id":280,"date":"2024-04-03T23:39:36","date_gmt":"2024-04-03T20:39:36","guid":{"rendered":"https:\/\/sisu.ut.ee\/ewod\/kulvet\/"},"modified":"2025-05-10T15:16:58","modified_gmt":"2025-05-10T12:16:58","slug":"kulvet","status":"publish","type":"page","link":"https:\/\/sisu.ut.ee\/ewod\/k\/kulvet\/","title":{"rendered":"Ilmar K\u00fclvet"},"content":{"rendered":"<p><strong><span style=\"font-size: 16px;\"><span style=\"font-family: Verdana,Geneva,sans-serif;\"><a title=\"\" href=\"https:\/\/sisu.ut.ee\/ewod\/k\/kulvet\/plays\" data-url=\"https:\/\/sisu.ut.ee\/ewod\/k\/kulvet\/plays\">Plays <\/a><a href=\"https:\/\/sisu.ut.ee\/wp-content\/uploads\/sites\/108\/ilmar_kulvet.jpg\" target=\"_self\" rel=\"noopener\"><img decoding=\"async\" style=\"float: right; width: 200px; height: 302px;\" src=\"https:\/\/sisu.ut.ee\/wp-content\/uploads\/sites\/108\/ilmar_kulvet_vaike.jpg\" alt=\"Ilmar K\u00fclvet\"><\/a><\/span><\/span><\/strong><\/p>\n\n\n\n<p><a href=\"https:\/\/sisu.ut.ee\/ewod\/k\/kulvet\/about\"><span style=\"font-family: verdana, geneva;\"><strong><span style=\"font-size: medium;\">About Ilmar K\u00fclvet<\/span><\/strong><\/span><\/a><\/p>\n\n\n\n<p>\u00a0<\/p>\n\n\n\n<p><span style=\"font-size: 13px;\"><span style=\"font-family: Verdana,Geneva,sans-serif;\">Ilmar K\u00fclvet (originally Kiilberg, 21. XI 1920 \u2013 27. IV 2002) was a playwright, prose-writer and journalist who lived in Canada and the USA. In his plays, which deal with the problems of exiled intellectuals and Estonian refugees\u2019 attitude to their unattainable homeland, he became one of the most significant playwrights of his generation in exile.<\/span><\/span><\/p>\n\n\n\n<p><span style=\"font-size: 13px;\"><span style=\"font-family: Verdana,Geneva,sans-serif;\">He was born at Keila, the son of a tailor, and attended the Gustav Adolf Gymnasium of Science, where he graduated in 1938. His journalistic career in Estonia began by working on the newspaper <em>Rahvaleht<\/em>. He became a full-time worker on the newspapers <em>Eesti S\u00f5na<\/em> and <em>Rindeleht<\/em> after many professional journalists had been deported to Russia. After leaving his homeland in autumn 1944 he continued as a journalist in the offices of the newspaper <em>Elav S\u00f5na<\/em> in Germany, and from 1953 to 1971 on the journal <em>Kodukolle<\/em> and as editor of the newspaper <em>Vaba Eestlane<\/em> in Canada. From 1971 to 1992 K\u00fclvet worked as a member of the editorial team, as editor-in-chief and deputy director of Estonian broadcasts for the Voice of America radio station in the USA.<\/span><\/span><\/p>\n\n\n\n<p><span style=\"font-size: 13px;\"><span style=\"font-family: Verdana,Geneva,sans-serif;\">He began his literary career with poetry. In the sixties Ilmar K\u00fclvet started writing plays alongside his journalistic work, and later short stories and novels as well. From childhood K\u00fclvet was interested in Norwegian literature, especially Henrik Ibsen. His <em>N\u00e4item\u00e4nguraamat<\/em> (\u2018Book of Plays\u2019), containing five dramas, appeared in 1982. The range of plays embraces farcical comedies and allegorical fools\u2019 plays as well as dramas reflecting the idealism and isolation of refugees. The drama <em>Suletud aken<\/em> (\u2018The Closed Window\u2019), performed in 1979 at the Estonian Theatre in Stockholm, reveals the influence of Tammsaare. In 1990 the Vanemuine theatre staged the play <em>Menning<\/em> (written 1977), depicting the theatre director Karl Menning, who was devoted to art.<\/span><\/span><\/p>\n\n\n\n<p><span style=\"font-size: 13px;\"><span style=\"font-family: Verdana,Geneva,sans-serif;\">The short story collections <em>Kuhu kuulud, Kristjan?<\/em> (\u2018Where Do You Belong, Kristjan?\u2019) and <em>J\u00e4\u00e4karu hingus<\/em> (\u2018Breath of the Polar Bear\u2019) appeared in Stockholm in 1982 and 1986 respectively, and the novels <em>Suupill ja 500 tuubat<\/em> (\u2018Harmonica and 500 Tubas\u2019) and <em>Kes oskab lugeda hierogl\u00fc\u00fcfe?<\/em> (\u2018Who Can Read Hieroglyphs?\u2019) in Lund in 1987 and 1989. In 1996 a selection of his short stories, <em>Gulliveri k\u00e4ek\u00f5rval<\/em> (\u2018Hand In Hand With Gulliver\u2019) was published in Tallinn. K\u00fclvet\u2019s last pieces of short prose were published in the journal <em>Looming<\/em>. His prose reveal problems of resignation, adaptation to the difficulties of life and the search for understanding.<\/span><\/span><\/p>\n\n\n\n<p><span style=\"font-size: 13px;\"><span style=\"font-family: Verdana,Geneva,sans-serif;\">Ilmar K\u00fclvet translated works by John Steinbeck, A.J. Cronin, H. MacLennan and B. Moore from English, and published stories, travel articles, sports commentaries and theatre criticism in periodicals. His work was recognised by the Estonian literature prize of Canada (1969), the Henrik Visnapuu Foundation prize (1982 and 1997) and awards from the cultural weekly <em>Reede<\/em> and the journal <em>Looming<\/em>. For some time he was secretary of the Estonian PEN Club in exile.<\/span><\/span><\/p>\n\n\n\n<p><span style=\"font-size: 13px;\"><span style=\"font-family: Verdana,Geneva,sans-serif;\">Through the works of Ilmar K\u00fclvet the reader and the theatregoer can get an impression of the fates and paths of those Estonians who left their homeland, of their self-awareness in new surroundings, of their rootlessness and their incorporation among foreign people, about the problems they encountered. He was regarded as a bridge-builder between exiles and homeland Estonians. His voice was probably heard through the static of the jammed stations by just about every Estonian living in the Estonian SSR.<\/span><\/span><\/p>\n\n\n\n<p><em><span style=\"font-size: 13px;\"><span style=\"font-family: Verdana,Geneva,sans-serif;\">L. P. (Translated by C. M.)<\/span><\/span><\/em><\/p>\n\n\n\n<p>\u00a0<\/p>\n\n\n\n<p><strong><span style=\"font-size: 16px;\"><span style=\"font-family: Verdana,Geneva,sans-serif;\">Books in Estonian<\/span><\/span><\/strong><\/p>\n\n\n\n<p><span style=\"font-size: 13px;\"><span style=\"font-family: Verdana,Geneva,sans-serif;\"><strong><em>Novels<\/em><\/strong><br><strong>Suupill ja 500 tuubat<\/strong>. Lund: Eesti Kirjanike Kooperatiiv, 1987, 226 lk.<br><strong>Kes oskab lugeda hierogl\u00fc\u00fcfe?<\/strong>. Lund: Eesti Kirjanike Kooperatiiv, 1989, 196 lk.<\/span><\/span><\/p>\n\n\n\n<p><span style=\"font-size: 13px;\"><span style=\"font-family: Verdana,Geneva,sans-serif;\"><strong><em>Short prose<\/em><\/strong><br><strong>Kuhu kuulud, Kristjan? ja teisi jutustusi<\/strong>. Stockholm: V\u00e4lis-Eesti &amp; EMP, 1982, 223 lk.<br><strong>J\u00e4\u00e4karu hingus ja teisi jutustusi<\/strong>. Stockholm: V\u00e4lis-Eesti &amp; EMP, 1986, 212 lk.<br><strong>Gulliveri k\u00e4ek\u00f5rval<\/strong>. K\u00fcmme novelli. Tallinn: Kupar, 1996, 318 lk.<\/span><\/span><\/p>\n\n\n\n<p><span style=\"font-size: 13px;\"><span style=\"font-family: Verdana,Geneva,sans-serif;\"><strong><em>Plays<\/em><\/strong><br><strong>N\u00e4item\u00e4nguraamat<\/strong>. Toronto: K\u00fclvet, 1982 (Mississauga, Ontario: Somerset Graphics). 158 lk.<\/span><\/span><\/p>\n\n\n\n<p><em><strong>Articles and travelogues<\/strong><\/em><br><strong>Vana arm ei roosteta. M\u00e4lestusteos Ilmar K\u00fclveti 85. s\u00fcnniaastap\u00e4evaks<\/strong>. Koostanud Vaike K\u00fclvet; toimetanud ja eess\u00f5na: Piret Noorhani. Tartu: Eesti Kirjandusmuuseum, 2005, 439 lk.<\/p>\n","protected":false},"excerpt":{"rendered":"<p>Plays About Ilmar K\u00fclvet \u00a0 Ilmar K\u00fclvet (originally Kiilberg, 21. XI 1920 \u2013 27. IV 2002) was a playwright, prose-writer and journalist who lived in Canada and the USA. In his plays, which deal with the problems of exiled intellectuals &#8230;<\/p>\n","protected":false},"author":43,"featured_media":0,"parent":498,"menu_order":0,"comment_status":"closed","ping_status":"closed","template":"","meta":{"_acf_changed":false,"inline_featured_image":false,"footnotes":""},"class_list":["post-280","page","type-page","status-publish","hentry"],"acf":[],"_links":{"self":[{"href":"https:\/\/sisu.ut.ee\/ewod\/wp-json\/wp\/v2\/pages\/280","targetHints":{"allow":["GET"]}}],"collection":[{"href":"https:\/\/sisu.ut.ee\/ewod\/wp-json\/wp\/v2\/pages"}],"about":[{"href":"https:\/\/sisu.ut.ee\/ewod\/wp-json\/wp\/v2\/types\/page"}],"author":[{"embeddable":true,"href":"https:\/\/sisu.ut.ee\/ewod\/wp-json\/wp\/v2\/users\/43"}],"replies":[{"embeddable":true,"href":"https:\/\/sisu.ut.ee\/ewod\/wp-json\/wp\/v2\/comments?post=280"}],"version-history":[{"count":2,"href":"https:\/\/sisu.ut.ee\/ewod\/wp-json\/wp\/v2\/pages\/280\/revisions"}],"predecessor-version":[{"id":7201,"href":"https:\/\/sisu.ut.ee\/ewod\/wp-json\/wp\/v2\/pages\/280\/revisions\/7201"}],"up":[{"embeddable":true,"href":"https:\/\/sisu.ut.ee\/ewod\/wp-json\/wp\/v2\/pages\/498"}],"wp:attachment":[{"href":"https:\/\/sisu.ut.ee\/ewod\/wp-json\/wp\/v2\/media?parent=280"}],"curies":[{"name":"wp","href":"https:\/\/api.w.org\/{rel}","templated":true}]}}