{"id":277,"date":"2024-04-03T23:39:36","date_gmt":"2024-04-03T20:39:36","guid":{"rendered":"https:\/\/sisu.ut.ee\/ewod\/talvik\/"},"modified":"2024-04-04T00:10:29","modified_gmt":"2024-04-03T21:10:29","slug":"talvik","status":"publish","type":"page","link":"https:\/\/sisu.ut.ee\/ewod\/t\/talvik\/","title":{"rendered":"Heiti Talvik"},"content":{"rendered":"<p>\n\t<span style=\"font-family: verdana, geneva\"><a href=\"https:\/\/sisu.ut.ee\/ewod\/t\/talvik\/poems\"><strong><span style=\"font-size: medium\">Poems<\/span><\/strong><\/a><a href=\"\/wp-content\/uploads\/sites\/108\/talvik_heiti.jpg\"><strong><span style=\"font-size: medium\"><img loading=\"lazy\" decoding=\"async\" alt=\"Heiti Talvik\" src=\"\/wp-content\/uploads\/sites\/108\/talvik_heiti.jpg\" style=\"float: right\" width=\"300\" height=\"209\"><\/span><\/strong><\/a><\/span>\n<\/p>\n<p>\n\t<span style=\"font-family: verdana, geneva\"><a href=\"https:\/\/sisu.ut.ee\/ewod\/t\/talvik\/about\"><strong><span style=\"font-size: medium\">About Heiti Talvik<\/span><\/strong><\/a><\/span>\n<\/p>\n<p>\u00a0\n<\/p>\n<p>\n\t<span style=\"color:#000000\"><span style=\"font-size:13px\"><span style=\"font-family: verdana, geneva\">Heiti Talvik (09. XI 1904 \u2013 18. VII 1947)\u2014one of the most famous Estonian poets of the twentieth century\u2014was among the generation of Estonian poets writing in the pre-war era of free Estonia.<\/span><\/span><\/span>\n<\/p>\n<p>\n\t<span style=\"color:#000000\"><span style=\"font-size:13px\"><span style=\"font-family: verdana, geneva\">Talvik was born in Tartu. His father was a doctor and his mother a pianist. He had a sister and a brother, the former a talented artist who eventually moved to Sweden. His godmother was the Finnish writer Aino Kallas who was closely connected to Estonia. As a teenager, Talvik attended Treffner Gymnasium but dropped out in 1921 to pursue work as an oil shale miner in Kohtla-J\u00e4rve. While working, he wrote a handful of poems which were published in literary magazines such as <em>Looming <\/em>in<em> <\/em>1924. In 1926, he returned and completed his education in P\u00e4rnu\u2019s night school. He returned to Tartu to study at the Faculty of Philosophy at the University of Tartu and pursued a range of subjects that interested him, primarily Estonian literature, Estonian and comparative folklore and art history. However, since completing his degree was not his main goal and his studies were frequently interrupted, forcing him to take academic breaks\u2014largely because of military service requirements\u2014Talvik remained enrolled at the university until 1934.<\/span><\/span><\/span>\n<\/p>\n<p>\n\t<span style=\"color:#000000\"><span style=\"font-size:13px\"><span style=\"font-family: verdana, geneva\">Upon devoting himself more to his poetry, Talvik began to form several literary connections. The first was his association with the writers group Arbujad (\u2018Soothsayers\u2019) and the second was his eventual marriage to poet and fellow member of Arbujad, Betti Alver, in 1937. They met in 1930, while Alver was still writing primarily prose; with their union, they became one of Estonia\u2019s most famous literary couples. Talvik contributed greatly to Alver\u2019s success as a poet, and she in turn helped preserve his poetry for future generations. Talvik also knew the writer Friedebert Tuglas, who edited several of Talvik\u2019s poems, and even lived in Tuglas\u2019 attic for a time.<\/span><\/span><\/span>\n<\/p>\n<p>\n\t<span style=\"color:#000000\"><span style=\"font-size:13px\"><span style=\"font-family: verdana, geneva\">Talvik was known for his bohemian attitudes and as being a man of culture\u2014select in his interests and living with the bare necessities in order to make time for the subjects that interested him: creative work and reading. For several poets\u2014including Betti Alver\u2014he was a writing mentor and a guide toward a less material life. He often met with fellow intellectuals at the caf\u00e9 Werner next to the university to discuss writing and other creative pursuits. He also hosted an \u201cacademy\u201d in his attic apartment where he led conversations on world literature, often quoting the words of famous authors from his notebook.<\/span><\/span><\/span>\n<\/p>\n<p>\n\t<span style=\"color:#000000\"><span style=\"font-size:13px\"><span style=\"font-family: verdana, geneva\">Talvik was characterized by an idealistic ironic style, first influenced by French writers, such as Baudelaire and Francois Villon, and later by Russian poets, such as Alexander Pushkin and Alexander Blok. He also translated Blok\u2019s poetry. His work has been called prophetic for its time, given the events that transpired in Estonia later.<\/span><\/span><\/span>\n<\/p>\n<p>\n\t<span style=\"color:#000000\"><span style=\"font-size:13px\"><span style=\"font-family: verdana, geneva\">During his lifetime, he unfortunately only published two poetry collections: <em>Palavik<\/em> (\u2018Fever\u2019, 1934) and <em>Kohtup\u00e4ev <\/em>(\u2018Judgement Day\u2019, 1937). The former relied on precise but natural feeling rhymes\u2014classic of the Estonian rhymes of the period\u2014that highlighted a melodious structure. The latter is more existential and perhaps more representative of Talvik\u2019s overall life philosophy\u2014an expression of his core being. Hannes Varblane (2008) notes in <em>Estonian Literary Magazine <\/em>that \u201cTalvik\u2019s leading motif in this collection is the will behind the words.\u201d The focus of \u201cwill\u201d in his poems\u2014stylistically highlighted through capitalization\u2014garners strength through themes of reformation and purification but, most importantly, spiritual growth.<\/span><\/span><\/span>\n<\/p>\n<p>\n\t<span style=\"color:#000000\"><span style=\"font-size:13px\"><span style=\"font-family: verdana, geneva\">Talvik\u2019s intellectual influence, though a milestone for Estonian literature, also attracted the attention of the authorities after annexation of Estonia by the Soviet Union. In 1945 he was arrested by the NKVD (People\u2019s Commissariat for Internal Affairs)<strong> <\/strong>and deported to Siberia\u2019s Tyumen Oblast, where he died in 1947. It is supposed that he never recovered from the three-month long train journey and died of muscle atrophy. The location of his grave remains unknown.<\/span><\/span><\/span>\n<\/p>\n<p>\n\t<span style=\"color:#000000\"><span style=\"font-size:13px\"><span style=\"font-family: verdana, geneva\">As with most Estonian poets of the short independence period\u2014living or dead\u2014during Soviet Occupation, Talvik\u2019s work was not looked upon favorably by the authorities, though it was still lent out in secret by silent protestors. Upon his rehabilitation in 1966 and with the publication of selected works in 1968, his influence regained its momentum and again began to spread to newer generation of poets.<\/span><\/span><\/span>\n<\/p>\n<p>\n\t<span style=\"color:#000000\"><span style=\"font-size:13px\"><span style=\"font-family: verdana, geneva\"><em>M. M.<\/em><\/span><\/span><\/span>\n<\/p>\n<p><span style=\"font-size:16px\"><span style=\"color:#000000\"><strong><span style=\"font-family: verdana, geneva\">Books in Estonian<\/span><\/strong><\/span><\/span>\n<\/p>\n<p>\n\t<span style=\"color:#000000\"><span style=\"font-size:13px\"><em><strong><span style=\"font-family: verdana, geneva\">Poems<\/span><\/strong><\/em><br><span style=\"font-family: verdana, geneva\"><strong>Palavik: luuletusi 1924-1934<\/strong>. Tartu: Kammissepad, 1934, 52 lk. [E-raamat: Tallinn; Digira, 2014.]<\/span><br><span style=\"font-family: verdana, geneva\"><strong>Kohtup\u00e4ev<\/strong>. Tartu: Eesti Kirjanikkude Liit, 1937, 63 lk. [E-raamat: Tallinn; Digira, 2014.]<\/span><br><span style=\"font-family: verdana, geneva\"><strong>Kogutud luuletused<\/strong>. Stockholm: Vaba Eesti, 1957, 144 lk.<\/span><br><span style=\"font-family: verdana, geneva\"><strong>Heiti Talvik<\/strong>. Tallinn: Eesti Raamat, 1968, 95 lk. [Sari \u2019V\u00e4ike luuleraamat\u2019.]<\/span><br><span style=\"font-family: verdana, geneva\"><strong>Luuletused<\/strong>. Koostanud Karl Muru. Tallinn: Eesti Raamat, 1988, 166 lk.<\/span><br><span style=\"font-family: verdana, geneva\"><strong>Legendaarne<\/strong>. Koostanud Karl Muru ja Hando Runnel. Tartu: Ilmamaa, 2004, 303 lk. [Kogutud luuletused, valik Heiti Talviku arvustusi, esseesid ja kirju ning m\u00f5ningaid k\u00e4sitlusi Heiti Talviku ja tema luule kohta. 2., parandatud tr\u00fckk: Tartu: Ilmamaa, 2007, 303 lk.]<\/span><br><span style=\"font-family: verdana, geneva\"><strong>Mu s\u00fcdamelt murti pitsat: luuletused<\/strong>. Koostanud ja j\u00e4rels\u00f5na: Karl Muru. Tallinn: T\u00e4nap\u00e4ev, 2006, 115 lk.<\/span><\/span><\/span>\n<\/p>\n<p>\n\t<span style=\"color:#000000\"><span style=\"font-size:13px\"><strong><em><span style=\"font-family: verdana, geneva\">Non-fiction<\/span><\/em><\/strong><br><span style=\"font-family: verdana, geneva\"><strong>Legendaarne<\/strong>. Koostanud Karl Muru ja Hando Runnel. Tartu: Ilmamaa, 2004, 303 lk. [Kogutud luuletused, valik Heiti Talviku arvustusi, esseesid ja kirju ning m\u00f5ningaid k\u00e4sitlusi Heiti Talviku ja tema luule kohta. 2., parandatud tr\u00fckk: Tartu: Ilmamaa, 2007, 303 lk.]<\/span><\/span><\/span><\/p>\n","protected":false},"excerpt":{"rendered":"<p>Poems About Heiti Talvik \u00a0 Heiti Talvik (09. XI 1904 \u2013 18. VII 1947)\u2014one of the most famous Estonian poets of the twentieth century\u2014was among the generation of Estonian poets writing in the pre-war era of free Estonia. Talvik was &#8230;<\/p>\n","protected":false},"author":43,"featured_media":0,"parent":709,"menu_order":0,"comment_status":"closed","ping_status":"closed","template":"","meta":{"_acf_changed":false,"inline_featured_image":false,"footnotes":""},"class_list":["post-277","page","type-page","status-publish","hentry"],"acf":[],"_links":{"self":[{"href":"https:\/\/sisu.ut.ee\/ewod\/wp-json\/wp\/v2\/pages\/277","targetHints":{"allow":["GET"]}}],"collection":[{"href":"https:\/\/sisu.ut.ee\/ewod\/wp-json\/wp\/v2\/pages"}],"about":[{"href":"https:\/\/sisu.ut.ee\/ewod\/wp-json\/wp\/v2\/types\/page"}],"author":[{"embeddable":true,"href":"https:\/\/sisu.ut.ee\/ewod\/wp-json\/wp\/v2\/users\/43"}],"replies":[{"embeddable":true,"href":"https:\/\/sisu.ut.ee\/ewod\/wp-json\/wp\/v2\/comments?post=277"}],"version-history":[{"count":1,"href":"https:\/\/sisu.ut.ee\/ewod\/wp-json\/wp\/v2\/pages\/277\/revisions"}],"predecessor-version":[{"id":4791,"href":"https:\/\/sisu.ut.ee\/ewod\/wp-json\/wp\/v2\/pages\/277\/revisions\/4791"}],"up":[{"embeddable":true,"href":"https:\/\/sisu.ut.ee\/ewod\/wp-json\/wp\/v2\/pages\/709"}],"wp:attachment":[{"href":"https:\/\/sisu.ut.ee\/ewod\/wp-json\/wp\/v2\/media?parent=277"}],"curies":[{"name":"wp","href":"https:\/\/api.w.org\/{rel}","templated":true}]}}