{"id":276,"date":"2024-04-03T23:39:36","date_gmt":"2024-04-03T20:39:36","guid":{"rendered":"https:\/\/sisu.ut.ee\/ewod\/kareva\/"},"modified":"2024-11-04T12:46:53","modified_gmt":"2024-11-04T10:46:53","slug":"kareva","status":"publish","type":"page","link":"https:\/\/sisu.ut.ee\/ewod\/k\/kareva\/","title":{"rendered":"Doris Kareva"},"content":{"rendered":"<h5 class=\"wp-block-heading\"><br><span style=\"font-family: verdana, geneva; font-size: medium;\"><a href=\"https:\/\/sisu.ut.ee\/ewod\/k\/kareva\/poems\"><span style=\"line-height: 1.6em;\"><strong>Poems<\/strong><\/span><\/a><a style=\"line-height: 1.6em;\" href=\"\/wp-content\/uploads\/sites\/108\/kareva_doris_alar_madissoni_foto.jpg\"><img loading=\"lazy\" decoding=\"async\" title=\"Photo by Alar Madisson\" width=\"200\" height=\"297\" style=\"float: right;\" src=\"\/wp-content\/uploads\/sites\/108\/doris_kareva_2_foto_alar_madisson.jpg\" alt=\"Doris_Kareva_Photo_Alar_Madisson\"><\/a><\/span><\/h5>\n\n\n\n<h5 class=\"wp-block-heading\"><span style=\"font-family: verdana, geneva; font-size: medium;\"><a href=\"https:\/\/sisu.ut.ee\/ewod\/k\/kareva\/nonfiction\"><strong>Non-fiction<\/strong><\/a><\/span><\/h5>\n\n\n\n<h5 class=\"wp-block-heading\"><span style=\"font-family: verdana, geneva; font-size: medium;\"><a href=\"https:\/\/sisu.ut.ee\/ewod\/k\/kareva\/about\"><strong>About Doris Kareva<\/strong><\/a><\/span><\/h5>\n\n\n\n<p><br><span style=\"font-family: verdana, geneva;\"><span style=\"font-size: small;\">Doris Kareva (b. 28. XI 1958 in Tallinn into the family of composer Hillar Kareva) is an Estonian poet and translator.\u00a0<\/span><\/span><\/p>\n\n\n\n<p><span style=\"font-family: verdana, geneva; font-size: small;\">In 1977, she finished at Tallinn 7th Secondary School and entered the Faculty of Philology at the University of Tartu only to leave two years later because of political pressure. She then went to work at the newspaper Sirp ja Vasar as a proofreader and then later as a poetry editor. She completed her degree in English philology at the University of Tartu in 1983 via distant learning.<\/span><\/p>\n\n\n\n<p><span style=\"font-family: verdana, geneva; font-size: small;\">Doris Kareva has worked as the literary editor of the newspaper Sirp from 1997-2002 and 2011-2013, as editor-in-chief of the magazine Meie Pere from 2009-2010, and secretary general of the UNESCO National Commission of Estonia (1992-2008). Since 1982, she has been a member of the Estonian Writers\u2019 Union. She was one of the founders of the literary group Wellesto.<\/span><\/p>\n\n\n\n<p><span style=\"font-family: verdana, geneva; font-size: small;\">Doris Kareva\u2019s first poem was published in the late 1960s in the school almanac <em>Tr\u00fckit\u00e4hed<\/em>. She gained fame in the 1970s with the published poems in the journal Noorus and in 1977 collection <em>Viis t\u00fcdrukut ja kaheksa poissi<\/em> (\u2018Five Girls and Eight Boys\u2019).<\/span><\/p>\n\n\n\n<p><span style=\"font-family: verdana, geneva; font-size: small;\">Kareva\u2019s work is discreetly soulful, emotionally lyrical, and strongly spiritual. It is characterized by a vision that is contemplative, introspective, and highly realistic but sometimes hallucinatory, leaving an overall sacral impression. Her initial social critique was replaced later by philosophical existentialism. She has been called one of the most sensitive practitioners of high poetry, whose verses are like musical compositions. Her early poetry was influenced by J\u00fcri \u00dcdi and Jaak J\u00f5er\u00fc\u00fct, but her later work is simply called \u2018karevalian\u2019, which indicates that she has created her own separate chapter in the history of Estonian poetry.<\/span><\/p>\n\n\n\n<p><span style=\"font-family: verdana, geneva; font-size: small;\">In 1991, Kareva was awarded the Juhan Liiv Poetry Prize for her poetry cycle <em>P\u00fchitsus<\/em> (\u2018Sanctification\u2019); in 1991 and 1993, she won the Looming Poetry Prize from the journal of the same name. In 1993, she received the Estonian National Culture Award for her poetry collection <em>Maailma asemel<\/em> (\u2018Instead of the World\u2019), which she in turn used to found the \u00d5lek\u00f5rs (\u2019The Last Resort\u2019) Scholarship to sponsor young novice poets. In 2001, she was awarded the Order of the White Star, IV Class; in 2003, the Eduard Vilde Prize for her poetry collection <em>Mandragora<\/em>; and in 2006, the Estonian National Culture\u00a0Award for her poetry collection <em>Aja kuju<\/em> (\u2018The Shape of Time\u2019). Lastly, in 2007, she received the Estonian Cultural Endowment Scholarship <em>Ela ja s\u00e4ra<\/em>.<\/span><\/p>\n\n\n\n<p><span style=\"font-family: verdana, geneva; font-size: small;\">Doris Kareva\u2019s work has been published in several anthologies, adapted for the theater and stage reading, and translated into nearly twenty languages. She herself has also compiled thematic collections of Estonian poetry.<\/span><\/p>\n\n\n\n<p><span style=\"font-family: verdana, geneva; font-size: small;\">As a translator, Kareva has translated classical and modern classical literature, including work by Anna Akhmatova, Samuel Beckett, Emily Dickinson, Kahlil Gibran, Rumi, and William Shakespeare. She has stayed in at least eight countries on a visiting scholarship and compiled introductory works to Estonian culture, which have also been translated into foreign languages.\u00a0<\/span><\/p>\n\n\n\n<p><em><span style=\"font-family: verdana, geneva; font-size: small;\">M. K. (Translated by M. M.)<\/span><\/em><\/p>\n\n\n\n<p><span style=\"font-family: verdana, geneva;\"><strong><span style=\"font-size: medium;\">Books in Estonian<\/span><\/strong><\/span><\/p>\n\n\n\n<p><span style=\"font-family: verdana, geneva;\"><strong><em>Poems<\/em><\/strong><br><strong>P\u00e4evapildid<\/strong>. Tallinn: Eesti Raamat, 1978, 51 lk.<\/span><br><span style=\"font-family: verdana, geneva;\"><strong>\u00d6\u00f6pildid<\/strong>. Tallinn: Eesti Raamat, 1980, 64 lk.<\/span><br><span style=\"font-family: verdana, geneva;\"><strong>Puudutus<\/strong>. Tallinn: Eesti Raamat, 1981, 48 lk.<\/span><br><span style=\"font-family: verdana, geneva;\"><strong>Salateadvus<\/strong>. Tallinn: Eesti Raamat, 1983, 47 lk.<\/span><br><span style=\"font-family: verdana, geneva;\"><strong>Vari ja viiv<\/strong>. Tallinn: Eesti Raamat, 1986, 79 lk.<\/span><br><span style=\"font-family: verdana, geneva;\"><strong>Armuaeg<\/strong>. Tallinn: Eesti Raamat, 1991, 256 lk.<\/span><br><span style=\"font-family: verdana, geneva;\"><strong>Maailma asemel<\/strong>. Tallinn: Perioodika (Loomingu Raamatukogu), 1992, 45 lk. [2. tr\u00fckk: Tallinn: Verb, 2014, 74 lk].<\/span><br><span style=\"font-family: verdana, geneva;\"><strong>Kuuhobune<\/strong>. Tallinn: Eesti Raamat, 1991, 21 lk. [Lasteluuletus. 2. tr\u00fckk: Tallinn: SP Muusika, 2002, 20 lk.]<\/span><br><span style=\"font-family: verdana, geneva;\">Doris Kareva, Marina Tervonen,<strong> Kammertoon = \u041a\u0430\u043c\u0435\u0440\u0442\u043e\u043d<\/strong>. Eess\u00f5na: Rein Veidemann. Tallinn: 1997, 126 lk. [Paralleeltekst eesti ja vene keeles.]<\/span><br><span style=\"font-family: verdana, geneva;\"><strong>Hingring<\/strong>. Tallinn: Huma, 1997, 96 lk.<\/span><br><span style=\"font-family: verdana, geneva;\"><strong>Mandragora<\/strong>. Tallinn: Huma, 2002, 110 lk.<\/span><br><span style=\"font-family: verdana, geneva;\"><strong>Aja kuju<\/strong>. Tallinn: Verb, 2005, 110 lk.<\/span><br><span style=\"font-family: verdana, geneva;\"><strong>T\u00e4hendused<\/strong>. Koostaja Kerti Tergem. Tallinn: Verb, 2007, 119 lk.<\/span><br><span style=\"font-family: verdana, geneva;\"><strong>L\u00f5ige<\/strong>. Tallinn: Verb, 2007, 54 lk.<\/span><br><span style=\"font-family: verdana, geneva;\"><strong>Deka: ilmunud ja ilmumata luulet 1975-2007<\/strong>. Tallinn: Verb, 2008, 326 lk.<\/span><br><span style=\"font-family: verdana, geneva;\"><strong>S\u00f5na on s\u00f5rm, mis osutab vaikuse v\u00e4ele<\/strong>. Loeb Doris Kareva; re\u017eiss\u00f6\u00f6r Urmas Vadi; helire\u017eiss\u00f6\u00f6r K\u00fclli T\u00fcli. Tallinn: Eesti Rahvusringh\u00e4\u00e4ling, 2008. [Audioraamat: 2 CD-d, 1 t 28 min. Sisaldab luuletusi kogudest \u2019Armuaeg\u2019, \u2019Maailma asemel\u2019, \u2019Hingring\u2019, \u2019Mandragora\u2019, \u2019Aja kuju\u2019 ja \u2019L\u00f5ige\u2019.]<\/span><br><span style=\"font-family: verdana, geneva;\"><strong>Olematuse aiad<\/strong>. Tallinn: Verb, 2012, 95 lk.<\/span><br><span style=\"font-family: verdana, geneva;\">Doris Kareva, J\u00fcrgen Rooste, <strong>Elutants<\/strong>. Tallinn: Verb, 2013, 111 lk.<\/span><br><span style=\"font-family: verdana, geneva;\"><strong>Perekonnaalbum<\/strong>. Tallinn: Verb, 2015, 88 lk.<br><strong>Unes n\u00e4gin ma Eestimaad: kohavaip<\/strong>. Kloogaranna: Huma, 2018, 92 lk.<\/span><\/p>\n\n\n\n<p><span style=\"font-family: verdana, geneva;\"><strong><em>Short stories<\/em><\/strong><\/span><br><span style=\"font-family: verdana, geneva;\"><strong>Sa pole \u00fcksi: lood<\/strong>. Tallinn: Verb, 2011, 224 lk.<\/span><\/p>\n\n\n\n<p><span style=\"font-family: verdana, geneva;\"><em><strong>Non-fiction<\/strong><\/em><br><strong>Ilmaring = Shifting realms<\/strong>. T\u00f5lkinud Kadre Vaik. Fotod: Olga Makina, Herkki-Erich Merila ja Madis Palm. Tallinn: Pilgrim, 2004, 58 lk. [Portreeraamat erinevatest eesti naistest. Paralleeltekst inglise keeles.]<\/span><\/p>\n","protected":false},"excerpt":{"rendered":"<p>Poems Non-fiction About Doris Kareva Doris Kareva (b. 28. XI 1958 in Tallinn into the family of composer Hillar Kareva) is an Estonian poet and translator.\u00a0 In 1977, she finished at Tallinn 7th Secondary School and entered the Faculty of &#8230;<\/p>\n","protected":false},"author":43,"featured_media":0,"parent":498,"menu_order":0,"comment_status":"closed","ping_status":"closed","template":"","meta":{"_acf_changed":false,"inline_featured_image":false,"footnotes":""},"class_list":["post-276","page","type-page","status-publish","hentry"],"acf":[],"_links":{"self":[{"href":"https:\/\/sisu.ut.ee\/ewod\/wp-json\/wp\/v2\/pages\/276","targetHints":{"allow":["GET"]}}],"collection":[{"href":"https:\/\/sisu.ut.ee\/ewod\/wp-json\/wp\/v2\/pages"}],"about":[{"href":"https:\/\/sisu.ut.ee\/ewod\/wp-json\/wp\/v2\/types\/page"}],"author":[{"embeddable":true,"href":"https:\/\/sisu.ut.ee\/ewod\/wp-json\/wp\/v2\/users\/43"}],"replies":[{"embeddable":true,"href":"https:\/\/sisu.ut.ee\/ewod\/wp-json\/wp\/v2\/comments?post=276"}],"version-history":[{"count":2,"href":"https:\/\/sisu.ut.ee\/ewod\/wp-json\/wp\/v2\/pages\/276\/revisions"}],"predecessor-version":[{"id":5721,"href":"https:\/\/sisu.ut.ee\/ewod\/wp-json\/wp\/v2\/pages\/276\/revisions\/5721"}],"up":[{"embeddable":true,"href":"https:\/\/sisu.ut.ee\/ewod\/wp-json\/wp\/v2\/pages\/498"}],"wp:attachment":[{"href":"https:\/\/sisu.ut.ee\/ewod\/wp-json\/wp\/v2\/media?parent=276"}],"curies":[{"name":"wp","href":"https:\/\/api.w.org\/{rel}","templated":true}]}}