{"id":272,"date":"2024-04-03T23:39:35","date_gmt":"2024-04-03T20:39:35","guid":{"rendered":"https:\/\/sisu.ut.ee\/ewod\/povedz\/"},"modified":"2024-04-04T00:10:33","modified_gmt":"2024-04-03T21:10:33","slug":"povedz","status":"publish","type":"page","link":"https:\/\/sisu.ut.ee\/ewod\/anthologies\/povedz\/","title":{"rendered":"Povedz mi, more"},"content":{"rendered":"<p><strong><span style=\"font-family: verdana, geneva\">Povedz mi, more: antol\u00f3gia est\u00f3nskych poviedok. Zostavil a doslov nap\u00edsal Endel Mallene; prelo\u017eila Viera Hegerova; ilustr\u00e1cie Kl\u00e1ra \u0160m\u00eddov\u00e1. Bratislava: Slovensky spisovatel, 1988, 230 pp.\u00a0<\/span><\/strong><\/p>\n<p><strong><span style=\"font-family: verdana, geneva\">Contents:<\/span><\/strong><\/p>\n<p><span style=\"font-family: verdana, geneva\">Aadu Hint, <strong>Posledn\u00fd morsk\u00fd pir\u00e1t<\/strong>. [\u2019Viimane vandiraiuja\u2019.]<\/span><br><span style=\"font-family: verdana, geneva\">Paul Kuusberg, <strong>Pruhovan\u00fd koc\u00far Murko\u2026<\/strong>. [\u2019Meie kiisul kriimud silmad\u2019\u2026.]<\/span><br><span style=\"font-family: verdana, geneva\">Juhan Peegel, <strong>Zbehovia<\/strong>. [\u2019V\u00e4ekargajad\u2019.]<\/span><br><span style=\"font-family: verdana, geneva\">Lilli Prometov\u00e1, <strong>Kvap\u00f4\u010dka<\/strong>. [\u2019Taputilgake\u2019.]<\/span><br><span style=\"font-family: verdana, geneva\">Lilli Prometov\u00e1, <strong>L\u00e1ska<\/strong>. [\u2019Armastus\u2019.]<\/span><br><span style=\"font-family: verdana, geneva\">Arvo Valton, <strong>Mu\u017e so zelen\u00fdm plecniakom<\/strong>. [\u2019Rohelise seljakotiga mees\u2019.]<\/span><br><span style=\"font-family: verdana, geneva\">Mats Traat, <strong>Mlyn detstva<\/strong>. [\u2019M\u00e4nguveski\u2019.]<\/span><br><span style=\"font-family: verdana, geneva\">Rein Saluri, <strong>Susedia<\/strong>. [\u2019\u00dcleaedsed\u2019.]<\/span><br><span style=\"font-family: verdana, geneva\">J\u00fcri Tuulik, <strong>Osika<\/strong>. [\u2019Haab\u2019.]<\/span><br><span style=\"font-family: verdana, geneva\">\u00dclo Tuulik, <strong>Noc<\/strong>. [\u2019\u00d6\u00f6\u2019.]<\/span><br><span style=\"font-family: verdana, geneva\">Jaan Kruusvall, <strong>Mesiac<\/strong>. [\u2019Kuu\u2019.]<\/span><br><span style=\"font-family: verdana, geneva\">Teet Kallas, <strong>Sm\u00fati\u0165 za fjordmi<\/strong>. [\u2019Fjordiigatsus\u2019.]<\/span><br><span style=\"font-family: verdana, geneva\">Mati Unt, <strong>Na koni cez Bodamsk\u00e9 jazero<\/strong>. [\u2019Ratsa \u00fcle Bodeni j\u00e4rve\u2019.]<\/span><br><span style=\"font-family: verdana, geneva\">Toomas Vint, <strong>Mal\u00fd chlap\u010dek v no\u010dnom dome<\/strong>. [\u2019V\u00e4iksena \u00f6ises majas\u2019.]<\/span><br><span style=\"font-family: verdana, geneva\">Mari Saatov\u00e1, <strong>Tajn\u00fd pudl\u00edk<\/strong>. [\u2019Salapuudel\u2019.]<\/span><br><span style=\"font-family: verdana, geneva\">Jaak J\u00f5er\u00fc\u00fct, <strong>Nezabudnute\u013en\u00e1 pani von Oberlinov\u00e1<\/strong>. [\u2019Unustamatu proua Oberlin\u2019.]<\/span><br><span style=\"font-family: verdana, geneva\">Mihkel Mutt, <strong>My fair <em>slum<\/em><\/strong>. [\u2019Minu veetlev slum\u2019.]<\/span><br><span style=\"font-family: verdana, geneva\">Endel Mallene, Slovo na z\u00e1ver.<\/span><br><span style=\"font-family: verdana, geneva\">Vladimir Macura, Pozn\u00e1mky o autoroch.<\/span><\/p>\n","protected":false},"excerpt":{"rendered":"<p>Povedz mi, more: antol\u00f3gia est\u00f3nskych poviedok. Zostavil a doslov nap\u00edsal Endel Mallene; prelo\u017eila Viera Hegerova; ilustr\u00e1cie Kl\u00e1ra \u0160m\u00eddov\u00e1. Bratislava: Slovensky spisovatel, 1988, 230 pp.\u00a0 Contents: Aadu Hint, Posledn\u00fd morsk\u00fd pir\u00e1t. [\u2019Viimane vandiraiuja\u2019.]Paul Kuusberg, Pruhovan\u00fd koc\u00far Murko\u2026. [\u2019Meie kiisul kriimud silmad\u2019\u2026.]Juhan &#8230;<\/p>\n","protected":false},"author":43,"featured_media":0,"parent":1214,"menu_order":0,"comment_status":"closed","ping_status":"closed","template":"","meta":{"_acf_changed":false,"inline_featured_image":false,"footnotes":""},"class_list":["post-272","page","type-page","status-publish","hentry"],"acf":[],"_links":{"self":[{"href":"https:\/\/sisu.ut.ee\/ewod\/wp-json\/wp\/v2\/pages\/272","targetHints":{"allow":["GET"]}}],"collection":[{"href":"https:\/\/sisu.ut.ee\/ewod\/wp-json\/wp\/v2\/pages"}],"about":[{"href":"https:\/\/sisu.ut.ee\/ewod\/wp-json\/wp\/v2\/types\/page"}],"author":[{"embeddable":true,"href":"https:\/\/sisu.ut.ee\/ewod\/wp-json\/wp\/v2\/users\/43"}],"replies":[{"embeddable":true,"href":"https:\/\/sisu.ut.ee\/ewod\/wp-json\/wp\/v2\/comments?post=272"}],"version-history":[{"count":1,"href":"https:\/\/sisu.ut.ee\/ewod\/wp-json\/wp\/v2\/pages\/272\/revisions"}],"predecessor-version":[{"id":4811,"href":"https:\/\/sisu.ut.ee\/ewod\/wp-json\/wp\/v2\/pages\/272\/revisions\/4811"}],"up":[{"embeddable":true,"href":"https:\/\/sisu.ut.ee\/ewod\/wp-json\/wp\/v2\/pages\/1214"}],"wp:attachment":[{"href":"https:\/\/sisu.ut.ee\/ewod\/wp-json\/wp\/v2\/media?parent=272"}],"curies":[{"name":"wp","href":"https:\/\/api.w.org\/{rel}","templated":true}]}}