{"id":269,"date":"2024-04-03T23:39:35","date_gmt":"2024-04-03T20:39:35","guid":{"rendered":"https:\/\/sisu.ut.ee\/ewod\/poems-et-34\/"},"modified":"2024-04-04T00:10:32","modified_gmt":"2024-04-03T21:10:32","slug":"poems","status":"publish","type":"page","link":"https:\/\/sisu.ut.ee\/ewod\/s\/sommer\/poems\/","title":{"rendered":"Lauri Sommer &#8211; poems"},"content":{"rendered":"<p><span style=\"font-size: medium\"><strong><span style=\"font-family: verdana, geneva\">In anthologies and magazines<\/span><\/strong><\/span><\/p>\n<p><strong><em><span style=\"font-family: verdana, geneva\">English<br><\/span><\/em><\/strong><span style=\"font-family: verdana, geneva\"><strong>Five hours away: Nordic Poetry Festival, [young Estonians poetry experience: April 20], 2001, Tallinn = Viie tunni tee: P\u00f5hjamaade luulefestival, [Eesti noorte luulekogemus: 20. aprill] 2001, Tallinn<\/strong>. Translated by Tiina Laats, design: Andro K\u00fc\u00fcn. Tallinn: P\u00f5hjamaade Ministrite N\u00f5ukogu Tallinna Infob\u00fcroo, 2001, 60 pp. [Poems by: Vahur Afanasjev, Kristiina Ehin, fs, Mehis Heinsaar, Aapo Ilves, Jan Kaus, Marko Kompus, Kalju Kruusa, Asko K\u00fcnnap, Fagira D. Morti, Veiko M\u00e4rka, Aare Pilv, Juku-Kalle Raid, J\u00fcrgen Rooste, Olavi Ruitlane, Karl Martin Sinij\u00e4rv, Lauri Sommer, Elo Viiding, Wimberg.]<\/span><span style=\"font-family: verdana, geneva\"><\/span><\/p>\n<p><strong><em><span style=\"font-family: verdana, geneva\">Hungarian<\/span><\/em><\/strong><br><span style=\"font-family: verdana, geneva\"><strong>Pluralica, no 1-2, 2009<\/strong>. [See\u00a0<a href=\"https:\/\/sisu.ut.ee\/ewod\/anthologies\/pluralica\"><strong>contents<\/strong><\/a>\u00a0of the special issue of contemporary Estonian literature.]<\/span><\/p>\n<p><span style=\"font-family: verdana, geneva\"><strong><em>Swedish<\/em><\/strong><br><strong>Ord fr\u00e5n Estland<\/strong><span>. Translated by Kalli Klement.\u00a0<\/span><span>[Oslo]: Norden (Nordiska Ministerr\u00e5det), [2004?], 78 pp. [Poems by Kristiina Ehin, fs, Jan Kaus, Asko K\u00fcnnap, Aare Pilv, Lauri Sommer and Elo Viiding.\u00a0<\/span><span>Includes CD where the poets read their verses in Estonian.<\/span><span>]<\/span><br><\/span><\/p>\n","protected":false},"excerpt":{"rendered":"<p>In anthologies and magazines EnglishFive hours away: Nordic Poetry Festival, [young Estonians poetry experience: April 20], 2001, Tallinn = Viie tunni tee: P\u00f5hjamaade luulefestival, [Eesti noorte luulekogemus: 20. aprill] 2001, Tallinn. Translated by Tiina Laats, design: Andro K\u00fc\u00fcn. Tallinn: P\u00f5hjamaade &#8230;<\/p>\n","protected":false},"author":43,"featured_media":0,"parent":1752,"menu_order":0,"comment_status":"closed","ping_status":"closed","template":"","meta":{"_acf_changed":false,"inline_featured_image":false,"footnotes":""},"class_list":["post-269","page","type-page","status-publish","hentry"],"acf":[],"_links":{"self":[{"href":"https:\/\/sisu.ut.ee\/ewod\/wp-json\/wp\/v2\/pages\/269","targetHints":{"allow":["GET"]}}],"collection":[{"href":"https:\/\/sisu.ut.ee\/ewod\/wp-json\/wp\/v2\/pages"}],"about":[{"href":"https:\/\/sisu.ut.ee\/ewod\/wp-json\/wp\/v2\/types\/page"}],"author":[{"embeddable":true,"href":"https:\/\/sisu.ut.ee\/ewod\/wp-json\/wp\/v2\/users\/43"}],"replies":[{"embeddable":true,"href":"https:\/\/sisu.ut.ee\/ewod\/wp-json\/wp\/v2\/comments?post=269"}],"version-history":[{"count":1,"href":"https:\/\/sisu.ut.ee\/ewod\/wp-json\/wp\/v2\/pages\/269\/revisions"}],"predecessor-version":[{"id":4808,"href":"https:\/\/sisu.ut.ee\/ewod\/wp-json\/wp\/v2\/pages\/269\/revisions\/4808"}],"up":[{"embeddable":true,"href":"https:\/\/sisu.ut.ee\/ewod\/wp-json\/wp\/v2\/pages\/1752"}],"wp:attachment":[{"href":"https:\/\/sisu.ut.ee\/ewod\/wp-json\/wp\/v2\/media?parent=269"}],"curies":[{"name":"wp","href":"https:\/\/api.w.org\/{rel}","templated":true}]}}