{"id":264,"date":"2024-04-03T23:39:35","date_gmt":"2024-04-03T20:39:35","guid":{"rendered":"https:\/\/sisu.ut.ee\/ewod\/fairytales-et\/"},"modified":"2024-04-04T00:10:31","modified_gmt":"2024-04-03T21:10:31","slug":"fairytales","status":"publish","type":"page","link":"https:\/\/sisu.ut.ee\/ewod\/j\/ristojarv\/fairytales\/","title":{"rendered":"Risto J\u00e4rv &#8211; fairy tales"},"content":{"rendered":"<p><strong><span style=\"font-family: verdana, geneva;font-size: medium\">Books<\/span><\/strong><\/p>\n<p><strong><em><span style=\"font-family: verdana, geneva\">English<\/span><\/em><\/strong><br><span style=\"font-family: verdana, geneva\"><strong>Deep in the Forest<\/strong>. One Hundred Estonian Fairy Tales About the Forest and Its People. Compiled, adapted and foreword by Risto J\u00e4rv. Translated by Adam Cullen, edited by Robyn Laider. Tallinn: Varrak, 2018, 409 pp. [\u2018Metsavaimu heategu. Sada eesti muinasjuttu metsast ja meist\u2019.]<br><\/span><\/p>\n<p><span style=\"font-family: verdana, geneva\"><strong><em>French<\/em><\/strong><br><strong>L\u2019esprit de la for\u00eat: contes estoniens et seto<\/strong>. Traduit de l\u2019estonien par Eva Toulouze; s\u00e9lectionn\u00e9s et comment\u00e9s par Risto J\u00e4rv. Paris: Jos\u00e9 Corti, 2011, 257 pp. [Stories from \u2018Metsavaimu heategu. Sada eesti muinasjuttu metsast ja meist\u2019.]<\/span><\/p>\n","protected":false},"excerpt":{"rendered":"<p>Books EnglishDeep in the Forest. One Hundred Estonian Fairy Tales About the Forest and Its People. Compiled, adapted and foreword by Risto J\u00e4rv. Translated by Adam Cullen, edited by Robyn Laider. Tallinn: Varrak, 2018, 409 pp. [\u2018Metsavaimu heategu. Sada eesti &#8230;<\/p>\n","protected":false},"author":43,"featured_media":0,"parent":238,"menu_order":0,"comment_status":"closed","ping_status":"closed","template":"","meta":{"_acf_changed":false,"inline_featured_image":false,"footnotes":""},"class_list":["post-264","page","type-page","status-publish","hentry"],"acf":[],"_links":{"self":[{"href":"https:\/\/sisu.ut.ee\/ewod\/wp-json\/wp\/v2\/pages\/264","targetHints":{"allow":["GET"]}}],"collection":[{"href":"https:\/\/sisu.ut.ee\/ewod\/wp-json\/wp\/v2\/pages"}],"about":[{"href":"https:\/\/sisu.ut.ee\/ewod\/wp-json\/wp\/v2\/types\/page"}],"author":[{"embeddable":true,"href":"https:\/\/sisu.ut.ee\/ewod\/wp-json\/wp\/v2\/users\/43"}],"replies":[{"embeddable":true,"href":"https:\/\/sisu.ut.ee\/ewod\/wp-json\/wp\/v2\/comments?post=264"}],"version-history":[{"count":1,"href":"https:\/\/sisu.ut.ee\/ewod\/wp-json\/wp\/v2\/pages\/264\/revisions"}],"predecessor-version":[{"id":4803,"href":"https:\/\/sisu.ut.ee\/ewod\/wp-json\/wp\/v2\/pages\/264\/revisions\/4803"}],"up":[{"embeddable":true,"href":"https:\/\/sisu.ut.ee\/ewod\/wp-json\/wp\/v2\/pages\/238"}],"wp:attachment":[{"href":"https:\/\/sisu.ut.ee\/ewod\/wp-json\/wp\/v2\/media?parent=264"}],"curies":[{"name":"wp","href":"https:\/\/api.w.org\/{rel}","templated":true}]}}