{"id":262,"date":"2024-04-03T23:39:34","date_gmt":"2024-04-03T20:39:34","guid":{"rendered":"https:\/\/sisu.ut.ee\/ewod\/slovak\/"},"modified":"2024-04-04T00:10:35","modified_gmt":"2024-04-03T21:10:35","slug":"slovak","status":"publish","type":"page","link":"https:\/\/sisu.ut.ee\/ewod\/anthologies\/slovak\/","title":{"rendered":"Anthologies, special editions of journals &#8211; in Slovak"},"content":{"rendered":"<p><span style=\"font-family: verdana, geneva\"><strong>Povedz mi, more: antol\u00f3gia est\u00f3nskych poviedok<\/strong>. Zostavil a doslov nap\u00edsal Endel Mallene; prelo\u017eila Viera Hegerova; ilustr\u00e1cie Kl\u00e1ra \u0160m\u00eddov\u00e1. Bratislava: Slovensky spisovatel, 1988, 230 pp. [See <a href=\"https:\/\/sisu.ut.ee\/ewod\/anthologies\/povedz\"><strong>contents<\/strong><\/a> of the anthology of short stories.]<br><strong>Osud motyla: antologia mladej estonskej poezie<\/strong>. Zostavil, doslov a medailony napisal Vladimir Macura. Bratislava: Smena, [1984], 215 pp. [Poems by Andres Ehin, Johnny B. Isotamm, Jaak J\u00f5er\u00fc\u00fct, Jaan Kaplinski, Toomas Liiv, Viivi Luik, Paul-Eerik Rummo, Hando Runnel, Mats Traat, Enn Vetemaa, Juhan Viiding.]<br><\/span><\/p>\n","protected":false},"excerpt":{"rendered":"<p>Povedz mi, more: antol\u00f3gia est\u00f3nskych poviedok. Zostavil a doslov nap\u00edsal Endel Mallene; prelo\u017eila Viera Hegerova; ilustr\u00e1cie Kl\u00e1ra \u0160m\u00eddov\u00e1. Bratislava: Slovensky spisovatel, 1988, 230 pp. [See contents of the anthology of short stories.]Osud motyla: antologia mladej estonskej poezie. Zostavil, doslov a &#8230;<\/p>\n","protected":false},"author":43,"featured_media":0,"parent":1214,"menu_order":0,"comment_status":"closed","ping_status":"closed","template":"","meta":{"_acf_changed":false,"inline_featured_image":false,"footnotes":""},"class_list":["post-262","page","type-page","status-publish","hentry"],"acf":[],"_links":{"self":[{"href":"https:\/\/sisu.ut.ee\/ewod\/wp-json\/wp\/v2\/pages\/262","targetHints":{"allow":["GET"]}}],"collection":[{"href":"https:\/\/sisu.ut.ee\/ewod\/wp-json\/wp\/v2\/pages"}],"about":[{"href":"https:\/\/sisu.ut.ee\/ewod\/wp-json\/wp\/v2\/types\/page"}],"author":[{"embeddable":true,"href":"https:\/\/sisu.ut.ee\/ewod\/wp-json\/wp\/v2\/users\/43"}],"replies":[{"embeddable":true,"href":"https:\/\/sisu.ut.ee\/ewod\/wp-json\/wp\/v2\/comments?post=262"}],"version-history":[{"count":1,"href":"https:\/\/sisu.ut.ee\/ewod\/wp-json\/wp\/v2\/pages\/262\/revisions"}],"predecessor-version":[{"id":4821,"href":"https:\/\/sisu.ut.ee\/ewod\/wp-json\/wp\/v2\/pages\/262\/revisions\/4821"}],"up":[{"embeddable":true,"href":"https:\/\/sisu.ut.ee\/ewod\/wp-json\/wp\/v2\/pages\/1214"}],"wp:attachment":[{"href":"https:\/\/sisu.ut.ee\/ewod\/wp-json\/wp\/v2\/media?parent=262"}],"curies":[{"name":"wp","href":"https:\/\/api.w.org\/{rel}","templated":true}]}}