{"id":259,"date":"2024-04-03T23:39:34","date_gmt":"2024-04-03T20:39:34","guid":{"rendered":"https:\/\/sisu.ut.ee\/ewod\/stories-et-40\/"},"modified":"2024-04-04T00:10:34","modified_gmt":"2024-04-03T21:10:34","slug":"stories","status":"publish","type":"page","link":"https:\/\/sisu.ut.ee\/ewod\/m\/malk\/stories\/","title":{"rendered":"August M\u00e4lk &#8211; short stories"},"content":{"rendered":"<p>\n\t<span style=\"font-size: medium\"><strong><span style=\"font-family: verdana, geneva\">Books<\/span><\/strong><\/span>\n<\/p>\n<p>\n\t<span style=\"font-size: small\"><span style=\"font-family: verdana,geneva\"><strong><em>Finnish<\/em><\/strong><br><strong>Meren antimet: viisi novellia<\/strong>. Suomentanut Helvi Katajavuori. Turku: Aura, 1943, 202 pp. [\u2018Rannajutud\u2019. Contents: \u2018Meren antimet\u2019 (\u2018Mere annid\u2019), \u2018Miesten kesken\u2019 (\u2018Meeste vahel\u2019), \u2018El\u00e4misen rauha\u2019 (\u2018Elamise rahu\u2019), \u2018Liian my\u00f6h\u00e4\u00e4n\u2019 (\u2018Aegunud \u00f5nn\u2019), \u2018Rannikkolaisen kuolema\u2019 (\u2018Randlase surm\u2019).]<\/span><\/span>\n<\/p>\n<p>\n\t<span style=\"font-size: medium\"><span style=\"font-family: verdana, geneva\"><strong><em><span style=\"font-size: small\">Swedish<\/span><\/em><\/strong><\/span><br><span style=\"font-family: verdana, geneva\"><span style=\"font-size: small\"><strong>Med havet till vagga: sj\u00f6f\u00e5gel\u00f6den<\/strong>. Illustrerad av Anna Karlung; \u00d6vers\u00e4ttning \u00e4r utf\u00f6rd av Anna Lisa Gr\u00e4ngberg och Elisabeth P\u00e4hn-Palm. Stockholm: Natur och Kultur, 1938, 184 pp. [\u2018Jutte lindudest\u2019, stories for children.]<\/span><\/span><\/span><br>\u00a0\n<\/p>\n<p>\n\t<span style=\"font-size: medium\"><strong><span style=\"font-family: verdana, geneva\">In anthologies and magazines<\/span><\/strong><\/span>\n<\/p>\n<p>\n\t<em><strong><span style=\"font-family: verdana, geneva;font-size: small\">Dutch<\/span><\/strong><\/em><br><span style=\"font-family: verdana, geneva;font-size: small\"><strong><span style=\"font-family: verdana,geneva;font-size: small\">De glimlach<\/span><\/strong>. \u2013 Schrijvers in Ballingschap. Redactie en inleiding: Anny Schuitema. Amsterdam: Heijnis, 1963, 319 pp. [Anthology of writers in exile. Includes the stories \u2018Een brief van mijn moeder\u2019 by\u00a0 Karl Einer, \u2018De klok van de heilige geest\u2019 (\u2018P\u00fchavaimu kiriku kell\u2019) by Gert Helbem\u00e4e and \u2018De glimlach\u2019 by August M\u00e4lk and the poems \u2018Wachtend\u2019 (\u2018Me ootame\u2019) by Marie Under and \u2018Kerstavond\u2019 (\u2018J\u00f5ulu\u00f6\u00f6\u2019) by Henrik Visnapuu.]<\/span>\n<\/p>\n<p>\n\t<em><strong><span style=\"font-family: verdana, geneva;font-size: small\">French<\/span><\/strong><\/em><br><span style=\"font-family: verdana, geneva;font-size: small\"><strong><span>Les pr\u00e9sents de la mer<\/span><\/strong>. \u2013\u00a0Anthologie des conteurs estoniens. Pr\u00e9f. de L\u00e9on Pierre-Quint. Introd. de A. Oras. Trad. de B. Vilde, M. Navi-Bovet, R. Birck. Paris: Sagittaire, 1937, 254 pp. [Translation of \u2018Mere annid\u2019. Anthology of short stories. Contents: \u00a0A. Jakobson \u2019Les loups\u2019 (\u2019Hundid\u2019); M. J\u00fcrna \u2019Madame et son chien\u2019 (\u2019Madam ekstselents ja peni\u2019); A. Kivikas \u2019Tiluliluli\u2019; M. Metsanurk \u2019Maitre et domestique\u2019 (\u2019Peremees ja sulane\u2019); A. M\u00e4lk \u2019Les pr\u00e9sents de la mer\u2019 (\u2019Mere annid\u2019); F. Tuglas \u2019Popi et Huhuu\u2019 (\u2019Popi ja Huhuu\u2019); J. Semper \u2019Marguerites\u2019 (\u2019Karikakrad\u2019); P. Vallak \u2019Le m\u00e9chant bougre\u2019 (\u2019Vihapull\u2019); E. Vilde \u2019Casanova fait ses adieux\u2019 (\u2019Casanova j\u00e4tab jumalaga\u2019).]<\/span>\n<\/p>\n<p>\n\t<span style=\"font-family: verdana, geneva;font-size: small\"><strong><em>German<\/em><\/strong><br><strong>Lebwohl, mein Meer!<\/strong>. \u00dcbersetzung: Benita Eisenschmidt. \u2013 Baltica, no 2, 1997, pp 32-48. [\u2018Jumalaga, meri!\u2019.]<br><strong>Kapit\u00e4n Thomsons bedeutendste Reise<\/strong>. \u00dcbersetzung: Benita Eisenschmidt. \u2013 Baltica, no 4, 1996\/1997, pp 31-48. [\u2018Kapten Thomsoni t\u00e4htis reis\u2019.]<\/span><br><span style=\"font-family:Verdana,Geneva,sans-serif\"><strong>Zwei Menschen<\/strong>. \u2013 Revaler Zeitung, 26.3.1942. [\u2018Kaks inimest\u2019.]<\/span>\n<\/p>\n<p>\n\t<span style=\"font-family: verdana, geneva;font-size: small\"><strong><em>Latvian<\/em><\/strong><br>Augusts Melks, <strong>V\u012bri<\/strong>. \u2013 Igau\u0146u noveles. Tulkojis Leo \u0160varcs; Anta Orasa ievads. R\u012bg\u0101: Akc. Sab. \u201eZemnieka Domas\u201c, 1939. [\u2019Meeste vahel\u2019. Contents: Ants Orass, \u2019Igau\u0146u noveles Att\u012bst\u012bba\u2019; Frideberts Tuglass, \u2019Cilv\u0113ka \u0113na\u2019 (\u2019Inimese vari\u2019); A. H. Tams\u0101re, \u2019Svar\u012bga diena\u2019 (\u2019T\u00e4htis p\u00e4ev\u2019); Maits Metsanurks, \u2019Kr\u0113bss\u2019 (\u2019Kreeps\u2019); Alberts Kivikass, \u2019Tilulilul\u012b\u2019 (\u2019Tilulilulii\u2019); P\u0113tss Vallaks, \u2019Pieci veci zirgi\u2019 (\u2019Viis vana ruuna\u2019); Mihkels Jirna, \u2019Pirmie kritu\u0161ie\u2019 (\u2019Esimesed langenud\u2019); Augusts Melks, \u2019V\u012bri\u2019 (\u2019Meeste vahel\u2019); Karls A. Hindreijs, \u2019Nero\u2019 (\u2019Nero\u2019).]<\/span>\n<\/p>\n<p>\n\t<span style=\"font-family: verdana, geneva;font-size: small\"><em><strong>Swedish<\/strong><\/em><br><strong><span>Havets h\u00e5vor<\/span><\/strong>. \u2013\u00a0Estland ber\u00e4ttar. Noveller. Urvalet och redigeringen V. Uibopuu, A. Oras, E. V. Saks. \u00d6vers\u00e4ttningarna M. Janson, G. Milk-Parrot, E. Rein. F\u00f6rord A. Oras. Stockholm: V\u00e4lis-Eesti [Lovisa: \u00d6stra Nylands Tidnings &amp; Tryckeri], 1946, 189 pp. [Translation of \u2018Mere annid\u2019. Anthology of short stories. Contents: Aino Kallas \u2019Bernhard Riives\u2019; August Gailit \u2019K\u00e4rlek\u2019; Karl Ast-Rumor \u2019Byxorna\u2019; Albert Kivikas \u2019Den f\u00f6rtrampades lycka\u2019; August M\u00e4lk \u2019Havets h\u00e5vor\u2019; Pedro Krusten \u2019Livb\u00e4ltet\u2019; Edgar V. Saks \u2019En sm\u00e5konung\u2019; Valev Uibopuu \u2019Vid floden\u2019; Karl Ristikivi \u2019Kristus med \u00f6gon av glas\u2019.]<\/span><\/p>\n","protected":false},"excerpt":{"rendered":"<p>Books FinnishMeren antimet: viisi novellia. Suomentanut Helvi Katajavuori. Turku: Aura, 1943, 202 pp. [\u2018Rannajutud\u2019. Contents: \u2018Meren antimet\u2019 (\u2018Mere annid\u2019), \u2018Miesten kesken\u2019 (\u2018Meeste vahel\u2019), \u2018El\u00e4misen rauha\u2019 (\u2018Elamise rahu\u2019), \u2018Liian my\u00f6h\u00e4\u00e4n\u2019 (\u2018Aegunud \u00f5nn\u2019), \u2018Rannikkolaisen kuolema\u2019 (\u2018Randlase surm\u2019).] SwedishMed havet till vagga: sj\u00f6f\u00e5gel\u00f6den. &#8230;<\/p>\n","protected":false},"author":43,"featured_media":0,"parent":1552,"menu_order":0,"comment_status":"closed","ping_status":"closed","template":"","meta":{"_acf_changed":false,"inline_featured_image":false,"footnotes":""},"class_list":["post-259","page","type-page","status-publish","hentry"],"acf":[],"_links":{"self":[{"href":"https:\/\/sisu.ut.ee\/ewod\/wp-json\/wp\/v2\/pages\/259","targetHints":{"allow":["GET"]}}],"collection":[{"href":"https:\/\/sisu.ut.ee\/ewod\/wp-json\/wp\/v2\/pages"}],"about":[{"href":"https:\/\/sisu.ut.ee\/ewod\/wp-json\/wp\/v2\/types\/page"}],"author":[{"embeddable":true,"href":"https:\/\/sisu.ut.ee\/ewod\/wp-json\/wp\/v2\/users\/43"}],"replies":[{"embeddable":true,"href":"https:\/\/sisu.ut.ee\/ewod\/wp-json\/wp\/v2\/comments?post=259"}],"version-history":[{"count":1,"href":"https:\/\/sisu.ut.ee\/ewod\/wp-json\/wp\/v2\/pages\/259\/revisions"}],"predecessor-version":[{"id":4818,"href":"https:\/\/sisu.ut.ee\/ewod\/wp-json\/wp\/v2\/pages\/259\/revisions\/4818"}],"up":[{"embeddable":true,"href":"https:\/\/sisu.ut.ee\/ewod\/wp-json\/wp\/v2\/pages\/1552"}],"wp:attachment":[{"href":"https:\/\/sisu.ut.ee\/ewod\/wp-json\/wp\/v2\/media?parent=259"}],"curies":[{"name":"wp","href":"https:\/\/api.w.org\/{rel}","templated":true}]}}