{"id":255,"date":"2024-04-03T23:39:34","date_gmt":"2024-04-03T20:39:34","guid":{"rendered":"https:\/\/sisu.ut.ee\/ewod\/kousaar\/"},"modified":"2024-04-04T00:10:35","modified_gmt":"2024-04-03T21:10:35","slug":"kousaar","status":"publish","type":"page","link":"https:\/\/sisu.ut.ee\/ewod\/k\/kousaar\/","title":{"rendered":"Kadri K\u00f5usaar"},"content":{"rendered":"<p>\n\t<span style=\"font-size:16px\"><strong><span style=\"font-family:Verdana,Geneva,sans-serif\"><a data-url=\"https:\/\/sisu.ut.ee\/ewod\/k\/kousaar\/about\" href=\"https:\/\/sisu.ut.ee\/ewod\/k\/kousaar\/about\" title=\"\">About Kadri K\u00f5usaar<\/a> <\/span><\/strong><span style=\"font-family:Verdana,Geneva,sans-serif\"><a href=\"https:\/\/sisu.ut.ee\/wp-content\/uploads\/sites\/108\/kadri_kousaar_alar_madisson.jpg\" target=\"_self\" rel=\"noopener\"><img decoding=\"async\" alt=\"Kadri K\u00f5usaar\" src=\"https:\/\/sisu.ut.ee\/wp-content\/uploads\/sites\/108\/kadri_kousaar_alar_madisson.jpg\" style=\"float: right;width: 200px;height: 299px\" title=\"Photo: Alar Madisson\"><\/a><\/span><\/span>\n<\/p>\n<p>\n\t\u00a0\n<\/p>\n<p style=\"margin-bottom:0.08in\">\n<\/p><p><span style=\"color:#000000\"><span style=\"line-height:150%\"><font face=\"Times New Roman, serif\"><font size=\"3\"><font style=\"12pt\"><span style=\"font-size:13px\"><span style=\"font-family:Verdana,Geneva,sans-serif\">Kadri K\u00f5usaar (born 8. IX 1980) is a writer, journalist, and film director.<\/span><\/span><\/font><\/font><\/font><\/span><\/span>\n<\/p>\n<p style=\"margin-bottom:0.08in\">\n\t<span style=\"color:#000000\"><span style=\"font-size:13px\"><span style=\"font-family:Verdana,Geneva,sans-serif\"><span style=\"line-height:150%\"><font style=\"12pt\">K\u00f5usaar was born in P\u00e4rnu. She studied at Tallinn English College and Spanish language and literature at the University of Tartu. She has also studied at the University of Bologna. She has worked as the literary editor of the culture paper of the newspaper Eesti Ekspress, contributed to several magazines and hosted shows both on radio and television. She was a member of Tallinn city council from 2017-2021 and belongs to the Writers\u2019 Union since 2004.<\/font><\/span><\/span><\/span><\/span>\n<\/p>\n<p style=\"margin-bottom:0.08in\">\n\t<span style=\"color:#000000\"><span style=\"font-size:13px\"><span style=\"font-family:Verdana,Geneva,sans-serif\"><span style=\"line-height:150%\"><font style=\"12pt\">She represents the post-restoration generation of writers for whom media relations and skillful marketing are important. She has created a clear and developed image as an author, which influences how her works are interpreted. Her debut novel <i>Ego<\/i> (2001) is inspired from personal experience and stands out with numerous intertextual references and use of foreign languages. The novel can be interpreted as a variation of <i>Lolita<\/i> by Vladimir Nabokov. The novel was controversial and criticized for being overly contrived and too strongly dominated by the author\u2019s persona. The main characters of the novels <i>Vaba t\u00f5us<\/i> (\u2018Free Ascent\u2019, 2004) and <i>Alfa<\/i> (\u2018Alpha\u2019, 2011) are women as well. When the former novel focuses on the themes of death, then <i>Alfa <\/i>touches upon dystopian science fiction, where the future world imagery is mixed with K\u00f5usaaresque discussions both on world politics and being a woman.<\/font><\/span><\/span><\/span><\/span>\n<\/p>\n<p style=\"margin-bottom:0.08in\">\n\t<span style=\"color:#000000\"><span style=\"font-size:13px\"><span style=\"font-family:Verdana,Geneva,sans-serif\"><span style=\"line-height:150%\"><font style=\"12pt\">As a film director, her debut was <i>Magnus <\/i>(2007), which focuses on family relations. The movie gained international attention but was banned in Estonia by the court due to it being possibly damaging to a real-life person\u2019s interests who inspired a character. The film <i>Ema <\/i>(\u2018Mother\u2019, 2016) was recognized for skillfully capturing the atmosphere of a small town and for its many twists and turns.<\/font><\/span><\/span><\/span><\/span>\n<\/p>\n<p style=\"margin-bottom:0.08in\">\n\t<span style=\"color:#000000\"><span style=\"font-size:13px\"><span style=\"font-family:Verdana,Geneva,sans-serif\"><span style=\"line-height:150%\"><i><font style=\"12pt\">A. K. (Translated by A. A.)<\/font><\/i><\/span><\/span><\/span><\/span><\/p>\n<p>\u00a0\n<\/p>\n<p style=\"margin-bottom:0.08in\">\n\t<span style=\"color:#000000\"><span style=\"font-size:16px\"><span style=\"font-family:Verdana,Geneva,sans-serif\"><span style=\"line-height:150%\"><font style=\"12pt\"><b>Books in Estonian<\/b><\/font><\/span><\/span><\/span><\/span>\n<\/p>\n<p style=\"margin-bottom:0.08in\">\n\t<span style=\"color:#000000\"><span style=\"font-size:13px\"><span style=\"font-family:Verdana,Geneva,sans-serif\"><span style=\"line-height:150%\"><em><font style=\"12pt\"><b>Novels<\/b><\/font><\/em><br><font style=\"12pt\"><strong>Ego<\/strong>. Tallinn: Tuum, 2001, 231 lk.<br><strong>Vaba t\u00f5us<\/strong>. Tallinn: Pegasus, 2004, 217 lk.<br><strong>Alfa<\/strong>. Tallinn: Hea Lugu, 2011, 229 lk.<\/font><\/span><\/span><\/span><\/span>\n<\/p>\n<p>\n\t\u00a0<\/p>\n","protected":false},"excerpt":{"rendered":"<p>About Kadri K\u00f5usaar \u00a0 Kadri K\u00f5usaar (born 8. IX 1980) is a writer, journalist, and film director. K\u00f5usaar was born in P\u00e4rnu. She studied at Tallinn English College and Spanish language and literature at the University of Tartu. She has &#8230;<\/p>\n","protected":false},"author":43,"featured_media":0,"parent":498,"menu_order":0,"comment_status":"closed","ping_status":"closed","template":"","meta":{"_acf_changed":false,"inline_featured_image":false,"footnotes":""},"class_list":["post-255","page","type-page","status-publish","hentry"],"acf":[],"_links":{"self":[{"href":"https:\/\/sisu.ut.ee\/ewod\/wp-json\/wp\/v2\/pages\/255","targetHints":{"allow":["GET"]}}],"collection":[{"href":"https:\/\/sisu.ut.ee\/ewod\/wp-json\/wp\/v2\/pages"}],"about":[{"href":"https:\/\/sisu.ut.ee\/ewod\/wp-json\/wp\/v2\/types\/page"}],"author":[{"embeddable":true,"href":"https:\/\/sisu.ut.ee\/ewod\/wp-json\/wp\/v2\/users\/43"}],"replies":[{"embeddable":true,"href":"https:\/\/sisu.ut.ee\/ewod\/wp-json\/wp\/v2\/comments?post=255"}],"version-history":[{"count":1,"href":"https:\/\/sisu.ut.ee\/ewod\/wp-json\/wp\/v2\/pages\/255\/revisions"}],"predecessor-version":[{"id":4826,"href":"https:\/\/sisu.ut.ee\/ewod\/wp-json\/wp\/v2\/pages\/255\/revisions\/4826"}],"up":[{"embeddable":true,"href":"https:\/\/sisu.ut.ee\/ewod\/wp-json\/wp\/v2\/pages\/498"}],"wp:attachment":[{"href":"https:\/\/sisu.ut.ee\/ewod\/wp-json\/wp\/v2\/media?parent=255"}],"curies":[{"name":"wp","href":"https:\/\/api.w.org\/{rel}","templated":true}]}}