{"id":253,"date":"2024-04-03T23:39:34","date_gmt":"2024-04-03T20:39:34","guid":{"rendered":"https:\/\/sisu.ut.ee\/ewod\/stories-et-39\/"},"modified":"2024-04-04T00:10:35","modified_gmt":"2024-04-03T21:10:35","slug":"stories","status":"publish","type":"page","link":"https:\/\/sisu.ut.ee\/ewod\/h\/ruthhint\/stories\/","title":{"rendered":"Ruth Hint &#8211; short stories"},"content":{"rendered":"<p><strong><span style=\"font-family: verdana, geneva;font-size: medium\">In anthologies and magazines<\/span><\/strong><\/p>\n<p><em><strong><span style=\"font-family: verdana, geneva\">German<\/span><\/strong><\/em><br><span style=\"font-family: verdana, geneva\"><strong>Der Diktator<\/strong>. \u00dcbersetzung: Viktor Sepp. \u2013 Diamantensucher und andere estnische Humoresken. Herausgegeben von Harri Lehiste. Tallinn: Perioodika, 1980, pp 67-69. [\u2018Diktaator\u2019. The anthology includes humorous stories by Priit Aimla, Ruth Hint, Teet Kallas, Enn Karu, Kalju Kass, \u00dclo Kiiler, Wladislaw Korshez, Harri Lehiste, Kaido Liiva, Ann Must, Erik P\u00fcvi, Raivo Raigna, T\u00f5nn Sarv, Toivo Tootsen.]<\/span><\/p>\n","protected":false},"excerpt":{"rendered":"<p>In anthologies and magazines GermanDer Diktator. \u00dcbersetzung: Viktor Sepp. \u2013 Diamantensucher und andere estnische Humoresken. Herausgegeben von Harri Lehiste. Tallinn: Perioodika, 1980, pp 67-69. [\u2018Diktaator\u2019. The anthology includes humorous stories by Priit Aimla, Ruth Hint, Teet Kallas, Enn Karu, Kalju &#8230;<\/p>\n","protected":false},"author":43,"featured_media":0,"parent":235,"menu_order":0,"comment_status":"closed","ping_status":"closed","template":"","meta":{"_acf_changed":false,"inline_featured_image":false,"footnotes":""},"class_list":["post-253","page","type-page","status-publish","hentry"],"acf":[],"_links":{"self":[{"href":"https:\/\/sisu.ut.ee\/ewod\/wp-json\/wp\/v2\/pages\/253","targetHints":{"allow":["GET"]}}],"collection":[{"href":"https:\/\/sisu.ut.ee\/ewod\/wp-json\/wp\/v2\/pages"}],"about":[{"href":"https:\/\/sisu.ut.ee\/ewod\/wp-json\/wp\/v2\/types\/page"}],"author":[{"embeddable":true,"href":"https:\/\/sisu.ut.ee\/ewod\/wp-json\/wp\/v2\/users\/43"}],"replies":[{"embeddable":true,"href":"https:\/\/sisu.ut.ee\/ewod\/wp-json\/wp\/v2\/comments?post=253"}],"version-history":[{"count":1,"href":"https:\/\/sisu.ut.ee\/ewod\/wp-json\/wp\/v2\/pages\/253\/revisions"}],"predecessor-version":[{"id":4824,"href":"https:\/\/sisu.ut.ee\/ewod\/wp-json\/wp\/v2\/pages\/253\/revisions\/4824"}],"up":[{"embeddable":true,"href":"https:\/\/sisu.ut.ee\/ewod\/wp-json\/wp\/v2\/pages\/235"}],"wp:attachment":[{"href":"https:\/\/sisu.ut.ee\/ewod\/wp-json\/wp\/v2\/media?parent=253"}],"curies":[{"name":"wp","href":"https:\/\/api.w.org\/{rel}","templated":true}]}}