{"id":247,"date":"2024-04-03T23:39:33","date_gmt":"2024-04-03T20:39:33","guid":{"rendered":"https:\/\/sisu.ut.ee\/ewod\/plays-et-6\/"},"modified":"2024-04-04T00:10:37","modified_gmt":"2024-04-03T21:10:37","slug":"plays","status":"publish","type":"page","link":"https:\/\/sisu.ut.ee\/ewod\/k\/kruusvall\/plays\/","title":{"rendered":"Jaan Kruusvall &#8211; plays"},"content":{"rendered":"<p>\n\t<span style=\"font-family:Verdana,Geneva,sans-serif\"><strong><span style=\"font-size:16px\">In anthologies and magazines<\/span><\/strong><\/span>\n<\/p>\n<p>\n\t<span style=\"font-family:Verdana,Geneva,sans-serif\"><strong><em>German<\/em><\/strong><br><strong>Der verr\u00fcckte Professor<\/strong>. \u00dcbersetzung: Irja Gr\u00f6nholm. \u2013 Estonia, no 1, 2002, pp 55-61. [\u2018Hullumeelne professor\u2019, excerpt.]<\/span><br>\u00a0<\/p>\n","protected":false},"excerpt":{"rendered":"<p>In anthologies and magazines GermanDer verr\u00fcckte Professor. \u00dcbersetzung: Irja Gr\u00f6nholm. \u2013 Estonia, no 1, 2002, pp 55-61. [\u2018Hullumeelne professor\u2019, excerpt.]\u00a0<\/p>\n","protected":false},"author":43,"featured_media":0,"parent":1125,"menu_order":0,"comment_status":"closed","ping_status":"closed","template":"","meta":{"_acf_changed":false,"inline_featured_image":false,"footnotes":""},"class_list":["post-247","page","type-page","status-publish","hentry"],"acf":[],"_links":{"self":[{"href":"https:\/\/sisu.ut.ee\/ewod\/wp-json\/wp\/v2\/pages\/247","targetHints":{"allow":["GET"]}}],"collection":[{"href":"https:\/\/sisu.ut.ee\/ewod\/wp-json\/wp\/v2\/pages"}],"about":[{"href":"https:\/\/sisu.ut.ee\/ewod\/wp-json\/wp\/v2\/types\/page"}],"author":[{"embeddable":true,"href":"https:\/\/sisu.ut.ee\/ewod\/wp-json\/wp\/v2\/users\/43"}],"replies":[{"embeddable":true,"href":"https:\/\/sisu.ut.ee\/ewod\/wp-json\/wp\/v2\/comments?post=247"}],"version-history":[{"count":1,"href":"https:\/\/sisu.ut.ee\/ewod\/wp-json\/wp\/v2\/pages\/247\/revisions"}],"predecessor-version":[{"id":4834,"href":"https:\/\/sisu.ut.ee\/ewod\/wp-json\/wp\/v2\/pages\/247\/revisions\/4834"}],"up":[{"embeddable":true,"href":"https:\/\/sisu.ut.ee\/ewod\/wp-json\/wp\/v2\/pages\/1125"}],"wp:attachment":[{"href":"https:\/\/sisu.ut.ee\/ewod\/wp-json\/wp\/v2\/media?parent=247"}],"curies":[{"name":"wp","href":"https:\/\/api.w.org\/{rel}","templated":true}]}}