{"id":242,"date":"2024-04-03T23:39:33","date_gmt":"2024-04-03T20:39:33","guid":{"rendered":"https:\/\/sisu.ut.ee\/ewod\/adams\/"},"modified":"2024-04-04T00:10:36","modified_gmt":"2024-04-03T21:10:36","slug":"adams","status":"publish","type":"page","link":"https:\/\/sisu.ut.ee\/ewod\/a\/adams\/","title":{"rendered":"Valmar Adams"},"content":{"rendered":"<p>\n\t<span style=\"font-family: verdana, geneva;font-size: medium\"><a href=\"https:\/\/sisu.ut.ee\/ewod\/a\/adams\/poems\"><strong>Poems<\/strong><\/a><a href=\"\/wp-content\/uploads\/sites\/108\/adams_1_ei_tea.jpg\"><img loading=\"lazy\" decoding=\"async\" alt=\"Valmar Adams\" src=\"\/wp-content\/uploads\/sites\/108\/valmar_adams_2.jpg\" style=\"float: right;margin-left: 20px;margin-right: 20px\" width=\"200\" height=\"318\"><\/a><\/span><\/p>\n<p><span style=\"font-size: medium;font-family: verdana, geneva\"><a href=\"https:\/\/sisu.ut.ee\/ewod\/a\/adams\/about\"><strong>About Valmar Adams<\/strong><\/a><\/span>\n<\/p>\n<p><span style=\"font-family: verdana, geneva\"><span style=\"font-size: small\"><span style=\"color:#000000\"><span style=\"font-size:13px\"><span style=\"font-family:Verdana,Geneva,sans-serif\">Valmar Adams (born as Vladimir Karl Moritz Adams) was a poet, prosaist, literary scholar, and editor. He also wrote under the pseudonyms Vilmar Adams (1924-1933) Vladimir Aleksandrovski and Inno Vask. He was born in St. Petersburg in 1899 but relocated to Tartu in 1909, where he finished high school in 1919. From 1923 \u2013 1929, he studied at the University of Tartu, eventually receiving a <\/span><\/span><\/span><\/span><span style=\"color:#000000\"><span style=\"font-size:13px\"><span style=\"font-family:Verdana,Geneva,sans-serif\"><em style=\"font-family: verdana, geneva;font-size: small;line-height: 1.6em\">Mag.Phil<\/em> degree in Estonian and general literature from the Faculty of Philosophy. After graduating, he secured a scholarship for advanced studies at Prague University, where he attended from 1929 \u2013 1931.<\/span><\/span><\/span><\/span>\n<\/p>\n<p>\n\t<span style=\"color:#000000\"><span style=\"font-size:13px\"><span style=\"font-family:Verdana,Geneva,sans-serif\">Adams may be best noted for his involvement with the university and other organizations. He was one of the founding members of the Estonian PEN Club (formed in 1928), a collection of writers and journalists who defended freedom of speech and human rights. From 1926 \u2012 1928, he worked as the head editor of <em>\u00dcli\u00f5pilasleht<\/em> (\u2018Students\u2019 Newspaper\u2019) and from 1940 \u2012 1941 for the newspaper <em>Tartu Kommunist<\/em> (\u2018Tartu Communist\u2019).<\/span><\/span><\/span>\n<\/p>\n<p>\n\t<span style=\"color:#000000\"><span style=\"font-size:13px\"><span style=\"font-family:Verdana,Geneva,sans-serif\">Intermittently between 1940 \u2013 1974, Adams worked as a lecturer at TartuStateUniversity, teaching Russian language and literature. This period was speckled with interference from both German occupation during the war as well as Soviet political allegations after it. He was imprisoned both times\u2014first from 1941 \u2013 1944 and later from 1950 \u2013 1955. Afterwards, he resumed his teaching.<\/span><\/span><\/span>\n<\/p>\n<p>\n\t<span style=\"color:#000000\"><span style=\"font-size:13px\"><span style=\"font-family:Verdana,Geneva,sans-serif\">Given his interest in Russian literature, it is unsurprising that one of Adams\u2019 primary poetic influences was Russian poetry. He debuted in 1915 with Russian and German poems and as a co-author of the Russian almanac \u201cVia Sacra,\u201d which was printed in Tartu. However, from 1924 onwards, his work\u2014including poems, translations, critiques, and research\u2014appeared in Estonian periodicals and journals. In 1926, he joined the Estonian Writers\u2019 Union, the last member to be born in the nineteenth century. With changes brought about by Soviet Occupation, he later joined the Soviet Estonia Writers\u2019 Union in 1966.<\/span><\/span><\/span>\n<\/p>\n<p>\n\t<span style=\"color:#000000\"><span style=\"font-size:13px\"><span style=\"font-family:Verdana,Geneva,sans-serif\">Adams\u2019 first poetry collections <em>Suudlus lumme<\/em> (\u2018A Kiss into the Snow\u2019)<em> <\/em>and <em>Valguse valust <\/em>(\u2018Of the Pain of Light\u2019) were published in 1924 and 1926 respectively. Both concentrated on the internal, subjective \u201cI,\u201d focusing on feelings of loneliness and romantic yearnings. His verse structure was multifaceted, as were the innovations of his rhyme. Adams published three more collections of poetry in the 1930s: <em>Maise matka poolel teel <\/em>(\u2018Halfway through One\u2019s Earthly Journey\u2019) in 1932, <em>P\u00f5lev p\u00f5\u00f5sas <\/em>(\u2018The Burning Bush\u2019) in 1937, and <em>Tunnetuse tund <\/em>(\u2018An Hour of Perception\u2019) in 1939. These collections maintained Adams\u2019 subjectivity but had a more rational outlook on life and were stricter in form.<\/span><\/span><\/span>\n<\/p>\n<p>\n\t<span style=\"color:#000000\"><span style=\"font-size:13px\"><span style=\"font-family:Verdana,Geneva,sans-serif\">After the publication of <em>Tunnetuse tund<\/em>, a couple decades passed before Adams published his next collection of poetry <em>Nooruse tolmunud kuld <\/em>(\u2018The Dusty Gold of Youth\u2019) in 1972. In 1971 he published the diary <em>Sinu sekundid <\/em>(\u2018Thy Seconds\u2019), but as with his later works\u2014the literary essay collection <em>Oomega <\/em>(\u2018Omega\u2019, 1985) and the genre-bending compilation<em> \u00d5htune Valgus <\/em>(\u2018Evening Twilight\u2019, 1982)\u2014<em>Sinu sekundid <\/em>consisted of autobiographical thoughts and memoirs that he had written in the past decades and differed in that sense from his earlier publications. In 1987, he published the novel <em>Esta astub ellu <\/em>(\u2018Esta Enters upon Life\u2019), which he considered to be a memoir. For this novel, he was awarded the Smuul Literary Award in 1988.<\/span><\/span><\/span>\n<\/p>\n<p>\n\t<span style=\"color:#000000\"><span style=\"font-size:13px\"><span style=\"font-family:Verdana,Geneva,sans-serif\">As a literary scholar, Adams primarily researched Russian literature and Russian-Estonian literary relationships, but he also explored the history and problems of Estonian versification. These scholarly investigations were published in part in <em>Vene kirjandus, mu arm<\/em> (\u2018Russian Literature, My Love\u2019) in 1977, but some of them have remained as manuscripts. He also actively participated with the compilation and editing of Russian language textbooks.<\/span><\/span><\/span>\n<\/p>\n<p>\n\t<span style=\"color:#000000\"><span style=\"font-size:13px\"><span style=\"font-family:Verdana,Geneva,sans-serif\">A film was made about Adams called \u201cIntiimne Adams\u201d (\u2018Intimate Adams\u2019) in 1986. He died in 1993 in Tartu.<\/span><\/span><\/span>\n<\/p>\n<p>\n\t<span style=\"color:#000000\"><span style=\"font-size:13px\"><span style=\"font-family:Verdana,Geneva,sans-serif\"><em>M. M.<\/em><\/span><\/span><\/span>\n<\/p>\n<p><span style=\"font-size:16px\"><span style=\"color:#000000\"><span style=\"font-family:Verdana,Geneva,sans-serif\"><strong>Books in Estonian<\/strong><\/span><\/span><\/span>\n<\/p>\n<p>\n\t<span style=\"color:#000000\"><span style=\"font-size:13px\"><span style=\"font-family:Verdana,Geneva,sans-serif\"><em><strong>Poems<\/strong><\/em><br>Vilmar Adams, <strong>Suudlus lumme<\/strong>. Tartu: S\u00f5navara, 1924, 103 lk.<br>Vilmar Adams, <strong>Valguse valust: 1925. aasta intermezzo<\/strong>. Tartu: S\u00f5navara, 1926, 110 lk.<br>Vilmar Adams, <strong>Maise matka poolel teel: kolmas kogu luulet<\/strong>. Tartu: Eesti Kirjanikkude Liit, 1932, 80 lk.<br><strong>P\u00f5lev p\u00f5\u00f5sas: l\u00fc\u00fcrikat 1933-36<\/strong>. Tartu: Eesti Kirjanikkude Liit, 1937, 96 lk.<br><strong>Tunnetuse tund: l\u00fc\u00fcrikat<\/strong>. Tartus: Noor-Eesti, 1939, 61 lk.<br><strong>Nooruse tolmunud kuld: valitud v\u00e4rsse ja m\u00f5ttelooteid 1924-1969<\/strong>. Tallinn: Eesti Raamat, 1972, 563 lk.<br><strong>\u00d5htune valgus: luuleloomingut ja selle filosoofilis-teor. l\u00e4tteid<\/strong>. Tallinn: Eesti Raamat, 1982, 544 lk. [Sisaldab uusi luuletusi.]<\/span><\/span><\/span>\n<\/p>\n<p>\n\t<span style=\"color:#000000\"><span style=\"font-size:13px\"><span style=\"font-family:Verdana,Geneva,sans-serif\"><em><strong>Novels<\/strong><\/em><br><strong>Esta astub ellu: esseeromaan<\/strong>. Tallinn: Eesti Raamat, 1986, 382 lk.<\/span><\/span><\/span>\n<\/p>\n<p>\n\t<span style=\"color:#000000\"><span style=\"font-size:13px\"><span style=\"font-family:Verdana,Geneva,sans-serif\"><em><strong>Non-fiction<\/strong><\/em><br>Inno Vask, <strong>Meie kirjandusliku kriitika pankrott<\/strong>. Tartu: S\u00f5navara, 1925, 94 lk.<br><strong>Oskusest avalikult k\u00f5nelda. 1<\/strong>. Tartu: Tartu Riiklik \u00dclikool, 1965, 60 lk.<br><strong>Sinu sekundid: m\u00f5ttep\u00e4evik<\/strong>. Tallinn: Perioodika (Loomingu Raamatukogu), 1971, 119 lk.<br><strong>Vene kirjandus, mu arm: kirjandusteaduslikke artikleid ja esseesid<\/strong>. Tallinn: Eesti Raamat, 1977, 352 lk.<br><strong>\u00d5htune valgus: luuleloomingut ja selle filosoofilis-teor. l\u00e4tteid<\/strong>. Tallinn: Eesti Raamat, 1982, 544 lk.<br><strong>Oomega: esseid ja murdmemuaare<\/strong>. Tallinn: Perioodika (Loomingu Raamatukogu), 1985, 104 lk.<\/span><\/span><\/span><\/p>\n","protected":false},"excerpt":{"rendered":"<p>Poems About Valmar Adams Valmar Adams (born as Vladimir Karl Moritz Adams) was a poet, prosaist, literary scholar, and editor. He also wrote under the pseudonyms Vilmar Adams (1924-1933) Vladimir Aleksandrovski and Inno Vask. He was born in St. Petersburg &#8230;<\/p>\n","protected":false},"author":43,"featured_media":0,"parent":485,"menu_order":0,"comment_status":"closed","ping_status":"closed","template":"","meta":{"_acf_changed":false,"inline_featured_image":false,"footnotes":""},"class_list":["post-242","page","type-page","status-publish","hentry"],"acf":[],"_links":{"self":[{"href":"https:\/\/sisu.ut.ee\/ewod\/wp-json\/wp\/v2\/pages\/242","targetHints":{"allow":["GET"]}}],"collection":[{"href":"https:\/\/sisu.ut.ee\/ewod\/wp-json\/wp\/v2\/pages"}],"about":[{"href":"https:\/\/sisu.ut.ee\/ewod\/wp-json\/wp\/v2\/types\/page"}],"author":[{"embeddable":true,"href":"https:\/\/sisu.ut.ee\/ewod\/wp-json\/wp\/v2\/users\/43"}],"replies":[{"embeddable":true,"href":"https:\/\/sisu.ut.ee\/ewod\/wp-json\/wp\/v2\/comments?post=242"}],"version-history":[{"count":1,"href":"https:\/\/sisu.ut.ee\/ewod\/wp-json\/wp\/v2\/pages\/242\/revisions"}],"predecessor-version":[{"id":4829,"href":"https:\/\/sisu.ut.ee\/ewod\/wp-json\/wp\/v2\/pages\/242\/revisions\/4829"}],"up":[{"embeddable":true,"href":"https:\/\/sisu.ut.ee\/ewod\/wp-json\/wp\/v2\/pages\/485"}],"wp:attachment":[{"href":"https:\/\/sisu.ut.ee\/ewod\/wp-json\/wp\/v2\/media?parent=242"}],"curies":[{"name":"wp","href":"https:\/\/api.w.org\/{rel}","templated":true}]}}