{"id":240,"date":"2024-04-03T23:39:33","date_gmt":"2024-04-03T20:39:33","guid":{"rendered":"https:\/\/sisu.ut.ee\/ewod\/poems-et-31\/"},"modified":"2024-04-04T00:10:36","modified_gmt":"2024-04-03T21:10:36","slug":"poems","status":"publish","type":"page","link":"https:\/\/sisu.ut.ee\/ewod\/h\/hansen\/poems\/","title":{"rendered":"Aime Hansen &#8211; poems"},"content":{"rendered":"<p>\n\t<span style=\"font-family:Verdana,Geneva,sans-serif\"><strong><span style=\"font-size:16px\">Books<\/span><\/strong><\/span>\n<\/p>\n<p>\n\t<span style=\"font-family:Verdana,Geneva,sans-serif\"><strong><em>English<\/em><\/strong><br><strong>Coffee Mornings with Angels<\/strong>. Edited by Russell Thompson. Tallinn: Aime Hansen, 2018.<\/span>\n<\/p>\n<p>\n\t<span style=\"font-family:Verdana,Geneva,sans-serif\"><strong><em>Finnish<\/em><\/strong><br><strong>Kalojen kuninkaan maa<\/strong>. Suomentanut Anniina Ljokkoi; [toimittanut ja j\u00e4lkisanat Raija H\u00e4m\u00e4lainen. Tallinn: NyNorden, 2012, 77 pp.<\/span><\/p>\n","protected":false},"excerpt":{"rendered":"<p>Books EnglishCoffee Mornings with Angels. Edited by Russell Thompson. Tallinn: Aime Hansen, 2018. FinnishKalojen kuninkaan maa. Suomentanut Anniina Ljokkoi; [toimittanut ja j\u00e4lkisanat Raija H\u00e4m\u00e4lainen. Tallinn: NyNorden, 2012, 77 pp.<\/p>\n","protected":false},"author":43,"featured_media":0,"parent":229,"menu_order":0,"comment_status":"closed","ping_status":"closed","template":"","meta":{"_acf_changed":false,"inline_featured_image":false,"footnotes":""},"class_list":["post-240","page","type-page","status-publish","hentry"],"acf":[],"_links":{"self":[{"href":"https:\/\/sisu.ut.ee\/ewod\/wp-json\/wp\/v2\/pages\/240","targetHints":{"allow":["GET"]}}],"collection":[{"href":"https:\/\/sisu.ut.ee\/ewod\/wp-json\/wp\/v2\/pages"}],"about":[{"href":"https:\/\/sisu.ut.ee\/ewod\/wp-json\/wp\/v2\/types\/page"}],"author":[{"embeddable":true,"href":"https:\/\/sisu.ut.ee\/ewod\/wp-json\/wp\/v2\/users\/43"}],"replies":[{"embeddable":true,"href":"https:\/\/sisu.ut.ee\/ewod\/wp-json\/wp\/v2\/comments?post=240"}],"version-history":[{"count":1,"href":"https:\/\/sisu.ut.ee\/ewod\/wp-json\/wp\/v2\/pages\/240\/revisions"}],"predecessor-version":[{"id":4827,"href":"https:\/\/sisu.ut.ee\/ewod\/wp-json\/wp\/v2\/pages\/240\/revisions\/4827"}],"up":[{"embeddable":true,"href":"https:\/\/sisu.ut.ee\/ewod\/wp-json\/wp\/v2\/pages\/229"}],"wp:attachment":[{"href":"https:\/\/sisu.ut.ee\/ewod\/wp-json\/wp\/v2\/media?parent=240"}],"curies":[{"name":"wp","href":"https:\/\/api.w.org\/{rel}","templated":true}]}}