{"id":238,"date":"2024-04-03T23:39:32","date_gmt":"2024-04-03T20:39:32","guid":{"rendered":"https:\/\/sisu.ut.ee\/ewod\/ristojarv\/"},"modified":"2024-09-10T14:30:29","modified_gmt":"2024-09-10T11:30:29","slug":"ristojarv","status":"publish","type":"page","link":"https:\/\/sisu.ut.ee\/ewod\/j\/ristojarv\/","title":{"rendered":"Risto J\u00e4rv"},"content":{"rendered":"<h5 class=\"wp-block-heading\"><br><a href=\"https:\/\/sisu.ut.ee\/ewod\/j\/ristojarv\/fairytales\"><strong><span style=\"font-size: medium; font-family: verdana, geneva;\">Fairy tales<\/span><\/strong><\/a><\/h5>\n\n\n\n<p><br>Risto J\u00e4rv (born 15 January 1971) is a folklorist.<\/p>\n\n\n\n<p>J\u00e4rv was born and attended school in Tallinn. He studied Estonian and comparative folklore at the University of Tartu and defended his doctoral thesis <em>Eesti imemuinasjuttude tekstid ja tekstuur. Arhiivikeskne vaatlus<\/em> (\u2018The Texts and Texture of Estonian Fairy Tales. An Archive-Centred View\u2019) in 2005. He works at the University of Tartu, being associate professor of Estonian and comparative folklore from 2021. He has also worked as head of the Estonian Folklore Archives at the Estonian Literary Museum. J\u00e4rv is a member of the Academic Folklore Society, the International Society for Folk Narrative Research (ISFNR), the Societ\u00e9 Internationale d\u2019Ethnologie et de Folklore (SIEF), the Estonian Society for Digital Humanities and the research councils of the Estonian Literary Museum and the Under and Tuglas Literature Centre.<\/p>\n\n\n\n<p>J\u00e4rv\u2019s research and creative work are focussed on fairy tales and folklore. He has compiled and edited various collections and publications. In 1997, he received the Baltic Knighthood Prize for his master\u2019s thesis <em>Eesti usundi uurimise l\u00e4htel. Kr. J. Petersoni kommenteeritud t\u00f5lge Kr. Gananderi \u201eMythologia Fennicast\u201c<\/em> (\u2018At the Sources of Research of Estonian Religion. <a href=\"https:\/\/sisu.ut.ee\/ewod\/p\/kristianjaak\/\" data-type=\"page\" data-id=\"1574\">Kr. J. Peterso<\/a>n\u2019s Commented Translation of Kr. Ganander\u2019s <em>Mythologia Fennica<\/em>, 1997). In 2005, he received the Literature Endowment Annual Award (together with Heili Einasto, Lembi Loigu and <a href=\"https:\/\/sisu.ut.ee\/ewod\/k\/kivisilla\/\" data-type=\"page\" data-id=\"1589\">Veronika Kivisilla<\/a>) for literary translation from Estonian into a foreign language for <em>Estonian Folktales. The Heavenly Wedding<\/em>. In 2014, he earned the Folk Culture Endowment Annual Award (together with Mairi Kaasik, K\u00e4rri Toomeos-Orglaan and Inge Annom) for the anthology <em>Eesti muinasjutud. Imemuinasjutud<\/em> (\u2018Estonian Fairy Tales. Wonder Fairy Tales\u2019) and in 2020 (together with Katrin Sipelgas, Janeli Jallai and Jaak Kilmi) for creating the Estonian National Museum\u2019s fairy tale exhibition <em>Once Upon a Time<\/em>\u2026 His articles in the journal <em>Keel ja Kirjandus<\/em> \u2014 <em>Sehvtjeviiten ja seitse t\u00f5demust. Isikunimedest muinasjuttudes<\/em> (\u2018Sehvtjeviitein and Seven Statements. On Personal Names Used in Fairy-Tales\u2019, 2005) and <em>Muinasjutt ja turismireis<\/em> (\u2018Fairy Tales and Tourist Trips\u2019, 2010) have been awarded the journal\u2019s article prize. In 2007, J\u00e4rv received the Folklore Collection Award of the President of the Republic of Estonia, and in 2017 the title of Tartu\u2019s Folk Culture Bearer of the Year for the lecture series <em>Estonian Folklore Archives Come to Visit<\/em> arranged by the Estonian Literary Museum\u2019s Estonian Folklore Archives (together with Ave Gor\u0161i\u010d).<\/p>\n\n\n\n<p><em>A. K. (Translated by I. A.)<\/em><\/p>\n\n\n\n<h5 class=\"wp-block-heading\"><br><strong>Books in Estonian<\/strong><\/h5>\n\n\n\n<p><strong>Eesti imemuinasjuttude tekstid ja tekstuur<\/strong>. Arhiivikeskne vaatlus. Doktorit\u00f6\u00f6. Tartu: Tartu \u00dclikooli Kirjastus, 2005, 226 lk<br>Piret Voolaid, Loone Ots, Risto J\u00e4rv, <strong>Kes otsib, see leiab: 1111 eesti vanas\u00f5na<\/strong>: selgituste ja kommentaaridega. Tallinn: Rahva Raamat, 2018, 311 lk. [Teine tr\u00fckk: 2022.]<\/p>\n","protected":false},"excerpt":{"rendered":"<p>Fairy tales Risto J\u00e4rv (born 15 January 1971) is a folklorist. J\u00e4rv was born and attended school in Tallinn. He studied Estonian and comparative folklore at the University of Tartu and defended his doctoral thesis Eesti imemuinasjuttude tekstid ja tekstuur. &#8230;<\/p>\n","protected":false},"author":43,"featured_media":0,"parent":620,"menu_order":0,"comment_status":"closed","ping_status":"closed","template":"","meta":{"_acf_changed":false,"inline_featured_image":false,"footnotes":""},"class_list":["post-238","page","type-page","status-publish","hentry"],"acf":[],"_links":{"self":[{"href":"https:\/\/sisu.ut.ee\/ewod\/wp-json\/wp\/v2\/pages\/238","targetHints":{"allow":["GET"]}}],"collection":[{"href":"https:\/\/sisu.ut.ee\/ewod\/wp-json\/wp\/v2\/pages"}],"about":[{"href":"https:\/\/sisu.ut.ee\/ewod\/wp-json\/wp\/v2\/types\/page"}],"author":[{"embeddable":true,"href":"https:\/\/sisu.ut.ee\/ewod\/wp-json\/wp\/v2\/users\/43"}],"replies":[{"embeddable":true,"href":"https:\/\/sisu.ut.ee\/ewod\/wp-json\/wp\/v2\/comments?post=238"}],"version-history":[{"count":3,"href":"https:\/\/sisu.ut.ee\/ewod\/wp-json\/wp\/v2\/pages\/238\/revisions"}],"predecessor-version":[{"id":5399,"href":"https:\/\/sisu.ut.ee\/ewod\/wp-json\/wp\/v2\/pages\/238\/revisions\/5399"}],"up":[{"embeddable":true,"href":"https:\/\/sisu.ut.ee\/ewod\/wp-json\/wp\/v2\/pages\/620"}],"wp:attachment":[{"href":"https:\/\/sisu.ut.ee\/ewod\/wp-json\/wp\/v2\/media?parent=238"}],"curies":[{"name":"wp","href":"https:\/\/api.w.org\/{rel}","templated":true}]}}