{"id":222,"date":"2024-04-03T23:39:31","date_gmt":"2024-04-03T20:39:31","guid":{"rendered":"https:\/\/sisu.ut.ee\/ewod\/traat\/"},"modified":"2025-04-28T10:21:31","modified_gmt":"2025-04-28T07:21:31","slug":"traat","status":"publish","type":"page","link":"https:\/\/sisu.ut.ee\/ewod\/t\/traat\/","title":{"rendered":"Mats Traat"},"content":{"rendered":"<p><span style=\"font-family: verdana, geneva;\"><a href=\"https:\/\/sisu.ut.ee\/ewod\/t\/traat\/poetry\"><strong><span style=\"font-size: medium;\" data-mce-mark=\"1\">Poems<\/span><\/strong><\/a><a href=\"\/wp-content\/uploads\/sites\/108\/traat_elmar_koster.jpg\"><span style=\"font-size: medium;\" data-mce-mark=\"1\"><img loading=\"lazy\" decoding=\"async\" style=\"float: right;\" title=\"Photo by Elmar K\u00f6ster\" src=\"\/wp-content\/uploads\/sites\/108\/mats_traat_foto_elmar_koster_2.jpg\" alt=\"Mats Traat. Photo: Elmar K\u00f6ster\" width=\"200\" height=\"302\"><\/span><\/a><\/span><\/p>\n\n\n\n<p><span style=\"font-family: verdana, geneva;\"><a href=\"https:\/\/sisu.ut.ee\/ewod\/t\/traat\/novels\"><strong><span style=\"font-size: medium;\" data-mce-mark=\"1\">Novels<\/span><\/strong><\/a><\/span><\/p>\n\n\n\n<p><span style=\"font-family: verdana, geneva;\"><a href=\"https:\/\/sisu.ut.ee\/ewod\/t\/traat\/stories\"><strong><span style=\"font-size: medium;\" data-mce-mark=\"1\">Short stories<\/span><\/strong><\/a><\/span><\/p>\n\n\n\n<p><span style=\"font-family: verdana, geneva;\"><a href=\"https:\/\/sisu.ut.ee\/ewod\/t\/traat\/about\"><strong><span style=\"font-size: medium;\" data-mce-mark=\"1\">About Mats Traat<\/span><\/strong><\/a><\/span><\/p>\n\n\n\n<p><span style=\"color: #000000;\"><span style=\"font-size: 13px;\"><span style=\"font-family: Verdana,Geneva,sans-serif;\"><span data-mce-mark=\"1\">Mats Traat (23. XI 1936 \u2013 27. VII 2022) was an Estonian poet, prose writer, playwright, and translator.<\/span><\/span><\/span><\/span><\/p>\n\n\n\n<p><span style=\"color: #000000;\"><span data-mce-mark=\"1\"><span style=\"font-size: 13px;\"><span style=\"font-family: Verdana,Geneva,sans-serif;\">Mats Traat was born at Kuudse farm in Meema village in Palupera municipality in Southern Estonia.<\/span><\/span> <\/span><span style=\"font-family: verdana, geneva;\"><span style=\"font-size: small;\"><span data-mce-mark=\"1\">He acquired his primary education in Arula, Vana-Otep\u00e4\u00e4, N\u00f5uni, and Rannu. After working temporary farm and tractor station jobs and studying at Tartu Tehnical School of Artificial Liquid Fuel and Tallinn Technical School of Architecture and Construction via distant learning, he graduated from Vaek\u00fcla Agricultural Mechanization Technical School in 1957. In 1964, after graduating from the Gorky Literature Institute in Moscow, he attended\u00a0High Two-year Courses of Scriptwriters and Film Directors (graduated in 1969), while simultaneously working (1965-1968) as an editor at Tallinnfilm.\u00a0<\/span><\/span><\/span><\/span><\/p>\n\n\n\n<p><span style=\"color: #000000;\"><span style=\"font-size: small; font-family: verdana, geneva;\"><span data-mce-mark=\"1\">Mats Traat belonged to the Estonian Writers\u2019 Union since 1963 (and was a member of the board from 1986-1992). He was a freelance writer since 1970. Additionally, he was a member of the World Literary Academy (WLA) since 1985.<\/span><\/span><\/span><\/p>\n\n\n\n<p><span style=\"color: #000000;\"><span style=\"font-size: small; font-family: verdana, geneva;\"><span data-mce-mark=\"1\">Traat was a prolific writer for decades and continued to publish fresh work until his death. His work takes on realistic tones with lyrical bends and finds itself rooted in place, in both the home and the fatherland, while focusing as well on themes of nature and philosophy. Additionally, his work deals often with social issues, including the history of village and rural life as well as human evolution over time, while attempting to fight against \u2013 and encouraging readers to do so \u2013 the everyday dullness of life and awaken their spirituality.<\/span><\/span><\/span><\/p>\n\n\n\n<p><span style=\"color: #000000;\"><span style=\"font-size: small; font-family: verdana, geneva;\"><span data-mce-mark=\"1\">His first short story <em>L\u00f5ppematu tee<\/em> (\u2018Endless Road\u2019) was published in 1958 in the local newspaper in Elva <em>Uus Tee<\/em>, and his first poem <em>Kevadsonett<\/em> (\u2018Spring sonnet\u2019) was published in 1959 in the newspaper <em>N\u00f5ukogude Hiiumaa<\/em>. He belonged to the so-called Cassette Generation: In 1962, his work was published along with that of <a href=\"https:\/\/sisu.ut.ee\/ewod\/r\/ruud\/\" data-type=\"page\" data-id=\"1061\">Linda Ruud<\/a>, <a href=\"https:\/\/sisu.ut.ee\/ewod\/r\/pauleerikrummo\/\" data-type=\"page\" data-id=\"2170\">Paul-Eerik Rummo<\/a>, <a href=\"https:\/\/sisu.ut.ee\/ewod\/s\/siig\/\" data-type=\"page\" data-id=\"556\">Arvi Siig<\/a>, and <a href=\"https:\/\/sisu.ut.ee\/ewod\/v\/vetemaa\/\" data-type=\"page\" data-id=\"2041\">Enn Vetemaa<\/a> in the poetry cassette collection <em>Noored autorid 1962<\/em> (\u2018Young Authors 1962\u2019). Traat has since published 37 poetry collections (five of them in Tartu dialect), 14 novels (the massive <em>Minge \u00fcles m\u00e4gedele <\/em>counting as one), several novellas and a dozen collections of short stories as well as some plays and translations. He has received the most attention for his poetry series <em>Harala elulood<\/em> (\u2018The Harala Biographies\u2019), which was inspired by E.L. Masters\u2019 \u2018Spoon River Anthology\u2019, the novel <em>Tants aurukatla \u00fcmber<\/em> (\u2018Dance Around the Steam Boiler\u2019), and <em>Minge \u00fcles m\u00e4gedele<\/em> (\u2018Go Up to the Mountains\u2019) which the author considers one single 3350-page novel that was finally published in four volumes by the Ilmamaa publishing house <span style=\"font-size: small; font-family: verdana, geneva;\"><span data-mce-mark=\"1\">in 2008-2010<\/span><\/span>.<\/span><\/span><\/span><\/p>\n\n\n\n<p><span style=\"color: #000000;\"><span style=\"font-size: small; font-family: verdana, geneva;\"><span data-mce-mark=\"1\">Four poetry collections in translation by Mats Traat have been published \u2013 by Bla\u017ee Koneski (translated from Macedonian), Ji\u0159\u00ed Wolker (from Czech), W\u0142adys\u0142aw Broniewski and\u00a0Tadeusz R\u00f3\u017cewicz (both from Polish). Besides those books Traat has translated numerous authors from different languages.<\/span><\/span><\/span><\/p>\n\n\n\n<p><span style=\"color: #000000;\"><span style=\"font-size: small; font-family: verdana, geneva;\"><span data-mce-mark=\"1\">Mats Traat is married to the translator Victoria Traat.<\/span><\/span><\/span><\/p>\n\n\n\n<p><span style=\"color: #000000;\"><span style=\"font-size: small; font-family: verdana, geneva;\"><span data-mce-mark=\"1\">Mats Traat has been awarded the following literary prizes:<\/span><\/span><\/span><\/p>\n\n\n\n<p>\u2013 The <a href=\"https:\/\/sisu.ut.ee\/ewod\/v\/eduardvilde\/\" data-type=\"page\" data-id=\"1945\">Eduard Vilde<\/a> Prize in Literature \u2013 in 1967, 1971, 1980 and 2011.<br>\u2013 The State Prize of the Soviet Estonia \u2013 in 1972.<br>\u2013 The <a href=\"https:\/\/sisu.ut.ee\/ewod\/t\/friedeberttuglas\/\" data-type=\"page\" data-id=\"1981\">Tuglas<\/a> Short Story Prize \u2013 in 1975, 1996, 2002, and 2007.<br>\u2013 The annual <a href=\"https:\/\/sisu.ut.ee\/ewod\/s\/smuul\/\" data-type=\"page\" data-id=\"1706\">Juhan Smuul<\/a> Literary Prize \u2013 in 1976.<br>\u2013 The annual prize of the journal \u0414\u0440\u0443\u0436\u0431\u0430 \u041d\u0430\u0440\u043e\u0434\u043e\u0432 in Moscow \u2013 in 1976.<br>\u2013 the title of Merited Writer of the ESSR \u2013 in 1977.<br>\u2013 The literary award of the <a href=\"https:\/\/sisu.ut.ee\/ewod\/t\/tammsaare\/\" data-type=\"page\" data-id=\"1994\">A.H. Tammsaare<\/a> collective farm \u2013 in 1983.<br>\u2013 The Yugoslavian translation award for the book of poems <em>Armunud t\u00fctarlapsed<\/em> by <span style=\"font-size: small; font-family: verdana, geneva;\"><span data-mce-mark=\"1\">Bla\u017ee Koneski<\/span><\/span> \u2013 in 1986.<br>\u2013 <a href=\"https:\/\/sisu.ut.ee\/ewod\/l\/juhanliiv\/\" data-type=\"page\" data-id=\"1963\">Juhan Liiv<\/a> Poetry Prize \u2013 in 1992.<br>\u2013 Virumaa Literary Prize \u2013 in 1993 and 2002.<br>\u2013 The <a href=\"https:\/\/sisu.ut.ee\/ewod\/a\/hendrikadamson\/\" data-type=\"page\" data-id=\"337\">Hendrik Adamson<\/a> Award for poetry written in dialect \u2013 in 1994.<br>\u2013 The A.H. Tammsaare Novel Prize \u2013 in 1998.<br>\u2013 The culture award of the Estonian Rye Association \u2013 in 2000.<br>\u2013 The Order of the White Star, IV Class \u2013 in 2001.<br>\u2013\u00a0Literature Endowment Annual Award \u2013 in 2006.<br>\u2013 Estonian National Culture Award \u2013 in 2007<br>\u2013 <span style=\"font-size: small; font-family: verdana, geneva;\"><span data-mce-mark=\"1\">Estonian\u00a0<\/span><\/span>Cultural Endowment Annual Award \u2013 in 2010.<br>\u2013 University of Tartu Award for Contribution to Estonian National Identity \u2013 in 2010.<br>\u2013 The <a href=\"https:\/\/sisu.ut.ee\/ewod\/k\/jaankross\/\" data-type=\"page\" data-id=\"1884\">Jaan Kross<\/a> Literary Prize \u2013 in 2011.<br>\u2013 Literature Endowment award for Lifetime Achievement \u2013 in 2017.<br>\u2013 <a href=\"https:\/\/sisu.ut.ee\/ewod\/s\/suits\/\" data-type=\"page\" data-id=\"1522\">Gustav Suits<\/a> Poetry Prize \u2013 in 2021.<\/p>\n\n\n\n<p><span style=\"color: #000000;\"><em><span style=\"font-size: small; font-family: verdana, geneva;\"><span style=\"font-size: small;\">M. K. (Translated by M. M.)<\/span><\/span><\/em><\/span><br><\/p>\n\n\n\n<p><br><span style=\"font-size: medium; font-family: verdana, geneva;\"><strong>Books in Estonian<\/strong><\/span><\/p>\n\n\n\n<p><span style=\"color: #000000;\"><span data-mce-mark=\"1\" style=\"font-family: verdana, geneva; font-size: small;\"><strong><em>Poems<\/em><\/strong><br><strong>Kandilised laulud: luuletused 1959-1961<\/strong>. Tallinn: Eesti Riiklik Kirjastus, 1962, 51 lk. [Osa luulekassetist \u2019Noored autorid 1962\u2019 koos Linda Ruudi, Paul-Eerik Rummo, Enn Vetemaa ja Arvi Siia kogudega.]<br><strong>K\u00fcngasmaa<\/strong>. Tallinn: Eesti Riiklik Kirjastus, 1964, 103 lk.<br><strong>Kaalukoda<\/strong>. Tallinn: Eesti Raamat, 1966, 96 lk.<br><strong>Kassiopeia<\/strong>. Tallinn: Eesti Raamat, 1968, 53 lk.<br><strong>Laternad udus<\/strong>. Tallinn: Eesti Raamat, 1968, 56 lk.<br><strong>Ilmakaared<\/strong>. Tallinn: Eesti Raamat, 1970, 120 lk.<br><strong>Et\u00fc\u00fcdid l\u00e4iteks<\/strong>. Tallinn: Eesti Raamat, 1971, 94 lk.<br><strong>Hilised talled<\/strong>. Tallinn: Eesti Raamat, 1976, 96 lk.<br><strong>Harala elulood<\/strong>. Tallinn: Eesti Raamat, 1976, 63 lk. [2., t\u00e4iendatud tr\u00fckk: Tallinn: Kupar, 2001, 196 lk; audioraamat (2001. aasta v\u00e4ljaande p\u00f5hjal): loeb Silvi Jansons. V\u00f5ru: Pimedate Info\u00fching Helikiri, 2013, 1 CD, 2 t 56 min.]<br><strong>Lagendiku aeg<\/strong>. Tallinn: Eesti Raamat, 1977, 60 lk.<br><strong>Valitud luuletused<\/strong>. Tallinn: Eesti Raamat, 1979, 335 lk.<br><strong>Septembrifuuga<\/strong>. Tallinn: Eesti Raamat, 1980, 72 lk.<br><strong>P\u00e4ike on r\u00e4nduri kodu: luulet 1957-1979<\/strong>. Tallinn: Eesti Raamat, 1985, 272 lk. [\u2019Valitud teosed\u2019, 3. k\u00f6ide.]<br><strong>S\u00fcgislootus<\/strong>. Tallinn: Eesti Raamat, 1986, 108 lk.<br><strong>J\u00e4\u00e4lilled<\/strong>. Tallinn: Eesti Raamat, 1989, 151 lk.<br><strong>Ajalaulud<\/strong>. Tallinn: Eesti Raamat, 1990, 71 lk.<br><strong>Vastuseta<\/strong>. Tallinn: Eesti Raamat, 1991, 96 lk.<br><strong>Koidu k\u00e4tes<\/strong>. Tallinn: Kupar, 1993, 128 lk.<br><strong>Armastuse p\u00e4iv<\/strong>. Tallinn: Kupar, 1995, 88 lk.<br><strong>On unistus kui r\u00e4nikivi<\/strong>. Tartu: Ilmamaa, 2000, 450 lk.<br><strong>K\u00f5llane \u00f5tak<\/strong>. Tartu: Ilmamaa, 2001, 65 lk.<br><strong>Uued Harala elulood<\/strong>. Tallinn: Kupar, 2002, 178 lk. [Audioraamat: loeb Silvi Jansons. V\u00f5ru: Pimedate Info\u00fching Helikiri, 2013, 1 CD, 2 t 41 min.]<br><strong>Elus\u00e4de<\/strong>. Tallinn: Huma, 2003, 95 lk.<br><strong>Turg ilma Sokrateseta<\/strong>. Tartu: Ilmamaa, 2004, 80 lk.<br><strong>Orjavits \u00f5itseb<\/strong>. Tartu: Ilmamaa, 2005, 88 lk.<br><strong>Traat armastusest<\/strong>. Tallinn: Varrak, 2006, 157 lk.<br><strong>Soe \u00f5htu<\/strong>. Tallinn: Pegasus, 2008, 110 lk.<br><strong>Oidipus l\u00e4heb Toompeale<\/strong>. Tallinn: Eesti Keele Sihtasutus, 2010, 69 lk.<br><strong>Tule r\u00fc\u00fctamine<\/strong>. Tallinn: Eesti Keele Sihtasutus, 2010, 94 lk.<br><strong>Vastsed Harala elulood<\/strong>. Tartu: Ilmamaa, 2011, 192 lk. [Audioraamat: loeb Silvi Jansons. V\u00f5ru: Pimedate Info\u00fching Helikiri, 2012, 1 CD, 3 t 25 min.]<br><strong>Valgus v\u00f5tab ka ruumi<\/strong>. Tallinn: Eesti Keele Sihtasutus, 2012, 64 lk.<br><strong>Ugandi igatsus<\/strong>. Tartu: Ilmamaa, 2013, 72 lk.<br><strong>Alal\u00fctlev<\/strong>. Tallinn: Eesti Keele Sihtasutus, 2015, 64 lk.<br><strong>Roheline laev<\/strong>. Noorp\u00f5lve luuletusi 1953\u20131964. Tartu: Ilmamaa, 2016, 112 lk.<\/span><\/span><br><strong>Kahutus<\/strong>. Tallinn: Tuum, 2018, 63 lk.<br><strong>Tuulelagi<\/strong>. Tallinn: Eesti Keele Sihtasutus, 2019, 88 lk.<br><strong>Taivat\u00e4is tsirke<\/strong>. Nell\u00e4ss luulekogu tartu kiilen. Tartu: Ilmamaa, 2020, 95 lk.<br><strong>Alkaios Maarjamaal<\/strong>. Tallinn: EKSA, 2021, 103 lk.<br><strong>Kogutud Harala elulood<\/strong>. Tartu: Ilmamaa, 2021, 583 lk. [V\u00e4ljaandesse on koondatud teostest \u201cHarala elulood\u201d, \u201cUued Harala elulood\u201d ja \u201cVastsed Harala elulood\u201d ilmunud lood, lisatud ka m\u00f5ned seni avaldamata.]<br><strong>S\u00e4idse \u00e4idset<\/strong>. Viiess luulekogu Tartu keelen. Tartu: Ilmamaa, 2021, 111 lk.<\/p>\n\n\n\n<p><span style=\"color: #000000;\"><span data-mce-mark=\"1\" style=\"font-family: verdana, geneva; font-size: small;\"><strong><em>Novels<\/em><\/strong><br><strong>Tants aurukatla \u00fcmber<\/strong>. Tallinn: Eesti Raamat, 1971, 148 lk. [2. tr\u00fckk: Tallinn: Eesti Raamat, 1975, 154 lk; 3. tr\u00fckk: Tartu: Ilmamaa, 2005, 176 lk; 4. tr\u00fckk: Tallinn: Eesti P\u00e4evaleht, 2009, 160 lk; 5. tr\u00fckk: 2023.]<br><strong>Maastik \u00f5unapuu ja meiereikorstnaga<\/strong>. Tallinn: Eesti Raamat, 1973, 186 lk. [2. tr\u00fckk: Valitud teosed, 1. k\u00f6ide, Tallinn: Eesti Raamat, 1985, 432 lk; 3. tr\u00fckk: 2019.]<br><strong>Pommeri aed<\/strong>. Tallinn: Eesti Raamat, 1973, 193 lk. [2. tr\u00fckk: Valitud teosed, 1. k\u00f6ide, Tallinn: Eesti Raamat, 1985, 432 lk; 3. tr\u00fckk: Tallinn: Pegasus, 2008, 253 lk.]<br><strong>Inger<\/strong>. Tallinn: Eesti Raamat, 1975, 192 lk. [2. tr\u00fckk: Valitud teosed, 1. k\u00f6ide, Tallinn: Eesti Raamat, 1985, 432 lk; 3. tr\u00fckk: Tallinn: Varrak, 2016, 205 lk.]<br><span data-mce-mark=\"1\" style=\"font-family: verdana, geneva; font-size: small;\"><span style=\"font-family: verdana, geneva; font-size: small;\"><strong>Irdinimene; T\u00fcrgi oad<\/strong>. Tallinn: Eesti Raamat, 1977, 196 lk.<\/span><\/span><br><strong>Puud olid, puud olid, hellad velled<\/strong>. Tallinn: Eesti Raamat, 1979, 148 lk. [\u2018Minge \u00fcles m\u00e4gedele\u2019, proloog. 2. tr\u00fckk: Valitud teosed, 2. k\u00f6ide, Tallinn: Eesti Raamat 1985, 336 lk; 3. tr\u00fckk: Minge \u00fcles m\u00e4gedele, 1. k\u00f6ide, Tartu: Ilmamaa, 2008, 902 lk; audioraamat: loeb Aksel K\u00fcngas, Tallinn: Eesti Pimedate Raamatukogu, 2007, 1 CD, 6 t 9 min.]<br><strong>Rippsild<\/strong>. Tallinn: Eesti Raamat, 1980, 128 lk. [2. tr\u00fckk: Valitud teosed, 2. k\u00f6ide, Tallinn: Eesti Raamat, 1985, 336 lk.]<br><strong>Karukell, kurvameelsuse rohi<\/strong>. Tallinn: Eesti Raamat, 1982, 156 lk. [2. tr\u00fckk: Tallinn: Eesti Raamat, 1990, 176 lk.]<br><strong>\u00dcksi r\u00e4ndan<\/strong>. Tallinn: Eesti Raamat, 1985, 304 lk. [2. tr\u00fckk: \u2019\u00dcksi r\u00e4ndan. Kodu on ilus: romaanid\u2019, Tallinn: SE&amp;JS, 2011, 591 lk.]<br><strong>Minge \u00fcles m\u00e4gedele, 1. raamat<\/strong>. Tallinn: Eesti Raamat, 1987, 336 lk; [Sisu: 1.-2. jagu (\u2019V\u00f5im\u2019, \u2019Vald\u2019). 2. tr\u00fckk: \u2019Minge \u00fcles m\u00e4gedele\u2019, I k\u00f6ide. Tartu: Ilmamaa, 2008, 903 lk].<br><strong>Hirm ja iha<\/strong>. Tallinn: Kupar, 1993, 184 lk.<br><strong>Kodu on ilus<\/strong>. Tallinn: Kupar, 1994, 159 lk.<br><strong>Minge \u00fcles m\u00e4gedele, 2. raamat<\/strong>. Tallinn: Eesti Raamat, 1994, 432 lk; [Sisu: 3.-4. jagu (\u2019Aja pilkaja v\u00e4lja\u2019, \u2019Must s\u00f5da\u2019). 2. tr\u00fckk: \u2019Minge \u00fcles m\u00e4gedele\u2019, I k\u00f6ide. Tartu: Ilmamaa, 2008, 903 lk.]<br><strong>Peremees v\u00f5tab naise<\/strong>. Tallinn: Kupar, 1997, 184 lk. [Minge \u00fcles m\u00e4gedele, 7. jagu. 2. tr\u00fckk: Minge \u00fcles m\u00e4gedele, II k\u00f6ide. Tartu: Ilmamaa, 2009, 934 lk.]<br><strong>Muld l\u00f5hnab<\/strong>. Tallinn: Virgela, 1999, 272 lk. [Minge \u00fcles m\u00e4gedele, 8. jagu. 2. tr\u00fckk: Minge \u00fcles m\u00e4gedele, II k\u00f6ide. Tartu: Ilmamaa, 2009, 934 lk.]<br><strong>Valge lind<\/strong>. Tallinn: Virgela, 2000, 320 lk. [Minge \u00fcles m\u00e4gedele, 9. jagu. 2. tr\u00fckk: Minge \u00fcles m\u00e4gedele, III k\u00f6ide. Tartu: Ilmamaa, 2009, 807 lk.]<br><strong>Haamri all<\/strong>. Tallinn: Kupar, 2001, 308 lk. [Minge \u00fcles m\u00e4gedele, 10. jagu. 2. tr\u00fckk: Minge \u00fcles m\u00e4gedele, III k\u00f6ide. Tartu: Ilmamaa, 2009, 807 lk.]<br><strong>Minge \u00fcles m\u00e4gedele, I k\u00f6ide<\/strong>. Tartu: Ilmamaa, 2008, 903 lk. [Sisu: proloog, 1.-4. jagu (\u2019Puud olid, puud olid hellad velled\u2019, \u2019V\u00f5im\u2019, \u2019Vald\u2019, \u2019Aja pilkaja v\u00e4lja\u2019, \u2019Must s\u00f5da\u2019).]<br><strong>Minge \u00fcles m\u00e4gedele, II k\u00f6ide<\/strong>. Tartu: Ilmamaa, 2008, 903 lk. [Sisu: 5.-8. jagu (\u2019Umbne suvi\u2019, \u2019Metsaline n\u00e4itab ennast\u2019, \u2019Peremees v\u00f5tab naise\u2019, \u2019Muld l\u00f5hnab\u2019).]<br><strong>Minge \u00fcles m\u00e4gedele, III k\u00f6ide<\/strong>. Tartu: Ilmamaa, 2009, 808 lk. [Sisu: 9.-11. jagu (\u2019Valge lind\u2019, \u2019Haamri all\u2019, \u2019Naised ja pojad\u2019).]<br><strong>Minge \u00fcles m\u00e4gedele, IV k\u00f6ide<\/strong>. Tartu: Ilmamaa, 2010, 700 lk. [12. jagu (\u2019\u00d5elate lamp\u2019).]<br><strong>\u00dcksi r\u00e4ndan. Kodu on ilus: romaanid<\/strong>. Tallinn: SE&amp;JS, 2011, 591 lk.<br><strong>Valge maja<\/strong>. Tallinn: Eesti Keele Sihtasutus, 2017, 184 lk.<\/span><\/span><br><strong>T\u00f6\u00f6pataljon<\/strong>. Tallinn: EKSA, 2020, 154 lk.<br><strong>Nad elasid oma saatust<\/strong>. Tartu: Ilmamaa, 2022, 311 lk.<\/p>\n\n\n\n<p><span style=\"color: #000000;\"><span style=\"font-family: verdana, geneva; font-size: small;\"><strong><em>Short stories and novellas<\/em><\/strong><br><strong>Koputa kollasele aknale<\/strong>. Tallinn: Eesti Raamat, 1966, 148 lk.<br><strong>Irdinimene<\/strong>. Tallinn: Perioodika (Loomingu Raamatukogu), 1967, 100 lk; [2. tr\u00fckk: \u2019Irdinimene. T\u00fcrgi oad\u2019, Tallinn: Eesti Raamat, 1977, 196 lk.]<br><strong>M\u00e4nguveski<\/strong>. Tallinn: Eesti Raamat, 1972, 160 lk.<br><strong>Kohvioad<\/strong>. Tallinn: Perioodika (Loomingu Raamatukogu), 1974, 62 lk. [2. tr\u00fckk: Valitud teosed, 2. k\u00f6ide, Tallinn: Eesti Raamat, 1985, 336 lk.]<br><strong>Umbs\u00f5lm. Armuv\u00e4gi<\/strong>. Tallinn: Eesti Raamat, 1989, 192 lk.<br><strong>Kartaago kiirrong<\/strong>. Tallinn: Kupar, 1998, 187 lk.<br><strong>Islandi suvi<\/strong>. Tartu: Ilmamaa, 2003, 184 lk.<br><strong>Sarviku armastus<\/strong>. Tartu: Argo, 2007, 435 lk.<br><strong>Kolm Solveigi<\/strong>. Tartu: Ilmamaa, 2015, 411 lk.<\/span><\/span><br><strong>Abielu viies p\u00e4ev<\/strong>. Tartu: Ilmamaa, 2020, 276 lk.<\/p>\n\n\n\n<p><span style=\"color: #000000;\"><span style=\"font-family: verdana, geneva; font-size: small;\"><strong><em>Plays<\/em><\/strong><br><strong>Maikuu rohi: seitse n\u00e4idendit<\/strong>. Tartu: Ilmamaa, 2016, 272 lk. [Sisu: \u2019P\u00e4ike n\u00e4kku\u2019, \u2019L\u00e4bi klaasi\u2019, \u2019Poos\u2019, \u2019Maikuu rohi\u2019, \u2019J\u00e4\u00e4 veel\u2019, \u2019Kaalujad\u2019, \u2019Tuulekotid\u2019.]<\/span><\/span><\/p>\n\n\n\n<p><span style=\"color: #000000;\"><span style=\"font-family: verdana, geneva; font-size: small;\"><span style=\"font-family: verdana, geneva;\"><strong><em>Non-fiction<\/em><\/strong><\/span><br><span style=\"font-family: verdana, geneva;\"><strong>Rukkir\u00e4\u00e4k linnas<\/strong>. Tallinn: Eesti Raamat, 2001, 144 lk.<\/span><\/span><\/span><\/p>\n","protected":false},"excerpt":{"rendered":"<p>Poems Novels Short stories About Mats Traat Mats Traat (23. XI 1936 \u2013 27. VII 2022) was an Estonian poet, prose writer, playwright, and translator. Mats Traat was born at Kuudse farm in Meema village in Palupera municipality in Southern &#8230;<\/p>\n","protected":false},"author":43,"featured_media":0,"parent":709,"menu_order":0,"comment_status":"closed","ping_status":"closed","template":"","meta":{"_acf_changed":false,"inline_featured_image":false,"footnotes":""},"class_list":["post-222","page","type-page","status-publish","hentry"],"acf":[],"_links":{"self":[{"href":"https:\/\/sisu.ut.ee\/ewod\/wp-json\/wp\/v2\/pages\/222","targetHints":{"allow":["GET"]}}],"collection":[{"href":"https:\/\/sisu.ut.ee\/ewod\/wp-json\/wp\/v2\/pages"}],"about":[{"href":"https:\/\/sisu.ut.ee\/ewod\/wp-json\/wp\/v2\/types\/page"}],"author":[{"embeddable":true,"href":"https:\/\/sisu.ut.ee\/ewod\/wp-json\/wp\/v2\/users\/43"}],"replies":[{"embeddable":true,"href":"https:\/\/sisu.ut.ee\/ewod\/wp-json\/wp\/v2\/comments?post=222"}],"version-history":[{"count":4,"href":"https:\/\/sisu.ut.ee\/ewod\/wp-json\/wp\/v2\/pages\/222\/revisions"}],"predecessor-version":[{"id":7073,"href":"https:\/\/sisu.ut.ee\/ewod\/wp-json\/wp\/v2\/pages\/222\/revisions\/7073"}],"up":[{"embeddable":true,"href":"https:\/\/sisu.ut.ee\/ewod\/wp-json\/wp\/v2\/pages\/709"}],"wp:attachment":[{"href":"https:\/\/sisu.ut.ee\/ewod\/wp-json\/wp\/v2\/media?parent=222"}],"curies":[{"name":"wp","href":"https:\/\/api.w.org\/{rel}","templated":true}]}}