{"id":2201,"date":"2024-04-03T23:42:41","date_gmt":"2024-04-03T20:42:41","guid":{"rendered":"https:\/\/sisu.ut.ee\/ewod\/translations\/"},"modified":"2024-04-04T00:05:06","modified_gmt":"2024-04-03T21:05:06","slug":"translations","status":"publish","type":"page","link":"https:\/\/sisu.ut.ee\/ewod\/p\/parn\/translations\/","title":{"rendered":"Priit P\u00e4rn &#8211; translations"},"content":{"rendered":"<p><span style=\"font-family: verdana, geneva;font-size: medium\"><strong>Books<\/strong><\/span><\/p>\n<p><span style=\"font-family: verdana, geneva\"><strong><em>Danish<\/em><\/strong><\/span><br><span style=\"font-family: verdana, geneva\"><strong>Rejsen til S\u00f8nderomvendt: kunstneren bag<\/strong>. P\u00e5 dansk ved Alice og Bent Haller. K\u00f8benhavn: H\u00f8st &amp; S\u00f8n, 1989, 54 pp. [\u2019Tagurpidi\u2019.]<\/span><\/p>\n<p><span style=\"font-family: verdana, geneva\"><strong><em>Finnish<\/em><\/strong><\/span><br><span style=\"font-family: verdana, geneva\"><strong>Nurinkurin \u2013 Nuuti<\/strong>. Suomentanut Eva Lille; tekstannut Erkki Kukkonen. Porvoo [etc.]: S\u00f6derstr\u00f6m, 1989, 48 pp. [\u2019Tagurpidi\u2019.]<\/span><\/p>\n<p><span style=\"font-family: verdana, geneva\"><strong><em>Norwegian<\/em><\/strong><\/span><br><span style=\"font-family: verdana, geneva\"><strong>Tvertom-tom<\/strong>. Oversatt fra estisk av Turid Farbregd. Oslo: Gyldendal, 1989, 53 pp. [\u2019Tagurpidi\u2019.]<\/span><\/p>\n<p><span style=\"font-family: verdana, geneva\"><strong><em>Spanish<\/em><\/strong><\/span><br><span style=\"font-family: verdana, geneva\"><strong>Tagurpidi<\/strong>. Translated by Consuelo Rubio Alcover. Fulgencio Pimentel, 2017, 52 pp. [\u2019Tagurpidi\u2019.]<\/span><\/p>\n","protected":false},"excerpt":{"rendered":"<p>Books DanishRejsen til S\u00f8nderomvendt: kunstneren bag. P\u00e5 dansk ved Alice og Bent Haller. K\u00f8benhavn: H\u00f8st &amp; S\u00f8n, 1989, 54 pp. [\u2019Tagurpidi\u2019.] FinnishNurinkurin \u2013 Nuuti. Suomentanut Eva Lille; tekstannut Erkki Kukkonen. Porvoo [etc.]: S\u00f6derstr\u00f6m, 1989, 48 pp. [\u2019Tagurpidi\u2019.] NorwegianTvertom-tom. Oversatt fra &#8230;<\/p>\n","protected":false},"author":43,"featured_media":0,"parent":2194,"menu_order":0,"comment_status":"closed","ping_status":"closed","template":"","meta":{"_acf_changed":false,"inline_featured_image":false,"footnotes":""},"class_list":["post-2201","page","type-page","status-publish","hentry"],"acf":[],"_links":{"self":[{"href":"https:\/\/sisu.ut.ee\/ewod\/wp-json\/wp\/v2\/pages\/2201","targetHints":{"allow":["GET"]}}],"collection":[{"href":"https:\/\/sisu.ut.ee\/ewod\/wp-json\/wp\/v2\/pages"}],"about":[{"href":"https:\/\/sisu.ut.ee\/ewod\/wp-json\/wp\/v2\/types\/page"}],"author":[{"embeddable":true,"href":"https:\/\/sisu.ut.ee\/ewod\/wp-json\/wp\/v2\/users\/43"}],"replies":[{"embeddable":true,"href":"https:\/\/sisu.ut.ee\/ewod\/wp-json\/wp\/v2\/comments?post=2201"}],"version-history":[{"count":1,"href":"https:\/\/sisu.ut.ee\/ewod\/wp-json\/wp\/v2\/pages\/2201\/revisions"}],"predecessor-version":[{"id":2877,"href":"https:\/\/sisu.ut.ee\/ewod\/wp-json\/wp\/v2\/pages\/2201\/revisions\/2877"}],"up":[{"embeddable":true,"href":"https:\/\/sisu.ut.ee\/ewod\/wp-json\/wp\/v2\/pages\/2194"}],"wp:attachment":[{"href":"https:\/\/sisu.ut.ee\/ewod\/wp-json\/wp\/v2\/media?parent=2201"}],"curies":[{"name":"wp","href":"https:\/\/api.w.org\/{rel}","templated":true}]}}