{"id":22,"date":"2024-04-03T23:39:15","date_gmt":"2024-04-03T20:39:15","guid":{"rendered":"https:\/\/sisu.ut.ee\/ewod\/play\/"},"modified":"2024-04-04T00:11:15","modified_gmt":"2024-04-03T21:11:15","slug":"play","status":"publish","type":"page","link":"https:\/\/sisu.ut.ee\/ewod\/anthologies\/play\/","title":{"rendered":"The play: short stories by young Estonian authors"},"content":{"rendered":"<p><strong><span style=\"font-family: verdana, geneva\">The play: short stories by young Estonian authors. Edited and afterword by Endel Mallene. Tallinn: Perioodika, 1984, 175 pp.<\/span><\/strong><\/p>\n<p><strong><span style=\"font-family: verdana, geneva\">Contents:\u00a0<\/span><\/strong><\/p>\n<p><span style=\"font-family: verdana, geneva\">Arvo Valton, <strong>The play<\/strong>. [\u2019N\u00e4item\u00e4ng\u2019.]<\/span><br><span style=\"font-family: verdana, geneva\">Arvo Valton, <strong>The barrel<\/strong>. [\u2019T\u00fcnn\u2019.]<\/span><br><span style=\"font-family: verdana, geneva\">Arvo Valton, <strong>Red on white, white on green<\/strong>. [\u2019Punane valgel, valge rohelisel\u2019.]<\/span><br><span style=\"font-family: verdana, geneva\">Rein Saluri, <strong>Father<\/strong>. [\u2019Isa\u2019.]<\/span><br><span style=\"font-family: verdana, geneva\">Rein Saluri, <strong>The collector<\/strong>. [\u2019Koguja\u2019.]<\/span><br><span style=\"font-family: verdana, geneva\">Vaino Vahing, <strong>Machiavelli\u2019s letters to his daughter<\/strong>. [\u2019Machiavelli kirjad t\u00fctrele\u2019.]<\/span><br><span style=\"font-family: verdana, geneva\">\u00dclo Tuulik, <strong>Seagulls<\/strong>. [\u2019Kajakad\u2019.]<\/span><br><span style=\"font-family: verdana, geneva\">\u00dclo Tuulik, <strong>How to use a flare pistol<\/strong>. [\u2019Kuidas kasutada raketip\u00fcstolit\u2019.]<\/span><br><span style=\"font-family: verdana, geneva\">J\u00fcri Tuulik, <strong>Benjamin, fence-leaper, steersman<\/strong>. [\u2019Benjamin \u00dcleaiakargaja, t\u00fc\u00fcrimees\u2019.]<\/span><br><span style=\"font-family: verdana, geneva\">J\u00fcri Tuulik, <strong>The aspen<\/strong>. [\u2019Haab\u2019.]<\/span><br><span style=\"font-family: verdana, geneva\">Jaan Kruusvall, <strong>One heavenward glance<\/strong>. [\u2019Pilk taevasse\u2019.]<\/span><br><span style=\"font-family: verdana, geneva\">Jaan Kruusvall, <strong>Mixed doubles<\/strong>. [\u2019Segapaarism\u00e4ng\u2019.]<\/span><br><span style=\"font-family: verdana, geneva\">Jaan Kruusvall, <strong>The old man<\/strong>. [\u2019Vana inimene\u2019.]<\/span><br><span style=\"font-family: verdana, geneva\">Jaan Kruusvall, <strong>Berta T. \u2018s husband<\/strong>. [\u2019Berta T. mees\u2019.]<\/span><br><span style=\"font-family: verdana, geneva\">Teet Kallas, <strong>Yearning for the fiords<\/strong>. [\u2019Fjordiigatsus\u2019.]<\/span><br><span style=\"font-family: verdana, geneva\">Mai Unt, <strong>Across Bodensee on horseback<\/strong>. [\u2019Ratsa \u00fcle Bodeni j\u00e4rve\u2019.]<\/span><br><span style=\"font-family: verdana, geneva\">Toomas Vint, <strong>Ninepins<\/strong>. [\u2019Veerem\u00e4ng\u2019.]<\/span><br><span style=\"font-family: verdana, geneva\">Toomas Vint, <strong>A small boy in the dark of night<\/strong>. [\u2018V\u00e4iksena \u00f6ises majas\u2019.]<\/span><br><span style=\"font-family: verdana, geneva\">Mari Saat, <strong>His secret poodle<\/strong>. [\u2019Salapuudel\u2019.]<\/span><br><span style=\"font-family: verdana, geneva\">Jaak J\u00f5er\u00fc\u00fct, <strong>Mr. Dirksheet<\/strong>. [\u2019Mr. Diksit\u2019.]<\/span><br><span style=\"font-family: verdana, geneva\">Mihkel Mutt, <strong>My fair suburb<\/strong>. [\u2019Minu veetlev slum\u2019.]<\/span><\/p>\n","protected":false},"excerpt":{"rendered":"<p>The play: short stories by young Estonian authors. Edited and afterword by Endel Mallene. Tallinn: Perioodika, 1984, 175 pp. Contents:\u00a0 Arvo Valton, The play. [\u2019N\u00e4item\u00e4ng\u2019.]Arvo Valton, The barrel. [\u2019T\u00fcnn\u2019.]Arvo Valton, Red on white, white on green. [\u2019Punane valgel, valge rohelisel\u2019.]Rein &#8230;<\/p>\n","protected":false},"author":43,"featured_media":0,"parent":1214,"menu_order":0,"comment_status":"closed","ping_status":"closed","template":"","meta":{"_acf_changed":false,"inline_featured_image":false,"footnotes":""},"class_list":["post-22","page","type-page","status-publish","hentry"],"acf":[],"_links":{"self":[{"href":"https:\/\/sisu.ut.ee\/ewod\/wp-json\/wp\/v2\/pages\/22","targetHints":{"allow":["GET"]}}],"collection":[{"href":"https:\/\/sisu.ut.ee\/ewod\/wp-json\/wp\/v2\/pages"}],"about":[{"href":"https:\/\/sisu.ut.ee\/ewod\/wp-json\/wp\/v2\/types\/page"}],"author":[{"embeddable":true,"href":"https:\/\/sisu.ut.ee\/ewod\/wp-json\/wp\/v2\/users\/43"}],"replies":[{"embeddable":true,"href":"https:\/\/sisu.ut.ee\/ewod\/wp-json\/wp\/v2\/comments?post=22"}],"version-history":[{"count":1,"href":"https:\/\/sisu.ut.ee\/ewod\/wp-json\/wp\/v2\/pages\/22\/revisions"}],"predecessor-version":[{"id":5057,"href":"https:\/\/sisu.ut.ee\/ewod\/wp-json\/wp\/v2\/pages\/22\/revisions\/5057"}],"up":[{"embeddable":true,"href":"https:\/\/sisu.ut.ee\/ewod\/wp-json\/wp\/v2\/pages\/1214"}],"wp:attachment":[{"href":"https:\/\/sisu.ut.ee\/ewod\/wp-json\/wp\/v2\/media?parent=22"}],"curies":[{"name":"wp","href":"https:\/\/api.w.org\/{rel}","templated":true}]}}