{"id":2192,"date":"2024-04-03T23:42:40","date_gmt":"2024-04-03T20:42:40","guid":{"rendered":"https:\/\/sisu.ut.ee\/ewod\/pedrokrusten\/"},"modified":"2024-09-17T16:14:04","modified_gmt":"2024-09-17T13:14:04","slug":"pedrokrusten","status":"publish","type":"page","link":"https:\/\/sisu.ut.ee\/ewod\/k\/pedrokrusten\/","title":{"rendered":"Pedro Krusten"},"content":{"rendered":"<figure class=\"wp-block-image alignright size-large is-resized\"><a href=\"https:\/\/sisu.ut.ee\/wp-content\/uploads\/sites\/108\/Pedro-Krusten.jpg\"><img loading=\"lazy\" decoding=\"async\" width=\"668\" height=\"1024\" src=\"https:\/\/sisu.ut.ee\/wp-content\/uploads\/sites\/108\/Pedro-Krusten-668x1024.jpg\" alt=\"\" class=\"wp-image-5538\" style=\"width:300px\" srcset=\"https:\/\/sisu.ut.ee\/wp-content\/uploads\/sites\/108\/Pedro-Krusten-668x1024.jpg 668w, https:\/\/sisu.ut.ee\/wp-content\/uploads\/sites\/108\/Pedro-Krusten-196x300.jpg 196w, https:\/\/sisu.ut.ee\/wp-content\/uploads\/sites\/108\/Pedro-Krusten-768x1178.jpg 768w, https:\/\/sisu.ut.ee\/wp-content\/uploads\/sites\/108\/Pedro-Krusten-1001x1536.jpg 1001w, https:\/\/sisu.ut.ee\/wp-content\/uploads\/sites\/108\/Pedro-Krusten.jpg 1253w\" sizes=\"auto, (max-width: 668px) 100vw, 668px\"><\/a><\/figure>\n\n\n\n<h5 class=\"wp-block-heading\"><br><a href=\"https:\/\/sisu.ut.ee\/ewod\/k\/pedrokrusten\/poems\"><span style=\"font-family: verdana, geneva;\"><strong><span style=\"font-size: medium;\">Poems<\/span><\/strong><\/span><\/a><\/h5>\n\n\n\n<h5 class=\"wp-block-heading\"><a href=\"https:\/\/sisu.ut.ee\/ewod\/k\/pedrokrusten\/stories\"><span style=\"font-family: verdana, geneva;\"><strong><span style=\"font-size: medium;\">Short stories<\/span><\/strong><\/span><\/a><\/h5>\n\n\n\n<h5 class=\"wp-block-heading\"><a href=\"https:\/\/sisu.ut.ee\/ewod\/k\/pedrokrusten\/about\"><span style=\"font-family: verdana, geneva;\"><strong><span style=\"font-size: medium;\">About Pedro Krusten<\/span><\/strong><\/span><\/a><\/h5>\n\n\n\n<p><br>Pedro Krusten (real name Peeter Krustein, also used the pseudonym Salme Mets as a children\u2019s writer, 21 May 1897 \u2013 14 January 1987) was an Estonian writer.<\/p>\n\n\n\n<p>Krusten was born in Harku parish as the son of the gardener of Muraste manor. He attended Rannam\u00f5isa village school and J. Kirsipuu\u2019s progymnasium in Tallinn. In 1916, he completed Tallinn Secondary School of Science. From 1917 he served in the tsarist army. He escaped combat service because of studying at a military school. During the Russian Civil War, he served in the Red Army; in 1921 he returned to Estonia. In the 1920s, he worked as a court clerk of the Tallinn-Haapsalu Circuit Court, from 1926\u20131940 as a columnist, court correspondent and satire writer for the newspapers <em>Vaba Maa<\/em>, <em>Rahvaleht<\/em>, <em>P\u00e4evaleht<\/em> and <em>Eesti S\u00f5na<\/em>, and for a year at a publishing house in Tartu. Krusten was a member of the Estonian Writers\u2019 Union from 1931 and belonged to the Tallinn Writers\u2019 Society founded in 1939. In 1944, he fled to Germany and from there to the USA in 1950. From 1951\u20131967, he worked for the Estonian Service of the Voice of America. Pedro Krusten died in Arlington, Virginia. In 1992, he was reburied to the Tallinn Forest Cemetery. His brothers were writer <a href=\"https:\/\/sisu.ut.ee\/ewod\/k\/ernikrusten\/\" data-type=\"page\" data-id=\"688\">Erni Krusten<\/a> (who lived and died in his native Estonia, 1900\u20131984) and cartoonist Otto Krusten (1888\u20131937).<\/p>\n\n\n\n<p>Pedro Krusten\u2019s first verses were printed in the journal <em>Looming<\/em> in 1923. His first novel <em>S\u00fcdame rahu<\/em> (\u2018The Calm of the Heart\u2019), published in 1928, won third place in the novel competition of the publishing house Loodus. He also received the same award in the same competition in 1930 for the novel <em>\u00d5ilis vale<\/em> (\u2018Noble Lie\u2019). Krusten was a prolific writer of informal essays and novels, initially writing autobiographical books about wartime but then moving on to more psychological works about exile and home, internal struggles and adjustment. His original style intertwines memories, thoughts and cultural-historical knowledge.<\/p>\n\n\n\n<p>Krusten gained greater attention as a writer with his novel <em>Vehklem\u00f5isa aednik <\/em>(\u2018Gardener of Vehklem\u00f5isa Manor\u2019, 1936), which depicts his childhood home at Muraste. His most impressive work in exile is the so-called Kaldametsa trilogy: <em>Torn \u00fcle metsa<\/em> (\u2018Tower over the Forest\u2019), <em>Laul k\u00f5rgel kaldal<\/em> (\u2018Song on the High Bank\u2019) and <em>Neiuke l\u00e4ks roosiaeda <\/em>(\u2018A Maiden Went into the Rose Garden\u2019).<\/p>\n\n\n\n<p>In 1958, Krusten received the <a href=\"https:\/\/sisu.ut.ee\/ewod\/v\/visnapuu\/\" data-type=\"page\" data-id=\"193\">Henrik Visnapuu<\/a> Literature Prize, issued by the International Estonian Literary Society and the Henrik Visnapuu Foundation as an Estonian literary prize abroad, for the book <em>Kaugelviibija k\u00e4ek\u00f5rval<\/em> (\u2018A Distant Traveller by Your Side\u2019), which describes Visnapuu\u2019s own life and fate after fleeing from the homeland.<\/p>\n\n\n\n<p>On 17 August 1933, the newspaper <em>Rahvaleht<\/em> printed Pedro Krusten\u2019s (under the pseudonym Miini Mihkel) little story <em>Liisil on punane pliiats<\/em> (\u2018Liisi Has a Red Pencil\u2019). This seemingly innocent story contained an acrostic poem the first letters of which formed the phrase \u201click your ass, censor\u201d. It was a protest against the introduction of pre-censorship by the government during the then constitutional crisis and state of emergency. The newspaper issues were confiscated, and the newspaper was closed for three months. In 1989, the journal <em>Vikerkaar<\/em> republished the poem to celebrate the escape from Soviet censorship.<\/p>\n\n\n\n<p>In addition to writing, Pedro Krusten also liked to draw. In his youth, his cartoons were published in the newspaper <em>Kilk<\/em>.<\/p>\n\n\n\n<p><em>M. K. (Translated by I. A.)<\/em><\/p>\n\n\n\n<h5 class=\"wp-block-heading\"><br><strong>Books in Estonian<\/strong><\/h5>\n\n\n\n<p><em><strong>Novels<\/strong><\/em><br><strong>S\u00fcdamerahu. <\/strong>Tartu: Loodus, 1928, 184 lk.<br><strong>\u00d5ilis vale. <\/strong>Tartu: Loodus, 1930, 271 lk.<br><strong>Punane ohvitser. <\/strong>Tallinn: Aktsioon, 1932, 121 lk.<br><strong>Vehklem\u00f5isa aednik. <\/strong>Tartu: Noor-Eesti, 1936, 213 lk.<br><strong>Pime voorus. <\/strong>Tartu: Noor-Eesti, 1938, 188 lk.<br><strong>Kalle Jaanuse k\u00e4ttemaks. <\/strong>Tallinn: Kultuurkoondis, 1939, 262 lk; [2. tr\u00fckk, Tallinn: Eesti Raamat, 2009, 176 lk].<br><strong>\u00dcle parda. <\/strong>Augsburg: USA-ala Eestlaste Kirjastus, 1946, 214 lk.<br><strong>Ihaldatud silmapilk.<\/strong> Vadstena: Orto, 1950, 261 lk.<br><strong>Inimese hoidja. <\/strong>Lund: Eesti Kirjanike Kooperatiiv, 1952, 284 lk.<br><strong>Laev akna taga. <\/strong>Lund: Eesti Kirjanike Kooperatiiv, 1955, 271 lk; [2. tr\u00fckk, Tallinn: Eesti Raamat, 2004, 200 lk.<br><strong>Torn \u00fcle metsa. <\/strong>Lund: Eesti Kirjanike Kooperatiiv, 1959, 295 lk; [2. tr\u00fckk, Tallinn: Eesti Raamat, 1992, 207 lk].<br><strong>Laul k\u00f5rgel kaldal. <\/strong>Lund: Eesti Kirjanike Kooperatiiv, 1962, 296 lk; [2. tr\u00fckk, Tallinn: Eesti Raamat, 1992, 207 lk].<br><strong>Neiuke l\u00e4ks roosiaeda. <\/strong>Lund: Eesti Kirjanike Kooperatiiv, 1963, 295 lk; [2. tr\u00fckk, Tallinn: Eesti Raamat, 1992, 192 lk].<br><strong>Pikerp\u00f5ld ja piirapeel. <\/strong>Lund: Eesti Kirjanike Kooperatiiv, 1968, 256 lk.<br><strong>Kingitus. <\/strong>Lund: Eesti Kirjanike Kooperatiiv, 1982, 180 lk.<\/p>\n\n\n\n<p><em><strong>Short stories<\/strong><\/em><br><strong>Vasema k\u00e4ega. <\/strong>Tartu: J. M\u00e4llo,1934, 116 lk.<br><strong>H\u00e4daohtlik tee. <\/strong>Tartu: Noor-Eesti, 1937, 107 lk.<br><strong>Purustatud pesa. <\/strong>Tallinn: Ilukirjandus ja Kunst, 1941, 184 lk.<br><strong>Otsiv h\u00e4\u00e4l. <\/strong>Tallinn: A. T\u00f5nisson &amp; Ko, 1944, 127 lk.<br><strong>P\u00e4\u00e4stja. <\/strong>Geislingen: Kultuur, 1947, 123 lk.<br><strong>Hiiekaldal. <\/strong>Geislingen: Kultuur, 1948, 173 lk.<br><strong>Huupi valitud. <\/strong>Lund: Eesti Kirjanike Kooperatiiv, 1967, 254 lk.<br><strong>Laevas\u00f5it Leaga. <\/strong>Lund: Eesti Kirjanike Kooperatiiv, 1973, 228 lk.<br><strong>Lindude joogin\u00f5u. <\/strong>Lund: Eesti Kirjanike Kooperatiiv, 1990, 191 lk.<br><strong>Aedniku armastus. <\/strong>Tallinn: Eesti Raamat, 1990, 344 lk.<\/p>\n\n\n\n<p><em><strong>Children\u2019s literature<\/strong><\/em><br>Salme Mets, <strong>Mall ja Sass. <\/strong>Geislingen: Kultuur, 1947, 12 lk.<br>Salme Mets, <strong>Malle j\u00e4nku. <\/strong>Geislingen: Kultuur, 1947, 16 lk.<br>Salme Mets, <strong>Eesti laste j\u00f5ulumees. <\/strong>Geislingen: Kultuur, 1947, 11 lk.<\/p>\n\n\n\n<p><em><strong>Miscellaneous<\/strong><\/em><br><strong>Kaugelviibija k\u00e4ek\u00f5rval. <\/strong>Lund: Eesti Kirjanike Kooperatiiv, 1957, 255 lk.<br><strong>Hullumajast m\u00f6\u00f6dumisel. <\/strong>Lund: Eesti Kirjanike Kooperatiiv, 1972, 252 lk.<br><strong>Aiapidu lampioonidega. <\/strong>Lund: Eesti Kirjanike Kooperatiiv, 1978, 223 lk.<\/p>\n","protected":false},"excerpt":{"rendered":"<p>Poems Short stories About Pedro Krusten Pedro Krusten (real name Peeter Krustein, also used the pseudonym Salme Mets as a children\u2019s writer, 21 May 1897 \u2013 14 January 1987) was an Estonian writer. Krusten was born in Harku parish as &#8230;<\/p>\n","protected":false},"author":43,"featured_media":0,"parent":498,"menu_order":0,"comment_status":"closed","ping_status":"closed","template":"","meta":{"_acf_changed":false,"inline_featured_image":false,"footnotes":""},"class_list":["post-2192","page","type-page","status-publish","hentry"],"acf":[],"_links":{"self":[{"href":"https:\/\/sisu.ut.ee\/ewod\/wp-json\/wp\/v2\/pages\/2192","targetHints":{"allow":["GET"]}}],"collection":[{"href":"https:\/\/sisu.ut.ee\/ewod\/wp-json\/wp\/v2\/pages"}],"about":[{"href":"https:\/\/sisu.ut.ee\/ewod\/wp-json\/wp\/v2\/types\/page"}],"author":[{"embeddable":true,"href":"https:\/\/sisu.ut.ee\/ewod\/wp-json\/wp\/v2\/users\/43"}],"replies":[{"embeddable":true,"href":"https:\/\/sisu.ut.ee\/ewod\/wp-json\/wp\/v2\/comments?post=2192"}],"version-history":[{"count":4,"href":"https:\/\/sisu.ut.ee\/ewod\/wp-json\/wp\/v2\/pages\/2192\/revisions"}],"predecessor-version":[{"id":5539,"href":"https:\/\/sisu.ut.ee\/ewod\/wp-json\/wp\/v2\/pages\/2192\/revisions\/5539"}],"up":[{"embeddable":true,"href":"https:\/\/sisu.ut.ee\/ewod\/wp-json\/wp\/v2\/pages\/498"}],"wp:attachment":[{"href":"https:\/\/sisu.ut.ee\/ewod\/wp-json\/wp\/v2\/media?parent=2192"}],"curies":[{"name":"wp","href":"https:\/\/api.w.org\/{rel}","templated":true}]}}