{"id":2191,"date":"2024-04-03T23:42:40","date_gmt":"2024-04-03T20:42:40","guid":{"rendered":"https:\/\/sisu.ut.ee\/ewod\/poldroos\/"},"modified":"2025-09-05T22:06:45","modified_gmt":"2025-09-05T19:06:45","slug":"poldroos","status":"publish","type":"page","link":"https:\/\/sisu.ut.ee\/ewod\/p\/poldroos\/","title":{"rendered":"Enn P\u00f5ldroos"},"content":{"rendered":"<p><a href=\"https:\/\/sisu.ut.ee\/ewod\/p\/poldroos\/about\"><span style=\"font-family: verdana,geneva;\"><strong><span style=\"font-size: medium;\">About Enn P\u00f5ldroos<\/span><\/strong><\/span><\/a><span style=\"font-family: verdana,geneva;\"> <span style=\"font-size: medium;\"><a href=\"https:\/\/sisu.ut.ee\/wp-content\/uploads\/sites\/108\/e._poldroos_kalju_suur.jpg\" target=\"_self\" rel=\"noopener\"><img decoding=\"async\" style=\"float: right; width: 200px; height: 302px;\" title=\"Photo: Kalju Suur\" src=\"https:\/\/sisu.ut.ee\/wp-content\/uploads\/sites\/108\/enn_poldroos_kalju_suur_vaike.jpg\" alt=\"Enn P\u00f5ldroos\"><\/a><\/span><\/span><\/p>\n\n\n\n<p>\u00a0<\/p>\n\n\n\n<p><span style=\"color: #000000;\"><span style=\"font-size: 13px;\"><span style=\"font-family: Verdana,Geneva,sans-serif;\"><span style=\"line-height: 108%;\"><span style=\"font-weight: normal;\">Enn P\u00f5ldroos <\/span>(21 V 1933 \u2013 5 IX 2025) was a painter and monumental artist, digital graphic artist, author, former chairman of the Estonian Artists\u2019 Union and a member of parliament.<\/span><\/span><\/span><\/span><\/p>\n\n\n\n<p><span style=\"color: #000000;\"><span style=\"font-size: 13px;\"><span style=\"font-family: Verdana,Geneva,sans-serif;\"><span style=\"line-height: 108%;\">P\u00f5ldroos was born in Tallinn. From 1952 to 1958 he studied painting at the State Art Institute of the Estonian SSR, and in 1959 joined the Estonian Artists\u2019 Union. Thereafter he was a lecturer at the Tallinn Pedagogical Institute (1961-1966) and later also at the State Art Institute \/ Estonian Academy of Art (1973-1985 and 1994-1995). From 1985 to 1989 and from 1995 to 1998 he was chairman of the Estonian Artists\u2019 Union. Since 1998 he was a freelance artist. He was a member of the Estonian Writers\u2019 Union since 2003. <\/span><\/span><\/span><\/span><\/p>\n\n\n\n<p><span style=\"color: #000000;\"><span style=\"font-size: 13px;\"><span style=\"font-family: Verdana,Geneva,sans-serif;\"><span style=\"line-height: 108%;\">As a writer P\u00f5ldroos became widely known in the years since 2000. He wrote both memoirs and stories and novels. Before 2000 he produced a book about the painter Olev Subbi (in 1981). In 2002 P\u00f5ldroos won third place in the novel competition run by the Estonian Writers\u2019 Union with his novel <i>Joonik kivi<\/i> (\u2018The Striped Stone\u2019). As in his pictorial art, P\u00f5ldroos loved strong colours, contrasts and paradoxes in his written work too. In the novel <i>Absalon ehk veel \u00fcks P\u00f5rgup\u00f5hja Vanapagan <\/i>(\u2018Absalon, or another Satan of Hell\u2019s Bottom\u2019), which appeared in 2011, the author brings Tammsaare\u2019s honest-minded successor to the devil to live in contemporary Estonia. In the novel <i>Circletown, <\/i>which came out in 2018, P\u00f5ldroos creates a modern dystopia. P\u00f5ldroos\u2019 volumes of memoirs are characterised by a confessional honesty in acknowledging the experiences of his personal life. <\/span><\/span><\/span><\/span><\/p>\n\n\n\n<p><span style=\"color: #000000;\"><span style=\"font-size: 13px;\"><span style=\"font-family: Verdana,Geneva,sans-serif;\"><span style=\"line-height: 108%;\">In 2002 Enn P\u00f5ldroos was awarded the Order of the National Coat of Arms, Class IV, and in 2006, Class III. In 2014 he was given the Estonian National Lifetime Achievement Award for Culture. <\/span><\/span><\/span><\/span><\/p>\n\n\n\n<p><span style=\"color: #000000;\"><span style=\"font-size: 13px;\"><span style=\"font-family: Verdana,Geneva,sans-serif;\"><span style=\"line-height: 108%;\"><i>L. P. (Translated by C. M.)<\/i><\/span><\/span><\/span><\/span><\/p>\n\n\n\n<p><strong><a href=\"https:\/\/poldroos.com\/\" target=\"_blank\" rel=\"noreferrer noopener\">Homepage<\/a><\/strong><\/p>\n\n\n\n<p><br><span style=\"color: #000000;\"><span style=\"font-size: 16px;\"><span style=\"font-family: Verdana,Geneva,sans-serif;\"><span style=\"line-height: 108%;\"><span style=\"font-style: normal;\"><b>Books in Estonian<\/b><\/span><\/span><\/span><\/span><\/span><\/p>\n\n\n\n<p><span style=\"color: #000000;\"><span style=\"font-size: 13px;\"><span style=\"font-family: Verdana,Geneva,sans-serif;\"><span style=\"line-height: 108%;\"><em><b>Novels<\/b><\/em><br><strong>Joonik kivi<\/strong>. Tallinn: Eesti Keele Sihtasutus, 2003. 129 lk.<br><strong>Kinnituisanu<\/strong>: pseudokrimka. Tallinn: Eesti Keele Sihtasutus, 2005. 141 lk.<br><strong>Absalon ehk Veel \u00fcks P\u00f5rgup\u00f5hja Vanapagan<\/strong>. Tallinn: Kunst, 2011. 179 lk.<br><strong>Circletown<\/strong>. Tallinn: Eesti Keele Sihtasutus, 2018. 111 lk.<\/span><\/span><\/span><\/span><br><strong>Pahupidi<\/strong>. M\u00f5istulugu. Tallinn: EKSA, 2021, 155 lk.<br><strong>Absalon. \u00dche kuradi t\u00e4psustatud elulugu<\/strong>. Tallinn: EKSA, 2023, 167 lk.<\/p>\n\n\n\n<p><span style=\"color: #000000;\"><em><span style=\"font-size: 13px;\"><span style=\"font-family: Verdana,Geneva,sans-serif;\"><span style=\"line-height: 108%;\"><b>Stories<\/b><\/span><\/span><\/span><\/em><br><span style=\"font-size: 13px;\"><span style=\"font-family: Verdana,Geneva,sans-serif;\"><span style=\"line-height: 108%;\"><strong>\u00d6\u00f6 r\u00fc\u00fctel<\/strong>. Tallinn: Eesti Keele Sihtasutus, 2002. 132 lk.<br><strong>Pr\u00fcgi seadus<\/strong>. Tallinn: Eesti Keele Sihtasutus, 2004. 198 lk.<br><strong>Silm veresoonega<\/strong>: pseudomuinasjutud. Tallinn: E. P\u00f5ldroos, 2006. 181 lk.<\/span><\/span><\/span><\/span><\/p>\n\n\n\n<p><span style=\"color: #000000;\"><span style=\"font-size: 13px;\"><span style=\"font-family: Verdana,Geneva,sans-serif;\"><span style=\"line-height: 108%;\"><em><b>Essays<\/b><\/em><br><strong>Ma kujutlen<\/strong>. Tartu: Ilmamaa, 2015. 270 lk.<\/span><\/span><\/span><\/span> [Sari \u2018Eesti m\u00f5ttelugu\u2019.]<\/p>\n\n\n\n<p><span style=\"color: #000000;\"><span style=\"font-size: 13px;\"><span style=\"font-family: Verdana,Geneva,sans-serif;\"><span style=\"line-height: 108%;\"><b>Memoirs<\/b><br><strong>Mees narrim\u00fctsiga<\/strong>. Tallinn: Kunst, 2001. 281 lk.<\/span><\/span><\/span><\/span> [2. tr\u00fckk: 2013.]<\/p>\n\n\n\n<p><span style=\"color: #000000;\"><span style=\"font-size: 13px;\"><span style=\"font-family: Verdana,Geneva,sans-serif;\"><span style=\"line-height: 108%;\"><em><b>Art studies<\/b><\/em><br><strong>Traditsiooni uudsus: Olev Subbi<\/strong>. Tallinn: Kunst, 1981. 63 lk. [Reproduktsioonide album.]<\/span><\/span><\/span><\/span><\/p>\n\n\n\n<p>\u00a0<\/p>\n","protected":false},"excerpt":{"rendered":"<p>About Enn P\u00f5ldroos \u00a0 Enn P\u00f5ldroos (21 V 1933 \u2013 5 IX 2025) was a painter and monumental artist, digital graphic artist, author, former chairman of the Estonian Artists\u2019 Union and a member of parliament. P\u00f5ldroos was born in Tallinn. &#8230;<\/p>\n","protected":false},"author":43,"featured_media":0,"parent":675,"menu_order":0,"comment_status":"closed","ping_status":"closed","template":"","meta":{"_acf_changed":false,"inline_featured_image":false,"footnotes":""},"class_list":["post-2191","page","type-page","status-publish","hentry"],"acf":[],"_links":{"self":[{"href":"https:\/\/sisu.ut.ee\/ewod\/wp-json\/wp\/v2\/pages\/2191","targetHints":{"allow":["GET"]}}],"collection":[{"href":"https:\/\/sisu.ut.ee\/ewod\/wp-json\/wp\/v2\/pages"}],"about":[{"href":"https:\/\/sisu.ut.ee\/ewod\/wp-json\/wp\/v2\/types\/page"}],"author":[{"embeddable":true,"href":"https:\/\/sisu.ut.ee\/ewod\/wp-json\/wp\/v2\/users\/43"}],"replies":[{"embeddable":true,"href":"https:\/\/sisu.ut.ee\/ewod\/wp-json\/wp\/v2\/comments?post=2191"}],"version-history":[{"count":6,"href":"https:\/\/sisu.ut.ee\/ewod\/wp-json\/wp\/v2\/pages\/2191\/revisions"}],"predecessor-version":[{"id":7577,"href":"https:\/\/sisu.ut.ee\/ewod\/wp-json\/wp\/v2\/pages\/2191\/revisions\/7577"}],"up":[{"embeddable":true,"href":"https:\/\/sisu.ut.ee\/ewod\/wp-json\/wp\/v2\/pages\/675"}],"wp:attachment":[{"href":"https:\/\/sisu.ut.ee\/ewod\/wp-json\/wp\/v2\/media?parent=2191"}],"curies":[{"name":"wp","href":"https:\/\/api.w.org\/{rel}","templated":true}]}}