{"id":2189,"date":"2024-04-03T23:42:39","date_gmt":"2024-04-03T20:42:39","guid":{"rendered":"https:\/\/sisu.ut.ee\/ewod\/soelsepp\/"},"modified":"2024-04-04T00:05:08","modified_gmt":"2024-04-03T21:05:08","slug":"soelsepp","status":"publish","type":"page","link":"https:\/\/sisu.ut.ee\/ewod\/s\/soelsepp\/","title":{"rendered":"Venda S\u00f5elsepp"},"content":{"rendered":"<p>\n\t<a href=\"https:\/\/sisu.ut.ee\/ewod\/s\/soelsepp\/poems\"><strong><span style=\"font-size: medium;font-family: verdana,geneva\">Poems <\/span><\/strong><\/a><a href=\"https:\/\/sisu.ut.ee\/wp-content\/uploads\/sites\/108\/venda_soelsepp.jpg\" target=\"_self\" rel=\"noopener\"><img decoding=\"async\" alt=\"Venda S\u00f5elsepp\" src=\"https:\/\/sisu.ut.ee\/wp-content\/uploads\/sites\/108\/venda_soelsepp.jpg\" style=\"float: right;width: 200px;height: 276px\"><\/a>\n<\/p>\n<p>\u00a0\n<\/p>\n<p>\n\t<span style=\"color:#000000\"><span style=\"font-size:13px\"><span style=\"font-family:Verdana,Geneva,sans-serif\">Venda S\u00f5elsepp (17. VII 1923 \u2013 12. V 2006) was a poet and children\u2019s author. His works are mainly concerned with two Estonian seaside towns, Haapsalu and P\u00e4rnu, where he lived and whose landscapes inspired his lyrics.<\/span><\/span><\/span>\n<\/p>\n<p>\n\t<span style=\"color:#000000\"><span style=\"font-size:13px\"><span style=\"font-family:Verdana,Geneva,sans-serif\">S\u00f5elsepp was born in Haapsalu, the son of a potter, and attended schools in Haapsalu. After leaving secondary school he worked for the Haapsalu newspaper <em>L\u00e4\u00e4ne S\u00f5na<\/em>. During the war he served in the Estonian Home Guard. For his wartime activity he was arrested in 1944 on political charges and was sent in 1945 to the Kolyma labour camp. After forced labour in the prison camp and forced exile in Magadan he arrived back in Estonia in 1956 and worked as a product specialist and foreman at commercial and service enterprises in Haapsalu and P\u00e4rnu. From 1974 he was a professional writer.<\/span><\/span><\/span>\n<\/p>\n<p>\n\t<span style=\"color:#000000\"><span style=\"font-size:13px\"><span style=\"font-family:Verdana,Geneva,sans-serif\">S\u00f5elsepp published more than twenty books, most of which can be classified as children\u2019s literature. He made his debut in 1942 in the newspaper <em>L\u00e4\u00e4ne S\u00f5na<\/em>. After his imprisonment and resettlement he published his first poetry in 1957 in the journal <em>N\u00f5ukogude Naine<\/em> (\u2018Soviet Woman\u2019).\u00a0 \u00a0<\/span><\/span><\/span>\n<\/p>\n<p>\n\t<span style=\"color:#000000\"><span style=\"font-size:13px\"><span style=\"font-family:Verdana,Geneva,sans-serif\">Initially S\u00f5elsepp\u2019s poetry followed traditional verse forms (sonnet, haiku, tanka); later he turned to free verse and formal diversity in his work. Nature offered S\u00f5elsepp, as a lyricist, stimuli to examine life and himself. The author\u2019s work can be divided into public commentaries on the times and meditative lyrics that portray melodic pictures of nature. In 1993 S\u00f5elsepp published the poetry collection <em>Narilaulud<\/em> (\u2018Bunk Songs\u2019), which consists of experimental mood-pieces from his youth. In the books of verse he published between 1963 and 1993 S\u00f5elsepp dedicated and important place to poetry for children. He also wrote prose books for children, the children\u2019s play <em>N\u00e4\u00e4rinoor<\/em> (\u2018Young Santa Claus\u2019), topical satires and parodies. S\u00f5elsepp\u2019s work has been translated into many languages. In the nineteen-nineties the Haapsalu newspaper <em>L\u00e4\u00e4ne Elu<\/em> published some of his memoirs.<\/span><\/span><\/span>\n<\/p>\n<p>\n\t<span style=\"color:#000000\"><em><span style=\"font-size:13px\"><span style=\"font-family:Verdana,Geneva,sans-serif\">L. P. (Translated by C. M.)<\/span><\/span><\/em><\/span>\n<\/p>\n<p><span style=\"color:#000000\"><strong><span style=\"font-size:16px\"><span style=\"font-family:Verdana,Geneva,sans-serif\">Books in Estonian<\/span><\/span><\/strong><\/span><\/p>\n<p><span style=\"font-size:13px\"><span style=\"font-family:Verdana,Geneva,sans-serif\"><em><strong>Poems<\/strong><\/em><br><strong>Algas sellest<\/strong>. Tallinn: Eesti Riiklik Kirjastus, 1964, 88 lk.<br><strong>Rohekaskoldses kirjas. Luulet 1973\u20131978<\/strong>. Tallinn: Eesti Raamat, 1979, 96 lk.<br><strong>Narilaulud<\/strong>. P\u00e4rnu: Anamnesia, 1993, 217 lk.<br><strong>L\u00f5ukakivi. Noppeid nelja aastak\u00fcmne luulest<\/strong>. P\u00e4rnu: V. S\u00f5elsepp, 1998, 74 lk.<\/span><\/span><br>Adne v. Zoel, <span style=\"font-size:13px\"><span style=\"font-family:Verdana,Geneva,sans-serif\"><strong>K\u00e4ggo-kell, elik Mitto \u00f6ppetlichod Luggo-laulud, moistlikulle \u00fclles arwata<\/strong>. Perno: Anamnesia, 1999, 88 lk.<\/span><\/span>\n<\/p>\n<p>\n\t<span style=\"color:#000000\"><span style=\"font-size:13px\"><span style=\"font-family:Verdana,Geneva,sans-serif\"><strong><em>Poems for children<\/em><\/strong><br><strong>Igal pool on vaba s\u00f5it<\/strong>. Tallinn: Eesti Riiklik Kirjastus, 1963. 45 lk.<br><strong>Kutt kiisupoeg<\/strong>. Tallinn: Eesti Raamat, 1965. 31 lk.<br><strong>P\u00f5hjavalguse laulud<\/strong>. Tallinn: Eesti Raamat, 1968. 39 lk.<br><strong>Juhani rakett<\/strong>. Tallinn: Eesti Raamat, 1969. 14 lk.<br><strong>Pikk nina<\/strong>. Tallinn: Eesti Raamat, 1969. 44 lk.<br><strong>R\u00f5\u00f5mus supp<\/strong>. Tallinn: Eesti Raamat, 1969. 19 lk.<br><strong>Pani timmi viiuli<\/strong>. Tallinn: Eesti Raamat, 1971. 34 lk.<br><strong>P\u00e4ike kuldab maad<\/strong>. Tallinn: Eesti Raamat, 1974. 80 lk.<br><strong>K\u00f5ik meeled avali<\/strong>. Tallinn: Eesti Raamat, 1976. 48 lk.<br><strong>Mutikas<\/strong>. Tallinn: Eesti Raamat, 1980. 40 lk.<br><strong>Sinikuube sirguke<\/strong>. Tallinn: Eesti Raamat, 1981. 46 lk.<br><strong>Tuulte piiril<\/strong>. Tallinn: Eesti Raamat, 1983. 29 lk.<br><strong>Kass ja koer<\/strong>. Kuressaare: Oma Saar. 1993. 24 lk.<\/span><\/span><\/span>\n<\/p>\n<p>\n\t<span style=\"color:#000000\"><span style=\"font-size:13px\"><span style=\"font-family:Verdana,Geneva,sans-serif\"><strong><em>Prose<\/em><\/strong><br><strong>Targasti tehtud<\/strong>. Tallinn: Eesti Raamat, 1970. 64 lk.<br><strong>Maidu, Urro ja Kurnilda<\/strong>. Tallinn: Eesti Raamat, 1979. 64 lk.<br><strong>Kirilinnut\u00fcdruk<\/strong>. P\u00e4rnu: V. S\u00f5elsepp, 1994. 16 lk.<\/span><\/span><\/span>\n<\/p>\n<p>\n\t<span style=\"color:#000000\"><span style=\"font-size:13px\"><span style=\"font-family:Verdana,Geneva,sans-serif\"><strong><em>Memoirs<\/em><\/strong><br><strong>Kol\u00f5ma \u2013 kole maa<\/strong>. Tallinn: Eesti Keele Sihtasutus, 2021. 391 lk.<\/span><\/span><\/span><\/p>\n","protected":false},"excerpt":{"rendered":"<p>Poems \u00a0 Venda S\u00f5elsepp (17. VII 1923 \u2013 12. V 2006) was a poet and children\u2019s author. His works are mainly concerned with two Estonian seaside towns, Haapsalu and P\u00e4rnu, where he lived and whose landscapes inspired his lyrics. S\u00f5elsepp &#8230;<\/p>\n","protected":false},"author":43,"featured_media":0,"parent":697,"menu_order":0,"comment_status":"closed","ping_status":"closed","template":"","meta":{"_acf_changed":false,"inline_featured_image":false,"footnotes":""},"class_list":["post-2189","page","type-page","status-publish","hentry"],"acf":[],"_links":{"self":[{"href":"https:\/\/sisu.ut.ee\/ewod\/wp-json\/wp\/v2\/pages\/2189","targetHints":{"allow":["GET"]}}],"collection":[{"href":"https:\/\/sisu.ut.ee\/ewod\/wp-json\/wp\/v2\/pages"}],"about":[{"href":"https:\/\/sisu.ut.ee\/ewod\/wp-json\/wp\/v2\/types\/page"}],"author":[{"embeddable":true,"href":"https:\/\/sisu.ut.ee\/ewod\/wp-json\/wp\/v2\/users\/43"}],"replies":[{"embeddable":true,"href":"https:\/\/sisu.ut.ee\/ewod\/wp-json\/wp\/v2\/comments?post=2189"}],"version-history":[{"count":1,"href":"https:\/\/sisu.ut.ee\/ewod\/wp-json\/wp\/v2\/pages\/2189\/revisions"}],"predecessor-version":[{"id":2894,"href":"https:\/\/sisu.ut.ee\/ewod\/wp-json\/wp\/v2\/pages\/2189\/revisions\/2894"}],"up":[{"embeddable":true,"href":"https:\/\/sisu.ut.ee\/ewod\/wp-json\/wp\/v2\/pages\/697"}],"wp:attachment":[{"href":"https:\/\/sisu.ut.ee\/ewod\/wp-json\/wp\/v2\/media?parent=2189"}],"curies":[{"name":"wp","href":"https:\/\/api.w.org\/{rel}","templated":true}]}}