{"id":2184,"date":"2024-04-03T23:42:39","date_gmt":"2024-04-03T20:42:39","guid":{"rendered":"https:\/\/sisu.ut.ee\/ewod\/stories-et-263\/"},"modified":"2024-04-04T00:05:07","modified_gmt":"2024-04-03T21:05:07","slug":"stories","status":"publish","type":"page","link":"https:\/\/sisu.ut.ee\/ewod\/r\/rakke\/stories\/","title":{"rendered":"Kerttu Rakke &#8211; short stories"},"content":{"rendered":"<p><span style=\"font-family: verdana, geneva\"><strong><em>Finnish<\/em><\/strong><\/span><br><span style=\"font-family: verdana, geneva\"><strong>Kuten kuka tahansa<\/strong>. \u2013\u00a0Raija H\u00e4m\u00e4l\u00e4inen ja Hannu Oittinen (eds),\u00a0Tallinnasta pois: groteskia virolaista proosaa.<strong>\u00a0<\/strong>Translated by\u00a0Petteri Aarnos,\u00a0Iiris Heino,\u00a0Raija H\u00e4m\u00e4l\u00e4inen,\u00a0Seija Kerttula,\u00a0Mika Ker\u00e4nen,\u00a0Heli Laaksonen,\u00a0Hannu Oittinen,\u00a0Joanna Ruokonen. Helsinki, Absurdia, 2003, 240 pp. [<span style=\"font-family: verdana, geneva\"><span>Translation of \u2018Nagu iga teinegi\u2019<\/span><\/span>. Contents of the anthology:\u00a0Presidentti \/ Olavi Ruitlane. Se soi. Hevonen ei-mist\u00e4\u00e4n \/ J\u00fcri Ehlvest. Tallinnasta pois\/Tallinnast poikkee. Tarinoita P\u00f5lvamaan suurmiehist\u00e4 \/ Aapo Ilves. Miesten kongressi. Vahva nainen. Ugri \/ Andrus Kivir\u00e4hk. Kuten kuka tahansa \/ Kerttu Rakke. Vittuuks m\u00e4 t\u00e4\u00e4ll\u00e4 \/ Peeter Sauter. Soiva postikortti \/ Kauksi \u00dclle. Tapaaminen Taageperassa \/ Mehis Heinsaar. Tohtori \/ Matt Barker. Eilen, t\u00e4n\u00e4\u00e4n, ikuisesti Rooma \/ Eeva Park. Kaunotar ja hirvi\u00f6 \/ Kaur Kender. Jumala, Lenin ja Emajoki \/ Veiko M\u00e4rka. Unissak\u00e4velij\u00e4. Kirje Elvis Preslille \/ Urmas Vadi. Mykk\u00e4 nukke. Pastoraali. Kuolemaan menev\u00e4t tervehtiv\u00e4t \/ Ervin \u00d5unapuu. Ovien takansa \/ Jan Kaus. Uskotteko kummitusjuttuihin? El\u00e4intent\u00e4ytt\u00e4j\u00e4 \/ Veiko Belials. Oraakkelin kuolema \/ Karen Orlau. Veli Rus \/ Indrek Hargla.]<\/span><\/p>\n<p><span style=\"font-family: verdana, geneva\"><strong><em>French<\/em><\/strong><br><span><strong>Comme n\u2019importe qui d\u2019autre<\/strong><em>. \u2013<\/em>\u00a0Les hirondelles: anthologie de nouvelles estoniennes contemporaines. Textes choisis et pr\u00e9sent\u00e9s par Antoine Chalvin; traduits de l\u2019estonien par Yves Avril, H\u00e9l\u00e8ne Challulau, Antoine Chalvin, Fanny Marchal, Jean-Pierre Minaudier, Jean-Luc Moreau et Jean Pascal Ollivry.\u00a0Caen: Presses Universitaires de Caen, 2002. 251 pp. [Translation of \u2018Nagu iga teinegi\u2019. Contents of the anthology:\u00a0Motacilla \/ Jaan Kross. L\u2019 homme au sac \u00e0 dos vert \/ Arvo Valton. Des roses pour du caf\u00e9 \/ Mats Traat. Le tremble \/ J\u00fcri Tuulik. Les hirondelles \/ Vaino Vahing. Le timbre et le baiser \/ Jaan Kaplinski. Retour aupr\u00e8s des grands rochers \/ Teet Kallas. Anniversaire \/ Mati Unt. L\u2019 Agence de r\u00e9gulation des mariages \/ Toomas Vint. La dame rococo \/ Maimu Berg. La grotte \/ Mari Saat. L\u2019 impr\u00e9vue \/ Eeva Park. La saga des Joppenbuch \/ Mihkel Mutt. Les gants \/ Ervin \u00d5unapuu. Signal d\u2019alarme \/ J\u00fcri Ehlvest. Un artiste \/ Andrus Kivir\u00e4hk. Ils vont vernir cette nuit! \/ Indrek Hargla. Comme n\u2019importe qui d\u2019autre \/ Kerttu Rakke. L\u2019 homme-papillon \/ Mehis Heinsaar.]<strong><br>Fatigue printani\u00e8re<\/strong>. \u2013\u00a0Labyrinthes du r\u00e9el: \u00e9crivains estoniens contemporains. Textes r\u00e9unis et pr\u00e9sent\u00e9s par Antoine Chalvin. Traduit de l\u2019estonien par Martin Carayol, Jean Pascal Ollivry, Antoine Chalvin\u2026 et al.\u00a0Paris: Maison des cultures du monde; Arles: Actes Sud; Qu\u00e9bec: Lem\u00e9ac, 2011, 219 pp. [Translation of \u2018Kevadv\u00e4simus\u2019. Contents of the anthology:\u00a0Les gars de chez Wikman \/ Jaan Kross. La disparition de K\u00f5tu \/ Madis K\u00f5iv. Le m\u00eame fleuve \/ Jaan Kaplinski. Le paradis \/ T\u00f5nu \u00d5nnepalu. Coeur d\u2019ours \/ Nikolai Baturin. Le lion sous les jasmins \/ Mati Unt. L\u2019int\u00e9r\u00eat humain pour le bonheur \/ Mati Unt. Un incident au th\u00e9\u00e2tre \/ Mati Unt. Anamn\u00e8se \/ J\u00fcri Ehlvest. Lettre de province \/ Jaan Undusk. Fatigue printani\u00e8re \/ Kerttu Rakke. Mon ami B. \/ Rein Raud. Le mariage de Mlle U. \/ Rein Raud. L\u2019artiste W. \/ Rein Raud. Le professeur P. \/ Rein Raud. L\u2019histoire d\u2019Oliver Helves \/ Mehis Heinsaar. Le spectre des bl\u00e9s \/ Indrek Hargla. Mon histoire d\u2019amour \/ Andrus Kivir\u00e4hk.]<\/span><\/span><\/p>\n","protected":false},"excerpt":{"rendered":"<p>FinnishKuten kuka tahansa. \u2013\u00a0Raija H\u00e4m\u00e4l\u00e4inen ja Hannu Oittinen (eds),\u00a0Tallinnasta pois: groteskia virolaista proosaa.\u00a0Translated by\u00a0Petteri Aarnos,\u00a0Iiris Heino,\u00a0Raija H\u00e4m\u00e4l\u00e4inen,\u00a0Seija Kerttula,\u00a0Mika Ker\u00e4nen,\u00a0Heli Laaksonen,\u00a0Hannu Oittinen,\u00a0Joanna Ruokonen. Helsinki, Absurdia, 2003, 240 pp. [Translation of \u2018Nagu iga teinegi\u2019. Contents of the anthology:\u00a0Presidentti \/ Olavi Ruitlane. Se &#8230;<\/p>\n","protected":false},"author":43,"featured_media":0,"parent":2179,"menu_order":0,"comment_status":"closed","ping_status":"closed","template":"","meta":{"_acf_changed":false,"inline_featured_image":false,"footnotes":""},"class_list":["post-2184","page","type-page","status-publish","hentry"],"acf":[],"_links":{"self":[{"href":"https:\/\/sisu.ut.ee\/ewod\/wp-json\/wp\/v2\/pages\/2184","targetHints":{"allow":["GET"]}}],"collection":[{"href":"https:\/\/sisu.ut.ee\/ewod\/wp-json\/wp\/v2\/pages"}],"about":[{"href":"https:\/\/sisu.ut.ee\/ewod\/wp-json\/wp\/v2\/types\/page"}],"author":[{"embeddable":true,"href":"https:\/\/sisu.ut.ee\/ewod\/wp-json\/wp\/v2\/users\/43"}],"replies":[{"embeddable":true,"href":"https:\/\/sisu.ut.ee\/ewod\/wp-json\/wp\/v2\/comments?post=2184"}],"version-history":[{"count":1,"href":"https:\/\/sisu.ut.ee\/ewod\/wp-json\/wp\/v2\/pages\/2184\/revisions"}],"predecessor-version":[{"id":2889,"href":"https:\/\/sisu.ut.ee\/ewod\/wp-json\/wp\/v2\/pages\/2184\/revisions\/2889"}],"up":[{"embeddable":true,"href":"https:\/\/sisu.ut.ee\/ewod\/wp-json\/wp\/v2\/pages\/2179"}],"wp:attachment":[{"href":"https:\/\/sisu.ut.ee\/ewod\/wp-json\/wp\/v2\/media?parent=2184"}],"curies":[{"name":"wp","href":"https:\/\/api.w.org\/{rel}","templated":true}]}}