{"id":2182,"date":"2024-04-03T23:42:38","date_gmt":"2024-04-03T20:42:38","guid":{"rendered":"https:\/\/sisu.ut.ee\/ewod\/kalmus\/"},"modified":"2024-04-04T00:05:10","modified_gmt":"2024-04-03T21:05:10","slug":"kalmus","status":"publish","type":"page","link":"https:\/\/sisu.ut.ee\/ewod\/k\/kalmus\/","title":{"rendered":"Ain Kalmus"},"content":{"rendered":"<p>\n\t<span style=\"font-family: verdana, geneva\"><span style=\"font-size: medium\"><strong><a href=\"https:\/\/sisu.ut.ee\/ewod\/k\/kalmus\/novels\">Novels<\/a><\/strong>\u00a0<a href=\"https:\/\/sisu.ut.ee\/wp-content\/uploads\/sites\/108\/a-156-268_ain_kalmus.jpg\" target=\"_self\" rel=\"noopener\"><img decoding=\"async\" alt=\"Ain Kalmus\" src=\"https:\/\/sisu.ut.ee\/wp-content\/uploads\/sites\/108\/a-156-268_ain_kalmus.jpg\" style=\"float: right;width: 200px;height: 267px\" title=\"Photo: Kalju Suur (Tallinn)\"><\/a><\/span><\/span>\n<\/p>\n<p>\n\t<a href=\"https:\/\/sisu.ut.ee\/ewod\/k\/kalmus\/stories\"><span style=\"font-family: verdana, geneva\"><strong><span style=\"font-size: medium\">Short stories<\/span><\/strong><\/span><\/a>\n<\/p>\n<p>\n\t<a href=\"https:\/\/sisu.ut.ee\/ewod\/k\/kalmus\/about\"><span style=\"font-family: verdana, geneva\"><strong><span style=\"font-size: medium\">About Ain Kalmus<\/span><\/strong><\/span><\/a>\n<\/p>\n<p><span style=\"font-family: verdana, geneva\"><span style=\"font-size: medium\"><span style=\"font-size: small\">Ain Kalmus (given name Evald M\u00e4nd, 8. VI \/ 26. V 1906 \u2013 15. XI 2001), Estonian writer and theologian. His religious and literary vocations were realised in several novels whose main theme is man\u2019s relationship to God.<\/span><\/span><br><span style=\"font-size: medium\"><span style=\"font-size: small\">\u00a0<\/span><br><span style=\"font-size: small\">He was born in Emmaste parish on the island of Hiiumaa into a numerous and religious family of coastal farmers. He began his schooling in 1916 at the Kuriste Orthodox church school and at the local primary schools, gaining his secondary education from 1925 to 1929 at the Baptist Evangelical Seminary at Keila, and his tertiary education in America, at Andover Newton Theological School, where he defended his master\u2019s thesis on the theme of religious disillusionment. After returning from the USA, he worked as a Baptist minister in Tartu and south Estonia, and as a pastor in Tallinn. At the same time he taught in religious schools and edited the theological journals <em>Elukevade<\/em> and <em>Teek\u00e4ija<\/em>. In 1944 he fled with his family to Sweden, and in 1946 moved to the USA, where he was soon selected as a pastor to the congregation of Rockport. In the nineteen-fifties he worked as a cleric in Amherst and as a lecturer at Andover Newton Theological School, where in 1974 he defended his doctoral dissertation on \u2018The Influences of the Bible on Fiction\u2019.<\/span><br><span style=\"font-size: small\">\u00a0<\/span><br><span style=\"font-size: small\">In Estonia Kalmus published three collections of religious stories, one collection of poetry and several sermons. His first book, containing two short stories, <em>Valgus ja varjud<\/em> (\u2018Light and Shadows\u2019, 1926), appeared under the name Evald M\u00e4nd. His first novel, <em>Soolased tuuled<\/em> (\u2018Salty Winds\u2019, published in the newspaper <em>Eesti S\u00f5na<\/em> 1942, as a book 1944) depicted with ethnographic exactness the life of coastal island dwellers in the final decades of the 19th century, with descriptions of fishing and seal-hunting, shipbuilding and smuggling.<\/span><br><span style=\"font-size: small\">\u00a0<\/span><br><span style=\"font-size: small\">In exile Kalmus turned into an original and productive prose writer, who published twelve novels and two collections of short stories. The novel <em>\u00d6\u00f6 tuli liiga vara<\/em> (\u2018Night Came Too Early\u2019, 1945) is the chronicle of one family\u2019s fate starting from the outbreak of the Second World War until its escape from Estonia to Sweden. The resistance struggle of the guerrillas (known as \u201cForest Brothers\u201d) in Estonia in the interregnum of 1941 is depicted in <em>Kaarnak\u00fcnka<\/em> (1946), the first novel about the Forest Brothers in Estonian. The novel <em>Kodusadama tuled<\/em> (\u2018Lights of the Home Port\u2019, 1947), based on the experiences of seamen, tells of the career of a boy from a poor coastal village who becomes a captain and a boat-owner. The life of Estonians who emigrated to America before the Second World War, in the years 1900 to 1940, is described in the novel <em>Hingemaa<\/em> (\u2018Land of Spirits\u2019, 1948). Kalmus wrote in English about the problems of those without a homeland in <em>The World is my Home<\/em> (1952) and the short-story collection <em>Men of Tomorrow<\/em> (1958), based on Biblical motifs.<\/span><br><span style=\"font-size: small\">\u00a0<\/span><br><span style=\"font-size: small\">The summit of his achievement is the novels <em>Prohvet<\/em> (\u2018The Unfaithful\u2019, 1950), <em>Tulised vankrid<\/em> (\u2018Chariots of Fire\u2019 I-II, 1953) and <em>Juudas<\/em> (\u2018Judas\u2019, 1969), which show him to be the most consistent seeker of God in Estonian literature. The Prophet follows the life of the Old Testament prophet Hosea, in the 8th century BC. Chariots of Fire, in two volumes, examines the early Christian period in the Near East and on Crete through the story of the martyr-bishop Polycarp (Polykarpos).<\/span><br><span style=\"font-size: small\">\u00a0<\/span><br><span style=\"font-size: small\">The series of novels <em>Jumalad lahkuvad Maalt<\/em> (\u2018The Gods Leave the Earth\u2019), 1956), <em>Toone tuled \u00fcle Maa<\/em> (\u2018Fires of the Land of the Dead Shining Over the Earth\u2019, 1958), <em>Koju enne \u00f5htut<\/em> (\u2018Home Before Evening\u2019, 1964) depicts the beginning of the Christianisation of Estonia and the Estonians\u2019 submission in the years 1170-1230. The central theme of the Tabelinius trilogy is the collision of Christianity and paganism, the internal conflict arising from the Estonians\u2019 sense of faith and of tribal identity after accepting the foreign faith, but also the ancient tribes\u2019 struggle for freedom and their resistance to the German and Danish invasions, resulting in tragic defeat. One of Kalmus\u2019 major works, <em>Juudas<\/em> (1969), interprets the New Testament story of Judas Iscariot, who embodies the hunger for truth and love, and seeks an earthly ideal of freedom.<\/span><br><span style=\"font-size: small\">\u00a0<\/span><br><span style=\"font-size: small\">Kalmus\u2019 four-volume series of memoirs, <em>Kadunud saar<\/em> (\u2018The Lost Island\u2019, 1972), <em>Ajastute vahetusel<\/em> (\u2018Between Eras\u2019, 1977), <em>P\u00e4\u00e4sta meid \u00e4ra kurjast<\/em> (\u2018Deliver Us from Evil\u2019, 1979), <em>Meil pole j\u00e4\u00e4davat linna<\/em> (\u2018We Have No Permanent Town\u2019, 1981) is an autobiographical retrospection, in which he recalls his childhood on Hiiumaa, his life as a sailor and his theological studies at Keila, his studies in the USA, his pastoral and priestly work in Estonia and his life in exile in the USA. Kalmus\u2019 books of memoires, with their searching self-examination and their confessional nature, can be classified as autobiographical novels. In exile Kalmus continued to write stories, marginalia, essays and reviews in the American press.<\/span><br><span style=\"font-size: small\">\u00a0<\/span><br><em><span style=\"font-size: small\">A. O. (Translated by C. M.)<\/span><\/em><\/span><\/span><\/p>\n<p><strong><span style=\"font-size: medium\">Books in Estonian<\/span><\/strong><\/p>\n<p><span style=\"font-size: medium\"><span style=\"font-size: small\"><strong><em>Novels<\/em><\/strong><br><strong>\u00d6\u00f6 tuli liiga vara<\/strong>. Vadstena: Orto, 1945, 347 lk. [J\u00e4rgnev tr\u00fckk: Vadstena: Orto, 1946, 349 lk.] <\/span><\/span><br><span style=\"font-size: medium\"><span style=\"font-size: small\"><strong>Kaarnak\u00fcnka<\/strong>. Stockholm: Eesti Teataja, 1946, 229 lk. <\/span><br><span style=\"font-size: small\"><strong>Soolased tuuled<\/strong>. Tallinn: Eesti Kirjastus, 1944, 380 lk. [J\u00e4rgnevad tr\u00fckid: Vadstena: Orto, 1946, 418 lk; Lund: Eesti Kirjanike Kooperatiiv, 1964, 307 lk; Tallinn: Eesti Raamat, 2001, 325 lk.]<\/span><br><span style=\"font-size: small\"><strong>Kodusadama tuled<\/strong>. Vadstena: Orto, 1947, 293 lk. <\/span><br><span style=\"font-size: small\"><strong>Hingemaa<\/strong>. Vadstena: Orto, 1948, 312 lk. <\/span><br><span style=\"font-size: small\"><strong>Prohvet<\/strong>. Vadstena: Orto, 1950, 392 lk. [J\u00e4rgnev tr\u00fckk:\u00a0Tallinn: Logos, 1998, 462 lk.] <\/span><br><span style=\"font-size: small\"><strong>Tulised vankrid. I<\/strong>. Lund: Eesti Kirjanike Kooperatiiv, 1953, 261 lk.<br><span style=\"font-family: verdana, geneva\"><span style=\"font-size: medium\"><span style=\"font-size: small\"><strong>Tulised vankrid. II<\/strong>. Lund: Eesti Kirjanike Kooperatiiv, 1953, <\/span><\/span><\/span>267 lk. <\/span><br><span style=\"font-size: small\"><strong>Jumalad lahkuvad maalt<\/strong>. Lund: Eesti Kirjanike Kooperatiiv, 1956, 439 lk. [J\u00e4rgnevad tr\u00fckid: Tallinn: Eesti Raamat, 1996, 334 lk; Tallinn: Eesti P\u00e4evaleht, 2008, 409 lk.]<\/span><br><span style=\"font-size: small\"><strong>Toone tuuled \u00fcle maa<\/strong>. Lund: Eesti Kirjanike Kooperatiiv, 1958, 380 lk. [J\u00e4rgnev tr\u00fckk: Tallinn: Eesti Raamat, 1997, 303 lk.]<\/span><br><span style=\"font-size: small\"><strong>Koju enne \u00f5htut<\/strong>. Lund: Eesti Kirjanike Kooperatiiv, 1964, 324 lk. [J\u00e4rgnev tr\u00fckk: Tallinn: Eesti Raamat, 1997, 311 lk.]<\/span><br><span style=\"font-size: small\"><strong>Juudas<\/strong>. Lund: Eesti Kirjanike Kooperatiiv, 1969, 248 lk. [J\u00e4rgnev tr\u00fckk: Tallinn: Perioodika, 1988, 175 lk.]\u00a0 <\/span><br><span style=\"font-size: small\">\u00a0<\/span><br><strong><em><span style=\"font-size: small\">Memoirs<\/span><\/em><\/strong><span style=\"font-size: small\"> <\/span><br><span style=\"font-size: small\"><strong>Kadunud saar: noorusm\u00e4lestusi<\/strong>. Lund: Eesti Kirjanike Kooperatiiv, 1972, 239 lk. [J\u00e4rgnev tr\u00fckk: Tallinn: Eesti Keele Sihtasutus, 2011, 248 lk.]<\/span><br><span style=\"font-size: small\"><strong>Ajastute vahetusel: m\u00e4lestusi siit- ja sealtpoolt ookeani<\/strong>. Lund: Eesti Kirjanike Kooperatiiv, 1977, 212 lk.<\/span><br><span style=\"font-size: small\"><strong>P\u00e4\u00e4sta meid \u00e4ra kurjast: kolmas raamat m\u00e4lestusi<\/strong>. Lund: Eesti Kirjanike Kooperatiiv, 1979, 205 lk. [J\u00e4rgnev tr\u00fckk: Tallinn: Kultuurileht, 2010, 193 lk.]<\/span><br><span style=\"font-size: small\"><strong>Meil pole j\u00e4\u00e4davat linna: neljas k\u00f6ide m\u00e4lestusi<\/strong>. Lund: Eesti Kirjanike Kooperatiiv, 1981, 197 lk.<\/span><\/span><\/p>\n","protected":false},"excerpt":{"rendered":"<p>Novels\u00a0 Short stories About Ain Kalmus Ain Kalmus (given name Evald M\u00e4nd, 8. VI \/ 26. V 1906 \u2013 15. XI 2001), Estonian writer and theologian. His religious and literary vocations were realised in several novels whose main theme is &#8230;<\/p>\n","protected":false},"author":43,"featured_media":0,"parent":498,"menu_order":0,"comment_status":"closed","ping_status":"closed","template":"","meta":{"_acf_changed":false,"inline_featured_image":false,"footnotes":""},"class_list":["post-2182","page","type-page","status-publish","hentry"],"acf":[],"_links":{"self":[{"href":"https:\/\/sisu.ut.ee\/ewod\/wp-json\/wp\/v2\/pages\/2182","targetHints":{"allow":["GET"]}}],"collection":[{"href":"https:\/\/sisu.ut.ee\/ewod\/wp-json\/wp\/v2\/pages"}],"about":[{"href":"https:\/\/sisu.ut.ee\/ewod\/wp-json\/wp\/v2\/types\/page"}],"author":[{"embeddable":true,"href":"https:\/\/sisu.ut.ee\/ewod\/wp-json\/wp\/v2\/users\/43"}],"replies":[{"embeddable":true,"href":"https:\/\/sisu.ut.ee\/ewod\/wp-json\/wp\/v2\/comments?post=2182"}],"version-history":[{"count":1,"href":"https:\/\/sisu.ut.ee\/ewod\/wp-json\/wp\/v2\/pages\/2182\/revisions"}],"predecessor-version":[{"id":2903,"href":"https:\/\/sisu.ut.ee\/ewod\/wp-json\/wp\/v2\/pages\/2182\/revisions\/2903"}],"up":[{"embeddable":true,"href":"https:\/\/sisu.ut.ee\/ewod\/wp-json\/wp\/v2\/pages\/498"}],"wp:attachment":[{"href":"https:\/\/sisu.ut.ee\/ewod\/wp-json\/wp\/v2\/media?parent=2182"}],"curies":[{"name":"wp","href":"https:\/\/api.w.org\/{rel}","templated":true}]}}