{"id":2178,"date":"2024-04-03T23:42:38","date_gmt":"2024-04-03T20:42:38","guid":{"rendered":"https:\/\/sisu.ut.ee\/ewod\/reiman\/"},"modified":"2024-04-04T00:05:09","modified_gmt":"2024-04-03T21:05:09","slug":"reiman","status":"publish","type":"page","link":"https:\/\/sisu.ut.ee\/ewod\/r\/reiman\/","title":{"rendered":"Rudolf Reiman"},"content":{"rendered":"<p>\n\t<a href=\"https:\/\/sisu.ut.ee\/ewod\/r\/reiman\/poems\"><strong><span style=\"font-family: verdana, geneva;font-size: medium\">Poems<\/span><\/strong><\/a><strong><span style=\"font-family: verdana, geneva;font-size: medium\"> <\/span><\/strong><span style=\"font-family: verdana, geneva;font-size: medium\"><a href=\"https:\/\/sisu.ut.ee\/wp-content\/uploads\/sites\/108\/rudolf_reiman.jpg\" target=\"_self\" rel=\"noopener\"><img decoding=\"async\" alt=\"Rudolf Reiman\" src=\"https:\/\/sisu.ut.ee\/wp-content\/uploads\/sites\/108\/rudolf_reiman.jpg\" style=\"float: right;width: 200px;height: 302px\"><\/a><\/span>\n<\/p>\n<p>\u00a0\n<\/p>\n<p>\n\t<span style=\"color:#000000\"><span style=\"font-size:13px\"><span style=\"font-family:Verdana,Geneva,sans-serif\">Rudolf Reiman (also Reimann, 25 October 1893 \u2013 6 October 1957) was a poet, short story writer, playwright and educator. His verses are characterised by great technical mastery but by also abstractness in expressing emotions.<\/span><\/span><\/span>\n<\/p>\n<p>\n\t<span style=\"color:#000000\"><span style=\"font-size:13px\"><span style=\"font-family:Verdana,Geneva,sans-serif\">Reiman was born at M\u00f5driku village in Virumaa County in the family of a schoolmaster. From 1905\u20131909, he attended Rakvere town school and from 1909\u20131910 teacher training courses at the same school where he acquired the qualification of a primary school teacher. At the courses, he became a close friend with J\u00fcri Parij\u00f5gi who later became a youth writer. In these years, Rudolf Reiman made his first attempts at writing, which were published in the magazine <em>Eesti Kodu<\/em> and elsewhere. From 1911, he worked as a teacher at several places. From 1922\u20131930, he worked as a teacher of Estonian at V\u00f5ru Teachers\u2019 Seminary, later as head of several primary schools. After World War II, Reiman worked as head of Rakvere Secondary School No. 2. In 1950, he gave up working at school for health reasons.<\/span><\/span><\/span>\n<\/p>\n<p>\n\t<span style=\"color:#000000\"><span style=\"font-size:13px\"><span style=\"font-family:Verdana,Geneva,sans-serif\">Rudolf Reiman published his first poetry collection <em>Lambi valgel<\/em> (\u2018At Lamplight\u2019) in 1914, at the age of 21. This was followed by the poetry collection <em>Vaikus<\/em> (\u2018Silence\u2019, 1918), the long poem <em>P\u00e4ikeseratas<\/em> (\u2018Sun Wheel\u2019, 1922) and the poetry collection <em>L\u00e4bi \u00f6\u00f6<\/em> (\u2018Through the Night\u2019, 1925). His last poetry collection <em>Talvelaulud 1923\u20131940<\/em> (\u2018Winter Songs 1923\u20131940\u2019) remained unpublished.<\/span><\/span><\/span>\n<\/p>\n<p>\n\t<span style=\"color:#000000\"><span style=\"font-size:13px\"><span style=\"font-family:Verdana,Geneva,sans-serif\">Reiman\u2019s first poetry collections clearly reveal the influence of the poets of the Young Estonia grouping, particularly of Ernst Enno. His poetry is characterised by neoromantic and symbolist stylistic features of the period, and the poems are full of fashionable modernist and exotic words. The form of his poetry is mostly classical. He wrote many sonnets and terza rimas. The sonnet crown <em>\u00d6\u00f6laul<\/em> (\u2018Night Song\u2019) in the poetry collection <em>L\u00e4bi \u00f6\u00f6<\/em> (\u2018Through the Night\u2019) is historically the second representation of this genre in Estonian literature.<\/span><\/span><\/span>\n<\/p>\n<p>\n\t<span style=\"color:#000000\"><span style=\"font-size:13px\"><span style=\"font-family:Verdana,Geneva,sans-serif\">Reiman\u2019s later poetry collections foreground the author\u2019s personal emotions and experiences. The feeling of loneliness, which has accompanied the poet throughout his life, prevails in many poems.<\/span><\/span><\/span>\n<\/p>\n<p>\n\t<span style=\"color:#000000\"><span style=\"font-size:13px\"><span style=\"font-family:Verdana,Geneva,sans-serif\">Reiman also wrote short prose for adults and children and a few plays. Along with fiction, he published several textbooks, readers and methodological manuals for schools.<\/span><\/span><\/span>\n<\/p>\n<p>\n\t<em><span style=\"color:#000000\"><span style=\"font-size:13px\"><span style=\"font-family:Verdana,Geneva,sans-serif\">L. P. (Translated by I. A.)<\/span><\/span><\/span><\/em>\n<\/p>\n<p><strong><span style=\"font-size:16px\"><span style=\"color:#000000\"><span style=\"font-family:Verdana,Geneva,sans-serif\">Books in Estonian<\/span><\/span><\/span><\/strong>\n<\/p>\n<p>\n\t<span style=\"color:#000000\"><span style=\"font-size:13px\"><span style=\"font-family:Verdana,Geneva,sans-serif\"><strong><em>Poetry<\/em><\/strong><br><strong>Lambi valgel<\/strong>. Jurjev: J. Zirk, 1914. 107 lk.<br><strong>Vaikus<\/strong>: 1915\u20131917. Tartu: J. Zirk, 1918. 64 lk.<br><strong>P\u00e4ikseratas<\/strong>: poeem. V\u00f5ru: Ellai, 1922. 29 lk.<br><strong>L\u00e4bi \u00f6\u00f6<\/strong>: luuletusi 1918\u20131922. V\u00f5ru: V. Pohlak, 1925. 65 lk.<br><strong>Sinivalge \u00f6\u00f6<\/strong>. P\u00e4rnu: Penikoorem, 2014. 55 lk.<\/span><\/span><\/span>\n<\/p>\n<p>\n\t<span style=\"color:#000000\"><span style=\"font-size:13px\"><span style=\"font-family:Verdana,Geneva,sans-serif\"><strong><em>Plays<\/em><\/strong><br><strong>Painaja<\/strong>: draama 3 aktis. V\u00f5ru: R. Reiman, 1925. 83\u00a0 lk.<br><strong>J\u00f5ulut\u00e4ht<\/strong>: lasten\u00e4idend \u00fches vaatuses. Tartu: Loodus, 1934. 31 lk.<\/span><\/span><\/span>\n<\/p>\n<p>\n\t\u00a0<\/p>\n","protected":false},"excerpt":{"rendered":"<p>Poems \u00a0 Rudolf Reiman (also Reimann, 25 October 1893 \u2013 6 October 1957) was a poet, short story writer, playwright and educator. His verses are characterised by great technical mastery but by also abstractness in expressing emotions. Reiman was born &#8230;<\/p>\n","protected":false},"author":43,"featured_media":0,"parent":686,"menu_order":0,"comment_status":"closed","ping_status":"closed","template":"","meta":{"_acf_changed":false,"inline_featured_image":false,"footnotes":""},"class_list":["post-2178","page","type-page","status-publish","hentry"],"acf":[],"_links":{"self":[{"href":"https:\/\/sisu.ut.ee\/ewod\/wp-json\/wp\/v2\/pages\/2178","targetHints":{"allow":["GET"]}}],"collection":[{"href":"https:\/\/sisu.ut.ee\/ewod\/wp-json\/wp\/v2\/pages"}],"about":[{"href":"https:\/\/sisu.ut.ee\/ewod\/wp-json\/wp\/v2\/types\/page"}],"author":[{"embeddable":true,"href":"https:\/\/sisu.ut.ee\/ewod\/wp-json\/wp\/v2\/users\/43"}],"replies":[{"embeddable":true,"href":"https:\/\/sisu.ut.ee\/ewod\/wp-json\/wp\/v2\/comments?post=2178"}],"version-history":[{"count":1,"href":"https:\/\/sisu.ut.ee\/ewod\/wp-json\/wp\/v2\/pages\/2178\/revisions"}],"predecessor-version":[{"id":2899,"href":"https:\/\/sisu.ut.ee\/ewod\/wp-json\/wp\/v2\/pages\/2178\/revisions\/2899"}],"up":[{"embeddable":true,"href":"https:\/\/sisu.ut.ee\/ewod\/wp-json\/wp\/v2\/pages\/686"}],"wp:attachment":[{"href":"https:\/\/sisu.ut.ee\/ewod\/wp-json\/wp\/v2\/media?parent=2178"}],"curies":[{"name":"wp","href":"https:\/\/api.w.org\/{rel}","templated":true}]}}