{"id":2175,"date":"2024-04-03T23:42:38","date_gmt":"2024-04-03T20:42:38","guid":{"rendered":"https:\/\/sisu.ut.ee\/ewod\/about-et-280\/"},"modified":"2024-04-04T00:05:08","modified_gmt":"2024-04-03T21:05:08","slug":"about","status":"publish","type":"page","link":"https:\/\/sisu.ut.ee\/ewod\/r\/pauleerikrummo\/about\/","title":{"rendered":"Paul-Eerik Rummo &#8211; about"},"content":{"rendered":"<p>\n\t<span style=\"font-family: verdana,geneva\"><strong><span style=\"font-size: medium\">Articles<\/span><\/strong><\/span>\n<\/p>\n<p>\n\t<span style=\"font-family: verdana,geneva\"><span style=\"font-family: verdana,geneva\"><span style=\"font-family: verdana,geneva\"><span style=\"font-family: verdana,geneva\"><em><strong>English<\/strong><\/em><\/span><\/span><\/span><\/span><br>Arne Merilai, <strong>Chapter X. Kaplinski\u2019s Line and Rummo\u2019s Sparks: Structural Comparison<\/strong>. \u2013 Arne Merilai, Estonian pragmapoetics, from poetry and fiction to philosophy and genetics. Newcastle-upon-Tyne: Cambridge Scholars Publishing, 2023, pp 138-157. [See <strong><a data-url=\"https:\/\/sisu.ut.ee\/ewod\/generaltreatments\/estonianpragmapoetics\" href=\"https:\/\/sisu.ut.ee\/ewod\/generaltreatments\/estonianpragmapoetics\" title=\"\">contents<\/a><\/strong> of the monograph.]<br><span style=\"font-family: verdana,geneva\"><span style=\"font-family: verdana,geneva\"><span style=\"font-family: verdana,geneva\"><span style=\"font-family: verdana,geneva\">Anneli Mihkelev, <strong>The Dialogue with Hamlet: Paul-Eerik Rummo\u2019s \u201cHamlet\u2019s songs\u201d as an Example of Existential Paradigm in Estonian Culture<\/strong>. \u2013 Interlitteraria, vol 18, no 1, 2013, pp 258-272.<br>Marja Unt,\u00a0<a href=\"http:\/\/elm.estinst.ee\/issue\/22\/poet-and-politician-paul-eerik-rummo\/\"><strong>Poet and politician Paul-Eerik Rummo<\/strong><\/a>. \u2013 Estonian Literary Magazine, no 22, 2006.<br>Luule Epner, <strong>Text and Stage: Theatricalism in Modern Estonian Drama<\/strong>. \u2013 Interlitteraria, vol 1, 1996, pp 26-40.[About the play \u2018Tuhkatriinum\u00e4ng\u2019 (\u2018Cinderellagame\u2019)]<\/span><\/span><\/span><\/span>\n<\/p>\n<p>\n\t<span data-mce-mark=\"1\" style=\"font-size: small;font-family: verdana,geneva\"><strong><em>German<\/em><\/strong><br>Christoph Funke, <strong>Freundlich vertrotzt. Paul-Eerik Rummo, Dichter und Minister, im Maxim Gorki Theater<\/strong>. \u2013 Der Tagesspiegel, 29.1.1993.<\/span>\n<\/p>\n<p>\n\t<span data-mce-mark=\"1\" style=\"font-size: small;font-family: verdana,geneva\"><strong><em>Hungarian<\/em><\/strong><br><span>\u00c1rp\u00e1s K\u00e1roly,\u00a0<\/span><a href=\"http:\/\/www.sulinet.hu\/oroksegtar\/data\/tudomany_es_ismeretterjesztes\/messze_van_esztorszag\/\" target=\"_blank\" rel=\"noopener\"><strong>Messze van \u00c9sztorsz\u00e1g\u2026: (v\u00e1logatott finnugrisztikai dolgozatok)<\/strong><\/a><span>. Savariae [i.e. Szombathely]: Berzsenyi D\u00e1niel Tan\u00e1rk\u00e9pz\u00f6 F\u00f6iskola, 2003, 275 pp. [A monograph about Estonian history and literature. Includes special chapters about \u2018Kalevipoeg\u2019, Lydia Koidula (in German), A. H. Tammsaare, Jaan Kross, Minni Nurme, Viivi Luik and Paul-Eerik Rummo.]<\/span><br>\u00c1rp\u00e1s K\u00e1roly, <strong>Egy \u00e9szt k\u00f6lt\u0151r\u0151l<\/strong>. \u2013 \u00c9let \u00e9s irodalom, no 7, 1987.<\/span><\/p>\n<p><strong><em>Russian<\/em><\/strong><br>\u0420\u043e\u043c\u0430\u043d \u041a\u0430\u043b\u043b\u0430\u0441, <strong>\u041f\u0430\u0443\u043b\u044c \u042d\u0440\u0438\u043a-\u0420\u0443\u043c\u043c\u043e: \u041e\u0431\u0440\u0430\u0437 \u043c\u044b\u0441\u043b\u0438 \u2013 \u043f\u043e\u044d\u0437\u0438\u044f<\/strong>. \u2013 \u0420\u043e\u043c\u0430\u043d \u041a\u0430\u043b\u043b\u0430\u0441, \u042d\u0441\u0442\u043e\u043d\u0441\u043a\u0430\u044f \u043b\u0438\u0442\u0435\u0440\u0430\u0442\u0443\u0440\u0430: 20 \u0438\u043c\u0435\u043d \u043e\u0442 \u043a\u043b\u0430\u0441\u0441\u0438\u043a\u0438 \u0434\u043e \u0441\u043e\u0432\u0440\u0435\u043c\u0435\u043d\u043d\u043e\u0441\u0442\u0438: \u043d\u0430\u0447\u0430\u043b\u044c\u043d\u044b\u0439 \u043a\u0443\u0440\u0441 \u0434\u043b\u044f \u0448\u043a\u043e\u043b \u0441 \u0440\u0443\u0441\u0441\u043a\u0438\u043c \u044f\u0437\u044b\u043a\u043e\u043c \u043e\u0431\u0443\u0447\u0435\u043d\u0438\u044f. Viljandi: Sarapuu, 1997, pp 149-153. [See <strong><a href=\"https:\/\/sisu.ut.ee\/ewod\/general\/booksinrussian\/20imen\">contents<\/a><\/strong> of the monograph.]<br>\u00a0\n<\/p>\n<p>\n\t<span style=\"font-family: verdana,geneva\"><strong><span style=\"font-size: medium\">Reviews<\/span><\/strong><\/span>\n<\/p>\n<p>\n\t<span style=\"font-family: verdana,geneva\"><strong><em>English<\/em><\/strong><\/span><br><span style=\"font-family: verdana,geneva\">Rutt Hinrikus, <a href=\"http:\/\/elm.estinst.ee\/issue\/15\/short-outlines-books-estonian-authors\/\"><strong>Short Outlines of Books by Estonian Authors<\/strong><\/a>. \u2013 Estonian Literary Magazine, no 15, 2002. [About the poetry collection \u2018Kohvikumuusikat\u2019 (\u2018Caf\u00e9 Music\u2019).]<br>Ivar Ivask,\u00a0<strong><cite>Oo et s\u00e4demeid kiljuks mu hing: Valitud luulet 1957-1984<\/cite><\/strong><span style=\"font-family: verdana,geneva\"><strong>\u00a0by Paul-Eerik Rummo<\/strong>. \u2013 World Literature Today, v<span style=\"font-family: verdana,geneva\">ol 60, no 3, 1986, p 494.<\/span><\/span><br>George Kurman,\u00a0<strong><cite>Ajapinde ajab: Luulet, juhuluulet, laulus\u00f5nu ja muud eri aegadest<\/cite><\/strong><span style=\"font-family: verdana,geneva\"><strong>\u00a0by Paul-Eerik Rummo<\/strong>. \u2013 World Literature Today, v<span style=\"font-family: verdana,geneva\">ol 60, no 2, 1986, p 337.<\/span><\/span><br>Mardi Valgem\u00e4e,\u00a0<strong><cite>Tuhkatriinum\u00e4ng<\/cite><\/strong><span style=\"font-family: verdana,geneva\"><strong>\u00a0by Paul-Eerik Rummo<\/strong>. \u2013 Books Abroad, v<span style=\"font-family: verdana,geneva\">ol 43, no 4, 1969, pp 629-630.<br>Ivar Ivask,\u00a0<strong><cite>Luulet 1960-1967<\/cite><\/strong><span style=\"font-family: verdana,geneva\"><strong>\u00a0by Paul-Eerik Rummo<\/strong>. \u2013 Books Abroad, v<span style=\"font-family: verdana,geneva\">ol 43, no 2, 1969, pp 290-291.<br>Ivar Ivask,\u00a0<strong><cite>Tule ikka mu r\u00f5\u00f5mude juurde<\/cite><\/strong><span style=\"font-family: verdana,geneva\"><strong>\u00a0by Paul-Eerik Rummo<\/strong>. \u2013 Books Abroad, v<span style=\"font-family: verdana,geneva\">ol 39, no 3, 1965, p 374.<\/span><\/span><\/span><\/span><\/span><\/span><\/span>\n<\/p>\n<p>\n\t<span style=\"font-family: verdana,geneva\"><span style=\"font-family: verdana,geneva\"><span style=\"font-family: verdana,geneva\"><span style=\"font-family: verdana,geneva\"><span style=\"font-family: verdana,geneva\"><span style=\"font-family: verdana,geneva\"><span style=\"font-family: verdana,geneva\"><strong><em>French<\/em><\/strong><br>Malle Talvet, <strong>A vau-l\u2019eau avec soi-meme, et pas de formule<\/strong>. \u2013 Estonia: Zeitschrift f\u00fcr estnische Literatur und Kultur, no 3, 1985, pp 41-42. [About \u2018Ajapinde ajab\u2019, Tallinn 1985.]<\/span><\/span><\/span><\/span><\/span><\/span><\/span>\n<\/p>\n<p>\n\t<span style=\"font-family: verdana,geneva\"><strong><em>German<\/em><\/strong><br><span style=\"font-size: small;font-family: verdana,geneva\"><span style=\"font-family: verdana,geneva\"><span style=\"font-size: small;font-family: verdana,geneva\"><span>Cornelius Hasselblatt,\u00a0<\/span><strong>Paul-Eerik Rummo: Tuhkatriinum\u00e4ng<\/strong><span>. \u2013\u00a0<\/span><span>Kindlers Literatur Lexikon 3<\/span><span>, bd 14.\u00a0Stuttgart, Weimar: Verlag\u00a0J.B. Metzler, 2009, pp 140.<\/span><br>Cornelius Hasselblatt, <strong>Aschenputtel anders: Paul-Eerik Rummos Version<\/strong>. \u2013 Estonia, no 2, 1993, pp 5-6. [About \u2018Tuhkatriinum\u00e4ng\u2019.]<br>Juhani Salokannel, <strong>Das M\u00e4rchen ist aus, das Spiel beginnt. Das Spiel vom Aschenbr\u00f6del \u2013 ein moderner Klassiker aus Estland<\/strong>. \u2013 Jahrbuch f\u00fcr finnisch-deutsche Literaturbeziehungen \/ Mitteilungen aus der Deutschen Bibliothek, vol 25, 1993, pp 96-98. [About \u2018Tuhkatriinum\u00e4ng\u2019.]<br>Cornelius Hasselblatt, <strong>Paul-Eerik Rummo: Tuhkatriinum\u00e4ng<\/strong>. \u2013 Kindlers Neues Literatur Lexikon, bd 14. M\u00fcnchen: Kindler, 1991, pp 466-467<strong> <\/strong><\/span><\/span>.<br>Cornelius Hasselblatt,<strong> <\/strong><\/span><strong>Langer Postweg<\/strong>. \u2013 Estonia, vol 6, no 2, 1990, pp 90-91. [About \u2018Saatja aadress ja teised luuletused 1968-1972\u2019, Tallinn, 1989.]<\/span><\/p>\n","protected":false},"excerpt":{"rendered":"<p>Articles EnglishArne Merilai, Chapter X. Kaplinski\u2019s Line and Rummo\u2019s Sparks: Structural Comparison. \u2013 Arne Merilai, Estonian pragmapoetics, from poetry and fiction to philosophy and genetics. Newcastle-upon-Tyne: Cambridge Scholars Publishing, 2023, pp 138-157. [See contents of the monograph.]Anneli Mihkelev, The Dialogue &#8230;<\/p>\n","protected":false},"author":43,"featured_media":0,"parent":2170,"menu_order":0,"comment_status":"closed","ping_status":"closed","template":"","meta":{"_acf_changed":false,"inline_featured_image":false,"footnotes":""},"class_list":["post-2175","page","type-page","status-publish","hentry"],"acf":[],"_links":{"self":[{"href":"https:\/\/sisu.ut.ee\/ewod\/wp-json\/wp\/v2\/pages\/2175","targetHints":{"allow":["GET"]}}],"collection":[{"href":"https:\/\/sisu.ut.ee\/ewod\/wp-json\/wp\/v2\/pages"}],"about":[{"href":"https:\/\/sisu.ut.ee\/ewod\/wp-json\/wp\/v2\/types\/page"}],"author":[{"embeddable":true,"href":"https:\/\/sisu.ut.ee\/ewod\/wp-json\/wp\/v2\/users\/43"}],"replies":[{"embeddable":true,"href":"https:\/\/sisu.ut.ee\/ewod\/wp-json\/wp\/v2\/comments?post=2175"}],"version-history":[{"count":1,"href":"https:\/\/sisu.ut.ee\/ewod\/wp-json\/wp\/v2\/pages\/2175\/revisions"}],"predecessor-version":[{"id":2896,"href":"https:\/\/sisu.ut.ee\/ewod\/wp-json\/wp\/v2\/pages\/2175\/revisions\/2896"}],"up":[{"embeddable":true,"href":"https:\/\/sisu.ut.ee\/ewod\/wp-json\/wp\/v2\/pages\/2170"}],"wp:attachment":[{"href":"https:\/\/sisu.ut.ee\/ewod\/wp-json\/wp\/v2\/media?parent=2175"}],"curies":[{"name":"wp","href":"https:\/\/api.w.org\/{rel}","templated":true}]}}