{"id":2173,"date":"2024-04-03T23:42:37","date_gmt":"2024-04-03T20:42:37","guid":{"rendered":"https:\/\/sisu.ut.ee\/ewod\/articlesinlatvian\/"},"modified":"2024-04-04T00:05:11","modified_gmt":"2024-04-03T21:05:11","slug":"articlesinlatvian","status":"publish","type":"page","link":"https:\/\/sisu.ut.ee\/ewod\/general\/articlesinlatvian\/","title":{"rendered":"General treatments &#8211; articles in Latvian"},"content":{"rendered":"<p><span style=\"font-family: verdana, geneva\">N. Anderzens,\u00a0<strong>Da\u017eas piezimes par igaunu noveli<\/strong>. \u2013\u00a0Pavasari meklejot: igaunu noveles. Sastadijusi D\u017euljeta Plakidis; no igaunu valodas tulkojusi D\u017e. Plakidis, Anna \u017digure un Janis \u017digurs; makslinieks Gunvalds Elers. Riga: Liesma, 1974, 354 pp. [See <a href=\"https:\/\/sisu.ut.ee\/ewod\/anthologies\/pavasari\"><strong>contents<\/strong><\/a> of the anthology of short stories.]<br>Ants Orass, <strong>Igau\u0146u noveles Att\u012bst\u012bba<\/strong>. \u2013 Igau\u0146u noveles. Tulkojis Leo \u0160varcs; Anta Orasa ievads. R\u012bg\u0101: Akc. Sab. \u201eZemnieka Domas\u201c, 1939, pp 3-15. [Contents: Ants Orass, \u2019Igau\u0146u noveles Att\u012bst\u012bba\u2019; Frideberts Tuglass, \u2019Cilv\u0113ka \u0113na\u2019 (\u2019Inimese vari\u2019); A. H. Tams\u0101re, \u2019Svar\u012bga diena\u2019 (\u2019T\u00e4htis p\u00e4ev\u2019); Maits Metsanurks, \u2019Kr\u0113bss\u2019 (\u2019Kreeps\u2019); Alberts Kivikass, \u2019Tilulilul\u012b\u2019 (\u2019Tilulilulii\u2019); P\u0113tss Vallaks, \u2019Pieci veci zirgi\u2019 (\u2019Viis vana ruuna\u2019); Mihkels Jirna, \u2019Pirmie kritu\u0161ie\u2019 (\u2019Esimesed langenud\u2019); Augusts Melks, \u2019V\u012bri\u2019 (\u2019Meeste vahel\u2019); Karls A. Hindreijs, \u2019Nero\u2019 (\u2019Nero\u2019).]<br><\/span><\/p>\n","protected":false},"excerpt":{"rendered":"<p>N. Anderzens,\u00a0Da\u017eas piezimes par igaunu noveli. \u2013\u00a0Pavasari meklejot: igaunu noveles. Sastadijusi D\u017euljeta Plakidis; no igaunu valodas tulkojusi D\u017e. Plakidis, Anna \u017digure un Janis \u017digurs; makslinieks Gunvalds Elers. Riga: Liesma, 1974, 354 pp. [See contents of the anthology of short stories.]Ants &#8230;<\/p>\n","protected":false},"author":43,"featured_media":0,"parent":1485,"menu_order":0,"comment_status":"closed","ping_status":"closed","template":"","meta":{"_acf_changed":false,"inline_featured_image":false,"footnotes":""},"class_list":["post-2173","page","type-page","status-publish","hentry"],"acf":[],"_links":{"self":[{"href":"https:\/\/sisu.ut.ee\/ewod\/wp-json\/wp\/v2\/pages\/2173","targetHints":{"allow":["GET"]}}],"collection":[{"href":"https:\/\/sisu.ut.ee\/ewod\/wp-json\/wp\/v2\/pages"}],"about":[{"href":"https:\/\/sisu.ut.ee\/ewod\/wp-json\/wp\/v2\/types\/page"}],"author":[{"embeddable":true,"href":"https:\/\/sisu.ut.ee\/ewod\/wp-json\/wp\/v2\/users\/43"}],"replies":[{"embeddable":true,"href":"https:\/\/sisu.ut.ee\/ewod\/wp-json\/wp\/v2\/comments?post=2173"}],"version-history":[{"count":1,"href":"https:\/\/sisu.ut.ee\/ewod\/wp-json\/wp\/v2\/pages\/2173\/revisions"}],"predecessor-version":[{"id":2911,"href":"https:\/\/sisu.ut.ee\/ewod\/wp-json\/wp\/v2\/pages\/2173\/revisions\/2911"}],"up":[{"embeddable":true,"href":"https:\/\/sisu.ut.ee\/ewod\/wp-json\/wp\/v2\/pages\/1485"}],"wp:attachment":[{"href":"https:\/\/sisu.ut.ee\/ewod\/wp-json\/wp\/v2\/media?parent=2173"}],"curies":[{"name":"wp","href":"https:\/\/api.w.org\/{rel}","templated":true}]}}